{"id":10275,"date":"2024-03-10T00:11:25","date_gmt":"2024-03-10T00:11:25","guid":{"rendered":"https:\/\/www.sengrandplace.com\/?post_type=product&#038;p=10275"},"modified":"2025-12-09T16:12:40","modified_gmt":"2025-12-09T16:12:40","slug":"tondeuse-electrique-professionnel","status":"publish","type":"product","link":"https:\/\/www.sengrandplace.com\/?product=tondeuse-electrique-professionnel","title":{"rendered":"Machine a laver ASTECH 7KG MLV70B-N7INV-LC inverter"},"content":{"rendered":"<p>Marque ASTECH<br \/>\nCapacit\u00e9 7kg<br \/>\nClasse A+++<br \/>\nMoteur Inverter<br \/>\nCouleur Gris<br \/>\nRin\u00e7age 1400 tour 16 programmes<br \/>\nD\u00e9part diff\u00e9r\u00e9<\/p>\n","protected":false},"excerpt":{"rendered":"<p>Lave-linge ASTECH 7 kg, classe \u00e9nerg\u00e9tique A+++, moteur Inverter pour un fonctionnement silencieux et durable. Offre 16 programmes, essorage 1400 tours\/min, d\u00e9part diff\u00e9r\u00e9 et design gris moderne pour une performance optimale au quotidien.<\/p>\n","protected":false},"featured_media":10898,"comment_status":"open","ping_status":"closed","template":"","meta":[],"product_brand":[],"product_cat":[42],"product_tag":[178,181,166,162],"class_list":{"0":"post-10275","1":"product","2":"type-product","3":"status-publish","4":"has-post-thumbnail","6":"product_cat-electromenager","7":"product_tag-electrique","8":"product_tag-professionnel","9":"product_tag-tondeuse","10":"product_tag-winning-star","12":"first","13":"instock","14":"shipping-taxable","15":"purchasable","16":"product-type-simple"},"yoast_head":"<!-- This site is optimized with the Yoast SEO plugin v27.6 - https:\/\/yoast.com\/product\/yoast-seo-wordpress\/ -->\n<title>Machine a laver ASTECH 7KG MLV70B-N7INV-LC inverter - Sen Grand Place Thi\u00e8s - Thi\u00e8s<\/title>\n<meta name=\"description\" content=\"Sen Grand Place Thi\u00e8s - Thi\u00e8s,\" \/>\n<meta name=\"robots\" content=\"index, follow, max-snippet:-1, max-image-preview:large, max-video-preview:-1\" \/>\n<link rel=\"canonical\" href=\"https:\/\/www.sengrandplace.com\/?product=tondeuse-electrique-professionnel\" \/>\n<meta property=\"og:locale\" content=\"fr_FR\" \/>\n<meta property=\"og:type\" content=\"article\" \/>\n<meta property=\"og:title\" content=\"Machine a laver ASTECH 7KG MLV70B-N7INV-LC inverter - Sen Grand Place Thi\u00e8s - Thi\u00e8s\" \/>\n<meta property=\"og:description\" content=\"Sen Grand Place Thi\u00e8s - Thi\u00e8s,\" \/>\n<meta property=\"og:url\" content=\"https:\/\/www.sengrandplace.com\/?product=tondeuse-electrique-professionnel\" \/>\n<meta property=\"og:site_name\" content=\"Sen Grand Place Thi\u00e8s\" \/>\n<meta property=\"article:modified_time\" content=\"2025-12-09T16:12:40+00:00\" \/>\n<meta property=\"og:image\" content=\"https:\/\/www.sengrandplace.com\/wp-content\/uploads\/2024\/03\/Design-sans-titre-22-fotor-bg-remover-2024031295133.png\" \/>\n\t<meta property=\"og:image:width\" content=\"500\" \/>\n\t<meta property=\"og:image:height\" content=\"500\" \/>\n\t<meta property=\"og:image:type\" content=\"image\/png\" \/>\n<meta name=\"twitter:card\" content=\"summary_large_image\" \/>\n<meta name=\"twitter:label1\" content=\"Dur\u00e9e de lecture estim\u00e9e\" \/>\n\t<meta name=\"twitter:data1\" content=\"1 minute\" \/>\n<script type=\"application\/ld+json\" class=\"yoast-schema-graph\">{\"@context\":\"https:\\\/\\\/schema.org\",\"@graph\":[{\"@type\":\"WebPage\",\"@id\":\"https:\\\/\\\/www.sengrandplace.com\\\/?product=tondeuse-electrique-professionnel\",\"url\":\"https:\\\/\\\/www.sengrandplace.com\\\/?product=tondeuse-electrique-professionnel\",\"name\":\"Machine a laver ASTECH 7KG MLV70B-N7INV-LC inverter - Sen Grand Place Thi\u00e8s - Thi\u00e8s\",\"isPartOf\":{\"@id\":\"https:\\\/\\\/www.sengrandplace.com\\\/#website\"},\"primaryImageOfPage\":{\"@id\":\"https:\\\/\\\/www.sengrandplace.com\\\/?product=tondeuse-electrique-professionnel#primaryimage\"},\"image\":{\"@id\":\"https:\\\/\\\/www.sengrandplace.com\\\/?product=tondeuse-electrique-professionnel#primaryimage\"},\"thumbnailUrl\":\"https:\\\/\\\/www.sengrandplace.com\\\/wp-content\\\/uploads\\\/2024\\\/03\\\/Design-sans-titre-22-fotor-bg-remover-2024031295133.png\",\"datePublished\":\"2024-03-10T00:11:25+00:00\",\"dateModified\":\"2025-12-09T16:12:40+00:00\",\"description\":\"Sen Grand Place Thi\u00e8s - Thi\u00e8s,\",\"breadcrumb\":{\"@id\":\"https:\\\/\\\/www.sengrandplace.com\\\/?product=tondeuse-electrique-professionnel#breadcrumb\"},\"inLanguage\":\"fr-FR\",\"potentialAction\":[{\"@type\":\"ReadAction\",\"target\":[\"https:\\\/\\\/www.sengrandplace.com\\\/?product=tondeuse-electrique-professionnel\"]}]},{\"@type\":\"ImageObject\",\"inLanguage\":\"fr-FR\",\"@id\":\"https:\\\/\\\/www.sengrandplace.com\\\/?product=tondeuse-electrique-professionnel#primaryimage\",\"url\":\"https:\\\/\\\/www.sengrandplace.com\\\/wp-content\\\/uploads\\\/2024\\\/03\\\/Design-sans-titre-22-fotor-bg-remover-2024031295133.png\",\"contentUrl\":\"https:\\\/\\\/www.sengrandplace.com\\\/wp-content\\\/uploads\\\/2024\\\/03\\\/Design-sans-titre-22-fotor-bg-remover-2024031295133.png\",\"width\":500,\"height\":500},{\"@type\":\"BreadcrumbList\",\"@id\":\"https:\\\/\\\/www.sengrandplace.com\\\/?product=tondeuse-electrique-professionnel#breadcrumb\",\"itemListElement\":[{\"@type\":\"ListItem\",\"position\":1,\"name\":\"Home\",\"item\":\"https:\\\/\\\/www.sengrandplace.com\\\/\"},{\"@type\":\"ListItem\",\"position\":2,\"name\":\"Shop\",\"item\":\"https:\\\/\\\/www.sengrandplace.com\\\/?page_id=11\"},{\"@type\":\"ListItem\",\"position\":3,\"name\":\"Machine a laver ASTECH 7KG MLV70B-N7INV-LC inverter\"}]},{\"@type\":\"WebSite\",\"@id\":\"https:\\\/\\\/www.sengrandplace.com\\\/#website\",\"url\":\"https:\\\/\\\/www.sengrandplace.com\\\/\",\"name\":\"Sen Grand Place Thi\u00e8s\",\"description\":\"La place qui vous revient.\",\"publisher\":{\"@id\":\"https:\\\/\\\/www.sengrandplace.com\\\/#organization\"},\"potentialAction\":[{\"@type\":\"SearchAction\",\"target\":{\"@type\":\"EntryPoint\",\"urlTemplate\":\"https:\\\/\\\/www.sengrandplace.com\\\/?s={search_term_string}\"},\"query-input\":{\"@type\":\"PropertyValueSpecification\",\"valueRequired\":true,\"valueName\":\"search_term_string\"}}],\"inLanguage\":\"fr-FR\"},{\"@type\":\"Organization\",\"@id\":\"https:\\\/\\\/www.sengrandplace.com\\\/#organization\",\"name\":\"Sen Grand Place Thi\u00e8s\",\"url\":\"https:\\\/\\\/www.sengrandplace.com\\\/\",\"logo\":{\"@type\":\"ImageObject\",\"inLanguage\":\"fr-FR\",\"@id\":\"https:\\\/\\\/www.sengrandplace.com\\\/#\\\/schema\\\/logo\\\/image\\\/\",\"url\":\"https:\\\/\\\/www.sengrandplace.com\\\/wp-content\\\/uploads\\\/2024\\\/01\\\/Logo_du_site-2.jpg\",\"contentUrl\":\"https:\\\/\\\/www.sengrandplace.com\\\/wp-content\\\/uploads\\\/2024\\\/01\\\/Logo_du_site-2.jpg\",\"width\":314,\"height\":98,\"caption\":\"Sen Grand Place Thi\u00e8s\"},\"image\":{\"@id\":\"https:\\\/\\\/www.sengrandplace.com\\\/#\\\/schema\\\/logo\\\/image\\\/\"}}]}<\/script>\n<!-- \/ Yoast SEO plugin. -->","yoast_head_json":{"title":"Machine a laver ASTECH 7KG MLV70B-N7INV-LC inverter - Sen Grand Place Thi\u00e8s - Thi\u00e8s","description":"Sen Grand Place Thi\u00e8s - Thi\u00e8s,","robots":{"index":"index","follow":"follow","max-snippet":"max-snippet:-1","max-image-preview":"max-image-preview:large","max-video-preview":"max-video-preview:-1"},"canonical":"https:\/\/www.sengrandplace.com\/?product=tondeuse-electrique-professionnel","og_locale":"fr_FR","og_type":"article","og_title":"Machine a laver ASTECH 7KG MLV70B-N7INV-LC inverter - Sen Grand Place Thi\u00e8s - Thi\u00e8s","og_description":"Sen Grand Place Thi\u00e8s - Thi\u00e8s,","og_url":"https:\/\/www.sengrandplace.com\/?product=tondeuse-electrique-professionnel","og_site_name":"Sen Grand Place Thi\u00e8s","article_modified_time":"2025-12-09T16:12:40+00:00","og_image":[{"width":500,"height":500,"url":"https:\/\/www.sengrandplace.com\/wp-content\/uploads\/2024\/03\/Design-sans-titre-22-fotor-bg-remover-2024031295133.png","type":"image\/png"}],"twitter_card":"summary_large_image","twitter_misc":{"Dur\u00e9e de lecture estim\u00e9e":"1 minute"},"schema":{"@context":"https:\/\/schema.org","@graph":[{"@type":"WebPage","@id":"https:\/\/www.sengrandplace.com\/?product=tondeuse-electrique-professionnel","url":"https:\/\/www.sengrandplace.com\/?product=tondeuse-electrique-professionnel","name":"Machine a laver ASTECH 7KG MLV70B-N7INV-LC inverter - Sen Grand Place Thi\u00e8s - Thi\u00e8s","isPartOf":{"@id":"https:\/\/www.sengrandplace.com\/#website"},"primaryImageOfPage":{"@id":"https:\/\/www.sengrandplace.com\/?product=tondeuse-electrique-professionnel#primaryimage"},"image":{"@id":"https:\/\/www.sengrandplace.com\/?product=tondeuse-electrique-professionnel#primaryimage"},"thumbnailUrl":"https:\/\/www.sengrandplace.com\/wp-content\/uploads\/2024\/03\/Design-sans-titre-22-fotor-bg-remover-2024031295133.png","datePublished":"2024-03-10T00:11:25+00:00","dateModified":"2025-12-09T16:12:40+00:00","description":"Sen Grand Place Thi\u00e8s - Thi\u00e8s,","breadcrumb":{"@id":"https:\/\/www.sengrandplace.com\/?product=tondeuse-electrique-professionnel#breadcrumb"},"inLanguage":"fr-FR","potentialAction":[{"@type":"ReadAction","target":["https:\/\/www.sengrandplace.com\/?product=tondeuse-electrique-professionnel"]}]},{"@type":"ImageObject","inLanguage":"fr-FR","@id":"https:\/\/www.sengrandplace.com\/?product=tondeuse-electrique-professionnel#primaryimage","url":"https:\/\/www.sengrandplace.com\/wp-content\/uploads\/2024\/03\/Design-sans-titre-22-fotor-bg-remover-2024031295133.png","contentUrl":"https:\/\/www.sengrandplace.com\/wp-content\/uploads\/2024\/03\/Design-sans-titre-22-fotor-bg-remover-2024031295133.png","width":500,"height":500},{"@type":"BreadcrumbList","@id":"https:\/\/www.sengrandplace.com\/?product=tondeuse-electrique-professionnel#breadcrumb","itemListElement":[{"@type":"ListItem","position":1,"name":"Home","item":"https:\/\/www.sengrandplace.com\/"},{"@type":"ListItem","position":2,"name":"Shop","item":"https:\/\/www.sengrandplace.com\/?page_id=11"},{"@type":"ListItem","position":3,"name":"Machine a laver ASTECH 7KG MLV70B-N7INV-LC inverter"}]},{"@type":"WebSite","@id":"https:\/\/www.sengrandplace.com\/#website","url":"https:\/\/www.sengrandplace.com\/","name":"Sen Grand Place Thi\u00e8s","description":"La place qui vous revient.","publisher":{"@id":"https:\/\/www.sengrandplace.com\/#organization"},"potentialAction":[{"@type":"SearchAction","target":{"@type":"EntryPoint","urlTemplate":"https:\/\/www.sengrandplace.com\/?s={search_term_string}"},"query-input":{"@type":"PropertyValueSpecification","valueRequired":true,"valueName":"search_term_string"}}],"inLanguage":"fr-FR"},{"@type":"Organization","@id":"https:\/\/www.sengrandplace.com\/#organization","name":"Sen Grand Place Thi\u00e8s","url":"https:\/\/www.sengrandplace.com\/","logo":{"@type":"ImageObject","inLanguage":"fr-FR","@id":"https:\/\/www.sengrandplace.com\/#\/schema\/logo\/image\/","url":"https:\/\/www.sengrandplace.com\/wp-content\/uploads\/2024\/01\/Logo_du_site-2.jpg","contentUrl":"https:\/\/www.sengrandplace.com\/wp-content\/uploads\/2024\/01\/Logo_du_site-2.jpg","width":314,"height":98,"caption":"Sen Grand Place Thi\u00e8s"},"image":{"@id":"https:\/\/www.sengrandplace.com\/#\/schema\/logo\/image\/"}}]}},"_links":{"self":[{"href":"https:\/\/www.sengrandplace.com\/index.php?rest_route=\/wp\/v2\/product\/10275","targetHints":{"allow":["GET"]}}],"collection":[{"href":"https:\/\/www.sengrandplace.com\/index.php?rest_route=\/wp\/v2\/product"}],"about":[{"href":"https:\/\/www.sengrandplace.com\/index.php?rest_route=\/wp\/v2\/types\/product"}],"replies":[{"embeddable":true,"href":"https:\/\/www.sengrandplace.com\/index.php?rest_route=%2Fwp%2Fv2%2Fcomments&post=10275"}],"version-history":[{"count":2,"href":"https:\/\/www.sengrandplace.com\/index.php?rest_route=\/wp\/v2\/product\/10275\/revisions"}],"predecessor-version":[{"id":10899,"href":"https:\/\/www.sengrandplace.com\/index.php?rest_route=\/wp\/v2\/product\/10275\/revisions\/10899"}],"wp:featuredmedia":[{"embeddable":true,"href":"https:\/\/www.sengrandplace.com\/index.php?rest_route=\/wp\/v2\/media\/10898"}],"wp:attachment":[{"href":"https:\/\/www.sengrandplace.com\/index.php?rest_route=%2Fwp%2Fv2%2Fmedia&parent=10275"}],"wp:term":[{"taxonomy":"product_brand","embeddable":true,"href":"https:\/\/www.sengrandplace.com\/index.php?rest_route=%2Fwp%2Fv2%2Fproduct_brand&post=10275"},{"taxonomy":"product_cat","embeddable":true,"href":"https:\/\/www.sengrandplace.com\/index.php?rest_route=%2Fwp%2Fv2%2Fproduct_cat&post=10275"},{"taxonomy":"product_tag","embeddable":true,"href":"https:\/\/www.sengrandplace.com\/index.php?rest_route=%2Fwp%2Fv2%2Fproduct_tag&post=10275"}],"curies":[{"name":"wp","href":"https:\/\/api.w.org\/{rel}","templated":true}]}}