{"id":10300,"date":"2024-03-12T18:58:51","date_gmt":"2024-03-12T18:58:51","guid":{"rendered":"https:\/\/www.sengrandplace.com\/?post_type=product&#038;p=10300"},"modified":"2024-03-12T19:02:37","modified_gmt":"2024-03-12T19:02:37","slug":"fer-a-friser-pour-pince-a-cheveux","status":"publish","type":"product","link":"https:\/\/www.sengrandplace.com\/?product=fer-a-friser-pour-pince-a-cheveux","title":{"rendered":"Fer \u00e0 friser pour pince \u00e0 cheveux"},"content":{"rendered":"<p>Description Fer \u00e0 friser pour pince \u00e0 cheveux Winning Star.<\/p>\n","protected":false},"excerpt":{"rendered":"<ul>\n<li>Partenaire : Winning Star<\/li>\n<li>Solide et original<\/li>\n<li>Authentique : 100%<\/li>\n<li>Garantie : 100%<\/li>\n<\/ul>\n","protected":false},"featured_media":10301,"comment_status":"open","ping_status":"closed","template":"","meta":[],"product_brand":[],"product_cat":[42],"product_tag":[189,190,191,162],"class_list":{"0":"post-10300","1":"product","2":"type-product","3":"status-publish","4":"has-post-thumbnail","6":"product_cat-electromenager","7":"product_tag-cheveux","8":"product_tag-friser","9":"product_tag-pince","10":"product_tag-winning-star","12":"first","13":"instock","14":"shipping-taxable","15":"purchasable","16":"product-type-simple"},"yoast_head":"<!-- This site is optimized with the Yoast SEO plugin v27.6 - https:\/\/yoast.com\/product\/yoast-seo-wordpress\/ -->\n<title>Fer \u00e0 friser pour pince \u00e0 cheveux - Sen Grand Place Thi\u00e8s - Thi\u00e8s<\/title>\n<meta name=\"description\" content=\"Sen Grand Place Thi\u00e8s - Thi\u00e8s,\" \/>\n<meta name=\"robots\" content=\"index, follow, max-snippet:-1, max-image-preview:large, max-video-preview:-1\" \/>\n<link rel=\"canonical\" href=\"https:\/\/www.sengrandplace.com\/?product=fer-a-friser-pour-pince-a-cheveux\" \/>\n<meta property=\"og:locale\" content=\"fr_FR\" \/>\n<meta property=\"og:type\" content=\"article\" \/>\n<meta property=\"og:title\" content=\"Fer \u00e0 friser pour pince \u00e0 cheveux - Sen Grand Place Thi\u00e8s - Thi\u00e8s\" \/>\n<meta property=\"og:description\" content=\"Sen Grand Place Thi\u00e8s - Thi\u00e8s,\" \/>\n<meta property=\"og:url\" content=\"https:\/\/www.sengrandplace.com\/?product=fer-a-friser-pour-pince-a-cheveux\" \/>\n<meta property=\"og:site_name\" content=\"Sen Grand Place Thi\u00e8s\" \/>\n<meta property=\"article:modified_time\" content=\"2024-03-12T19:02:37+00:00\" \/>\n<meta property=\"og:image\" content=\"https:\/\/www.sengrandplace.com\/wp-content\/uploads\/2024\/03\/Hair-waver-140.jpg\" \/>\n\t<meta property=\"og:image:width\" content=\"1458\" \/>\n\t<meta property=\"og:image:height\" content=\"1667\" \/>\n\t<meta property=\"og:image:type\" content=\"image\/jpeg\" \/>\n<meta name=\"twitter:card\" content=\"summary_large_image\" \/>\n<meta name=\"twitter:label1\" content=\"Dur\u00e9e de lecture estim\u00e9e\" \/>\n\t<meta name=\"twitter:data1\" content=\"1 minute\" \/>\n<script type=\"application\/ld+json\" class=\"yoast-schema-graph\">{\"@context\":\"https:\\\/\\\/schema.org\",\"@graph\":[{\"@type\":\"WebPage\",\"@id\":\"https:\\\/\\\/www.sengrandplace.com\\\/?product=fer-a-friser-pour-pince-a-cheveux\",\"url\":\"https:\\\/\\\/www.sengrandplace.com\\\/?product=fer-a-friser-pour-pince-a-cheveux\",\"name\":\"Fer \u00e0 friser pour pince \u00e0 cheveux - Sen Grand Place Thi\u00e8s - Thi\u00e8s\",\"isPartOf\":{\"@id\":\"https:\\\/\\\/www.sengrandplace.com\\\/#website\"},\"primaryImageOfPage\":{\"@id\":\"https:\\\/\\\/www.sengrandplace.com\\\/?product=fer-a-friser-pour-pince-a-cheveux#primaryimage\"},\"image\":{\"@id\":\"https:\\\/\\\/www.sengrandplace.com\\\/?product=fer-a-friser-pour-pince-a-cheveux#primaryimage\"},\"thumbnailUrl\":\"https:\\\/\\\/www.sengrandplace.com\\\/wp-content\\\/uploads\\\/2024\\\/03\\\/Hair-waver-140.jpg\",\"datePublished\":\"2024-03-12T18:58:51+00:00\",\"dateModified\":\"2024-03-12T19:02:37+00:00\",\"description\":\"Sen Grand Place Thi\u00e8s - Thi\u00e8s,\",\"breadcrumb\":{\"@id\":\"https:\\\/\\\/www.sengrandplace.com\\\/?product=fer-a-friser-pour-pince-a-cheveux#breadcrumb\"},\"inLanguage\":\"fr-FR\",\"potentialAction\":[{\"@type\":\"ReadAction\",\"target\":[\"https:\\\/\\\/www.sengrandplace.com\\\/?product=fer-a-friser-pour-pince-a-cheveux\"]}]},{\"@type\":\"ImageObject\",\"inLanguage\":\"fr-FR\",\"@id\":\"https:\\\/\\\/www.sengrandplace.com\\\/?product=fer-a-friser-pour-pince-a-cheveux#primaryimage\",\"url\":\"https:\\\/\\\/www.sengrandplace.com\\\/wp-content\\\/uploads\\\/2024\\\/03\\\/Hair-waver-140.jpg\",\"contentUrl\":\"https:\\\/\\\/www.sengrandplace.com\\\/wp-content\\\/uploads\\\/2024\\\/03\\\/Hair-waver-140.jpg\",\"width\":1458,\"height\":1667,\"caption\":\"Hair waver-140\"},{\"@type\":\"BreadcrumbList\",\"@id\":\"https:\\\/\\\/www.sengrandplace.com\\\/?product=fer-a-friser-pour-pince-a-cheveux#breadcrumb\",\"itemListElement\":[{\"@type\":\"ListItem\",\"position\":1,\"name\":\"Home\",\"item\":\"https:\\\/\\\/www.sengrandplace.com\\\/\"},{\"@type\":\"ListItem\",\"position\":2,\"name\":\"Shop\",\"item\":\"https:\\\/\\\/www.sengrandplace.com\\\/?page_id=11\"},{\"@type\":\"ListItem\",\"position\":3,\"name\":\"Fer \u00e0 friser pour pince \u00e0 cheveux\"}]},{\"@type\":\"WebSite\",\"@id\":\"https:\\\/\\\/www.sengrandplace.com\\\/#website\",\"url\":\"https:\\\/\\\/www.sengrandplace.com\\\/\",\"name\":\"Sen Grand Place Thi\u00e8s\",\"description\":\"La place qui vous revient.\",\"publisher\":{\"@id\":\"https:\\\/\\\/www.sengrandplace.com\\\/#organization\"},\"potentialAction\":[{\"@type\":\"SearchAction\",\"target\":{\"@type\":\"EntryPoint\",\"urlTemplate\":\"https:\\\/\\\/www.sengrandplace.com\\\/?s={search_term_string}\"},\"query-input\":{\"@type\":\"PropertyValueSpecification\",\"valueRequired\":true,\"valueName\":\"search_term_string\"}}],\"inLanguage\":\"fr-FR\"},{\"@type\":\"Organization\",\"@id\":\"https:\\\/\\\/www.sengrandplace.com\\\/#organization\",\"name\":\"Sen Grand Place Thi\u00e8s\",\"url\":\"https:\\\/\\\/www.sengrandplace.com\\\/\",\"logo\":{\"@type\":\"ImageObject\",\"inLanguage\":\"fr-FR\",\"@id\":\"https:\\\/\\\/www.sengrandplace.com\\\/#\\\/schema\\\/logo\\\/image\\\/\",\"url\":\"https:\\\/\\\/www.sengrandplace.com\\\/wp-content\\\/uploads\\\/2024\\\/01\\\/Logo_du_site-2.jpg\",\"contentUrl\":\"https:\\\/\\\/www.sengrandplace.com\\\/wp-content\\\/uploads\\\/2024\\\/01\\\/Logo_du_site-2.jpg\",\"width\":314,\"height\":98,\"caption\":\"Sen Grand Place Thi\u00e8s\"},\"image\":{\"@id\":\"https:\\\/\\\/www.sengrandplace.com\\\/#\\\/schema\\\/logo\\\/image\\\/\"}}]}<\/script>\n<!-- \/ Yoast SEO plugin. -->","yoast_head_json":{"title":"Fer \u00e0 friser pour pince \u00e0 cheveux - Sen Grand Place Thi\u00e8s - Thi\u00e8s","description":"Sen Grand Place Thi\u00e8s - Thi\u00e8s,","robots":{"index":"index","follow":"follow","max-snippet":"max-snippet:-1","max-image-preview":"max-image-preview:large","max-video-preview":"max-video-preview:-1"},"canonical":"https:\/\/www.sengrandplace.com\/?product=fer-a-friser-pour-pince-a-cheveux","og_locale":"fr_FR","og_type":"article","og_title":"Fer \u00e0 friser pour pince \u00e0 cheveux - Sen Grand Place Thi\u00e8s - Thi\u00e8s","og_description":"Sen Grand Place Thi\u00e8s - Thi\u00e8s,","og_url":"https:\/\/www.sengrandplace.com\/?product=fer-a-friser-pour-pince-a-cheveux","og_site_name":"Sen Grand Place Thi\u00e8s","article_modified_time":"2024-03-12T19:02:37+00:00","og_image":[{"width":1458,"height":1667,"url":"https:\/\/www.sengrandplace.com\/wp-content\/uploads\/2024\/03\/Hair-waver-140.jpg","type":"image\/jpeg"}],"twitter_card":"summary_large_image","twitter_misc":{"Dur\u00e9e de lecture estim\u00e9e":"1 minute"},"schema":{"@context":"https:\/\/schema.org","@graph":[{"@type":"WebPage","@id":"https:\/\/www.sengrandplace.com\/?product=fer-a-friser-pour-pince-a-cheveux","url":"https:\/\/www.sengrandplace.com\/?product=fer-a-friser-pour-pince-a-cheveux","name":"Fer \u00e0 friser pour pince \u00e0 cheveux - Sen Grand Place Thi\u00e8s - Thi\u00e8s","isPartOf":{"@id":"https:\/\/www.sengrandplace.com\/#website"},"primaryImageOfPage":{"@id":"https:\/\/www.sengrandplace.com\/?product=fer-a-friser-pour-pince-a-cheveux#primaryimage"},"image":{"@id":"https:\/\/www.sengrandplace.com\/?product=fer-a-friser-pour-pince-a-cheveux#primaryimage"},"thumbnailUrl":"https:\/\/www.sengrandplace.com\/wp-content\/uploads\/2024\/03\/Hair-waver-140.jpg","datePublished":"2024-03-12T18:58:51+00:00","dateModified":"2024-03-12T19:02:37+00:00","description":"Sen Grand Place Thi\u00e8s - Thi\u00e8s,","breadcrumb":{"@id":"https:\/\/www.sengrandplace.com\/?product=fer-a-friser-pour-pince-a-cheveux#breadcrumb"},"inLanguage":"fr-FR","potentialAction":[{"@type":"ReadAction","target":["https:\/\/www.sengrandplace.com\/?product=fer-a-friser-pour-pince-a-cheveux"]}]},{"@type":"ImageObject","inLanguage":"fr-FR","@id":"https:\/\/www.sengrandplace.com\/?product=fer-a-friser-pour-pince-a-cheveux#primaryimage","url":"https:\/\/www.sengrandplace.com\/wp-content\/uploads\/2024\/03\/Hair-waver-140.jpg","contentUrl":"https:\/\/www.sengrandplace.com\/wp-content\/uploads\/2024\/03\/Hair-waver-140.jpg","width":1458,"height":1667,"caption":"Hair waver-140"},{"@type":"BreadcrumbList","@id":"https:\/\/www.sengrandplace.com\/?product=fer-a-friser-pour-pince-a-cheveux#breadcrumb","itemListElement":[{"@type":"ListItem","position":1,"name":"Home","item":"https:\/\/www.sengrandplace.com\/"},{"@type":"ListItem","position":2,"name":"Shop","item":"https:\/\/www.sengrandplace.com\/?page_id=11"},{"@type":"ListItem","position":3,"name":"Fer \u00e0 friser pour pince \u00e0 cheveux"}]},{"@type":"WebSite","@id":"https:\/\/www.sengrandplace.com\/#website","url":"https:\/\/www.sengrandplace.com\/","name":"Sen Grand Place Thi\u00e8s","description":"La place qui vous revient.","publisher":{"@id":"https:\/\/www.sengrandplace.com\/#organization"},"potentialAction":[{"@type":"SearchAction","target":{"@type":"EntryPoint","urlTemplate":"https:\/\/www.sengrandplace.com\/?s={search_term_string}"},"query-input":{"@type":"PropertyValueSpecification","valueRequired":true,"valueName":"search_term_string"}}],"inLanguage":"fr-FR"},{"@type":"Organization","@id":"https:\/\/www.sengrandplace.com\/#organization","name":"Sen Grand Place Thi\u00e8s","url":"https:\/\/www.sengrandplace.com\/","logo":{"@type":"ImageObject","inLanguage":"fr-FR","@id":"https:\/\/www.sengrandplace.com\/#\/schema\/logo\/image\/","url":"https:\/\/www.sengrandplace.com\/wp-content\/uploads\/2024\/01\/Logo_du_site-2.jpg","contentUrl":"https:\/\/www.sengrandplace.com\/wp-content\/uploads\/2024\/01\/Logo_du_site-2.jpg","width":314,"height":98,"caption":"Sen Grand Place Thi\u00e8s"},"image":{"@id":"https:\/\/www.sengrandplace.com\/#\/schema\/logo\/image\/"}}]}},"_links":{"self":[{"href":"https:\/\/www.sengrandplace.com\/index.php?rest_route=\/wp\/v2\/product\/10300","targetHints":{"allow":["GET"]}}],"collection":[{"href":"https:\/\/www.sengrandplace.com\/index.php?rest_route=\/wp\/v2\/product"}],"about":[{"href":"https:\/\/www.sengrandplace.com\/index.php?rest_route=\/wp\/v2\/types\/product"}],"replies":[{"embeddable":true,"href":"https:\/\/www.sengrandplace.com\/index.php?rest_route=%2Fwp%2Fv2%2Fcomments&post=10300"}],"version-history":[{"count":0,"href":"https:\/\/www.sengrandplace.com\/index.php?rest_route=\/wp\/v2\/product\/10300\/revisions"}],"wp:featuredmedia":[{"embeddable":true,"href":"https:\/\/www.sengrandplace.com\/index.php?rest_route=\/wp\/v2\/media\/10301"}],"wp:attachment":[{"href":"https:\/\/www.sengrandplace.com\/index.php?rest_route=%2Fwp%2Fv2%2Fmedia&parent=10300"}],"wp:term":[{"taxonomy":"product_brand","embeddable":true,"href":"https:\/\/www.sengrandplace.com\/index.php?rest_route=%2Fwp%2Fv2%2Fproduct_brand&post=10300"},{"taxonomy":"product_cat","embeddable":true,"href":"https:\/\/www.sengrandplace.com\/index.php?rest_route=%2Fwp%2Fv2%2Fproduct_cat&post=10300"},{"taxonomy":"product_tag","embeddable":true,"href":"https:\/\/www.sengrandplace.com\/index.php?rest_route=%2Fwp%2Fv2%2Fproduct_tag&post=10300"}],"curies":[{"name":"wp","href":"https:\/\/api.w.org\/{rel}","templated":true}]}}