{"id":10675,"date":"2025-09-03T22:25:04","date_gmt":"2025-09-03T22:25:04","guid":{"rendered":"https:\/\/www.sengrandplace.com\/?post_type=product&#038;p=10675"},"modified":"2025-10-06T16:48:07","modified_gmt":"2025-10-06T16:48:07","slug":"feutres-bic-kids-comfort-grip","status":"publish","type":"product","link":"https:\/\/www.sengrandplace.com\/?product=feutres-bic-kids-comfort-grip","title":{"rendered":"Feutres BIC Kids Comfort Grip"},"content":{"rendered":"<div class=\"woodmart-tab-wrapper\">\n<div id=\"tab-description\" class=\"woocommerce-Tabs-panel woocommerce-Tabs-panel--description panel entry-content wc-tab\">\n<div class=\"wc-tab-inner \n\t\t\t\t\t\t\t\t\t\t\"><\/p>\n<div class=\"\">\n<div class=\"details-information-product product attribute description\">\n<div class=\"value\">\n<div data-content-type=\"html\" data-appearance=\"default\" data-element=\"main\" data-decoded=\"true\">Lib\u00e9rez votre cr\u00e9ativit\u00e9 avec ce pack de 12 feutres BIC Kids Comfort Grip, les compagnons \u00e0 pointe en feutre id\u00e9aux qui associent facilit\u00e9 d\u2019utilisation et virtuosit\u00e9 artistique ! L\u2019encre ultra-lavable permet de nettoyer sans effort ni souci sur la peau et la plupart des textiles. La pointe bloqu\u00e9e large et ultra-durable garantit des trac\u00e9s \u00e9pais qui restent, pour mettre vos cr\u00e9ations en valeur. Profitez d\u2019un confort in\u00e9gal\u00e9 avec le corps triangulaire et le grip antid\u00e9rapant qui offre une prise en main optimale et des heures de cr\u00e9ativit\u00e9 sans effort. Immergez-vous dans un monde de couleurs vives et donnez vie \u00e0 votre imagination artistique \u00e0 chaque trait. Tout le monde peut se concentrer sur le dessin, l\u2019esprit tranquille, car ce feutre est adapt\u00e9 aux enfants de 12 mois et plus. \u00c9levez votre voyage artistique avec le feutre Comfort Grip, l\u2019instrument ultime pour une cr\u00e9ativit\u00e9 sans limites des enfants !<\/div>\n<\/div>\n<\/div>\n<\/div>\n<\/div>\n<\/div>\n<\/div>\n","protected":false},"excerpt":{"rendered":"<div class=\"woocommerce-product-details__short-description\">\n<div class=\"product-subtitle\">\n<p>Feutres de coloriage encre ultra-lavable \u00e0 base d\u2019eau \u2013 Couleurs assorties, pack de 12<\/p>\n<\/div>\n<\/div>\n","protected":false},"featured_media":10677,"comment_status":"open","ping_status":"closed","template":"","meta":[],"product_brand":[],"product_cat":[27],"product_tag":[224,247,248],"class_list":{"0":"post-10675","1":"product","2":"type-product","3":"status-publish","4":"has-post-thumbnail","6":"product_cat-fourniture-scolaire","7":"product_tag-bic","8":"product_tag-coloriage","9":"product_tag-feutre","11":"first","12":"instock","13":"shipping-taxable","14":"product-type-simple"},"yoast_head":"<!-- This site is optimized with the Yoast SEO plugin v27.6 - https:\/\/yoast.com\/product\/yoast-seo-wordpress\/ -->\n<title>Feutres BIC Kids Comfort Grip - Sen Grand Place Thi\u00e8s<\/title>\n<meta name=\"description\" content=\"Feutres de coloriage encre ultra-lavable \u00e0 base d\u2019eau \u2013 Couleurs assorties, pack de 12\" \/>\n<meta name=\"robots\" content=\"index, follow, max-snippet:-1, max-image-preview:large, max-video-preview:-1\" \/>\n<link rel=\"canonical\" href=\"https:\/\/www.sengrandplace.com\/?product=feutres-bic-kids-comfort-grip\" \/>\n<meta property=\"og:locale\" content=\"fr_FR\" \/>\n<meta property=\"og:type\" content=\"article\" \/>\n<meta property=\"og:title\" content=\"Feutres BIC Kids Comfort Grip - Sen Grand Place Thi\u00e8s\" \/>\n<meta property=\"og:description\" content=\"Feutres de coloriage encre ultra-lavable \u00e0 base d\u2019eau \u2013 Couleurs assorties, pack de 12\" \/>\n<meta property=\"og:url\" content=\"https:\/\/www.sengrandplace.com\/?product=feutres-bic-kids-comfort-grip\" \/>\n<meta property=\"og:site_name\" content=\"Sen Grand Place Thi\u00e8s\" \/>\n<meta property=\"article:modified_time\" content=\"2025-10-06T16:48:07+00:00\" \/>\n<meta property=\"og:image\" content=\"https:\/\/www.sengrandplace.com\/wp-content\/uploads\/2025\/09\/517250_3086123739598_160_1.jpg.webp\" \/>\n\t<meta property=\"og:image:width\" content=\"1200\" \/>\n\t<meta property=\"og:image:height\" content=\"1200\" \/>\n\t<meta property=\"og:image:type\" content=\"image\/webp\" \/>\n<meta name=\"twitter:card\" content=\"summary_large_image\" \/>\n<meta name=\"twitter:label1\" content=\"Dur\u00e9e de lecture estim\u00e9e\" \/>\n\t<meta name=\"twitter:data1\" content=\"1 minute\" \/>\n<script type=\"application\/ld+json\" class=\"yoast-schema-graph\">{\"@context\":\"https:\\\/\\\/schema.org\",\"@graph\":[{\"@type\":\"WebPage\",\"@id\":\"https:\\\/\\\/www.sengrandplace.com\\\/?product=feutres-bic-kids-comfort-grip\",\"url\":\"https:\\\/\\\/www.sengrandplace.com\\\/?product=feutres-bic-kids-comfort-grip\",\"name\":\"Feutres BIC Kids Comfort Grip - Sen Grand Place Thi\u00e8s\",\"isPartOf\":{\"@id\":\"https:\\\/\\\/www.sengrandplace.com\\\/#website\"},\"primaryImageOfPage\":{\"@id\":\"https:\\\/\\\/www.sengrandplace.com\\\/?product=feutres-bic-kids-comfort-grip#primaryimage\"},\"image\":{\"@id\":\"https:\\\/\\\/www.sengrandplace.com\\\/?product=feutres-bic-kids-comfort-grip#primaryimage\"},\"thumbnailUrl\":\"https:\\\/\\\/www.sengrandplace.com\\\/wp-content\\\/uploads\\\/2025\\\/09\\\/517250_3086123739598_160_1.jpg.webp\",\"datePublished\":\"2025-09-03T22:25:04+00:00\",\"dateModified\":\"2025-10-06T16:48:07+00:00\",\"description\":\"Feutres de coloriage encre ultra-lavable \u00e0 base d\u2019eau \u2013 Couleurs assorties, pack de 12\",\"breadcrumb\":{\"@id\":\"https:\\\/\\\/www.sengrandplace.com\\\/?product=feutres-bic-kids-comfort-grip#breadcrumb\"},\"inLanguage\":\"fr-FR\",\"potentialAction\":[{\"@type\":\"ReadAction\",\"target\":[\"https:\\\/\\\/www.sengrandplace.com\\\/?product=feutres-bic-kids-comfort-grip\"]}]},{\"@type\":\"ImageObject\",\"inLanguage\":\"fr-FR\",\"@id\":\"https:\\\/\\\/www.sengrandplace.com\\\/?product=feutres-bic-kids-comfort-grip#primaryimage\",\"url\":\"https:\\\/\\\/www.sengrandplace.com\\\/wp-content\\\/uploads\\\/2025\\\/09\\\/517250_3086123739598_160_1.jpg.webp\",\"contentUrl\":\"https:\\\/\\\/www.sengrandplace.com\\\/wp-content\\\/uploads\\\/2025\\\/09\\\/517250_3086123739598_160_1.jpg.webp\",\"width\":1200,\"height\":1200},{\"@type\":\"BreadcrumbList\",\"@id\":\"https:\\\/\\\/www.sengrandplace.com\\\/?product=feutres-bic-kids-comfort-grip#breadcrumb\",\"itemListElement\":[{\"@type\":\"ListItem\",\"position\":1,\"name\":\"Home\",\"item\":\"https:\\\/\\\/www.sengrandplace.com\\\/\"},{\"@type\":\"ListItem\",\"position\":2,\"name\":\"Shop\",\"item\":\"https:\\\/\\\/www.sengrandplace.com\\\/?page_id=11\"},{\"@type\":\"ListItem\",\"position\":3,\"name\":\"Feutres BIC Kids Comfort Grip\"}]},{\"@type\":\"WebSite\",\"@id\":\"https:\\\/\\\/www.sengrandplace.com\\\/#website\",\"url\":\"https:\\\/\\\/www.sengrandplace.com\\\/\",\"name\":\"Sen Grand Place Thi\u00e8s\",\"description\":\"La place qui vous revient.\",\"publisher\":{\"@id\":\"https:\\\/\\\/www.sengrandplace.com\\\/#organization\"},\"potentialAction\":[{\"@type\":\"SearchAction\",\"target\":{\"@type\":\"EntryPoint\",\"urlTemplate\":\"https:\\\/\\\/www.sengrandplace.com\\\/?s={search_term_string}\"},\"query-input\":{\"@type\":\"PropertyValueSpecification\",\"valueRequired\":true,\"valueName\":\"search_term_string\"}}],\"inLanguage\":\"fr-FR\"},{\"@type\":\"Organization\",\"@id\":\"https:\\\/\\\/www.sengrandplace.com\\\/#organization\",\"name\":\"Sen Grand Place Thi\u00e8s\",\"url\":\"https:\\\/\\\/www.sengrandplace.com\\\/\",\"logo\":{\"@type\":\"ImageObject\",\"inLanguage\":\"fr-FR\",\"@id\":\"https:\\\/\\\/www.sengrandplace.com\\\/#\\\/schema\\\/logo\\\/image\\\/\",\"url\":\"https:\\\/\\\/www.sengrandplace.com\\\/wp-content\\\/uploads\\\/2024\\\/01\\\/Logo_du_site-2.jpg\",\"contentUrl\":\"https:\\\/\\\/www.sengrandplace.com\\\/wp-content\\\/uploads\\\/2024\\\/01\\\/Logo_du_site-2.jpg\",\"width\":314,\"height\":98,\"caption\":\"Sen Grand Place Thi\u00e8s\"},\"image\":{\"@id\":\"https:\\\/\\\/www.sengrandplace.com\\\/#\\\/schema\\\/logo\\\/image\\\/\"}}]}<\/script>\n<!-- \/ Yoast SEO plugin. -->","yoast_head_json":{"title":"Feutres BIC Kids Comfort Grip - Sen Grand Place Thi\u00e8s","description":"Feutres de coloriage encre ultra-lavable \u00e0 base d\u2019eau \u2013 Couleurs assorties, pack de 12","robots":{"index":"index","follow":"follow","max-snippet":"max-snippet:-1","max-image-preview":"max-image-preview:large","max-video-preview":"max-video-preview:-1"},"canonical":"https:\/\/www.sengrandplace.com\/?product=feutres-bic-kids-comfort-grip","og_locale":"fr_FR","og_type":"article","og_title":"Feutres BIC Kids Comfort Grip - Sen Grand Place Thi\u00e8s","og_description":"Feutres de coloriage encre ultra-lavable \u00e0 base d\u2019eau \u2013 Couleurs assorties, pack de 12","og_url":"https:\/\/www.sengrandplace.com\/?product=feutres-bic-kids-comfort-grip","og_site_name":"Sen Grand Place Thi\u00e8s","article_modified_time":"2025-10-06T16:48:07+00:00","og_image":[{"width":1200,"height":1200,"url":"https:\/\/www.sengrandplace.com\/wp-content\/uploads\/2025\/09\/517250_3086123739598_160_1.jpg.webp","type":"image\/webp"}],"twitter_card":"summary_large_image","twitter_misc":{"Dur\u00e9e de lecture estim\u00e9e":"1 minute"},"schema":{"@context":"https:\/\/schema.org","@graph":[{"@type":"WebPage","@id":"https:\/\/www.sengrandplace.com\/?product=feutres-bic-kids-comfort-grip","url":"https:\/\/www.sengrandplace.com\/?product=feutres-bic-kids-comfort-grip","name":"Feutres BIC Kids Comfort Grip - Sen Grand Place Thi\u00e8s","isPartOf":{"@id":"https:\/\/www.sengrandplace.com\/#website"},"primaryImageOfPage":{"@id":"https:\/\/www.sengrandplace.com\/?product=feutres-bic-kids-comfort-grip#primaryimage"},"image":{"@id":"https:\/\/www.sengrandplace.com\/?product=feutres-bic-kids-comfort-grip#primaryimage"},"thumbnailUrl":"https:\/\/www.sengrandplace.com\/wp-content\/uploads\/2025\/09\/517250_3086123739598_160_1.jpg.webp","datePublished":"2025-09-03T22:25:04+00:00","dateModified":"2025-10-06T16:48:07+00:00","description":"Feutres de coloriage encre ultra-lavable \u00e0 base d\u2019eau \u2013 Couleurs assorties, pack de 12","breadcrumb":{"@id":"https:\/\/www.sengrandplace.com\/?product=feutres-bic-kids-comfort-grip#breadcrumb"},"inLanguage":"fr-FR","potentialAction":[{"@type":"ReadAction","target":["https:\/\/www.sengrandplace.com\/?product=feutres-bic-kids-comfort-grip"]}]},{"@type":"ImageObject","inLanguage":"fr-FR","@id":"https:\/\/www.sengrandplace.com\/?product=feutres-bic-kids-comfort-grip#primaryimage","url":"https:\/\/www.sengrandplace.com\/wp-content\/uploads\/2025\/09\/517250_3086123739598_160_1.jpg.webp","contentUrl":"https:\/\/www.sengrandplace.com\/wp-content\/uploads\/2025\/09\/517250_3086123739598_160_1.jpg.webp","width":1200,"height":1200},{"@type":"BreadcrumbList","@id":"https:\/\/www.sengrandplace.com\/?product=feutres-bic-kids-comfort-grip#breadcrumb","itemListElement":[{"@type":"ListItem","position":1,"name":"Home","item":"https:\/\/www.sengrandplace.com\/"},{"@type":"ListItem","position":2,"name":"Shop","item":"https:\/\/www.sengrandplace.com\/?page_id=11"},{"@type":"ListItem","position":3,"name":"Feutres BIC Kids Comfort Grip"}]},{"@type":"WebSite","@id":"https:\/\/www.sengrandplace.com\/#website","url":"https:\/\/www.sengrandplace.com\/","name":"Sen Grand Place Thi\u00e8s","description":"La place qui vous revient.","publisher":{"@id":"https:\/\/www.sengrandplace.com\/#organization"},"potentialAction":[{"@type":"SearchAction","target":{"@type":"EntryPoint","urlTemplate":"https:\/\/www.sengrandplace.com\/?s={search_term_string}"},"query-input":{"@type":"PropertyValueSpecification","valueRequired":true,"valueName":"search_term_string"}}],"inLanguage":"fr-FR"},{"@type":"Organization","@id":"https:\/\/www.sengrandplace.com\/#organization","name":"Sen Grand Place Thi\u00e8s","url":"https:\/\/www.sengrandplace.com\/","logo":{"@type":"ImageObject","inLanguage":"fr-FR","@id":"https:\/\/www.sengrandplace.com\/#\/schema\/logo\/image\/","url":"https:\/\/www.sengrandplace.com\/wp-content\/uploads\/2024\/01\/Logo_du_site-2.jpg","contentUrl":"https:\/\/www.sengrandplace.com\/wp-content\/uploads\/2024\/01\/Logo_du_site-2.jpg","width":314,"height":98,"caption":"Sen Grand Place Thi\u00e8s"},"image":{"@id":"https:\/\/www.sengrandplace.com\/#\/schema\/logo\/image\/"}}]}},"_links":{"self":[{"href":"https:\/\/www.sengrandplace.com\/index.php?rest_route=\/wp\/v2\/product\/10675","targetHints":{"allow":["GET"]}}],"collection":[{"href":"https:\/\/www.sengrandplace.com\/index.php?rest_route=\/wp\/v2\/product"}],"about":[{"href":"https:\/\/www.sengrandplace.com\/index.php?rest_route=\/wp\/v2\/types\/product"}],"replies":[{"embeddable":true,"href":"https:\/\/www.sengrandplace.com\/index.php?rest_route=%2Fwp%2Fv2%2Fcomments&post=10675"}],"version-history":[{"count":1,"href":"https:\/\/www.sengrandplace.com\/index.php?rest_route=\/wp\/v2\/product\/10675\/revisions"}],"predecessor-version":[{"id":10678,"href":"https:\/\/www.sengrandplace.com\/index.php?rest_route=\/wp\/v2\/product\/10675\/revisions\/10678"}],"wp:featuredmedia":[{"embeddable":true,"href":"https:\/\/www.sengrandplace.com\/index.php?rest_route=\/wp\/v2\/media\/10677"}],"wp:attachment":[{"href":"https:\/\/www.sengrandplace.com\/index.php?rest_route=%2Fwp%2Fv2%2Fmedia&parent=10675"}],"wp:term":[{"taxonomy":"product_brand","embeddable":true,"href":"https:\/\/www.sengrandplace.com\/index.php?rest_route=%2Fwp%2Fv2%2Fproduct_brand&post=10675"},{"taxonomy":"product_cat","embeddable":true,"href":"https:\/\/www.sengrandplace.com\/index.php?rest_route=%2Fwp%2Fv2%2Fproduct_cat&post=10675"},{"taxonomy":"product_tag","embeddable":true,"href":"https:\/\/www.sengrandplace.com\/index.php?rest_route=%2Fwp%2Fv2%2Fproduct_tag&post=10675"}],"curies":[{"name":"wp","href":"https:\/\/api.w.org\/{rel}","templated":true}]}}