{"id":10701,"date":"2025-09-03T22:43:50","date_gmt":"2025-09-03T22:43:50","guid":{"rendered":"https:\/\/www.sengrandplace.com\/?post_type=product&#038;p=10701"},"modified":"2025-09-03T22:43:51","modified_gmt":"2025-09-03T22:43:51","slug":"ciseaux-bureau-decoupage-poignees-ergo-grand-ciseaux","status":"publish","type":"product","link":"https:\/\/www.sengrandplace.com\/?product=ciseaux-bureau-decoupage-poignees-ergo-grand-ciseaux","title":{"rendered":"Ciseaux Bureau d\u00e9coupage poign\u00e9es ergo Grand ciseaux"},"content":{"rendered":"<p>Vos nouveaux ciseaux sont l\u00e0 !Gr\u00e2ce \u00e0 ce set de 4 paires de ciseaux vous avez toujours labonne paire de ciseaux \u00e0 port\u00e9 de main. Id\u00e9ale pour l\u00b4artisanat, lacuisine, l\u00b4\u00e9cole ou lebureau.Le set comprend une paire de ciseaux tailleurs (25cm), unepaire de ciseaux classiques(21cm), une paire de ciseaux de tissu (14cm) et une pairede ciseaux pour le bricolage(12cm).Les ciseaux ayant chacun une vice de r\u00e9glage ai<\/p>\n<p>Tableau de caract\u00e9ristiques du produit<br \/>\nCaract\u00e9ristique Description<br \/>\nMarque DEUBA<br \/>\nNom du produit Set de 4 paires ciseaux d\u00e9coupage poign\u00e9es ergo<br \/>\nCat\u00e9gorie CISEAUX<\/p>\n","protected":false},"excerpt":{"rendered":"<p>Les ciseaux ayant chacun une vice de r\u00e9glage ainsi que des poign\u00e9es ergonomiques et antid\u00e9rapantes avec rev\u00eatement doux, vous procureront un haut niveau de confort lors de l\u00b4utilisation.<\/p>\n","protected":false},"featured_media":10703,"comment_status":"open","ping_status":"closed","template":"","meta":[],"product_brand":[],"product_cat":[20],"product_tag":[230,263,264],"class_list":{"0":"post-10701","1":"product","2":"type-product","3":"status-publish","4":"has-post-thumbnail","6":"product_cat-librairie-papeterie","7":"product_tag-ciseaux","8":"product_tag-decoupage","9":"product_tag-poigne","11":"first","12":"instock","13":"shipping-taxable","14":"product-type-simple"},"yoast_head":"<!-- This site is optimized with the Yoast SEO plugin v27.6 - https:\/\/yoast.com\/product\/yoast-seo-wordpress\/ -->\n<title>Ciseaux Bureau d\u00e9coupage poign\u00e9es ergo Grand ciseaux - Sen Grand Place Thi\u00e8s<\/title>\n<meta name=\"description\" content=\"Les ciseaux ayant chacun une vice de r\u00e9glage ainsi que des poign\u00e9es ergonomiques et antid\u00e9rapantes avec rev\u00eatement doux, vous procureront un haut niveau de confort lors de l\u00b4utilisation.\" \/>\n<meta name=\"robots\" content=\"index, follow, max-snippet:-1, max-image-preview:large, max-video-preview:-1\" \/>\n<link rel=\"canonical\" href=\"https:\/\/www.sengrandplace.com\/?product=ciseaux-bureau-decoupage-poignees-ergo-grand-ciseaux\" \/>\n<meta property=\"og:locale\" content=\"fr_FR\" \/>\n<meta property=\"og:type\" content=\"article\" \/>\n<meta property=\"og:title\" content=\"Ciseaux Bureau d\u00e9coupage poign\u00e9es ergo Grand ciseaux - Sen Grand Place Thi\u00e8s\" \/>\n<meta property=\"og:description\" content=\"Les ciseaux ayant chacun une vice de r\u00e9glage ainsi que des poign\u00e9es ergonomiques et antid\u00e9rapantes avec rev\u00eatement doux, vous procureront un haut niveau de confort lors de l\u00b4utilisation.\" \/>\n<meta property=\"og:url\" content=\"https:\/\/www.sengrandplace.com\/?product=ciseaux-bureau-decoupage-poignees-ergo-grand-ciseaux\" \/>\n<meta property=\"og:site_name\" content=\"Sen Grand Place Thi\u00e8s\" \/>\n<meta property=\"article:modified_time\" content=\"2025-09-03T22:43:51+00:00\" \/>\n<meta property=\"og:image\" content=\"https:\/\/www.sengrandplace.com\/wp-content\/uploads\/2025\/09\/set-de-4-paires-ciseaux-decoupage-lames-aiguisees-3.webp\" \/>\n\t<meta property=\"og:image:width\" content=\"700\" \/>\n\t<meta property=\"og:image:height\" content=\"700\" \/>\n\t<meta property=\"og:image:type\" content=\"image\/webp\" \/>\n<meta name=\"twitter:card\" content=\"summary_large_image\" \/>\n<meta name=\"twitter:label1\" content=\"Dur\u00e9e de lecture estim\u00e9e\" \/>\n\t<meta name=\"twitter:data1\" content=\"1 minute\" \/>\n<script type=\"application\/ld+json\" class=\"yoast-schema-graph\">{\"@context\":\"https:\\\/\\\/schema.org\",\"@graph\":[{\"@type\":\"WebPage\",\"@id\":\"https:\\\/\\\/www.sengrandplace.com\\\/?product=ciseaux-bureau-decoupage-poignees-ergo-grand-ciseaux\",\"url\":\"https:\\\/\\\/www.sengrandplace.com\\\/?product=ciseaux-bureau-decoupage-poignees-ergo-grand-ciseaux\",\"name\":\"Ciseaux Bureau d\u00e9coupage poign\u00e9es ergo Grand ciseaux - Sen Grand Place Thi\u00e8s\",\"isPartOf\":{\"@id\":\"https:\\\/\\\/www.sengrandplace.com\\\/#website\"},\"primaryImageOfPage\":{\"@id\":\"https:\\\/\\\/www.sengrandplace.com\\\/?product=ciseaux-bureau-decoupage-poignees-ergo-grand-ciseaux#primaryimage\"},\"image\":{\"@id\":\"https:\\\/\\\/www.sengrandplace.com\\\/?product=ciseaux-bureau-decoupage-poignees-ergo-grand-ciseaux#primaryimage\"},\"thumbnailUrl\":\"https:\\\/\\\/www.sengrandplace.com\\\/wp-content\\\/uploads\\\/2025\\\/09\\\/set-de-4-paires-ciseaux-decoupage-lames-aiguisees-3.webp\",\"datePublished\":\"2025-09-03T22:43:50+00:00\",\"dateModified\":\"2025-09-03T22:43:51+00:00\",\"description\":\"Les ciseaux ayant chacun une vice de r\u00e9glage ainsi que des poign\u00e9es ergonomiques et antid\u00e9rapantes avec rev\u00eatement doux, vous procureront un haut niveau de confort lors de l\u00b4utilisation.\",\"breadcrumb\":{\"@id\":\"https:\\\/\\\/www.sengrandplace.com\\\/?product=ciseaux-bureau-decoupage-poignees-ergo-grand-ciseaux#breadcrumb\"},\"inLanguage\":\"fr-FR\",\"potentialAction\":[{\"@type\":\"ReadAction\",\"target\":[\"https:\\\/\\\/www.sengrandplace.com\\\/?product=ciseaux-bureau-decoupage-poignees-ergo-grand-ciseaux\"]}]},{\"@type\":\"ImageObject\",\"inLanguage\":\"fr-FR\",\"@id\":\"https:\\\/\\\/www.sengrandplace.com\\\/?product=ciseaux-bureau-decoupage-poignees-ergo-grand-ciseaux#primaryimage\",\"url\":\"https:\\\/\\\/www.sengrandplace.com\\\/wp-content\\\/uploads\\\/2025\\\/09\\\/set-de-4-paires-ciseaux-decoupage-lames-aiguisees-3.webp\",\"contentUrl\":\"https:\\\/\\\/www.sengrandplace.com\\\/wp-content\\\/uploads\\\/2025\\\/09\\\/set-de-4-paires-ciseaux-decoupage-lames-aiguisees-3.webp\",\"width\":700,\"height\":700},{\"@type\":\"BreadcrumbList\",\"@id\":\"https:\\\/\\\/www.sengrandplace.com\\\/?product=ciseaux-bureau-decoupage-poignees-ergo-grand-ciseaux#breadcrumb\",\"itemListElement\":[{\"@type\":\"ListItem\",\"position\":1,\"name\":\"Home\",\"item\":\"https:\\\/\\\/www.sengrandplace.com\\\/\"},{\"@type\":\"ListItem\",\"position\":2,\"name\":\"Shop\",\"item\":\"https:\\\/\\\/www.sengrandplace.com\\\/?page_id=11\"},{\"@type\":\"ListItem\",\"position\":3,\"name\":\"Ciseaux Bureau d\u00e9coupage poign\u00e9es ergo Grand ciseaux\"}]},{\"@type\":\"WebSite\",\"@id\":\"https:\\\/\\\/www.sengrandplace.com\\\/#website\",\"url\":\"https:\\\/\\\/www.sengrandplace.com\\\/\",\"name\":\"Sen Grand Place Thi\u00e8s\",\"description\":\"La place qui vous revient.\",\"publisher\":{\"@id\":\"https:\\\/\\\/www.sengrandplace.com\\\/#organization\"},\"potentialAction\":[{\"@type\":\"SearchAction\",\"target\":{\"@type\":\"EntryPoint\",\"urlTemplate\":\"https:\\\/\\\/www.sengrandplace.com\\\/?s={search_term_string}\"},\"query-input\":{\"@type\":\"PropertyValueSpecification\",\"valueRequired\":true,\"valueName\":\"search_term_string\"}}],\"inLanguage\":\"fr-FR\"},{\"@type\":\"Organization\",\"@id\":\"https:\\\/\\\/www.sengrandplace.com\\\/#organization\",\"name\":\"Sen Grand Place Thi\u00e8s\",\"url\":\"https:\\\/\\\/www.sengrandplace.com\\\/\",\"logo\":{\"@type\":\"ImageObject\",\"inLanguage\":\"fr-FR\",\"@id\":\"https:\\\/\\\/www.sengrandplace.com\\\/#\\\/schema\\\/logo\\\/image\\\/\",\"url\":\"https:\\\/\\\/www.sengrandplace.com\\\/wp-content\\\/uploads\\\/2024\\\/01\\\/Logo_du_site-2.jpg\",\"contentUrl\":\"https:\\\/\\\/www.sengrandplace.com\\\/wp-content\\\/uploads\\\/2024\\\/01\\\/Logo_du_site-2.jpg\",\"width\":314,\"height\":98,\"caption\":\"Sen Grand Place Thi\u00e8s\"},\"image\":{\"@id\":\"https:\\\/\\\/www.sengrandplace.com\\\/#\\\/schema\\\/logo\\\/image\\\/\"}}]}<\/script>\n<!-- \/ Yoast SEO plugin. -->","yoast_head_json":{"title":"Ciseaux Bureau d\u00e9coupage poign\u00e9es ergo Grand ciseaux - Sen Grand Place Thi\u00e8s","description":"Les ciseaux ayant chacun une vice de r\u00e9glage ainsi que des poign\u00e9es ergonomiques et antid\u00e9rapantes avec rev\u00eatement doux, vous procureront un haut niveau de confort lors de l\u00b4utilisation.","robots":{"index":"index","follow":"follow","max-snippet":"max-snippet:-1","max-image-preview":"max-image-preview:large","max-video-preview":"max-video-preview:-1"},"canonical":"https:\/\/www.sengrandplace.com\/?product=ciseaux-bureau-decoupage-poignees-ergo-grand-ciseaux","og_locale":"fr_FR","og_type":"article","og_title":"Ciseaux Bureau d\u00e9coupage poign\u00e9es ergo Grand ciseaux - Sen Grand Place Thi\u00e8s","og_description":"Les ciseaux ayant chacun une vice de r\u00e9glage ainsi que des poign\u00e9es ergonomiques et antid\u00e9rapantes avec rev\u00eatement doux, vous procureront un haut niveau de confort lors de l\u00b4utilisation.","og_url":"https:\/\/www.sengrandplace.com\/?product=ciseaux-bureau-decoupage-poignees-ergo-grand-ciseaux","og_site_name":"Sen Grand Place Thi\u00e8s","article_modified_time":"2025-09-03T22:43:51+00:00","og_image":[{"width":700,"height":700,"url":"https:\/\/www.sengrandplace.com\/wp-content\/uploads\/2025\/09\/set-de-4-paires-ciseaux-decoupage-lames-aiguisees-3.webp","type":"image\/webp"}],"twitter_card":"summary_large_image","twitter_misc":{"Dur\u00e9e de lecture estim\u00e9e":"1 minute"},"schema":{"@context":"https:\/\/schema.org","@graph":[{"@type":"WebPage","@id":"https:\/\/www.sengrandplace.com\/?product=ciseaux-bureau-decoupage-poignees-ergo-grand-ciseaux","url":"https:\/\/www.sengrandplace.com\/?product=ciseaux-bureau-decoupage-poignees-ergo-grand-ciseaux","name":"Ciseaux Bureau d\u00e9coupage poign\u00e9es ergo Grand ciseaux - Sen Grand Place Thi\u00e8s","isPartOf":{"@id":"https:\/\/www.sengrandplace.com\/#website"},"primaryImageOfPage":{"@id":"https:\/\/www.sengrandplace.com\/?product=ciseaux-bureau-decoupage-poignees-ergo-grand-ciseaux#primaryimage"},"image":{"@id":"https:\/\/www.sengrandplace.com\/?product=ciseaux-bureau-decoupage-poignees-ergo-grand-ciseaux#primaryimage"},"thumbnailUrl":"https:\/\/www.sengrandplace.com\/wp-content\/uploads\/2025\/09\/set-de-4-paires-ciseaux-decoupage-lames-aiguisees-3.webp","datePublished":"2025-09-03T22:43:50+00:00","dateModified":"2025-09-03T22:43:51+00:00","description":"Les ciseaux ayant chacun une vice de r\u00e9glage ainsi que des poign\u00e9es ergonomiques et antid\u00e9rapantes avec rev\u00eatement doux, vous procureront un haut niveau de confort lors de l\u00b4utilisation.","breadcrumb":{"@id":"https:\/\/www.sengrandplace.com\/?product=ciseaux-bureau-decoupage-poignees-ergo-grand-ciseaux#breadcrumb"},"inLanguage":"fr-FR","potentialAction":[{"@type":"ReadAction","target":["https:\/\/www.sengrandplace.com\/?product=ciseaux-bureau-decoupage-poignees-ergo-grand-ciseaux"]}]},{"@type":"ImageObject","inLanguage":"fr-FR","@id":"https:\/\/www.sengrandplace.com\/?product=ciseaux-bureau-decoupage-poignees-ergo-grand-ciseaux#primaryimage","url":"https:\/\/www.sengrandplace.com\/wp-content\/uploads\/2025\/09\/set-de-4-paires-ciseaux-decoupage-lames-aiguisees-3.webp","contentUrl":"https:\/\/www.sengrandplace.com\/wp-content\/uploads\/2025\/09\/set-de-4-paires-ciseaux-decoupage-lames-aiguisees-3.webp","width":700,"height":700},{"@type":"BreadcrumbList","@id":"https:\/\/www.sengrandplace.com\/?product=ciseaux-bureau-decoupage-poignees-ergo-grand-ciseaux#breadcrumb","itemListElement":[{"@type":"ListItem","position":1,"name":"Home","item":"https:\/\/www.sengrandplace.com\/"},{"@type":"ListItem","position":2,"name":"Shop","item":"https:\/\/www.sengrandplace.com\/?page_id=11"},{"@type":"ListItem","position":3,"name":"Ciseaux Bureau d\u00e9coupage poign\u00e9es ergo Grand ciseaux"}]},{"@type":"WebSite","@id":"https:\/\/www.sengrandplace.com\/#website","url":"https:\/\/www.sengrandplace.com\/","name":"Sen Grand Place Thi\u00e8s","description":"La place qui vous revient.","publisher":{"@id":"https:\/\/www.sengrandplace.com\/#organization"},"potentialAction":[{"@type":"SearchAction","target":{"@type":"EntryPoint","urlTemplate":"https:\/\/www.sengrandplace.com\/?s={search_term_string}"},"query-input":{"@type":"PropertyValueSpecification","valueRequired":true,"valueName":"search_term_string"}}],"inLanguage":"fr-FR"},{"@type":"Organization","@id":"https:\/\/www.sengrandplace.com\/#organization","name":"Sen Grand Place Thi\u00e8s","url":"https:\/\/www.sengrandplace.com\/","logo":{"@type":"ImageObject","inLanguage":"fr-FR","@id":"https:\/\/www.sengrandplace.com\/#\/schema\/logo\/image\/","url":"https:\/\/www.sengrandplace.com\/wp-content\/uploads\/2024\/01\/Logo_du_site-2.jpg","contentUrl":"https:\/\/www.sengrandplace.com\/wp-content\/uploads\/2024\/01\/Logo_du_site-2.jpg","width":314,"height":98,"caption":"Sen Grand Place Thi\u00e8s"},"image":{"@id":"https:\/\/www.sengrandplace.com\/#\/schema\/logo\/image\/"}}]}},"_links":{"self":[{"href":"https:\/\/www.sengrandplace.com\/index.php?rest_route=\/wp\/v2\/product\/10701","targetHints":{"allow":["GET"]}}],"collection":[{"href":"https:\/\/www.sengrandplace.com\/index.php?rest_route=\/wp\/v2\/product"}],"about":[{"href":"https:\/\/www.sengrandplace.com\/index.php?rest_route=\/wp\/v2\/types\/product"}],"replies":[{"embeddable":true,"href":"https:\/\/www.sengrandplace.com\/index.php?rest_route=%2Fwp%2Fv2%2Fcomments&post=10701"}],"version-history":[{"count":1,"href":"https:\/\/www.sengrandplace.com\/index.php?rest_route=\/wp\/v2\/product\/10701\/revisions"}],"predecessor-version":[{"id":10704,"href":"https:\/\/www.sengrandplace.com\/index.php?rest_route=\/wp\/v2\/product\/10701\/revisions\/10704"}],"wp:featuredmedia":[{"embeddable":true,"href":"https:\/\/www.sengrandplace.com\/index.php?rest_route=\/wp\/v2\/media\/10703"}],"wp:attachment":[{"href":"https:\/\/www.sengrandplace.com\/index.php?rest_route=%2Fwp%2Fv2%2Fmedia&parent=10701"}],"wp:term":[{"taxonomy":"product_brand","embeddable":true,"href":"https:\/\/www.sengrandplace.com\/index.php?rest_route=%2Fwp%2Fv2%2Fproduct_brand&post=10701"},{"taxonomy":"product_cat","embeddable":true,"href":"https:\/\/www.sengrandplace.com\/index.php?rest_route=%2Fwp%2Fv2%2Fproduct_cat&post=10701"},{"taxonomy":"product_tag","embeddable":true,"href":"https:\/\/www.sengrandplace.com\/index.php?rest_route=%2Fwp%2Fv2%2Fproduct_tag&post=10701"}],"curies":[{"name":"wp","href":"https:\/\/api.w.org\/{rel}","templated":true}]}}