{"id":10716,"date":"2025-09-03T22:56:08","date_gmt":"2025-09-03T22:56:08","guid":{"rendered":"https:\/\/www.sengrandplace.com\/?post_type=product&#038;p=10716"},"modified":"2025-09-03T22:56:08","modified_gmt":"2025-09-03T22:56:08","slug":"cutter-lame-18mm-avec-10-lames-de-rechange","status":"publish","type":"product","link":"https:\/\/www.sengrandplace.com\/?product=cutter-lame-18mm-avec-10-lames-de-rechange","title":{"rendered":"Cutter lame 18mm avec 10 lames de rechange"},"content":{"rendered":"<p>Cutter lame 18 mm avec 10 lames de rechangeLe cutter est un outil essentiel \u00e0 poss\u00e9der dans sa caisse \u00e0 outils.Vendu avec 10 lames de rechange.Informations techniquesManche ergonomique bi-mati\u00e8re.Lame : 18 mm. Haute qualit\u00e9.<\/p>\n<p>Tableau de caract\u00e9ristiques du produit<br \/>\nCaract\u00e9ristique Description<br \/>\nNom du produit Cutter lame 18mm avec 10 lames de rechange<br \/>\nCat\u00e9gorie CUTTER<\/p>\n","protected":false},"excerpt":{"rendered":"<div class=\"woocommerce-product-details__short-description\">\n<p>Cutter lame 18 mm avec 10 lames de rechangeLe cutter est un outil essentiel \u00e0 poss\u00e9der dans sa caisse \u00e0 outils.Vendu avec 10 lames de rechange.<\/p>\n<\/div>\n","protected":false},"featured_media":10717,"comment_status":"open","ping_status":"closed","template":"","meta":[],"product_brand":[],"product_cat":[20],"product_tag":[272,273,274],"class_list":{"0":"post-10716","1":"product","2":"type-product","3":"status-publish","4":"has-post-thumbnail","6":"product_cat-librairie-papeterie","7":"product_tag-18mm","8":"product_tag-cutter","9":"product_tag-lame","11":"first","12":"instock","13":"shipping-taxable","14":"product-type-simple"},"yoast_head":"<!-- This site is optimized with the Yoast SEO plugin v27.6 - https:\/\/yoast.com\/product\/yoast-seo-wordpress\/ -->\n<title>Cutter lame 18mm avec 10 lames de rechange - Sen Grand Place Thi\u00e8s<\/title>\n<meta name=\"description\" content=\"Cutter lame 18 mm avec 10 lames de rechangeLe cutter est un outil essentiel \u00e0 poss\u00e9der dans sa caisse \u00e0 outils.Vendu avec 10 lames de rechange.\" \/>\n<meta name=\"robots\" content=\"index, follow, max-snippet:-1, max-image-preview:large, max-video-preview:-1\" \/>\n<link rel=\"canonical\" href=\"https:\/\/www.sengrandplace.com\/?product=cutter-lame-18mm-avec-10-lames-de-rechange\" \/>\n<meta property=\"og:locale\" content=\"fr_FR\" \/>\n<meta property=\"og:type\" content=\"article\" \/>\n<meta property=\"og:title\" content=\"Cutter lame 18mm avec 10 lames de rechange - Sen Grand Place Thi\u00e8s\" \/>\n<meta property=\"og:description\" content=\"Cutter lame 18 mm avec 10 lames de rechangeLe cutter est un outil essentiel \u00e0 poss\u00e9der dans sa caisse \u00e0 outils.Vendu avec 10 lames de rechange.\" \/>\n<meta property=\"og:url\" content=\"https:\/\/www.sengrandplace.com\/?product=cutter-lame-18mm-avec-10-lames-de-rechange\" \/>\n<meta property=\"og:site_name\" content=\"Sen Grand Place Thi\u00e8s\" \/>\n<meta property=\"og:image\" content=\"https:\/\/www.sengrandplace.com\/wp-content\/uploads\/2025\/09\/cutter-bimatiere-stanley-0-10-425-25-mm.webp\" \/>\n\t<meta property=\"og:image:width\" content=\"700\" \/>\n\t<meta property=\"og:image:height\" content=\"700\" \/>\n\t<meta property=\"og:image:type\" content=\"image\/webp\" \/>\n<meta name=\"twitter:card\" content=\"summary_large_image\" \/>\n<meta name=\"twitter:label1\" content=\"Dur\u00e9e de lecture estim\u00e9e\" \/>\n\t<meta name=\"twitter:data1\" content=\"1 minute\" \/>\n<script type=\"application\/ld+json\" class=\"yoast-schema-graph\">{\"@context\":\"https:\\\/\\\/schema.org\",\"@graph\":[{\"@type\":\"WebPage\",\"@id\":\"https:\\\/\\\/www.sengrandplace.com\\\/?product=cutter-lame-18mm-avec-10-lames-de-rechange\",\"url\":\"https:\\\/\\\/www.sengrandplace.com\\\/?product=cutter-lame-18mm-avec-10-lames-de-rechange\",\"name\":\"Cutter lame 18mm avec 10 lames de rechange - Sen Grand Place Thi\u00e8s\",\"isPartOf\":{\"@id\":\"https:\\\/\\\/www.sengrandplace.com\\\/#website\"},\"primaryImageOfPage\":{\"@id\":\"https:\\\/\\\/www.sengrandplace.com\\\/?product=cutter-lame-18mm-avec-10-lames-de-rechange#primaryimage\"},\"image\":{\"@id\":\"https:\\\/\\\/www.sengrandplace.com\\\/?product=cutter-lame-18mm-avec-10-lames-de-rechange#primaryimage\"},\"thumbnailUrl\":\"https:\\\/\\\/www.sengrandplace.com\\\/wp-content\\\/uploads\\\/2025\\\/09\\\/cutter-bimatiere-stanley-0-10-425-25-mm.webp\",\"datePublished\":\"2025-09-03T22:56:08+00:00\",\"description\":\"Cutter lame 18 mm avec 10 lames de rechangeLe cutter est un outil essentiel \u00e0 poss\u00e9der dans sa caisse \u00e0 outils.Vendu avec 10 lames de rechange.\",\"breadcrumb\":{\"@id\":\"https:\\\/\\\/www.sengrandplace.com\\\/?product=cutter-lame-18mm-avec-10-lames-de-rechange#breadcrumb\"},\"inLanguage\":\"fr-FR\",\"potentialAction\":[{\"@type\":\"ReadAction\",\"target\":[\"https:\\\/\\\/www.sengrandplace.com\\\/?product=cutter-lame-18mm-avec-10-lames-de-rechange\"]}]},{\"@type\":\"ImageObject\",\"inLanguage\":\"fr-FR\",\"@id\":\"https:\\\/\\\/www.sengrandplace.com\\\/?product=cutter-lame-18mm-avec-10-lames-de-rechange#primaryimage\",\"url\":\"https:\\\/\\\/www.sengrandplace.com\\\/wp-content\\\/uploads\\\/2025\\\/09\\\/cutter-bimatiere-stanley-0-10-425-25-mm.webp\",\"contentUrl\":\"https:\\\/\\\/www.sengrandplace.com\\\/wp-content\\\/uploads\\\/2025\\\/09\\\/cutter-bimatiere-stanley-0-10-425-25-mm.webp\",\"width\":700,\"height\":700},{\"@type\":\"BreadcrumbList\",\"@id\":\"https:\\\/\\\/www.sengrandplace.com\\\/?product=cutter-lame-18mm-avec-10-lames-de-rechange#breadcrumb\",\"itemListElement\":[{\"@type\":\"ListItem\",\"position\":1,\"name\":\"Home\",\"item\":\"https:\\\/\\\/www.sengrandplace.com\\\/\"},{\"@type\":\"ListItem\",\"position\":2,\"name\":\"Shop\",\"item\":\"https:\\\/\\\/www.sengrandplace.com\\\/?page_id=11\"},{\"@type\":\"ListItem\",\"position\":3,\"name\":\"Cutter lame 18mm avec 10 lames de rechange\"}]},{\"@type\":\"WebSite\",\"@id\":\"https:\\\/\\\/www.sengrandplace.com\\\/#website\",\"url\":\"https:\\\/\\\/www.sengrandplace.com\\\/\",\"name\":\"Sen Grand Place Thi\u00e8s\",\"description\":\"La place qui vous revient.\",\"publisher\":{\"@id\":\"https:\\\/\\\/www.sengrandplace.com\\\/#organization\"},\"potentialAction\":[{\"@type\":\"SearchAction\",\"target\":{\"@type\":\"EntryPoint\",\"urlTemplate\":\"https:\\\/\\\/www.sengrandplace.com\\\/?s={search_term_string}\"},\"query-input\":{\"@type\":\"PropertyValueSpecification\",\"valueRequired\":true,\"valueName\":\"search_term_string\"}}],\"inLanguage\":\"fr-FR\"},{\"@type\":\"Organization\",\"@id\":\"https:\\\/\\\/www.sengrandplace.com\\\/#organization\",\"name\":\"Sen Grand Place Thi\u00e8s\",\"url\":\"https:\\\/\\\/www.sengrandplace.com\\\/\",\"logo\":{\"@type\":\"ImageObject\",\"inLanguage\":\"fr-FR\",\"@id\":\"https:\\\/\\\/www.sengrandplace.com\\\/#\\\/schema\\\/logo\\\/image\\\/\",\"url\":\"https:\\\/\\\/www.sengrandplace.com\\\/wp-content\\\/uploads\\\/2024\\\/01\\\/Logo_du_site-2.jpg\",\"contentUrl\":\"https:\\\/\\\/www.sengrandplace.com\\\/wp-content\\\/uploads\\\/2024\\\/01\\\/Logo_du_site-2.jpg\",\"width\":314,\"height\":98,\"caption\":\"Sen Grand Place Thi\u00e8s\"},\"image\":{\"@id\":\"https:\\\/\\\/www.sengrandplace.com\\\/#\\\/schema\\\/logo\\\/image\\\/\"}}]}<\/script>\n<!-- \/ Yoast SEO plugin. -->","yoast_head_json":{"title":"Cutter lame 18mm avec 10 lames de rechange - Sen Grand Place Thi\u00e8s","description":"Cutter lame 18 mm avec 10 lames de rechangeLe cutter est un outil essentiel \u00e0 poss\u00e9der dans sa caisse \u00e0 outils.Vendu avec 10 lames de rechange.","robots":{"index":"index","follow":"follow","max-snippet":"max-snippet:-1","max-image-preview":"max-image-preview:large","max-video-preview":"max-video-preview:-1"},"canonical":"https:\/\/www.sengrandplace.com\/?product=cutter-lame-18mm-avec-10-lames-de-rechange","og_locale":"fr_FR","og_type":"article","og_title":"Cutter lame 18mm avec 10 lames de rechange - Sen Grand Place Thi\u00e8s","og_description":"Cutter lame 18 mm avec 10 lames de rechangeLe cutter est un outil essentiel \u00e0 poss\u00e9der dans sa caisse \u00e0 outils.Vendu avec 10 lames de rechange.","og_url":"https:\/\/www.sengrandplace.com\/?product=cutter-lame-18mm-avec-10-lames-de-rechange","og_site_name":"Sen Grand Place Thi\u00e8s","og_image":[{"width":700,"height":700,"url":"https:\/\/www.sengrandplace.com\/wp-content\/uploads\/2025\/09\/cutter-bimatiere-stanley-0-10-425-25-mm.webp","type":"image\/webp"}],"twitter_card":"summary_large_image","twitter_misc":{"Dur\u00e9e de lecture estim\u00e9e":"1 minute"},"schema":{"@context":"https:\/\/schema.org","@graph":[{"@type":"WebPage","@id":"https:\/\/www.sengrandplace.com\/?product=cutter-lame-18mm-avec-10-lames-de-rechange","url":"https:\/\/www.sengrandplace.com\/?product=cutter-lame-18mm-avec-10-lames-de-rechange","name":"Cutter lame 18mm avec 10 lames de rechange - Sen Grand Place Thi\u00e8s","isPartOf":{"@id":"https:\/\/www.sengrandplace.com\/#website"},"primaryImageOfPage":{"@id":"https:\/\/www.sengrandplace.com\/?product=cutter-lame-18mm-avec-10-lames-de-rechange#primaryimage"},"image":{"@id":"https:\/\/www.sengrandplace.com\/?product=cutter-lame-18mm-avec-10-lames-de-rechange#primaryimage"},"thumbnailUrl":"https:\/\/www.sengrandplace.com\/wp-content\/uploads\/2025\/09\/cutter-bimatiere-stanley-0-10-425-25-mm.webp","datePublished":"2025-09-03T22:56:08+00:00","description":"Cutter lame 18 mm avec 10 lames de rechangeLe cutter est un outil essentiel \u00e0 poss\u00e9der dans sa caisse \u00e0 outils.Vendu avec 10 lames de rechange.","breadcrumb":{"@id":"https:\/\/www.sengrandplace.com\/?product=cutter-lame-18mm-avec-10-lames-de-rechange#breadcrumb"},"inLanguage":"fr-FR","potentialAction":[{"@type":"ReadAction","target":["https:\/\/www.sengrandplace.com\/?product=cutter-lame-18mm-avec-10-lames-de-rechange"]}]},{"@type":"ImageObject","inLanguage":"fr-FR","@id":"https:\/\/www.sengrandplace.com\/?product=cutter-lame-18mm-avec-10-lames-de-rechange#primaryimage","url":"https:\/\/www.sengrandplace.com\/wp-content\/uploads\/2025\/09\/cutter-bimatiere-stanley-0-10-425-25-mm.webp","contentUrl":"https:\/\/www.sengrandplace.com\/wp-content\/uploads\/2025\/09\/cutter-bimatiere-stanley-0-10-425-25-mm.webp","width":700,"height":700},{"@type":"BreadcrumbList","@id":"https:\/\/www.sengrandplace.com\/?product=cutter-lame-18mm-avec-10-lames-de-rechange#breadcrumb","itemListElement":[{"@type":"ListItem","position":1,"name":"Home","item":"https:\/\/www.sengrandplace.com\/"},{"@type":"ListItem","position":2,"name":"Shop","item":"https:\/\/www.sengrandplace.com\/?page_id=11"},{"@type":"ListItem","position":3,"name":"Cutter lame 18mm avec 10 lames de rechange"}]},{"@type":"WebSite","@id":"https:\/\/www.sengrandplace.com\/#website","url":"https:\/\/www.sengrandplace.com\/","name":"Sen Grand Place Thi\u00e8s","description":"La place qui vous revient.","publisher":{"@id":"https:\/\/www.sengrandplace.com\/#organization"},"potentialAction":[{"@type":"SearchAction","target":{"@type":"EntryPoint","urlTemplate":"https:\/\/www.sengrandplace.com\/?s={search_term_string}"},"query-input":{"@type":"PropertyValueSpecification","valueRequired":true,"valueName":"search_term_string"}}],"inLanguage":"fr-FR"},{"@type":"Organization","@id":"https:\/\/www.sengrandplace.com\/#organization","name":"Sen Grand Place Thi\u00e8s","url":"https:\/\/www.sengrandplace.com\/","logo":{"@type":"ImageObject","inLanguage":"fr-FR","@id":"https:\/\/www.sengrandplace.com\/#\/schema\/logo\/image\/","url":"https:\/\/www.sengrandplace.com\/wp-content\/uploads\/2024\/01\/Logo_du_site-2.jpg","contentUrl":"https:\/\/www.sengrandplace.com\/wp-content\/uploads\/2024\/01\/Logo_du_site-2.jpg","width":314,"height":98,"caption":"Sen Grand Place Thi\u00e8s"},"image":{"@id":"https:\/\/www.sengrandplace.com\/#\/schema\/logo\/image\/"}}]}},"_links":{"self":[{"href":"https:\/\/www.sengrandplace.com\/index.php?rest_route=\/wp\/v2\/product\/10716","targetHints":{"allow":["GET"]}}],"collection":[{"href":"https:\/\/www.sengrandplace.com\/index.php?rest_route=\/wp\/v2\/product"}],"about":[{"href":"https:\/\/www.sengrandplace.com\/index.php?rest_route=\/wp\/v2\/types\/product"}],"replies":[{"embeddable":true,"href":"https:\/\/www.sengrandplace.com\/index.php?rest_route=%2Fwp%2Fv2%2Fcomments&post=10716"}],"version-history":[{"count":1,"href":"https:\/\/www.sengrandplace.com\/index.php?rest_route=\/wp\/v2\/product\/10716\/revisions"}],"predecessor-version":[{"id":10719,"href":"https:\/\/www.sengrandplace.com\/index.php?rest_route=\/wp\/v2\/product\/10716\/revisions\/10719"}],"wp:featuredmedia":[{"embeddable":true,"href":"https:\/\/www.sengrandplace.com\/index.php?rest_route=\/wp\/v2\/media\/10717"}],"wp:attachment":[{"href":"https:\/\/www.sengrandplace.com\/index.php?rest_route=%2Fwp%2Fv2%2Fmedia&parent=10716"}],"wp:term":[{"taxonomy":"product_brand","embeddable":true,"href":"https:\/\/www.sengrandplace.com\/index.php?rest_route=%2Fwp%2Fv2%2Fproduct_brand&post=10716"},{"taxonomy":"product_cat","embeddable":true,"href":"https:\/\/www.sengrandplace.com\/index.php?rest_route=%2Fwp%2Fv2%2Fproduct_cat&post=10716"},{"taxonomy":"product_tag","embeddable":true,"href":"https:\/\/www.sengrandplace.com\/index.php?rest_route=%2Fwp%2Fv2%2Fproduct_tag&post=10716"}],"curies":[{"name":"wp","href":"https:\/\/api.w.org\/{rel}","templated":true}]}}