{"id":10746,"date":"2025-09-03T23:18:03","date_gmt":"2025-09-03T23:18:03","guid":{"rendered":"https:\/\/www.sengrandplace.com\/?post_type=product&#038;p=10746"},"modified":"2025-10-06T16:53:11","modified_gmt":"2025-10-06T16:53:11","slug":"taille-crayon-double-usage-faber-castell-metal-pour-adultes-mixte","status":"publish","type":"product","link":"https:\/\/www.sengrandplace.com\/?product=taille-crayon-double-usage-faber-castell-metal-pour-adultes-mixte","title":{"rendered":"Taille-crayon double usage \u2013 FABER-CASTELL \u2013 M\u00e9tal \u2013 Pour adultes \u2013 Mixte"},"content":{"rendered":"<p>D\u00e9couvrez le taille-crayon double usage en m\u00e9tal de FABER-CASTELL, id\u00e9al pour les adultes. Pratique et \u00e9l\u00e9gant, il s\u2019adapte \u00e0 tous vos besoins d\u2019\u00e9criture.<\/p>\n<p>Tableau de caract\u00e9ristiques du produit<br \/>\nCaract\u00e9ristique Description<br \/>\nMarque FABER-CASTELL<br \/>\nNom du produit Taille-crayon double usage \u2013 FABER-CASTELL \u2013 M\u00e9tal \u2013 Pour adultes \u2013 Mixte<br \/>\nCat\u00e9gorie TAILLE CRAYON<\/p>\n","protected":false},"excerpt":{"rendered":"<div class=\"woocommerce-product-details__short-description\">\n<p>D\u00e9couvrez le taille-crayon double usage en m\u00e9tal de FABER-CASTELL, id\u00e9al pour les adultes. Pratique et \u00e9l\u00e9gant, il s\u2019adapte \u00e0 tous vos besoins d\u2019\u00e9criture.<\/p>\n<\/div>\n","protected":false},"featured_media":10748,"comment_status":"open","ping_status":"closed","template":"","meta":[],"product_brand":[],"product_cat":[27,20],"product_tag":[238,294,287,239],"class_list":{"0":"post-10746","1":"product","2":"type-product","3":"status-publish","4":"has-post-thumbnail","6":"product_cat-fourniture-scolaire","7":"product_cat-librairie-papeterie","8":"product_tag-crayon","9":"product_tag-double","10":"product_tag-metal","11":"product_tag-taille","13":"first","14":"instock","15":"shipping-taxable","16":"product-type-simple"},"yoast_head":"<!-- This site is optimized with the Yoast SEO plugin v27.3 - https:\/\/yoast.com\/product\/yoast-seo-wordpress\/ -->\n<title>Taille-crayon double usage \u2013 FABER-CASTELL \u2013 M\u00e9tal \u2013 Pour adultes \u2013 Mixte - Sen Grand Place Thi\u00e8s<\/title>\n<meta name=\"description\" content=\"D\u00e9couvrez le taille-crayon double usage en m\u00e9tal de FABER-CASTELL, id\u00e9al pour les adultes. Pratique et \u00e9l\u00e9gant, il s\u2019adapte \u00e0 tous vos besoins d\u2019\u00e9criture.\" \/>\n<meta name=\"robots\" content=\"index, follow, max-snippet:-1, max-image-preview:large, max-video-preview:-1\" \/>\n<link rel=\"canonical\" href=\"https:\/\/www.sengrandplace.com\/?product=taille-crayon-double-usage-faber-castell-metal-pour-adultes-mixte\" \/>\n<meta property=\"og:locale\" content=\"fr_FR\" \/>\n<meta property=\"og:type\" content=\"article\" \/>\n<meta property=\"og:title\" content=\"Taille-crayon double usage \u2013 FABER-CASTELL \u2013 M\u00e9tal \u2013 Pour adultes \u2013 Mixte - Sen Grand Place Thi\u00e8s\" \/>\n<meta property=\"og:description\" content=\"D\u00e9couvrez le taille-crayon double usage en m\u00e9tal de FABER-CASTELL, id\u00e9al pour les adultes. Pratique et \u00e9l\u00e9gant, il s\u2019adapte \u00e0 tous vos besoins d\u2019\u00e9criture.\" \/>\n<meta property=\"og:url\" content=\"https:\/\/www.sengrandplace.com\/?product=taille-crayon-double-usage-faber-castell-metal-pour-adultes-mixte\" \/>\n<meta property=\"og:site_name\" content=\"Sen Grand Place Thi\u00e8s\" \/>\n<meta property=\"article:modified_time\" content=\"2025-10-06T16:53:11+00:00\" \/>\n<meta property=\"og:image\" content=\"https:\/\/www.sengrandplace.com\/wp-content\/uploads\/2025\/09\/taille-crayon-metal-2-orifices.webp\" \/>\n\t<meta property=\"og:image:width\" content=\"700\" \/>\n\t<meta property=\"og:image:height\" content=\"700\" \/>\n\t<meta property=\"og:image:type\" content=\"image\/webp\" \/>\n<meta name=\"twitter:card\" content=\"summary_large_image\" \/>\n<meta name=\"twitter:label1\" content=\"Dur\u00e9e de lecture estim\u00e9e\" \/>\n\t<meta name=\"twitter:data1\" content=\"1 minute\" \/>\n<script type=\"application\/ld+json\" class=\"yoast-schema-graph\">{\"@context\":\"https:\\\/\\\/schema.org\",\"@graph\":[{\"@type\":\"WebPage\",\"@id\":\"https:\\\/\\\/www.sengrandplace.com\\\/?product=taille-crayon-double-usage-faber-castell-metal-pour-adultes-mixte\",\"url\":\"https:\\\/\\\/www.sengrandplace.com\\\/?product=taille-crayon-double-usage-faber-castell-metal-pour-adultes-mixte\",\"name\":\"Taille-crayon double usage \u2013 FABER-CASTELL \u2013 M\u00e9tal \u2013 Pour adultes \u2013 Mixte - Sen Grand Place Thi\u00e8s\",\"isPartOf\":{\"@id\":\"https:\\\/\\\/www.sengrandplace.com\\\/#website\"},\"primaryImageOfPage\":{\"@id\":\"https:\\\/\\\/www.sengrandplace.com\\\/?product=taille-crayon-double-usage-faber-castell-metal-pour-adultes-mixte#primaryimage\"},\"image\":{\"@id\":\"https:\\\/\\\/www.sengrandplace.com\\\/?product=taille-crayon-double-usage-faber-castell-metal-pour-adultes-mixte#primaryimage\"},\"thumbnailUrl\":\"https:\\\/\\\/www.sengrandplace.com\\\/wp-content\\\/uploads\\\/2025\\\/09\\\/taille-crayon-metal-2-orifices.webp\",\"datePublished\":\"2025-09-03T23:18:03+00:00\",\"dateModified\":\"2025-10-06T16:53:11+00:00\",\"description\":\"D\u00e9couvrez le taille-crayon double usage en m\u00e9tal de FABER-CASTELL, id\u00e9al pour les adultes. Pratique et \u00e9l\u00e9gant, il s\u2019adapte \u00e0 tous vos besoins d\u2019\u00e9criture.\",\"breadcrumb\":{\"@id\":\"https:\\\/\\\/www.sengrandplace.com\\\/?product=taille-crayon-double-usage-faber-castell-metal-pour-adultes-mixte#breadcrumb\"},\"inLanguage\":\"fr-FR\",\"potentialAction\":[{\"@type\":\"ReadAction\",\"target\":[\"https:\\\/\\\/www.sengrandplace.com\\\/?product=taille-crayon-double-usage-faber-castell-metal-pour-adultes-mixte\"]}]},{\"@type\":\"ImageObject\",\"inLanguage\":\"fr-FR\",\"@id\":\"https:\\\/\\\/www.sengrandplace.com\\\/?product=taille-crayon-double-usage-faber-castell-metal-pour-adultes-mixte#primaryimage\",\"url\":\"https:\\\/\\\/www.sengrandplace.com\\\/wp-content\\\/uploads\\\/2025\\\/09\\\/taille-crayon-metal-2-orifices.webp\",\"contentUrl\":\"https:\\\/\\\/www.sengrandplace.com\\\/wp-content\\\/uploads\\\/2025\\\/09\\\/taille-crayon-metal-2-orifices.webp\",\"width\":700,\"height\":700},{\"@type\":\"BreadcrumbList\",\"@id\":\"https:\\\/\\\/www.sengrandplace.com\\\/?product=taille-crayon-double-usage-faber-castell-metal-pour-adultes-mixte#breadcrumb\",\"itemListElement\":[{\"@type\":\"ListItem\",\"position\":1,\"name\":\"Home\",\"item\":\"https:\\\/\\\/www.sengrandplace.com\\\/\"},{\"@type\":\"ListItem\",\"position\":2,\"name\":\"Shop\",\"item\":\"https:\\\/\\\/www.sengrandplace.com\\\/?page_id=11\"},{\"@type\":\"ListItem\",\"position\":3,\"name\":\"Taille-crayon double usage \u2013 FABER-CASTELL \u2013 M\u00e9tal \u2013 Pour adultes \u2013 Mixte\"}]},{\"@type\":\"WebSite\",\"@id\":\"https:\\\/\\\/www.sengrandplace.com\\\/#website\",\"url\":\"https:\\\/\\\/www.sengrandplace.com\\\/\",\"name\":\"Sen Grand Place Thi\u00e8s\",\"description\":\"La place qui vous revient.\",\"publisher\":{\"@id\":\"https:\\\/\\\/www.sengrandplace.com\\\/#organization\"},\"potentialAction\":[{\"@type\":\"SearchAction\",\"target\":{\"@type\":\"EntryPoint\",\"urlTemplate\":\"https:\\\/\\\/www.sengrandplace.com\\\/?s={search_term_string}\"},\"query-input\":{\"@type\":\"PropertyValueSpecification\",\"valueRequired\":true,\"valueName\":\"search_term_string\"}}],\"inLanguage\":\"fr-FR\"},{\"@type\":\"Organization\",\"@id\":\"https:\\\/\\\/www.sengrandplace.com\\\/#organization\",\"name\":\"Sen Grand Place Thi\u00e8s\",\"url\":\"https:\\\/\\\/www.sengrandplace.com\\\/\",\"logo\":{\"@type\":\"ImageObject\",\"inLanguage\":\"fr-FR\",\"@id\":\"https:\\\/\\\/www.sengrandplace.com\\\/#\\\/schema\\\/logo\\\/image\\\/\",\"url\":\"https:\\\/\\\/www.sengrandplace.com\\\/wp-content\\\/uploads\\\/2024\\\/01\\\/Logo_du_site-2.jpg\",\"contentUrl\":\"https:\\\/\\\/www.sengrandplace.com\\\/wp-content\\\/uploads\\\/2024\\\/01\\\/Logo_du_site-2.jpg\",\"width\":314,\"height\":98,\"caption\":\"Sen Grand Place Thi\u00e8s\"},\"image\":{\"@id\":\"https:\\\/\\\/www.sengrandplace.com\\\/#\\\/schema\\\/logo\\\/image\\\/\"}}]}<\/script>\n<!-- \/ Yoast SEO plugin. -->","yoast_head_json":{"title":"Taille-crayon double usage \u2013 FABER-CASTELL \u2013 M\u00e9tal \u2013 Pour adultes \u2013 Mixte - Sen Grand Place Thi\u00e8s","description":"D\u00e9couvrez le taille-crayon double usage en m\u00e9tal de FABER-CASTELL, id\u00e9al pour les adultes. Pratique et \u00e9l\u00e9gant, il s\u2019adapte \u00e0 tous vos besoins d\u2019\u00e9criture.","robots":{"index":"index","follow":"follow","max-snippet":"max-snippet:-1","max-image-preview":"max-image-preview:large","max-video-preview":"max-video-preview:-1"},"canonical":"https:\/\/www.sengrandplace.com\/?product=taille-crayon-double-usage-faber-castell-metal-pour-adultes-mixte","og_locale":"fr_FR","og_type":"article","og_title":"Taille-crayon double usage \u2013 FABER-CASTELL \u2013 M\u00e9tal \u2013 Pour adultes \u2013 Mixte - Sen Grand Place Thi\u00e8s","og_description":"D\u00e9couvrez le taille-crayon double usage en m\u00e9tal de FABER-CASTELL, id\u00e9al pour les adultes. Pratique et \u00e9l\u00e9gant, il s\u2019adapte \u00e0 tous vos besoins d\u2019\u00e9criture.","og_url":"https:\/\/www.sengrandplace.com\/?product=taille-crayon-double-usage-faber-castell-metal-pour-adultes-mixte","og_site_name":"Sen Grand Place Thi\u00e8s","article_modified_time":"2025-10-06T16:53:11+00:00","og_image":[{"width":700,"height":700,"url":"https:\/\/www.sengrandplace.com\/wp-content\/uploads\/2025\/09\/taille-crayon-metal-2-orifices.webp","type":"image\/webp"}],"twitter_card":"summary_large_image","twitter_misc":{"Dur\u00e9e de lecture estim\u00e9e":"1 minute"},"schema":{"@context":"https:\/\/schema.org","@graph":[{"@type":"WebPage","@id":"https:\/\/www.sengrandplace.com\/?product=taille-crayon-double-usage-faber-castell-metal-pour-adultes-mixte","url":"https:\/\/www.sengrandplace.com\/?product=taille-crayon-double-usage-faber-castell-metal-pour-adultes-mixte","name":"Taille-crayon double usage \u2013 FABER-CASTELL \u2013 M\u00e9tal \u2013 Pour adultes \u2013 Mixte - Sen Grand Place Thi\u00e8s","isPartOf":{"@id":"https:\/\/www.sengrandplace.com\/#website"},"primaryImageOfPage":{"@id":"https:\/\/www.sengrandplace.com\/?product=taille-crayon-double-usage-faber-castell-metal-pour-adultes-mixte#primaryimage"},"image":{"@id":"https:\/\/www.sengrandplace.com\/?product=taille-crayon-double-usage-faber-castell-metal-pour-adultes-mixte#primaryimage"},"thumbnailUrl":"https:\/\/www.sengrandplace.com\/wp-content\/uploads\/2025\/09\/taille-crayon-metal-2-orifices.webp","datePublished":"2025-09-03T23:18:03+00:00","dateModified":"2025-10-06T16:53:11+00:00","description":"D\u00e9couvrez le taille-crayon double usage en m\u00e9tal de FABER-CASTELL, id\u00e9al pour les adultes. Pratique et \u00e9l\u00e9gant, il s\u2019adapte \u00e0 tous vos besoins d\u2019\u00e9criture.","breadcrumb":{"@id":"https:\/\/www.sengrandplace.com\/?product=taille-crayon-double-usage-faber-castell-metal-pour-adultes-mixte#breadcrumb"},"inLanguage":"fr-FR","potentialAction":[{"@type":"ReadAction","target":["https:\/\/www.sengrandplace.com\/?product=taille-crayon-double-usage-faber-castell-metal-pour-adultes-mixte"]}]},{"@type":"ImageObject","inLanguage":"fr-FR","@id":"https:\/\/www.sengrandplace.com\/?product=taille-crayon-double-usage-faber-castell-metal-pour-adultes-mixte#primaryimage","url":"https:\/\/www.sengrandplace.com\/wp-content\/uploads\/2025\/09\/taille-crayon-metal-2-orifices.webp","contentUrl":"https:\/\/www.sengrandplace.com\/wp-content\/uploads\/2025\/09\/taille-crayon-metal-2-orifices.webp","width":700,"height":700},{"@type":"BreadcrumbList","@id":"https:\/\/www.sengrandplace.com\/?product=taille-crayon-double-usage-faber-castell-metal-pour-adultes-mixte#breadcrumb","itemListElement":[{"@type":"ListItem","position":1,"name":"Home","item":"https:\/\/www.sengrandplace.com\/"},{"@type":"ListItem","position":2,"name":"Shop","item":"https:\/\/www.sengrandplace.com\/?page_id=11"},{"@type":"ListItem","position":3,"name":"Taille-crayon double usage \u2013 FABER-CASTELL \u2013 M\u00e9tal \u2013 Pour adultes \u2013 Mixte"}]},{"@type":"WebSite","@id":"https:\/\/www.sengrandplace.com\/#website","url":"https:\/\/www.sengrandplace.com\/","name":"Sen Grand Place Thi\u00e8s","description":"La place qui vous revient.","publisher":{"@id":"https:\/\/www.sengrandplace.com\/#organization"},"potentialAction":[{"@type":"SearchAction","target":{"@type":"EntryPoint","urlTemplate":"https:\/\/www.sengrandplace.com\/?s={search_term_string}"},"query-input":{"@type":"PropertyValueSpecification","valueRequired":true,"valueName":"search_term_string"}}],"inLanguage":"fr-FR"},{"@type":"Organization","@id":"https:\/\/www.sengrandplace.com\/#organization","name":"Sen Grand Place Thi\u00e8s","url":"https:\/\/www.sengrandplace.com\/","logo":{"@type":"ImageObject","inLanguage":"fr-FR","@id":"https:\/\/www.sengrandplace.com\/#\/schema\/logo\/image\/","url":"https:\/\/www.sengrandplace.com\/wp-content\/uploads\/2024\/01\/Logo_du_site-2.jpg","contentUrl":"https:\/\/www.sengrandplace.com\/wp-content\/uploads\/2024\/01\/Logo_du_site-2.jpg","width":314,"height":98,"caption":"Sen Grand Place Thi\u00e8s"},"image":{"@id":"https:\/\/www.sengrandplace.com\/#\/schema\/logo\/image\/"}}]}},"_links":{"self":[{"href":"https:\/\/www.sengrandplace.com\/index.php?rest_route=\/wp\/v2\/product\/10746","targetHints":{"allow":["GET"]}}],"collection":[{"href":"https:\/\/www.sengrandplace.com\/index.php?rest_route=\/wp\/v2\/product"}],"about":[{"href":"https:\/\/www.sengrandplace.com\/index.php?rest_route=\/wp\/v2\/types\/product"}],"replies":[{"embeddable":true,"href":"https:\/\/www.sengrandplace.com\/index.php?rest_route=%2Fwp%2Fv2%2Fcomments&post=10746"}],"version-history":[{"count":1,"href":"https:\/\/www.sengrandplace.com\/index.php?rest_route=\/wp\/v2\/product\/10746\/revisions"}],"predecessor-version":[{"id":10749,"href":"https:\/\/www.sengrandplace.com\/index.php?rest_route=\/wp\/v2\/product\/10746\/revisions\/10749"}],"wp:featuredmedia":[{"embeddable":true,"href":"https:\/\/www.sengrandplace.com\/index.php?rest_route=\/wp\/v2\/media\/10748"}],"wp:attachment":[{"href":"https:\/\/www.sengrandplace.com\/index.php?rest_route=%2Fwp%2Fv2%2Fmedia&parent=10746"}],"wp:term":[{"taxonomy":"product_brand","embeddable":true,"href":"https:\/\/www.sengrandplace.com\/index.php?rest_route=%2Fwp%2Fv2%2Fproduct_brand&post=10746"},{"taxonomy":"product_cat","embeddable":true,"href":"https:\/\/www.sengrandplace.com\/index.php?rest_route=%2Fwp%2Fv2%2Fproduct_cat&post=10746"},{"taxonomy":"product_tag","embeddable":true,"href":"https:\/\/www.sengrandplace.com\/index.php?rest_route=%2Fwp%2Fv2%2Fproduct_tag&post=10746"}],"curies":[{"name":"wp","href":"https:\/\/api.w.org\/{rel}","templated":true}]}}