{"id":10942,"date":"2025-12-15T10:38:12","date_gmt":"2025-12-15T10:38:12","guid":{"rendered":"https:\/\/www.sengrandplace.com\/?post_type=product&#038;p=10942"},"modified":"2025-12-15T10:44:30","modified_gmt":"2025-12-15T10:44:30","slug":"refrigerateur-side-by-side-fss-690-da","status":"publish","type":"product","link":"https:\/\/www.sengrandplace.com\/?product=refrigerateur-side-by-side-fss-690-da","title":{"rendered":"R\u00e9frig\u00e9rateur side by side FSS-690-DA"},"content":{"rendered":"<p>Le <strong data-start=\"193\" data-end=\"234\">r\u00e9frig\u00e9rateur side-by-side FSS-690-DA<\/strong> est un mod\u00e8le haut de gamme alliant <strong data-start=\"271\" data-end=\"290\">grande capacit\u00e9<\/strong>, <strong data-start=\"292\" data-end=\"318\">efficacit\u00e9 \u00e9nerg\u00e9tique<\/strong> et <strong data-start=\"322\" data-end=\"351\">organisation intelligente<\/strong>. Il se distingue par ses <strong data-start=\"377\" data-end=\"445\">deux portes lat\u00e9rales dot\u00e9es de deux rang\u00e9es de tiroirs externes<\/strong>, offrant un acc\u00e8s facile aux boissons et condiments. Avec son <strong data-start=\"508\" data-end=\"526\">froid No Frost<\/strong>, son <strong data-start=\"532\" data-end=\"570\">distributeur d\u2019eau\/gla\u00e7ons int\u00e9gr\u00e9<\/strong> et son design moderne, il garantit une conservation optimale des aliments tout en facilitant le rangement au quotidien.<\/p>\n","protected":false},"excerpt":{"rendered":"<p>R\u00e9frig\u00e9rateur side-by-side FSS-690-DA avec deux portes lat\u00e9rales, deux rang\u00e9es de tiroirs ext\u00e9rieurs\u00a0et grande capacit\u00e9 pour une conservation optimis\u00e9e des aliments.<\/p>\n","protected":false},"featured_media":10943,"comment_status":"open","ping_status":"closed","template":"","meta":[],"product_brand":[],"product_cat":[42],"product_tag":[],"class_list":{"0":"post-10942","1":"product","2":"type-product","3":"status-publish","4":"has-post-thumbnail","6":"product_cat-electromenager","8":"first","9":"instock","10":"shipping-taxable","11":"product-type-simple"},"yoast_head":"<!-- This site is optimized with the Yoast SEO plugin v27.6 - https:\/\/yoast.com\/product\/yoast-seo-wordpress\/ -->\n<title>R\u00e9frig\u00e9rateur side by side FSS-690-DA - Sen Grand Place Thi\u00e8s<\/title>\n<meta name=\"robots\" content=\"index, follow, max-snippet:-1, max-image-preview:large, max-video-preview:-1\" \/>\n<link rel=\"canonical\" href=\"https:\/\/www.sengrandplace.com\/?product=refrigerateur-side-by-side-fss-690-da\" \/>\n<meta property=\"og:locale\" content=\"fr_FR\" \/>\n<meta property=\"og:type\" content=\"article\" \/>\n<meta property=\"og:title\" content=\"R\u00e9frig\u00e9rateur side by side FSS-690-DA - Sen Grand Place Thi\u00e8s\" \/>\n<meta property=\"og:description\" content=\"R\u00e9frig\u00e9rateur side-by-side FSS-690-DA avec deux portes lat\u00e9rales, deux rang\u00e9es de tiroirs ext\u00e9rieurs\u00a0et grande capacit\u00e9 pour une conservation optimis\u00e9e des aliments.\" \/>\n<meta property=\"og:url\" content=\"https:\/\/www.sengrandplace.com\/?product=refrigerateur-side-by-side-fss-690-da\" \/>\n<meta property=\"og:site_name\" content=\"Sen Grand Place Thi\u00e8s\" \/>\n<meta property=\"article:modified_time\" content=\"2025-12-15T10:44:30+00:00\" \/>\n<meta property=\"og:image\" content=\"https:\/\/www.sengrandplace.com\/wp-content\/uploads\/2025\/12\/side-by-side-FSS-690-DA.webp\" \/>\n\t<meta property=\"og:image:width\" content=\"1000\" \/>\n\t<meta property=\"og:image:height\" content=\"1000\" \/>\n\t<meta property=\"og:image:type\" content=\"image\/webp\" \/>\n<meta name=\"twitter:card\" content=\"summary_large_image\" \/>\n<meta name=\"twitter:label1\" content=\"Dur\u00e9e de lecture estim\u00e9e\" \/>\n\t<meta name=\"twitter:data1\" content=\"1 minute\" \/>\n<script type=\"application\/ld+json\" class=\"yoast-schema-graph\">{\"@context\":\"https:\\\/\\\/schema.org\",\"@graph\":[{\"@type\":\"WebPage\",\"@id\":\"https:\\\/\\\/www.sengrandplace.com\\\/?product=refrigerateur-side-by-side-fss-690-da\",\"url\":\"https:\\\/\\\/www.sengrandplace.com\\\/?product=refrigerateur-side-by-side-fss-690-da\",\"name\":\"R\u00e9frig\u00e9rateur side by side FSS-690-DA - Sen Grand Place Thi\u00e8s\",\"isPartOf\":{\"@id\":\"https:\\\/\\\/www.sengrandplace.com\\\/#website\"},\"primaryImageOfPage\":{\"@id\":\"https:\\\/\\\/www.sengrandplace.com\\\/?product=refrigerateur-side-by-side-fss-690-da#primaryimage\"},\"image\":{\"@id\":\"https:\\\/\\\/www.sengrandplace.com\\\/?product=refrigerateur-side-by-side-fss-690-da#primaryimage\"},\"thumbnailUrl\":\"https:\\\/\\\/www.sengrandplace.com\\\/wp-content\\\/uploads\\\/2025\\\/12\\\/side-by-side-FSS-690-DA.webp\",\"datePublished\":\"2025-12-15T10:38:12+00:00\",\"dateModified\":\"2025-12-15T10:44:30+00:00\",\"breadcrumb\":{\"@id\":\"https:\\\/\\\/www.sengrandplace.com\\\/?product=refrigerateur-side-by-side-fss-690-da#breadcrumb\"},\"inLanguage\":\"fr-FR\",\"potentialAction\":[{\"@type\":\"ReadAction\",\"target\":[\"https:\\\/\\\/www.sengrandplace.com\\\/?product=refrigerateur-side-by-side-fss-690-da\"]}]},{\"@type\":\"ImageObject\",\"inLanguage\":\"fr-FR\",\"@id\":\"https:\\\/\\\/www.sengrandplace.com\\\/?product=refrigerateur-side-by-side-fss-690-da#primaryimage\",\"url\":\"https:\\\/\\\/www.sengrandplace.com\\\/wp-content\\\/uploads\\\/2025\\\/12\\\/side-by-side-FSS-690-DA.webp\",\"contentUrl\":\"https:\\\/\\\/www.sengrandplace.com\\\/wp-content\\\/uploads\\\/2025\\\/12\\\/side-by-side-FSS-690-DA.webp\",\"width\":1000,\"height\":1000},{\"@type\":\"BreadcrumbList\",\"@id\":\"https:\\\/\\\/www.sengrandplace.com\\\/?product=refrigerateur-side-by-side-fss-690-da#breadcrumb\",\"itemListElement\":[{\"@type\":\"ListItem\",\"position\":1,\"name\":\"Home\",\"item\":\"https:\\\/\\\/www.sengrandplace.com\\\/\"},{\"@type\":\"ListItem\",\"position\":2,\"name\":\"Shop\",\"item\":\"https:\\\/\\\/www.sengrandplace.com\\\/?page_id=11\"},{\"@type\":\"ListItem\",\"position\":3,\"name\":\"R\u00e9frig\u00e9rateur side by side FSS-690-DA\"}]},{\"@type\":\"WebSite\",\"@id\":\"https:\\\/\\\/www.sengrandplace.com\\\/#website\",\"url\":\"https:\\\/\\\/www.sengrandplace.com\\\/\",\"name\":\"Sen Grand Place Thi\u00e8s\",\"description\":\"La place qui vous revient.\",\"publisher\":{\"@id\":\"https:\\\/\\\/www.sengrandplace.com\\\/#organization\"},\"potentialAction\":[{\"@type\":\"SearchAction\",\"target\":{\"@type\":\"EntryPoint\",\"urlTemplate\":\"https:\\\/\\\/www.sengrandplace.com\\\/?s={search_term_string}\"},\"query-input\":{\"@type\":\"PropertyValueSpecification\",\"valueRequired\":true,\"valueName\":\"search_term_string\"}}],\"inLanguage\":\"fr-FR\"},{\"@type\":\"Organization\",\"@id\":\"https:\\\/\\\/www.sengrandplace.com\\\/#organization\",\"name\":\"Sen Grand Place Thi\u00e8s\",\"url\":\"https:\\\/\\\/www.sengrandplace.com\\\/\",\"logo\":{\"@type\":\"ImageObject\",\"inLanguage\":\"fr-FR\",\"@id\":\"https:\\\/\\\/www.sengrandplace.com\\\/#\\\/schema\\\/logo\\\/image\\\/\",\"url\":\"https:\\\/\\\/www.sengrandplace.com\\\/wp-content\\\/uploads\\\/2024\\\/01\\\/Logo_du_site-2.jpg\",\"contentUrl\":\"https:\\\/\\\/www.sengrandplace.com\\\/wp-content\\\/uploads\\\/2024\\\/01\\\/Logo_du_site-2.jpg\",\"width\":314,\"height\":98,\"caption\":\"Sen Grand Place Thi\u00e8s\"},\"image\":{\"@id\":\"https:\\\/\\\/www.sengrandplace.com\\\/#\\\/schema\\\/logo\\\/image\\\/\"}}]}<\/script>\n<!-- \/ Yoast SEO plugin. -->","yoast_head_json":{"title":"R\u00e9frig\u00e9rateur side by side FSS-690-DA - Sen Grand Place Thi\u00e8s","robots":{"index":"index","follow":"follow","max-snippet":"max-snippet:-1","max-image-preview":"max-image-preview:large","max-video-preview":"max-video-preview:-1"},"canonical":"https:\/\/www.sengrandplace.com\/?product=refrigerateur-side-by-side-fss-690-da","og_locale":"fr_FR","og_type":"article","og_title":"R\u00e9frig\u00e9rateur side by side FSS-690-DA - Sen Grand Place Thi\u00e8s","og_description":"R\u00e9frig\u00e9rateur side-by-side FSS-690-DA avec deux portes lat\u00e9rales, deux rang\u00e9es de tiroirs ext\u00e9rieurs\u00a0et grande capacit\u00e9 pour une conservation optimis\u00e9e des aliments.","og_url":"https:\/\/www.sengrandplace.com\/?product=refrigerateur-side-by-side-fss-690-da","og_site_name":"Sen Grand Place Thi\u00e8s","article_modified_time":"2025-12-15T10:44:30+00:00","og_image":[{"width":1000,"height":1000,"url":"https:\/\/www.sengrandplace.com\/wp-content\/uploads\/2025\/12\/side-by-side-FSS-690-DA.webp","type":"image\/webp"}],"twitter_card":"summary_large_image","twitter_misc":{"Dur\u00e9e de lecture estim\u00e9e":"1 minute"},"schema":{"@context":"https:\/\/schema.org","@graph":[{"@type":"WebPage","@id":"https:\/\/www.sengrandplace.com\/?product=refrigerateur-side-by-side-fss-690-da","url":"https:\/\/www.sengrandplace.com\/?product=refrigerateur-side-by-side-fss-690-da","name":"R\u00e9frig\u00e9rateur side by side FSS-690-DA - Sen Grand Place Thi\u00e8s","isPartOf":{"@id":"https:\/\/www.sengrandplace.com\/#website"},"primaryImageOfPage":{"@id":"https:\/\/www.sengrandplace.com\/?product=refrigerateur-side-by-side-fss-690-da#primaryimage"},"image":{"@id":"https:\/\/www.sengrandplace.com\/?product=refrigerateur-side-by-side-fss-690-da#primaryimage"},"thumbnailUrl":"https:\/\/www.sengrandplace.com\/wp-content\/uploads\/2025\/12\/side-by-side-FSS-690-DA.webp","datePublished":"2025-12-15T10:38:12+00:00","dateModified":"2025-12-15T10:44:30+00:00","breadcrumb":{"@id":"https:\/\/www.sengrandplace.com\/?product=refrigerateur-side-by-side-fss-690-da#breadcrumb"},"inLanguage":"fr-FR","potentialAction":[{"@type":"ReadAction","target":["https:\/\/www.sengrandplace.com\/?product=refrigerateur-side-by-side-fss-690-da"]}]},{"@type":"ImageObject","inLanguage":"fr-FR","@id":"https:\/\/www.sengrandplace.com\/?product=refrigerateur-side-by-side-fss-690-da#primaryimage","url":"https:\/\/www.sengrandplace.com\/wp-content\/uploads\/2025\/12\/side-by-side-FSS-690-DA.webp","contentUrl":"https:\/\/www.sengrandplace.com\/wp-content\/uploads\/2025\/12\/side-by-side-FSS-690-DA.webp","width":1000,"height":1000},{"@type":"BreadcrumbList","@id":"https:\/\/www.sengrandplace.com\/?product=refrigerateur-side-by-side-fss-690-da#breadcrumb","itemListElement":[{"@type":"ListItem","position":1,"name":"Home","item":"https:\/\/www.sengrandplace.com\/"},{"@type":"ListItem","position":2,"name":"Shop","item":"https:\/\/www.sengrandplace.com\/?page_id=11"},{"@type":"ListItem","position":3,"name":"R\u00e9frig\u00e9rateur side by side FSS-690-DA"}]},{"@type":"WebSite","@id":"https:\/\/www.sengrandplace.com\/#website","url":"https:\/\/www.sengrandplace.com\/","name":"Sen Grand Place Thi\u00e8s","description":"La place qui vous revient.","publisher":{"@id":"https:\/\/www.sengrandplace.com\/#organization"},"potentialAction":[{"@type":"SearchAction","target":{"@type":"EntryPoint","urlTemplate":"https:\/\/www.sengrandplace.com\/?s={search_term_string}"},"query-input":{"@type":"PropertyValueSpecification","valueRequired":true,"valueName":"search_term_string"}}],"inLanguage":"fr-FR"},{"@type":"Organization","@id":"https:\/\/www.sengrandplace.com\/#organization","name":"Sen Grand Place Thi\u00e8s","url":"https:\/\/www.sengrandplace.com\/","logo":{"@type":"ImageObject","inLanguage":"fr-FR","@id":"https:\/\/www.sengrandplace.com\/#\/schema\/logo\/image\/","url":"https:\/\/www.sengrandplace.com\/wp-content\/uploads\/2024\/01\/Logo_du_site-2.jpg","contentUrl":"https:\/\/www.sengrandplace.com\/wp-content\/uploads\/2024\/01\/Logo_du_site-2.jpg","width":314,"height":98,"caption":"Sen Grand Place Thi\u00e8s"},"image":{"@id":"https:\/\/www.sengrandplace.com\/#\/schema\/logo\/image\/"}}]}},"_links":{"self":[{"href":"https:\/\/www.sengrandplace.com\/index.php?rest_route=\/wp\/v2\/product\/10942","targetHints":{"allow":["GET"]}}],"collection":[{"href":"https:\/\/www.sengrandplace.com\/index.php?rest_route=\/wp\/v2\/product"}],"about":[{"href":"https:\/\/www.sengrandplace.com\/index.php?rest_route=\/wp\/v2\/types\/product"}],"replies":[{"embeddable":true,"href":"https:\/\/www.sengrandplace.com\/index.php?rest_route=%2Fwp%2Fv2%2Fcomments&post=10942"}],"version-history":[{"count":2,"href":"https:\/\/www.sengrandplace.com\/index.php?rest_route=\/wp\/v2\/product\/10942\/revisions"}],"predecessor-version":[{"id":10945,"href":"https:\/\/www.sengrandplace.com\/index.php?rest_route=\/wp\/v2\/product\/10942\/revisions\/10945"}],"wp:featuredmedia":[{"embeddable":true,"href":"https:\/\/www.sengrandplace.com\/index.php?rest_route=\/wp\/v2\/media\/10943"}],"wp:attachment":[{"href":"https:\/\/www.sengrandplace.com\/index.php?rest_route=%2Fwp%2Fv2%2Fmedia&parent=10942"}],"wp:term":[{"taxonomy":"product_brand","embeddable":true,"href":"https:\/\/www.sengrandplace.com\/index.php?rest_route=%2Fwp%2Fv2%2Fproduct_brand&post=10942"},{"taxonomy":"product_cat","embeddable":true,"href":"https:\/\/www.sengrandplace.com\/index.php?rest_route=%2Fwp%2Fv2%2Fproduct_cat&post=10942"},{"taxonomy":"product_tag","embeddable":true,"href":"https:\/\/www.sengrandplace.com\/index.php?rest_route=%2Fwp%2Fv2%2Fproduct_tag&post=10942"}],"curies":[{"name":"wp","href":"https:\/\/api.w.org\/{rel}","templated":true}]}}