{"id":10959,"date":"2025-12-15T11:55:43","date_gmt":"2025-12-15T11:55:43","guid":{"rendered":"https:\/\/www.sengrandplace.com\/?post_type=product&#038;p=10959"},"modified":"2025-12-15T11:55:44","modified_gmt":"2025-12-15T11:55:44","slug":"congelateur-horizontale-ch600gm-600l","status":"publish","type":"product","link":"https:\/\/www.sengrandplace.com\/?product=congelateur-horizontale-ch600gm-600l","title":{"rendered":"Cong\u00e9lateur Horizontale CH600GM 600L"},"content":{"rendered":"<p data-start=\"489\" data-end=\"819\">Le <strong data-start=\"492\" data-end=\"533\">cong\u00e9lateur horizontal ASTECH CH600GM<\/strong> est con\u00e7u pour r\u00e9pondre aux besoins de conservation intensive, que ce soit pour les foyers, les commerces ou les professionnels. Avec sa <strong data-start=\"671\" data-end=\"704\">capacit\u00e9 totale de 600 litres<\/strong>, il permet de stocker efficacement de grandes quantit\u00e9s d\u2019aliments tout en garantissant une organisation optimale.<\/p>\n<p data-start=\"821\" data-end=\"1165\">Ce mod\u00e8le est \u00e9quip\u00e9 d\u2019un <strong data-start=\"847\" data-end=\"883\">syst\u00e8me de verrouillage s\u00e9curis\u00e9<\/strong>, offrant une protection suppl\u00e9mentaire du contenu. L\u2019<strong data-start=\"937\" data-end=\"960\">\u00e9clairage int\u00e9rieur<\/strong> facilite la visibilit\u00e9, m\u00eame dans des environnements peu \u00e9clair\u00e9s. Gr\u00e2ce \u00e0 sa <strong data-start=\"1039\" data-end=\"1064\">classe \u00e9nerg\u00e9tique A+<\/strong>, le cong\u00e9lateur assure une <strong data-start=\"1092\" data-end=\"1126\">consommation d\u2019\u00e9nergie r\u00e9duite<\/strong>, contribuant \u00e0 des \u00e9conomies durables.<\/p>\n<p data-start=\"1167\" data-end=\"1414\">Le <strong data-start=\"1170\" data-end=\"1193\">cong\u00e9lateur CH600GM<\/strong> dispose de <strong data-start=\"1205\" data-end=\"1231\">3 paniers de rangement<\/strong>, permettant de mieux organiser les produits et d\u2019acc\u00e9der rapidement aux articles les plus utilis\u00e9s. Sa <strong data-start=\"1335\" data-end=\"1372\">finition grise robuste et moderne<\/strong> s\u2019adapte facilement \u00e0 diff\u00e9rents espaces.<\/p>\n<p data-start=\"1416\" data-end=\"1698\" data-is-last-node=\"\" data-is-only-node=\"\">Avec ses <strong data-start=\"1425\" data-end=\"1449\">dimensions pratiques<\/strong> (Hauteur : 82 cm \u2013 Largeur : 154 cm \u2013 Profondeur : 75 cm), ce cong\u00e9lateur horizontal allie <strong data-start=\"1541\" data-end=\"1586\">grande capacit\u00e9, performance et fiabilit\u00e9<\/strong>, faisant du <strong data-start=\"1599\" data-end=\"1617\">ASTECH CH600GM<\/strong> un choix id\u00e9al pour une <strong data-start=\"1642\" data-end=\"1697\">conservation longue dur\u00e9e et s\u00e9curis\u00e9e des aliments<\/strong>.<\/p>\n","protected":false},"excerpt":{"rendered":"<p>Le cong\u00e9lateur horizontal ASTECH CH600GM offre une grande capacit\u00e9 de 600 litres, une classe \u00e9nerg\u00e9tique A+, un syst\u00e8me de verrouillage s\u00e9curis\u00e9 et un \u00e9clairage int\u00e9rieur. Robuste et \u00e9conomique, il est id\u00e9al pour le stockage de grandes quantit\u00e9s d\u2019aliments.<\/p>\n","protected":false},"featured_media":10960,"comment_status":"open","ping_status":"closed","template":"","meta":[],"product_brand":[],"product_cat":[42],"product_tag":[],"class_list":{"0":"post-10959","1":"product","2":"type-product","3":"status-publish","4":"has-post-thumbnail","6":"product_cat-electromenager","8":"first","9":"instock","10":"shipping-taxable","11":"product-type-simple"},"yoast_head":"<!-- This site is optimized with the Yoast SEO plugin v27.6 - https:\/\/yoast.com\/product\/yoast-seo-wordpress\/ -->\n<title>Cong\u00e9lateur Horizontale CH600GM 600L - Sen Grand Place Thi\u00e8s<\/title>\n<meta name=\"robots\" content=\"index, follow, max-snippet:-1, max-image-preview:large, max-video-preview:-1\" \/>\n<link rel=\"canonical\" href=\"https:\/\/www.sengrandplace.com\/?product=congelateur-horizontale-ch600gm-600l\" \/>\n<meta property=\"og:locale\" content=\"fr_FR\" \/>\n<meta property=\"og:type\" content=\"article\" \/>\n<meta property=\"og:title\" content=\"Cong\u00e9lateur Horizontale CH600GM 600L - Sen Grand Place Thi\u00e8s\" \/>\n<meta property=\"og:description\" content=\"Le cong\u00e9lateur horizontal ASTECH CH600GM offre une grande capacit\u00e9 de 600 litres, une classe \u00e9nerg\u00e9tique A+, un syst\u00e8me de verrouillage s\u00e9curis\u00e9 et un \u00e9clairage int\u00e9rieur. Robuste et \u00e9conomique, il est id\u00e9al pour le stockage de grandes quantit\u00e9s d\u2019aliments.\" \/>\n<meta property=\"og:url\" content=\"https:\/\/www.sengrandplace.com\/?product=congelateur-horizontale-ch600gm-600l\" \/>\n<meta property=\"og:site_name\" content=\"Sen Grand Place Thi\u00e8s\" \/>\n<meta property=\"article:modified_time\" content=\"2025-12-15T11:55:44+00:00\" \/>\n<meta property=\"og:image\" content=\"https:\/\/www.sengrandplace.com\/wp-content\/uploads\/2025\/12\/Congelateur-600L.jpeg\" \/>\n\t<meta property=\"og:image:width\" content=\"1600\" \/>\n\t<meta property=\"og:image:height\" content=\"1600\" \/>\n\t<meta property=\"og:image:type\" content=\"image\/jpeg\" \/>\n<meta name=\"twitter:card\" content=\"summary_large_image\" \/>\n<meta name=\"twitter:label1\" content=\"Dur\u00e9e de lecture estim\u00e9e\" \/>\n\t<meta name=\"twitter:data1\" content=\"2 minutes\" \/>\n<script type=\"application\/ld+json\" class=\"yoast-schema-graph\">{\"@context\":\"https:\\\/\\\/schema.org\",\"@graph\":[{\"@type\":\"WebPage\",\"@id\":\"https:\\\/\\\/www.sengrandplace.com\\\/?product=congelateur-horizontale-ch600gm-600l\",\"url\":\"https:\\\/\\\/www.sengrandplace.com\\\/?product=congelateur-horizontale-ch600gm-600l\",\"name\":\"Cong\u00e9lateur Horizontale CH600GM 600L - Sen Grand Place Thi\u00e8s\",\"isPartOf\":{\"@id\":\"https:\\\/\\\/www.sengrandplace.com\\\/#website\"},\"primaryImageOfPage\":{\"@id\":\"https:\\\/\\\/www.sengrandplace.com\\\/?product=congelateur-horizontale-ch600gm-600l#primaryimage\"},\"image\":{\"@id\":\"https:\\\/\\\/www.sengrandplace.com\\\/?product=congelateur-horizontale-ch600gm-600l#primaryimage\"},\"thumbnailUrl\":\"https:\\\/\\\/www.sengrandplace.com\\\/wp-content\\\/uploads\\\/2025\\\/12\\\/Congelateur-600L.jpeg\",\"datePublished\":\"2025-12-15T11:55:43+00:00\",\"dateModified\":\"2025-12-15T11:55:44+00:00\",\"breadcrumb\":{\"@id\":\"https:\\\/\\\/www.sengrandplace.com\\\/?product=congelateur-horizontale-ch600gm-600l#breadcrumb\"},\"inLanguage\":\"fr-FR\",\"potentialAction\":[{\"@type\":\"ReadAction\",\"target\":[\"https:\\\/\\\/www.sengrandplace.com\\\/?product=congelateur-horizontale-ch600gm-600l\"]}]},{\"@type\":\"ImageObject\",\"inLanguage\":\"fr-FR\",\"@id\":\"https:\\\/\\\/www.sengrandplace.com\\\/?product=congelateur-horizontale-ch600gm-600l#primaryimage\",\"url\":\"https:\\\/\\\/www.sengrandplace.com\\\/wp-content\\\/uploads\\\/2025\\\/12\\\/Congelateur-600L.jpeg\",\"contentUrl\":\"https:\\\/\\\/www.sengrandplace.com\\\/wp-content\\\/uploads\\\/2025\\\/12\\\/Congelateur-600L.jpeg\",\"width\":1600,\"height\":1600},{\"@type\":\"BreadcrumbList\",\"@id\":\"https:\\\/\\\/www.sengrandplace.com\\\/?product=congelateur-horizontale-ch600gm-600l#breadcrumb\",\"itemListElement\":[{\"@type\":\"ListItem\",\"position\":1,\"name\":\"Home\",\"item\":\"https:\\\/\\\/www.sengrandplace.com\\\/\"},{\"@type\":\"ListItem\",\"position\":2,\"name\":\"Shop\",\"item\":\"https:\\\/\\\/www.sengrandplace.com\\\/?page_id=11\"},{\"@type\":\"ListItem\",\"position\":3,\"name\":\"Cong\u00e9lateur Horizontale CH600GM 600L\"}]},{\"@type\":\"WebSite\",\"@id\":\"https:\\\/\\\/www.sengrandplace.com\\\/#website\",\"url\":\"https:\\\/\\\/www.sengrandplace.com\\\/\",\"name\":\"Sen Grand Place Thi\u00e8s\",\"description\":\"La place qui vous revient.\",\"publisher\":{\"@id\":\"https:\\\/\\\/www.sengrandplace.com\\\/#organization\"},\"potentialAction\":[{\"@type\":\"SearchAction\",\"target\":{\"@type\":\"EntryPoint\",\"urlTemplate\":\"https:\\\/\\\/www.sengrandplace.com\\\/?s={search_term_string}\"},\"query-input\":{\"@type\":\"PropertyValueSpecification\",\"valueRequired\":true,\"valueName\":\"search_term_string\"}}],\"inLanguage\":\"fr-FR\"},{\"@type\":\"Organization\",\"@id\":\"https:\\\/\\\/www.sengrandplace.com\\\/#organization\",\"name\":\"Sen Grand Place Thi\u00e8s\",\"url\":\"https:\\\/\\\/www.sengrandplace.com\\\/\",\"logo\":{\"@type\":\"ImageObject\",\"inLanguage\":\"fr-FR\",\"@id\":\"https:\\\/\\\/www.sengrandplace.com\\\/#\\\/schema\\\/logo\\\/image\\\/\",\"url\":\"https:\\\/\\\/www.sengrandplace.com\\\/wp-content\\\/uploads\\\/2024\\\/01\\\/Logo_du_site-2.jpg\",\"contentUrl\":\"https:\\\/\\\/www.sengrandplace.com\\\/wp-content\\\/uploads\\\/2024\\\/01\\\/Logo_du_site-2.jpg\",\"width\":314,\"height\":98,\"caption\":\"Sen Grand Place Thi\u00e8s\"},\"image\":{\"@id\":\"https:\\\/\\\/www.sengrandplace.com\\\/#\\\/schema\\\/logo\\\/image\\\/\"}}]}<\/script>\n<!-- \/ Yoast SEO plugin. -->","yoast_head_json":{"title":"Cong\u00e9lateur Horizontale CH600GM 600L - Sen Grand Place Thi\u00e8s","robots":{"index":"index","follow":"follow","max-snippet":"max-snippet:-1","max-image-preview":"max-image-preview:large","max-video-preview":"max-video-preview:-1"},"canonical":"https:\/\/www.sengrandplace.com\/?product=congelateur-horizontale-ch600gm-600l","og_locale":"fr_FR","og_type":"article","og_title":"Cong\u00e9lateur Horizontale CH600GM 600L - Sen Grand Place Thi\u00e8s","og_description":"Le cong\u00e9lateur horizontal ASTECH CH600GM offre une grande capacit\u00e9 de 600 litres, une classe \u00e9nerg\u00e9tique A+, un syst\u00e8me de verrouillage s\u00e9curis\u00e9 et un \u00e9clairage int\u00e9rieur. Robuste et \u00e9conomique, il est id\u00e9al pour le stockage de grandes quantit\u00e9s d\u2019aliments.","og_url":"https:\/\/www.sengrandplace.com\/?product=congelateur-horizontale-ch600gm-600l","og_site_name":"Sen Grand Place Thi\u00e8s","article_modified_time":"2025-12-15T11:55:44+00:00","og_image":[{"width":1600,"height":1600,"url":"https:\/\/www.sengrandplace.com\/wp-content\/uploads\/2025\/12\/Congelateur-600L.jpeg","type":"image\/jpeg"}],"twitter_card":"summary_large_image","twitter_misc":{"Dur\u00e9e de lecture estim\u00e9e":"2 minutes"},"schema":{"@context":"https:\/\/schema.org","@graph":[{"@type":"WebPage","@id":"https:\/\/www.sengrandplace.com\/?product=congelateur-horizontale-ch600gm-600l","url":"https:\/\/www.sengrandplace.com\/?product=congelateur-horizontale-ch600gm-600l","name":"Cong\u00e9lateur Horizontale CH600GM 600L - Sen Grand Place Thi\u00e8s","isPartOf":{"@id":"https:\/\/www.sengrandplace.com\/#website"},"primaryImageOfPage":{"@id":"https:\/\/www.sengrandplace.com\/?product=congelateur-horizontale-ch600gm-600l#primaryimage"},"image":{"@id":"https:\/\/www.sengrandplace.com\/?product=congelateur-horizontale-ch600gm-600l#primaryimage"},"thumbnailUrl":"https:\/\/www.sengrandplace.com\/wp-content\/uploads\/2025\/12\/Congelateur-600L.jpeg","datePublished":"2025-12-15T11:55:43+00:00","dateModified":"2025-12-15T11:55:44+00:00","breadcrumb":{"@id":"https:\/\/www.sengrandplace.com\/?product=congelateur-horizontale-ch600gm-600l#breadcrumb"},"inLanguage":"fr-FR","potentialAction":[{"@type":"ReadAction","target":["https:\/\/www.sengrandplace.com\/?product=congelateur-horizontale-ch600gm-600l"]}]},{"@type":"ImageObject","inLanguage":"fr-FR","@id":"https:\/\/www.sengrandplace.com\/?product=congelateur-horizontale-ch600gm-600l#primaryimage","url":"https:\/\/www.sengrandplace.com\/wp-content\/uploads\/2025\/12\/Congelateur-600L.jpeg","contentUrl":"https:\/\/www.sengrandplace.com\/wp-content\/uploads\/2025\/12\/Congelateur-600L.jpeg","width":1600,"height":1600},{"@type":"BreadcrumbList","@id":"https:\/\/www.sengrandplace.com\/?product=congelateur-horizontale-ch600gm-600l#breadcrumb","itemListElement":[{"@type":"ListItem","position":1,"name":"Home","item":"https:\/\/www.sengrandplace.com\/"},{"@type":"ListItem","position":2,"name":"Shop","item":"https:\/\/www.sengrandplace.com\/?page_id=11"},{"@type":"ListItem","position":3,"name":"Cong\u00e9lateur Horizontale CH600GM 600L"}]},{"@type":"WebSite","@id":"https:\/\/www.sengrandplace.com\/#website","url":"https:\/\/www.sengrandplace.com\/","name":"Sen Grand Place Thi\u00e8s","description":"La place qui vous revient.","publisher":{"@id":"https:\/\/www.sengrandplace.com\/#organization"},"potentialAction":[{"@type":"SearchAction","target":{"@type":"EntryPoint","urlTemplate":"https:\/\/www.sengrandplace.com\/?s={search_term_string}"},"query-input":{"@type":"PropertyValueSpecification","valueRequired":true,"valueName":"search_term_string"}}],"inLanguage":"fr-FR"},{"@type":"Organization","@id":"https:\/\/www.sengrandplace.com\/#organization","name":"Sen Grand Place Thi\u00e8s","url":"https:\/\/www.sengrandplace.com\/","logo":{"@type":"ImageObject","inLanguage":"fr-FR","@id":"https:\/\/www.sengrandplace.com\/#\/schema\/logo\/image\/","url":"https:\/\/www.sengrandplace.com\/wp-content\/uploads\/2024\/01\/Logo_du_site-2.jpg","contentUrl":"https:\/\/www.sengrandplace.com\/wp-content\/uploads\/2024\/01\/Logo_du_site-2.jpg","width":314,"height":98,"caption":"Sen Grand Place Thi\u00e8s"},"image":{"@id":"https:\/\/www.sengrandplace.com\/#\/schema\/logo\/image\/"}}]}},"_links":{"self":[{"href":"https:\/\/www.sengrandplace.com\/index.php?rest_route=\/wp\/v2\/product\/10959","targetHints":{"allow":["GET"]}}],"collection":[{"href":"https:\/\/www.sengrandplace.com\/index.php?rest_route=\/wp\/v2\/product"}],"about":[{"href":"https:\/\/www.sengrandplace.com\/index.php?rest_route=\/wp\/v2\/types\/product"}],"replies":[{"embeddable":true,"href":"https:\/\/www.sengrandplace.com\/index.php?rest_route=%2Fwp%2Fv2%2Fcomments&post=10959"}],"version-history":[{"count":1,"href":"https:\/\/www.sengrandplace.com\/index.php?rest_route=\/wp\/v2\/product\/10959\/revisions"}],"predecessor-version":[{"id":10961,"href":"https:\/\/www.sengrandplace.com\/index.php?rest_route=\/wp\/v2\/product\/10959\/revisions\/10961"}],"wp:featuredmedia":[{"embeddable":true,"href":"https:\/\/www.sengrandplace.com\/index.php?rest_route=\/wp\/v2\/media\/10960"}],"wp:attachment":[{"href":"https:\/\/www.sengrandplace.com\/index.php?rest_route=%2Fwp%2Fv2%2Fmedia&parent=10959"}],"wp:term":[{"taxonomy":"product_brand","embeddable":true,"href":"https:\/\/www.sengrandplace.com\/index.php?rest_route=%2Fwp%2Fv2%2Fproduct_brand&post=10959"},{"taxonomy":"product_cat","embeddable":true,"href":"https:\/\/www.sengrandplace.com\/index.php?rest_route=%2Fwp%2Fv2%2Fproduct_cat&post=10959"},{"taxonomy":"product_tag","embeddable":true,"href":"https:\/\/www.sengrandplace.com\/index.php?rest_route=%2Fwp%2Fv2%2Fproduct_tag&post=10959"}],"curies":[{"name":"wp","href":"https:\/\/api.w.org\/{rel}","templated":true}]}}