{"id":10962,"date":"2025-12-15T12:00:38","date_gmt":"2025-12-15T12:00:38","guid":{"rendered":"https:\/\/www.sengrandplace.com\/?post_type=product&#038;p=10962"},"modified":"2025-12-15T12:00:39","modified_gmt":"2025-12-15T12:00:39","slug":"congelateur-horizontal-astech-ch300ig-300l","status":"publish","type":"product","link":"https:\/\/www.sengrandplace.com\/?product=congelateur-horizontal-astech-ch300ig-300l","title":{"rendered":"CONGELATEUR HORIZONTAL ASTECH CH300IG 300L"},"content":{"rendered":"<p data-start=\"479\" data-end=\"783\">Le <strong data-start=\"482\" data-end=\"523\">cong\u00e9lateur horizontal ASTECH CH300IG<\/strong> est con\u00e7u pour assurer une <strong data-start=\"551\" data-end=\"592\">conservation performante et s\u00e9curis\u00e9e<\/strong> des aliments, aussi bien pour un usage domestique que professionnel. Avec une <strong data-start=\"671\" data-end=\"704\">capacit\u00e9 totale de 300 litres<\/strong>, il offre un espace de stockage g\u00e9n\u00e9reux tout en restant relativement compact.<\/p>\n<p data-start=\"785\" data-end=\"1107\">Ce mod\u00e8le est \u00e9quip\u00e9 d\u2019un <strong data-start=\"811\" data-end=\"838\">syst\u00e8me de verrouillage<\/strong>, garantissant la protection du contenu, ainsi que d\u2019une <strong data-start=\"895\" data-end=\"917\">lumi\u00e8re int\u00e9rieure<\/strong> pour une meilleure visibilit\u00e9, m\u00eame dans des environnements peu \u00e9clair\u00e9s. Son <strong data-start=\"996\" data-end=\"1019\">panier de rangement<\/strong> permet d\u2019organiser facilement les produits les plus utilis\u00e9s et d\u2019y acc\u00e9der rapidement.<\/p>\n<p data-start=\"1109\" data-end=\"1350\">Class\u00e9 <strong data-start=\"1116\" data-end=\"1122\">A+<\/strong>, le cong\u00e9lateur CH300IG assure une <strong data-start=\"1158\" data-end=\"1194\">consommation d\u2019\u00e9nergie ma\u00eetris\u00e9e<\/strong>, contribuant \u00e0 des \u00e9conomies d\u2019\u00e9lectricit\u00e9 sur le long terme. Sa <strong data-start=\"1260\" data-end=\"1298\">finition grise sobre et r\u00e9sistante<\/strong> s\u2019int\u00e8gre ais\u00e9ment dans diff\u00e9rents types d\u2019espaces.<\/p>\n<p data-start=\"1352\" data-end=\"1628\" data-is-last-node=\"\" data-is-only-node=\"\">Gr\u00e2ce \u00e0 ses <strong data-start=\"1364\" data-end=\"1388\">dimensions pratiques<\/strong> (Hauteur : 84 cm \u2013 Largeur : 104 cm \u2013 Profondeur : 57 cm), le <strong data-start=\"1451\" data-end=\"1492\">cong\u00e9lateur horizontal ASTECH CH300IG<\/strong> constitue un excellent compromis entre <strong data-start=\"1532\" data-end=\"1573\">capacit\u00e9, performance et encombrement<\/strong>, pour une conservation fiable et durable des aliments.<\/p>\n","protected":false},"excerpt":{"rendered":"<p>Le cong\u00e9lateur horizontal ASTECH CH300IG offre une capacit\u00e9 de 300 litres, une classe \u00e9nerg\u00e9tique A+, un syst\u00e8me de verrouillage s\u00e9curis\u00e9 et un \u00e9clairage int\u00e9rieur. Compact, \u00e9conomique et fiable, il est id\u00e9al pour un stockage efficace des aliments.<\/p>\n","protected":false},"featured_media":10963,"comment_status":"open","ping_status":"closed","template":"","meta":[],"product_brand":[],"product_cat":[42],"product_tag":[],"class_list":{"0":"post-10962","1":"product","2":"type-product","3":"status-publish","4":"has-post-thumbnail","6":"product_cat-electromenager","8":"first","9":"instock","10":"shipping-taxable","11":"product-type-simple"},"yoast_head":"<!-- This site is optimized with the Yoast SEO plugin v27.6 - https:\/\/yoast.com\/product\/yoast-seo-wordpress\/ -->\n<title>CONGELATEUR HORIZONTAL ASTECH CH300IG 300L - Sen Grand Place Thi\u00e8s<\/title>\n<meta name=\"robots\" content=\"index, follow, max-snippet:-1, max-image-preview:large, max-video-preview:-1\" \/>\n<link rel=\"canonical\" href=\"https:\/\/www.sengrandplace.com\/?product=congelateur-horizontal-astech-ch300ig-300l\" \/>\n<meta property=\"og:locale\" content=\"fr_FR\" \/>\n<meta property=\"og:type\" content=\"article\" \/>\n<meta property=\"og:title\" content=\"CONGELATEUR HORIZONTAL ASTECH CH300IG 300L - Sen Grand Place Thi\u00e8s\" \/>\n<meta property=\"og:description\" content=\"Le cong\u00e9lateur horizontal ASTECH CH300IG offre une capacit\u00e9 de 300 litres, une classe \u00e9nerg\u00e9tique A+, un syst\u00e8me de verrouillage s\u00e9curis\u00e9 et un \u00e9clairage int\u00e9rieur. Compact, \u00e9conomique et fiable, il est id\u00e9al pour un stockage efficace des aliments.\" \/>\n<meta property=\"og:url\" content=\"https:\/\/www.sengrandplace.com\/?product=congelateur-horizontal-astech-ch300ig-300l\" \/>\n<meta property=\"og:site_name\" content=\"Sen Grand Place Thi\u00e8s\" \/>\n<meta property=\"article:modified_time\" content=\"2025-12-15T12:00:39+00:00\" \/>\n<meta property=\"og:image\" content=\"https:\/\/www.sengrandplace.com\/wp-content\/uploads\/2025\/12\/Congelateur-300IG.jpeg\" \/>\n\t<meta property=\"og:image:width\" content=\"1080\" \/>\n\t<meta property=\"og:image:height\" content=\"1080\" \/>\n\t<meta property=\"og:image:type\" content=\"image\/jpeg\" \/>\n<meta name=\"twitter:card\" content=\"summary_large_image\" \/>\n<meta name=\"twitter:label1\" content=\"Dur\u00e9e de lecture estim\u00e9e\" \/>\n\t<meta name=\"twitter:data1\" content=\"1 minute\" \/>\n<script type=\"application\/ld+json\" class=\"yoast-schema-graph\">{\"@context\":\"https:\\\/\\\/schema.org\",\"@graph\":[{\"@type\":\"WebPage\",\"@id\":\"https:\\\/\\\/www.sengrandplace.com\\\/?product=congelateur-horizontal-astech-ch300ig-300l\",\"url\":\"https:\\\/\\\/www.sengrandplace.com\\\/?product=congelateur-horizontal-astech-ch300ig-300l\",\"name\":\"CONGELATEUR HORIZONTAL ASTECH CH300IG 300L - Sen Grand Place Thi\u00e8s\",\"isPartOf\":{\"@id\":\"https:\\\/\\\/www.sengrandplace.com\\\/#website\"},\"primaryImageOfPage\":{\"@id\":\"https:\\\/\\\/www.sengrandplace.com\\\/?product=congelateur-horizontal-astech-ch300ig-300l#primaryimage\"},\"image\":{\"@id\":\"https:\\\/\\\/www.sengrandplace.com\\\/?product=congelateur-horizontal-astech-ch300ig-300l#primaryimage\"},\"thumbnailUrl\":\"https:\\\/\\\/www.sengrandplace.com\\\/wp-content\\\/uploads\\\/2025\\\/12\\\/Congelateur-300IG.jpeg\",\"datePublished\":\"2025-12-15T12:00:38+00:00\",\"dateModified\":\"2025-12-15T12:00:39+00:00\",\"breadcrumb\":{\"@id\":\"https:\\\/\\\/www.sengrandplace.com\\\/?product=congelateur-horizontal-astech-ch300ig-300l#breadcrumb\"},\"inLanguage\":\"fr-FR\",\"potentialAction\":[{\"@type\":\"ReadAction\",\"target\":[\"https:\\\/\\\/www.sengrandplace.com\\\/?product=congelateur-horizontal-astech-ch300ig-300l\"]}]},{\"@type\":\"ImageObject\",\"inLanguage\":\"fr-FR\",\"@id\":\"https:\\\/\\\/www.sengrandplace.com\\\/?product=congelateur-horizontal-astech-ch300ig-300l#primaryimage\",\"url\":\"https:\\\/\\\/www.sengrandplace.com\\\/wp-content\\\/uploads\\\/2025\\\/12\\\/Congelateur-300IG.jpeg\",\"contentUrl\":\"https:\\\/\\\/www.sengrandplace.com\\\/wp-content\\\/uploads\\\/2025\\\/12\\\/Congelateur-300IG.jpeg\",\"width\":1080,\"height\":1080},{\"@type\":\"BreadcrumbList\",\"@id\":\"https:\\\/\\\/www.sengrandplace.com\\\/?product=congelateur-horizontal-astech-ch300ig-300l#breadcrumb\",\"itemListElement\":[{\"@type\":\"ListItem\",\"position\":1,\"name\":\"Home\",\"item\":\"https:\\\/\\\/www.sengrandplace.com\\\/\"},{\"@type\":\"ListItem\",\"position\":2,\"name\":\"Shop\",\"item\":\"https:\\\/\\\/www.sengrandplace.com\\\/?page_id=11\"},{\"@type\":\"ListItem\",\"position\":3,\"name\":\"CONGELATEUR HORIZONTAL ASTECH CH300IG 300L\"}]},{\"@type\":\"WebSite\",\"@id\":\"https:\\\/\\\/www.sengrandplace.com\\\/#website\",\"url\":\"https:\\\/\\\/www.sengrandplace.com\\\/\",\"name\":\"Sen Grand Place Thi\u00e8s\",\"description\":\"La place qui vous revient.\",\"publisher\":{\"@id\":\"https:\\\/\\\/www.sengrandplace.com\\\/#organization\"},\"potentialAction\":[{\"@type\":\"SearchAction\",\"target\":{\"@type\":\"EntryPoint\",\"urlTemplate\":\"https:\\\/\\\/www.sengrandplace.com\\\/?s={search_term_string}\"},\"query-input\":{\"@type\":\"PropertyValueSpecification\",\"valueRequired\":true,\"valueName\":\"search_term_string\"}}],\"inLanguage\":\"fr-FR\"},{\"@type\":\"Organization\",\"@id\":\"https:\\\/\\\/www.sengrandplace.com\\\/#organization\",\"name\":\"Sen Grand Place Thi\u00e8s\",\"url\":\"https:\\\/\\\/www.sengrandplace.com\\\/\",\"logo\":{\"@type\":\"ImageObject\",\"inLanguage\":\"fr-FR\",\"@id\":\"https:\\\/\\\/www.sengrandplace.com\\\/#\\\/schema\\\/logo\\\/image\\\/\",\"url\":\"https:\\\/\\\/www.sengrandplace.com\\\/wp-content\\\/uploads\\\/2024\\\/01\\\/Logo_du_site-2.jpg\",\"contentUrl\":\"https:\\\/\\\/www.sengrandplace.com\\\/wp-content\\\/uploads\\\/2024\\\/01\\\/Logo_du_site-2.jpg\",\"width\":314,\"height\":98,\"caption\":\"Sen Grand Place Thi\u00e8s\"},\"image\":{\"@id\":\"https:\\\/\\\/www.sengrandplace.com\\\/#\\\/schema\\\/logo\\\/image\\\/\"}}]}<\/script>\n<!-- \/ Yoast SEO plugin. -->","yoast_head_json":{"title":"CONGELATEUR HORIZONTAL ASTECH CH300IG 300L - Sen Grand Place Thi\u00e8s","robots":{"index":"index","follow":"follow","max-snippet":"max-snippet:-1","max-image-preview":"max-image-preview:large","max-video-preview":"max-video-preview:-1"},"canonical":"https:\/\/www.sengrandplace.com\/?product=congelateur-horizontal-astech-ch300ig-300l","og_locale":"fr_FR","og_type":"article","og_title":"CONGELATEUR HORIZONTAL ASTECH CH300IG 300L - Sen Grand Place Thi\u00e8s","og_description":"Le cong\u00e9lateur horizontal ASTECH CH300IG offre une capacit\u00e9 de 300 litres, une classe \u00e9nerg\u00e9tique A+, un syst\u00e8me de verrouillage s\u00e9curis\u00e9 et un \u00e9clairage int\u00e9rieur. Compact, \u00e9conomique et fiable, il est id\u00e9al pour un stockage efficace des aliments.","og_url":"https:\/\/www.sengrandplace.com\/?product=congelateur-horizontal-astech-ch300ig-300l","og_site_name":"Sen Grand Place Thi\u00e8s","article_modified_time":"2025-12-15T12:00:39+00:00","og_image":[{"width":1080,"height":1080,"url":"https:\/\/www.sengrandplace.com\/wp-content\/uploads\/2025\/12\/Congelateur-300IG.jpeg","type":"image\/jpeg"}],"twitter_card":"summary_large_image","twitter_misc":{"Dur\u00e9e de lecture estim\u00e9e":"1 minute"},"schema":{"@context":"https:\/\/schema.org","@graph":[{"@type":"WebPage","@id":"https:\/\/www.sengrandplace.com\/?product=congelateur-horizontal-astech-ch300ig-300l","url":"https:\/\/www.sengrandplace.com\/?product=congelateur-horizontal-astech-ch300ig-300l","name":"CONGELATEUR HORIZONTAL ASTECH CH300IG 300L - Sen Grand Place Thi\u00e8s","isPartOf":{"@id":"https:\/\/www.sengrandplace.com\/#website"},"primaryImageOfPage":{"@id":"https:\/\/www.sengrandplace.com\/?product=congelateur-horizontal-astech-ch300ig-300l#primaryimage"},"image":{"@id":"https:\/\/www.sengrandplace.com\/?product=congelateur-horizontal-astech-ch300ig-300l#primaryimage"},"thumbnailUrl":"https:\/\/www.sengrandplace.com\/wp-content\/uploads\/2025\/12\/Congelateur-300IG.jpeg","datePublished":"2025-12-15T12:00:38+00:00","dateModified":"2025-12-15T12:00:39+00:00","breadcrumb":{"@id":"https:\/\/www.sengrandplace.com\/?product=congelateur-horizontal-astech-ch300ig-300l#breadcrumb"},"inLanguage":"fr-FR","potentialAction":[{"@type":"ReadAction","target":["https:\/\/www.sengrandplace.com\/?product=congelateur-horizontal-astech-ch300ig-300l"]}]},{"@type":"ImageObject","inLanguage":"fr-FR","@id":"https:\/\/www.sengrandplace.com\/?product=congelateur-horizontal-astech-ch300ig-300l#primaryimage","url":"https:\/\/www.sengrandplace.com\/wp-content\/uploads\/2025\/12\/Congelateur-300IG.jpeg","contentUrl":"https:\/\/www.sengrandplace.com\/wp-content\/uploads\/2025\/12\/Congelateur-300IG.jpeg","width":1080,"height":1080},{"@type":"BreadcrumbList","@id":"https:\/\/www.sengrandplace.com\/?product=congelateur-horizontal-astech-ch300ig-300l#breadcrumb","itemListElement":[{"@type":"ListItem","position":1,"name":"Home","item":"https:\/\/www.sengrandplace.com\/"},{"@type":"ListItem","position":2,"name":"Shop","item":"https:\/\/www.sengrandplace.com\/?page_id=11"},{"@type":"ListItem","position":3,"name":"CONGELATEUR HORIZONTAL ASTECH CH300IG 300L"}]},{"@type":"WebSite","@id":"https:\/\/www.sengrandplace.com\/#website","url":"https:\/\/www.sengrandplace.com\/","name":"Sen Grand Place Thi\u00e8s","description":"La place qui vous revient.","publisher":{"@id":"https:\/\/www.sengrandplace.com\/#organization"},"potentialAction":[{"@type":"SearchAction","target":{"@type":"EntryPoint","urlTemplate":"https:\/\/www.sengrandplace.com\/?s={search_term_string}"},"query-input":{"@type":"PropertyValueSpecification","valueRequired":true,"valueName":"search_term_string"}}],"inLanguage":"fr-FR"},{"@type":"Organization","@id":"https:\/\/www.sengrandplace.com\/#organization","name":"Sen Grand Place Thi\u00e8s","url":"https:\/\/www.sengrandplace.com\/","logo":{"@type":"ImageObject","inLanguage":"fr-FR","@id":"https:\/\/www.sengrandplace.com\/#\/schema\/logo\/image\/","url":"https:\/\/www.sengrandplace.com\/wp-content\/uploads\/2024\/01\/Logo_du_site-2.jpg","contentUrl":"https:\/\/www.sengrandplace.com\/wp-content\/uploads\/2024\/01\/Logo_du_site-2.jpg","width":314,"height":98,"caption":"Sen Grand Place Thi\u00e8s"},"image":{"@id":"https:\/\/www.sengrandplace.com\/#\/schema\/logo\/image\/"}}]}},"_links":{"self":[{"href":"https:\/\/www.sengrandplace.com\/index.php?rest_route=\/wp\/v2\/product\/10962","targetHints":{"allow":["GET"]}}],"collection":[{"href":"https:\/\/www.sengrandplace.com\/index.php?rest_route=\/wp\/v2\/product"}],"about":[{"href":"https:\/\/www.sengrandplace.com\/index.php?rest_route=\/wp\/v2\/types\/product"}],"replies":[{"embeddable":true,"href":"https:\/\/www.sengrandplace.com\/index.php?rest_route=%2Fwp%2Fv2%2Fcomments&post=10962"}],"version-history":[{"count":1,"href":"https:\/\/www.sengrandplace.com\/index.php?rest_route=\/wp\/v2\/product\/10962\/revisions"}],"predecessor-version":[{"id":10964,"href":"https:\/\/www.sengrandplace.com\/index.php?rest_route=\/wp\/v2\/product\/10962\/revisions\/10964"}],"wp:featuredmedia":[{"embeddable":true,"href":"https:\/\/www.sengrandplace.com\/index.php?rest_route=\/wp\/v2\/media\/10963"}],"wp:attachment":[{"href":"https:\/\/www.sengrandplace.com\/index.php?rest_route=%2Fwp%2Fv2%2Fmedia&parent=10962"}],"wp:term":[{"taxonomy":"product_brand","embeddable":true,"href":"https:\/\/www.sengrandplace.com\/index.php?rest_route=%2Fwp%2Fv2%2Fproduct_brand&post=10962"},{"taxonomy":"product_cat","embeddable":true,"href":"https:\/\/www.sengrandplace.com\/index.php?rest_route=%2Fwp%2Fv2%2Fproduct_cat&post=10962"},{"taxonomy":"product_tag","embeddable":true,"href":"https:\/\/www.sengrandplace.com\/index.php?rest_route=%2Fwp%2Fv2%2Fproduct_tag&post=10962"}],"curies":[{"name":"wp","href":"https:\/\/api.w.org\/{rel}","templated":true}]}}