{"id":10968,"date":"2025-12-15T12:11:17","date_gmt":"2025-12-15T12:11:17","guid":{"rendered":"https:\/\/www.sengrandplace.com\/?post_type=product&#038;p=10968"},"modified":"2025-12-15T12:11:18","modified_gmt":"2025-12-15T12:11:18","slug":"congelateur-horizontal-astech-fh500v-500l-vitrine","status":"publish","type":"product","link":"https:\/\/www.sengrandplace.com\/?product=congelateur-horizontal-astech-fh500v-500l-vitrine","title":{"rendered":"Cong\u00e9lateur Horizontal Astech FH500V 500L Vitrine"},"content":{"rendered":"<p data-start=\"517\" data-end=\"906\">Le <strong data-start=\"520\" data-end=\"573\">cong\u00e9lateur horizontal vitrine curve ASTECH FH500<\/strong> est con\u00e7u pour r\u00e9pondre aux besoins des commerces et espaces professionnels en offrant \u00e0 la fois <strong data-start=\"671\" data-end=\"723\">capacit\u00e9, performance et visibilit\u00e9 des produits<\/strong>. Avec une <strong data-start=\"734\" data-end=\"767\">capacit\u00e9 totale de 500 litres<\/strong>, il permet de stocker une grande quantit\u00e9 de produits tout en assurant une excellente pr\u00e9sentation gr\u00e2ce \u00e0 sa <strong data-start=\"878\" data-end=\"905\">vitrine en verre courb\u00e9<\/strong>.<\/p>\n<p data-start=\"908\" data-end=\"1323\">\u00c9quip\u00e9 d\u2019un <strong data-start=\"920\" data-end=\"943\">thermostat r\u00e9glable<\/strong>, ce cong\u00e9lateur permet de contr\u00f4ler pr\u00e9cis\u00e9ment la temp\u00e9rature selon le type de produits \u00e0 conserver, tout en offrant une fonction de <strong data-start=\"1078\" data-end=\"1119\">cong\u00e9lation et r\u00e9frig\u00e9ration efficace<\/strong>. Le <strong data-start=\"1124\" data-end=\"1159\">syst\u00e8me de verrouillage int\u00e9gr\u00e9<\/strong> garantit la s\u00e9curit\u00e9 du contenu, tandis que la <strong data-start=\"1207\" data-end=\"1232\">classe \u00e9nerg\u00e9tique A+<\/strong> assure une <strong data-start=\"1244\" data-end=\"1278\">consommation d\u2019\u00e9nergie r\u00e9duite<\/strong>, favorisant des \u00e9conomies sur le long terme.<\/p>\n<p data-start=\"1325\" data-end=\"1594\">Le FH500 dispose de <strong data-start=\"1345\" data-end=\"1371\">3 paniers de rangement<\/strong>, facilitant l\u2019organisation et l\u2019acc\u00e8s rapide aux articles les plus utilis\u00e9s. Son design robuste et moderne en fait un appareil \u00e0 la fois <strong data-start=\"1509\" data-end=\"1538\">fonctionnel et esth\u00e9tique<\/strong>, parfaitement adapt\u00e9 \u00e0 une utilisation professionnelle.<\/p>\n<p data-start=\"1596\" data-end=\"1902\" data-is-last-node=\"\" data-is-only-node=\"\">Avec des <strong data-start=\"1605\" data-end=\"1629\">dimensions pratiques<\/strong> (Hauteur : 80 cm \u2013 Largeur : 132 cm \u2013 Profondeur : 73 cm), le <strong data-start=\"1692\" data-end=\"1728\">cong\u00e9lateur vitrine ASTECH FH500<\/strong> combine <strong data-start=\"1737\" data-end=\"1804\">grande capacit\u00e9, visibilit\u00e9, s\u00e9curit\u00e9 et efficacit\u00e9 \u00e9nerg\u00e9tique<\/strong>, offrant une solution id\u00e9ale pour la <strong data-start=\"1842\" data-end=\"1901\">conservation et la mise en valeur des produits surgel\u00e9s<\/strong>.<\/p>\n","protected":false},"excerpt":{"rendered":"<p>Le cong\u00e9lateur horizontal vitrine ASTECH FH500 offre une capacit\u00e9 de 500 litres, une vitrine courb\u00e9e \u00e9l\u00e9gante, 3 paniers de rangement, un thermostat r\u00e9glable, un syst\u00e8me de verrouillage s\u00e9curis\u00e9 et une classe \u00e9nerg\u00e9tique A+. Id\u00e9al pour la conservation et la pr\u00e9sentation efficace des produits surgel\u00e9s.<\/p>\n","protected":false},"featured_media":10969,"comment_status":"open","ping_status":"closed","template":"","meta":[],"product_brand":[],"product_cat":[42],"product_tag":[],"class_list":{"0":"post-10968","1":"product","2":"type-product","3":"status-publish","4":"has-post-thumbnail","6":"product_cat-electromenager","8":"first","9":"instock","10":"shipping-taxable","11":"product-type-simple"},"yoast_head":"<!-- This site is optimized with the Yoast SEO plugin v27.6 - https:\/\/yoast.com\/product\/yoast-seo-wordpress\/ -->\n<title>Cong\u00e9lateur Horizontal Astech FH500V 500L Vitrine - Sen Grand Place Thi\u00e8s<\/title>\n<meta name=\"robots\" content=\"index, follow, max-snippet:-1, max-image-preview:large, max-video-preview:-1\" \/>\n<link rel=\"canonical\" href=\"https:\/\/www.sengrandplace.com\/?product=congelateur-horizontal-astech-fh500v-500l-vitrine\" \/>\n<meta property=\"og:locale\" content=\"fr_FR\" \/>\n<meta property=\"og:type\" content=\"article\" \/>\n<meta property=\"og:title\" content=\"Cong\u00e9lateur Horizontal Astech FH500V 500L Vitrine - Sen Grand Place Thi\u00e8s\" \/>\n<meta property=\"og:description\" content=\"Le cong\u00e9lateur horizontal vitrine ASTECH FH500 offre une capacit\u00e9 de 500 litres, une vitrine courb\u00e9e \u00e9l\u00e9gante, 3 paniers de rangement, un thermostat r\u00e9glable, un syst\u00e8me de verrouillage s\u00e9curis\u00e9 et une classe \u00e9nerg\u00e9tique A+. Id\u00e9al pour la conservation et la pr\u00e9sentation efficace des produits surgel\u00e9s.\" \/>\n<meta property=\"og:url\" content=\"https:\/\/www.sengrandplace.com\/?product=congelateur-horizontal-astech-fh500v-500l-vitrine\" \/>\n<meta property=\"og:site_name\" content=\"Sen Grand Place Thi\u00e8s\" \/>\n<meta property=\"article:modified_time\" content=\"2025-12-15T12:11:18+00:00\" \/>\n<meta property=\"og:image\" content=\"https:\/\/www.sengrandplace.com\/wp-content\/uploads\/2025\/12\/Congelateur-vitrine-500L.jpeg\" \/>\n\t<meta property=\"og:image:width\" content=\"1037\" \/>\n\t<meta property=\"og:image:height\" content=\"1342\" \/>\n\t<meta property=\"og:image:type\" content=\"image\/jpeg\" \/>\n<meta name=\"twitter:card\" content=\"summary_large_image\" \/>\n<meta name=\"twitter:label1\" content=\"Dur\u00e9e de lecture estim\u00e9e\" \/>\n\t<meta name=\"twitter:data1\" content=\"2 minutes\" \/>\n<script type=\"application\/ld+json\" class=\"yoast-schema-graph\">{\"@context\":\"https:\\\/\\\/schema.org\",\"@graph\":[{\"@type\":\"WebPage\",\"@id\":\"https:\\\/\\\/www.sengrandplace.com\\\/?product=congelateur-horizontal-astech-fh500v-500l-vitrine\",\"url\":\"https:\\\/\\\/www.sengrandplace.com\\\/?product=congelateur-horizontal-astech-fh500v-500l-vitrine\",\"name\":\"Cong\u00e9lateur Horizontal Astech FH500V 500L Vitrine - Sen Grand Place Thi\u00e8s\",\"isPartOf\":{\"@id\":\"https:\\\/\\\/www.sengrandplace.com\\\/#website\"},\"primaryImageOfPage\":{\"@id\":\"https:\\\/\\\/www.sengrandplace.com\\\/?product=congelateur-horizontal-astech-fh500v-500l-vitrine#primaryimage\"},\"image\":{\"@id\":\"https:\\\/\\\/www.sengrandplace.com\\\/?product=congelateur-horizontal-astech-fh500v-500l-vitrine#primaryimage\"},\"thumbnailUrl\":\"https:\\\/\\\/www.sengrandplace.com\\\/wp-content\\\/uploads\\\/2025\\\/12\\\/Congelateur-vitrine-500L.jpeg\",\"datePublished\":\"2025-12-15T12:11:17+00:00\",\"dateModified\":\"2025-12-15T12:11:18+00:00\",\"breadcrumb\":{\"@id\":\"https:\\\/\\\/www.sengrandplace.com\\\/?product=congelateur-horizontal-astech-fh500v-500l-vitrine#breadcrumb\"},\"inLanguage\":\"fr-FR\",\"potentialAction\":[{\"@type\":\"ReadAction\",\"target\":[\"https:\\\/\\\/www.sengrandplace.com\\\/?product=congelateur-horizontal-astech-fh500v-500l-vitrine\"]}]},{\"@type\":\"ImageObject\",\"inLanguage\":\"fr-FR\",\"@id\":\"https:\\\/\\\/www.sengrandplace.com\\\/?product=congelateur-horizontal-astech-fh500v-500l-vitrine#primaryimage\",\"url\":\"https:\\\/\\\/www.sengrandplace.com\\\/wp-content\\\/uploads\\\/2025\\\/12\\\/Congelateur-vitrine-500L.jpeg\",\"contentUrl\":\"https:\\\/\\\/www.sengrandplace.com\\\/wp-content\\\/uploads\\\/2025\\\/12\\\/Congelateur-vitrine-500L.jpeg\",\"width\":1037,\"height\":1342},{\"@type\":\"BreadcrumbList\",\"@id\":\"https:\\\/\\\/www.sengrandplace.com\\\/?product=congelateur-horizontal-astech-fh500v-500l-vitrine#breadcrumb\",\"itemListElement\":[{\"@type\":\"ListItem\",\"position\":1,\"name\":\"Home\",\"item\":\"https:\\\/\\\/www.sengrandplace.com\\\/\"},{\"@type\":\"ListItem\",\"position\":2,\"name\":\"Shop\",\"item\":\"https:\\\/\\\/www.sengrandplace.com\\\/?page_id=11\"},{\"@type\":\"ListItem\",\"position\":3,\"name\":\"Cong\u00e9lateur Horizontal Astech FH500V 500L Vitrine\"}]},{\"@type\":\"WebSite\",\"@id\":\"https:\\\/\\\/www.sengrandplace.com\\\/#website\",\"url\":\"https:\\\/\\\/www.sengrandplace.com\\\/\",\"name\":\"Sen Grand Place Thi\u00e8s\",\"description\":\"La place qui vous revient.\",\"publisher\":{\"@id\":\"https:\\\/\\\/www.sengrandplace.com\\\/#organization\"},\"potentialAction\":[{\"@type\":\"SearchAction\",\"target\":{\"@type\":\"EntryPoint\",\"urlTemplate\":\"https:\\\/\\\/www.sengrandplace.com\\\/?s={search_term_string}\"},\"query-input\":{\"@type\":\"PropertyValueSpecification\",\"valueRequired\":true,\"valueName\":\"search_term_string\"}}],\"inLanguage\":\"fr-FR\"},{\"@type\":\"Organization\",\"@id\":\"https:\\\/\\\/www.sengrandplace.com\\\/#organization\",\"name\":\"Sen Grand Place Thi\u00e8s\",\"url\":\"https:\\\/\\\/www.sengrandplace.com\\\/\",\"logo\":{\"@type\":\"ImageObject\",\"inLanguage\":\"fr-FR\",\"@id\":\"https:\\\/\\\/www.sengrandplace.com\\\/#\\\/schema\\\/logo\\\/image\\\/\",\"url\":\"https:\\\/\\\/www.sengrandplace.com\\\/wp-content\\\/uploads\\\/2024\\\/01\\\/Logo_du_site-2.jpg\",\"contentUrl\":\"https:\\\/\\\/www.sengrandplace.com\\\/wp-content\\\/uploads\\\/2024\\\/01\\\/Logo_du_site-2.jpg\",\"width\":314,\"height\":98,\"caption\":\"Sen Grand Place Thi\u00e8s\"},\"image\":{\"@id\":\"https:\\\/\\\/www.sengrandplace.com\\\/#\\\/schema\\\/logo\\\/image\\\/\"}}]}<\/script>\n<!-- \/ Yoast SEO plugin. -->","yoast_head_json":{"title":"Cong\u00e9lateur Horizontal Astech FH500V 500L Vitrine - Sen Grand Place Thi\u00e8s","robots":{"index":"index","follow":"follow","max-snippet":"max-snippet:-1","max-image-preview":"max-image-preview:large","max-video-preview":"max-video-preview:-1"},"canonical":"https:\/\/www.sengrandplace.com\/?product=congelateur-horizontal-astech-fh500v-500l-vitrine","og_locale":"fr_FR","og_type":"article","og_title":"Cong\u00e9lateur Horizontal Astech FH500V 500L Vitrine - Sen Grand Place Thi\u00e8s","og_description":"Le cong\u00e9lateur horizontal vitrine ASTECH FH500 offre une capacit\u00e9 de 500 litres, une vitrine courb\u00e9e \u00e9l\u00e9gante, 3 paniers de rangement, un thermostat r\u00e9glable, un syst\u00e8me de verrouillage s\u00e9curis\u00e9 et une classe \u00e9nerg\u00e9tique A+. Id\u00e9al pour la conservation et la pr\u00e9sentation efficace des produits surgel\u00e9s.","og_url":"https:\/\/www.sengrandplace.com\/?product=congelateur-horizontal-astech-fh500v-500l-vitrine","og_site_name":"Sen Grand Place Thi\u00e8s","article_modified_time":"2025-12-15T12:11:18+00:00","og_image":[{"width":1037,"height":1342,"url":"https:\/\/www.sengrandplace.com\/wp-content\/uploads\/2025\/12\/Congelateur-vitrine-500L.jpeg","type":"image\/jpeg"}],"twitter_card":"summary_large_image","twitter_misc":{"Dur\u00e9e de lecture estim\u00e9e":"2 minutes"},"schema":{"@context":"https:\/\/schema.org","@graph":[{"@type":"WebPage","@id":"https:\/\/www.sengrandplace.com\/?product=congelateur-horizontal-astech-fh500v-500l-vitrine","url":"https:\/\/www.sengrandplace.com\/?product=congelateur-horizontal-astech-fh500v-500l-vitrine","name":"Cong\u00e9lateur Horizontal Astech FH500V 500L Vitrine - Sen Grand Place Thi\u00e8s","isPartOf":{"@id":"https:\/\/www.sengrandplace.com\/#website"},"primaryImageOfPage":{"@id":"https:\/\/www.sengrandplace.com\/?product=congelateur-horizontal-astech-fh500v-500l-vitrine#primaryimage"},"image":{"@id":"https:\/\/www.sengrandplace.com\/?product=congelateur-horizontal-astech-fh500v-500l-vitrine#primaryimage"},"thumbnailUrl":"https:\/\/www.sengrandplace.com\/wp-content\/uploads\/2025\/12\/Congelateur-vitrine-500L.jpeg","datePublished":"2025-12-15T12:11:17+00:00","dateModified":"2025-12-15T12:11:18+00:00","breadcrumb":{"@id":"https:\/\/www.sengrandplace.com\/?product=congelateur-horizontal-astech-fh500v-500l-vitrine#breadcrumb"},"inLanguage":"fr-FR","potentialAction":[{"@type":"ReadAction","target":["https:\/\/www.sengrandplace.com\/?product=congelateur-horizontal-astech-fh500v-500l-vitrine"]}]},{"@type":"ImageObject","inLanguage":"fr-FR","@id":"https:\/\/www.sengrandplace.com\/?product=congelateur-horizontal-astech-fh500v-500l-vitrine#primaryimage","url":"https:\/\/www.sengrandplace.com\/wp-content\/uploads\/2025\/12\/Congelateur-vitrine-500L.jpeg","contentUrl":"https:\/\/www.sengrandplace.com\/wp-content\/uploads\/2025\/12\/Congelateur-vitrine-500L.jpeg","width":1037,"height":1342},{"@type":"BreadcrumbList","@id":"https:\/\/www.sengrandplace.com\/?product=congelateur-horizontal-astech-fh500v-500l-vitrine#breadcrumb","itemListElement":[{"@type":"ListItem","position":1,"name":"Home","item":"https:\/\/www.sengrandplace.com\/"},{"@type":"ListItem","position":2,"name":"Shop","item":"https:\/\/www.sengrandplace.com\/?page_id=11"},{"@type":"ListItem","position":3,"name":"Cong\u00e9lateur Horizontal Astech FH500V 500L Vitrine"}]},{"@type":"WebSite","@id":"https:\/\/www.sengrandplace.com\/#website","url":"https:\/\/www.sengrandplace.com\/","name":"Sen Grand Place Thi\u00e8s","description":"La place qui vous revient.","publisher":{"@id":"https:\/\/www.sengrandplace.com\/#organization"},"potentialAction":[{"@type":"SearchAction","target":{"@type":"EntryPoint","urlTemplate":"https:\/\/www.sengrandplace.com\/?s={search_term_string}"},"query-input":{"@type":"PropertyValueSpecification","valueRequired":true,"valueName":"search_term_string"}}],"inLanguage":"fr-FR"},{"@type":"Organization","@id":"https:\/\/www.sengrandplace.com\/#organization","name":"Sen Grand Place Thi\u00e8s","url":"https:\/\/www.sengrandplace.com\/","logo":{"@type":"ImageObject","inLanguage":"fr-FR","@id":"https:\/\/www.sengrandplace.com\/#\/schema\/logo\/image\/","url":"https:\/\/www.sengrandplace.com\/wp-content\/uploads\/2024\/01\/Logo_du_site-2.jpg","contentUrl":"https:\/\/www.sengrandplace.com\/wp-content\/uploads\/2024\/01\/Logo_du_site-2.jpg","width":314,"height":98,"caption":"Sen Grand Place Thi\u00e8s"},"image":{"@id":"https:\/\/www.sengrandplace.com\/#\/schema\/logo\/image\/"}}]}},"_links":{"self":[{"href":"https:\/\/www.sengrandplace.com\/index.php?rest_route=\/wp\/v2\/product\/10968","targetHints":{"allow":["GET"]}}],"collection":[{"href":"https:\/\/www.sengrandplace.com\/index.php?rest_route=\/wp\/v2\/product"}],"about":[{"href":"https:\/\/www.sengrandplace.com\/index.php?rest_route=\/wp\/v2\/types\/product"}],"replies":[{"embeddable":true,"href":"https:\/\/www.sengrandplace.com\/index.php?rest_route=%2Fwp%2Fv2%2Fcomments&post=10968"}],"version-history":[{"count":1,"href":"https:\/\/www.sengrandplace.com\/index.php?rest_route=\/wp\/v2\/product\/10968\/revisions"}],"predecessor-version":[{"id":10970,"href":"https:\/\/www.sengrandplace.com\/index.php?rest_route=\/wp\/v2\/product\/10968\/revisions\/10970"}],"wp:featuredmedia":[{"embeddable":true,"href":"https:\/\/www.sengrandplace.com\/index.php?rest_route=\/wp\/v2\/media\/10969"}],"wp:attachment":[{"href":"https:\/\/www.sengrandplace.com\/index.php?rest_route=%2Fwp%2Fv2%2Fmedia&parent=10968"}],"wp:term":[{"taxonomy":"product_brand","embeddable":true,"href":"https:\/\/www.sengrandplace.com\/index.php?rest_route=%2Fwp%2Fv2%2Fproduct_brand&post=10968"},{"taxonomy":"product_cat","embeddable":true,"href":"https:\/\/www.sengrandplace.com\/index.php?rest_route=%2Fwp%2Fv2%2Fproduct_cat&post=10968"},{"taxonomy":"product_tag","embeddable":true,"href":"https:\/\/www.sengrandplace.com\/index.php?rest_route=%2Fwp%2Fv2%2Fproduct_tag&post=10968"}],"curies":[{"name":"wp","href":"https:\/\/api.w.org\/{rel}","templated":true}]}}