{"id":10995,"date":"2025-12-15T13:03:36","date_gmt":"2025-12-15T13:03:36","guid":{"rendered":"https:\/\/www.sengrandplace.com\/?post_type=product&#038;p=10995"},"modified":"2025-12-15T13:03:37","modified_gmt":"2025-12-15T13:03:37","slug":"cuisiniere-astech-el31gel-60-60-4feux-03gaz-01-electrique","status":"publish","type":"product","link":"https:\/\/www.sengrandplace.com\/?product=cuisiniere-astech-el31gel-60-60-4feux-03gaz-01-electrique","title":{"rendered":"CUISINIERE ASTECH EL31GEL 60\/60 4FEUX 03GAZ &#038; 01 ELECTRIQUE"},"content":{"rendered":"<p data-start=\"441\" data-end=\"776\">La <strong data-start=\"444\" data-end=\"482\">cuisini\u00e8re ASTECH EL31GEL 60&#215;60 cm<\/strong> est con\u00e7ue pour offrir <strong data-start=\"506\" data-end=\"545\">une cuisson flexible et performante<\/strong>. Elle dispose de <strong data-start=\"563\" data-end=\"573\">4 feux<\/strong>, dont <strong data-start=\"580\" data-end=\"631\">3 au gaz pour une cuisson traditionnelle rapide<\/strong> et <strong data-start=\"635\" data-end=\"693\">1 \u00e9lectrique pour une cuisson plus pr\u00e9cise et uniforme<\/strong>, offrant ainsi une polyvalence maximale pour toutes vos pr\u00e9parations culinaires.<\/p>\n<p data-start=\"778\" data-end=\"1019\">Le <strong data-start=\"781\" data-end=\"797\">four int\u00e9gr\u00e9<\/strong> permet de cuire, r\u00f4tir ou gratiner avec efficacit\u00e9, garantissant une r\u00e9partition homog\u00e8ne de la chaleur. Sa <strong data-start=\"906\" data-end=\"934\">taille compacte 60&#215;60 cm<\/strong> en fait un appareil pratique pour toutes les cuisines, sans compromettre l\u2019espace.<\/p>\n<p data-start=\"1021\" data-end=\"1257\" data-is-last-node=\"\" data-is-only-node=\"\">Robuste, fiable et simple d\u2019utilisation, la <strong data-start=\"1065\" data-end=\"1094\">cuisini\u00e8re ASTECH EL31GEL<\/strong> combine <strong data-start=\"1103\" data-end=\"1142\">polyvalence, confort et performance<\/strong>, permettant de cuisiner facilement diff\u00e9rents types de plats avec la combinaison optimale de gaz et d\u2019\u00e9lectricit\u00e9.<\/p>\n","protected":false},"excerpt":{"rendered":"<p>La cuisini\u00e8re ASTECH EL31GEL 60&#215;60 dispose de 4 feux (3 gaz + 1 \u00e9lectrique) et d\u2019un four int\u00e9gr\u00e9, combinant polyvalence, performance et design compact. Id\u00e9ale pour une cuisson mixte efficace et pratique au quotidien.<\/p>\n","protected":false},"featured_media":10996,"comment_status":"open","ping_status":"closed","template":"","meta":[],"product_brand":[],"product_cat":[302,42],"product_tag":[],"class_list":{"0":"post-10995","1":"product","2":"type-product","3":"status-publish","4":"has-post-thumbnail","6":"product_cat-cuisiniere","7":"product_cat-electromenager","9":"first","10":"instock","11":"shipping-taxable","12":"product-type-simple"},"yoast_head":"<!-- This site is optimized with the Yoast SEO plugin v27.6 - https:\/\/yoast.com\/product\/yoast-seo-wordpress\/ -->\n<title>CUISINIERE ASTECH EL31GEL 60\/60 4FEUX 03GAZ &amp; 01 ELECTRIQUE - Sen Grand Place Thi\u00e8s<\/title>\n<meta name=\"robots\" content=\"index, follow, max-snippet:-1, max-image-preview:large, max-video-preview:-1\" \/>\n<link rel=\"canonical\" href=\"https:\/\/www.sengrandplace.com\/?product=cuisiniere-astech-el31gel-60-60-4feux-03gaz-01-electrique\" \/>\n<meta property=\"og:locale\" content=\"fr_FR\" \/>\n<meta property=\"og:type\" content=\"article\" \/>\n<meta property=\"og:title\" content=\"CUISINIERE ASTECH EL31GEL 60\/60 4FEUX 03GAZ &amp; 01 ELECTRIQUE - Sen Grand Place Thi\u00e8s\" \/>\n<meta property=\"og:description\" content=\"La cuisini\u00e8re ASTECH EL31GEL 60x60 dispose de 4 feux (3 gaz + 1 \u00e9lectrique) et d\u2019un four int\u00e9gr\u00e9, combinant polyvalence, performance et design compact. Id\u00e9ale pour une cuisson mixte efficace et pratique au quotidien.\" \/>\n<meta property=\"og:url\" content=\"https:\/\/www.sengrandplace.com\/?product=cuisiniere-astech-el31gel-60-60-4feux-03gaz-01-electrique\" \/>\n<meta property=\"og:site_name\" content=\"Sen Grand Place Thi\u00e8s\" \/>\n<meta property=\"article:modified_time\" content=\"2025-12-15T13:03:37+00:00\" \/>\n<meta property=\"og:image\" content=\"https:\/\/www.sengrandplace.com\/wp-content\/uploads\/2025\/12\/CUISINIERE-ASTECH-EL31GEL-60.60-4FEUX.jpg\" \/>\n\t<meta property=\"og:image:width\" content=\"1000\" \/>\n\t<meta property=\"og:image:height\" content=\"1000\" \/>\n\t<meta property=\"og:image:type\" content=\"image\/jpeg\" \/>\n<meta name=\"twitter:card\" content=\"summary_large_image\" \/>\n<meta name=\"twitter:label1\" content=\"Dur\u00e9e de lecture estim\u00e9e\" \/>\n\t<meta name=\"twitter:data1\" content=\"1 minute\" \/>\n<script type=\"application\/ld+json\" class=\"yoast-schema-graph\">{\"@context\":\"https:\\\/\\\/schema.org\",\"@graph\":[{\"@type\":\"WebPage\",\"@id\":\"https:\\\/\\\/www.sengrandplace.com\\\/?product=cuisiniere-astech-el31gel-60-60-4feux-03gaz-01-electrique\",\"url\":\"https:\\\/\\\/www.sengrandplace.com\\\/?product=cuisiniere-astech-el31gel-60-60-4feux-03gaz-01-electrique\",\"name\":\"CUISINIERE ASTECH EL31GEL 60\\\/60 4FEUX 03GAZ & 01 ELECTRIQUE - Sen Grand Place Thi\u00e8s\",\"isPartOf\":{\"@id\":\"https:\\\/\\\/www.sengrandplace.com\\\/#website\"},\"primaryImageOfPage\":{\"@id\":\"https:\\\/\\\/www.sengrandplace.com\\\/?product=cuisiniere-astech-el31gel-60-60-4feux-03gaz-01-electrique#primaryimage\"},\"image\":{\"@id\":\"https:\\\/\\\/www.sengrandplace.com\\\/?product=cuisiniere-astech-el31gel-60-60-4feux-03gaz-01-electrique#primaryimage\"},\"thumbnailUrl\":\"https:\\\/\\\/www.sengrandplace.com\\\/wp-content\\\/uploads\\\/2025\\\/12\\\/CUISINIERE-ASTECH-EL31GEL-60.60-4FEUX.jpg\",\"datePublished\":\"2025-12-15T13:03:36+00:00\",\"dateModified\":\"2025-12-15T13:03:37+00:00\",\"breadcrumb\":{\"@id\":\"https:\\\/\\\/www.sengrandplace.com\\\/?product=cuisiniere-astech-el31gel-60-60-4feux-03gaz-01-electrique#breadcrumb\"},\"inLanguage\":\"fr-FR\",\"potentialAction\":[{\"@type\":\"ReadAction\",\"target\":[\"https:\\\/\\\/www.sengrandplace.com\\\/?product=cuisiniere-astech-el31gel-60-60-4feux-03gaz-01-electrique\"]}]},{\"@type\":\"ImageObject\",\"inLanguage\":\"fr-FR\",\"@id\":\"https:\\\/\\\/www.sengrandplace.com\\\/?product=cuisiniere-astech-el31gel-60-60-4feux-03gaz-01-electrique#primaryimage\",\"url\":\"https:\\\/\\\/www.sengrandplace.com\\\/wp-content\\\/uploads\\\/2025\\\/12\\\/CUISINIERE-ASTECH-EL31GEL-60.60-4FEUX.jpg\",\"contentUrl\":\"https:\\\/\\\/www.sengrandplace.com\\\/wp-content\\\/uploads\\\/2025\\\/12\\\/CUISINIERE-ASTECH-EL31GEL-60.60-4FEUX.jpg\",\"width\":1000,\"height\":1000},{\"@type\":\"BreadcrumbList\",\"@id\":\"https:\\\/\\\/www.sengrandplace.com\\\/?product=cuisiniere-astech-el31gel-60-60-4feux-03gaz-01-electrique#breadcrumb\",\"itemListElement\":[{\"@type\":\"ListItem\",\"position\":1,\"name\":\"Home\",\"item\":\"https:\\\/\\\/www.sengrandplace.com\\\/\"},{\"@type\":\"ListItem\",\"position\":2,\"name\":\"Shop\",\"item\":\"https:\\\/\\\/www.sengrandplace.com\\\/?page_id=11\"},{\"@type\":\"ListItem\",\"position\":3,\"name\":\"CUISINIERE ASTECH EL31GEL 60\\\/60 4FEUX 03GAZ &#038; 01 ELECTRIQUE\"}]},{\"@type\":\"WebSite\",\"@id\":\"https:\\\/\\\/www.sengrandplace.com\\\/#website\",\"url\":\"https:\\\/\\\/www.sengrandplace.com\\\/\",\"name\":\"Sen Grand Place Thi\u00e8s\",\"description\":\"La place qui vous revient.\",\"publisher\":{\"@id\":\"https:\\\/\\\/www.sengrandplace.com\\\/#organization\"},\"potentialAction\":[{\"@type\":\"SearchAction\",\"target\":{\"@type\":\"EntryPoint\",\"urlTemplate\":\"https:\\\/\\\/www.sengrandplace.com\\\/?s={search_term_string}\"},\"query-input\":{\"@type\":\"PropertyValueSpecification\",\"valueRequired\":true,\"valueName\":\"search_term_string\"}}],\"inLanguage\":\"fr-FR\"},{\"@type\":\"Organization\",\"@id\":\"https:\\\/\\\/www.sengrandplace.com\\\/#organization\",\"name\":\"Sen Grand Place Thi\u00e8s\",\"url\":\"https:\\\/\\\/www.sengrandplace.com\\\/\",\"logo\":{\"@type\":\"ImageObject\",\"inLanguage\":\"fr-FR\",\"@id\":\"https:\\\/\\\/www.sengrandplace.com\\\/#\\\/schema\\\/logo\\\/image\\\/\",\"url\":\"https:\\\/\\\/www.sengrandplace.com\\\/wp-content\\\/uploads\\\/2024\\\/01\\\/Logo_du_site-2.jpg\",\"contentUrl\":\"https:\\\/\\\/www.sengrandplace.com\\\/wp-content\\\/uploads\\\/2024\\\/01\\\/Logo_du_site-2.jpg\",\"width\":314,\"height\":98,\"caption\":\"Sen Grand Place Thi\u00e8s\"},\"image\":{\"@id\":\"https:\\\/\\\/www.sengrandplace.com\\\/#\\\/schema\\\/logo\\\/image\\\/\"}}]}<\/script>\n<!-- \/ Yoast SEO plugin. -->","yoast_head_json":{"title":"CUISINIERE ASTECH EL31GEL 60\/60 4FEUX 03GAZ & 01 ELECTRIQUE - Sen Grand Place Thi\u00e8s","robots":{"index":"index","follow":"follow","max-snippet":"max-snippet:-1","max-image-preview":"max-image-preview:large","max-video-preview":"max-video-preview:-1"},"canonical":"https:\/\/www.sengrandplace.com\/?product=cuisiniere-astech-el31gel-60-60-4feux-03gaz-01-electrique","og_locale":"fr_FR","og_type":"article","og_title":"CUISINIERE ASTECH EL31GEL 60\/60 4FEUX 03GAZ & 01 ELECTRIQUE - Sen Grand Place Thi\u00e8s","og_description":"La cuisini\u00e8re ASTECH EL31GEL 60x60 dispose de 4 feux (3 gaz + 1 \u00e9lectrique) et d\u2019un four int\u00e9gr\u00e9, combinant polyvalence, performance et design compact. Id\u00e9ale pour une cuisson mixte efficace et pratique au quotidien.","og_url":"https:\/\/www.sengrandplace.com\/?product=cuisiniere-astech-el31gel-60-60-4feux-03gaz-01-electrique","og_site_name":"Sen Grand Place Thi\u00e8s","article_modified_time":"2025-12-15T13:03:37+00:00","og_image":[{"width":1000,"height":1000,"url":"https:\/\/www.sengrandplace.com\/wp-content\/uploads\/2025\/12\/CUISINIERE-ASTECH-EL31GEL-60.60-4FEUX.jpg","type":"image\/jpeg"}],"twitter_card":"summary_large_image","twitter_misc":{"Dur\u00e9e de lecture estim\u00e9e":"1 minute"},"schema":{"@context":"https:\/\/schema.org","@graph":[{"@type":"WebPage","@id":"https:\/\/www.sengrandplace.com\/?product=cuisiniere-astech-el31gel-60-60-4feux-03gaz-01-electrique","url":"https:\/\/www.sengrandplace.com\/?product=cuisiniere-astech-el31gel-60-60-4feux-03gaz-01-electrique","name":"CUISINIERE ASTECH EL31GEL 60\/60 4FEUX 03GAZ & 01 ELECTRIQUE - Sen Grand Place Thi\u00e8s","isPartOf":{"@id":"https:\/\/www.sengrandplace.com\/#website"},"primaryImageOfPage":{"@id":"https:\/\/www.sengrandplace.com\/?product=cuisiniere-astech-el31gel-60-60-4feux-03gaz-01-electrique#primaryimage"},"image":{"@id":"https:\/\/www.sengrandplace.com\/?product=cuisiniere-astech-el31gel-60-60-4feux-03gaz-01-electrique#primaryimage"},"thumbnailUrl":"https:\/\/www.sengrandplace.com\/wp-content\/uploads\/2025\/12\/CUISINIERE-ASTECH-EL31GEL-60.60-4FEUX.jpg","datePublished":"2025-12-15T13:03:36+00:00","dateModified":"2025-12-15T13:03:37+00:00","breadcrumb":{"@id":"https:\/\/www.sengrandplace.com\/?product=cuisiniere-astech-el31gel-60-60-4feux-03gaz-01-electrique#breadcrumb"},"inLanguage":"fr-FR","potentialAction":[{"@type":"ReadAction","target":["https:\/\/www.sengrandplace.com\/?product=cuisiniere-astech-el31gel-60-60-4feux-03gaz-01-electrique"]}]},{"@type":"ImageObject","inLanguage":"fr-FR","@id":"https:\/\/www.sengrandplace.com\/?product=cuisiniere-astech-el31gel-60-60-4feux-03gaz-01-electrique#primaryimage","url":"https:\/\/www.sengrandplace.com\/wp-content\/uploads\/2025\/12\/CUISINIERE-ASTECH-EL31GEL-60.60-4FEUX.jpg","contentUrl":"https:\/\/www.sengrandplace.com\/wp-content\/uploads\/2025\/12\/CUISINIERE-ASTECH-EL31GEL-60.60-4FEUX.jpg","width":1000,"height":1000},{"@type":"BreadcrumbList","@id":"https:\/\/www.sengrandplace.com\/?product=cuisiniere-astech-el31gel-60-60-4feux-03gaz-01-electrique#breadcrumb","itemListElement":[{"@type":"ListItem","position":1,"name":"Home","item":"https:\/\/www.sengrandplace.com\/"},{"@type":"ListItem","position":2,"name":"Shop","item":"https:\/\/www.sengrandplace.com\/?page_id=11"},{"@type":"ListItem","position":3,"name":"CUISINIERE ASTECH EL31GEL 60\/60 4FEUX 03GAZ &#038; 01 ELECTRIQUE"}]},{"@type":"WebSite","@id":"https:\/\/www.sengrandplace.com\/#website","url":"https:\/\/www.sengrandplace.com\/","name":"Sen Grand Place Thi\u00e8s","description":"La place qui vous revient.","publisher":{"@id":"https:\/\/www.sengrandplace.com\/#organization"},"potentialAction":[{"@type":"SearchAction","target":{"@type":"EntryPoint","urlTemplate":"https:\/\/www.sengrandplace.com\/?s={search_term_string}"},"query-input":{"@type":"PropertyValueSpecification","valueRequired":true,"valueName":"search_term_string"}}],"inLanguage":"fr-FR"},{"@type":"Organization","@id":"https:\/\/www.sengrandplace.com\/#organization","name":"Sen Grand Place Thi\u00e8s","url":"https:\/\/www.sengrandplace.com\/","logo":{"@type":"ImageObject","inLanguage":"fr-FR","@id":"https:\/\/www.sengrandplace.com\/#\/schema\/logo\/image\/","url":"https:\/\/www.sengrandplace.com\/wp-content\/uploads\/2024\/01\/Logo_du_site-2.jpg","contentUrl":"https:\/\/www.sengrandplace.com\/wp-content\/uploads\/2024\/01\/Logo_du_site-2.jpg","width":314,"height":98,"caption":"Sen Grand Place Thi\u00e8s"},"image":{"@id":"https:\/\/www.sengrandplace.com\/#\/schema\/logo\/image\/"}}]}},"_links":{"self":[{"href":"https:\/\/www.sengrandplace.com\/index.php?rest_route=\/wp\/v2\/product\/10995","targetHints":{"allow":["GET"]}}],"collection":[{"href":"https:\/\/www.sengrandplace.com\/index.php?rest_route=\/wp\/v2\/product"}],"about":[{"href":"https:\/\/www.sengrandplace.com\/index.php?rest_route=\/wp\/v2\/types\/product"}],"replies":[{"embeddable":true,"href":"https:\/\/www.sengrandplace.com\/index.php?rest_route=%2Fwp%2Fv2%2Fcomments&post=10995"}],"version-history":[{"count":1,"href":"https:\/\/www.sengrandplace.com\/index.php?rest_route=\/wp\/v2\/product\/10995\/revisions"}],"predecessor-version":[{"id":10997,"href":"https:\/\/www.sengrandplace.com\/index.php?rest_route=\/wp\/v2\/product\/10995\/revisions\/10997"}],"wp:featuredmedia":[{"embeddable":true,"href":"https:\/\/www.sengrandplace.com\/index.php?rest_route=\/wp\/v2\/media\/10996"}],"wp:attachment":[{"href":"https:\/\/www.sengrandplace.com\/index.php?rest_route=%2Fwp%2Fv2%2Fmedia&parent=10995"}],"wp:term":[{"taxonomy":"product_brand","embeddable":true,"href":"https:\/\/www.sengrandplace.com\/index.php?rest_route=%2Fwp%2Fv2%2Fproduct_brand&post=10995"},{"taxonomy":"product_cat","embeddable":true,"href":"https:\/\/www.sengrandplace.com\/index.php?rest_route=%2Fwp%2Fv2%2Fproduct_cat&post=10995"},{"taxonomy":"product_tag","embeddable":true,"href":"https:\/\/www.sengrandplace.com\/index.php?rest_route=%2Fwp%2Fv2%2Fproduct_tag&post=10995"}],"curies":[{"name":"wp","href":"https:\/\/api.w.org\/{rel}","templated":true}]}}