{"id":11004,"date":"2025-12-15T13:23:13","date_gmt":"2025-12-15T13:23:13","guid":{"rendered":"https:\/\/www.sengrandplace.com\/?post_type=product&#038;p=11004"},"modified":"2025-12-15T13:23:13","modified_gmt":"2025-12-15T13:23:13","slug":"machine-a-laver-astech-7kg-mlv70b-n7inv-lc-inverter","status":"publish","type":"product","link":"https:\/\/www.sengrandplace.com\/?product=machine-a-laver-astech-7kg-mlv70b-n7inv-lc-inverter","title":{"rendered":"Machine a laver ASTECH 7KG MLV70B-N7INV-LC inverter"},"content":{"rendered":"<p data-start=\"447\" data-end=\"741\">La <strong data-start=\"450\" data-end=\"481\">machine \u00e0 laver ASTECH 7 kg<\/strong> est con\u00e7ue pour offrir <strong data-start=\"505\" data-end=\"542\">une exp\u00e9rience de lavage optimale<\/strong>, combinant <strong data-start=\"554\" data-end=\"613\">efficacit\u00e9, \u00e9conomie d\u2019\u00e9nergie et confort d\u2019utilisation<\/strong>. Class\u00e9e <strong data-start=\"623\" data-end=\"631\">A+++<\/strong>, elle permet de r\u00e9duire la consommation \u00e9lectrique tout en garantissant des performances de lavage \u00e9lev\u00e9es.<\/p>\n<p data-start=\"743\" data-end=\"1016\">\u00c9quip\u00e9e d\u2019un <strong data-start=\"756\" data-end=\"775\">moteur Inverter<\/strong>, elle assure un fonctionnement silencieux, durable et fiable. Avec <strong data-start=\"843\" data-end=\"870\">16 programmes de lavage<\/strong> et une <strong data-start=\"878\" data-end=\"918\">vitesse d\u2019essorage de 1400 tours\/min<\/strong>, elle s\u2019adapte \u00e0 tous les types de tissus et besoins, du linge d\u00e9licat aux charges importantes.<\/p>\n<p data-start=\"1018\" data-end=\"1242\">Le <strong data-start=\"1021\" data-end=\"1039\">d\u00e9part diff\u00e9r\u00e9<\/strong> offre la possibilit\u00e9 de programmer le cycle selon votre emploi du temps, pour plus de commodit\u00e9. Sa finition <strong data-start=\"1149\" data-end=\"1165\">gris moderne<\/strong> apporte un design \u00e9l\u00e9gant et s\u2019int\u00e8gre facilement dans tout type d\u2019espace.<\/p>\n<p data-start=\"1244\" data-end=\"1398\" data-is-last-node=\"\" data-is-only-node=\"\">La <strong data-start=\"1247\" data-end=\"1278\">machine \u00e0 laver ASTECH 7 kg<\/strong> est donc un appareil <strong data-start=\"1300\" data-end=\"1334\">fiable, performant et pratique<\/strong>, id\u00e9al pour un lavage quotidien efficace et \u00e9conome en \u00e9nergie.<\/p>\n","protected":false},"excerpt":{"rendered":"<p>La machine \u00e0 laver ASTECH 7 kg allie performance et \u00e9conomie d\u2019\u00e9nergie (classe A+++), avec 16 programmes, moteur Inverter, vitesse d\u2019essorage 1400 tours\/min, d\u00e9part diff\u00e9r\u00e9 et finition gris moderne. Id\u00e9ale pour un lavage efficace et polyvalent.<\/p>\n","protected":false},"featured_media":11005,"comment_status":"open","ping_status":"closed","template":"","meta":[],"product_brand":[],"product_cat":[42,303],"product_tag":[],"class_list":{"0":"post-11004","1":"product","2":"type-product","3":"status-publish","4":"has-post-thumbnail","6":"product_cat-electromenager","7":"product_cat-machine-a-laver","9":"first","10":"instock","11":"shipping-taxable","12":"product-type-simple"},"yoast_head":"<!-- This site is optimized with the Yoast SEO plugin v27.6 - https:\/\/yoast.com\/product\/yoast-seo-wordpress\/ -->\n<title>Machine a laver ASTECH 7KG MLV70B-N7INV-LC inverter - Sen Grand Place Thi\u00e8s<\/title>\n<meta name=\"robots\" content=\"index, follow, max-snippet:-1, max-image-preview:large, max-video-preview:-1\" \/>\n<link rel=\"canonical\" href=\"https:\/\/www.sengrandplace.com\/?product=machine-a-laver-astech-7kg-mlv70b-n7inv-lc-inverter\" \/>\n<meta property=\"og:locale\" content=\"fr_FR\" \/>\n<meta property=\"og:type\" content=\"article\" \/>\n<meta property=\"og:title\" content=\"Machine a laver ASTECH 7KG MLV70B-N7INV-LC inverter - Sen Grand Place Thi\u00e8s\" \/>\n<meta property=\"og:description\" content=\"La machine \u00e0 laver ASTECH 7 kg allie performance et \u00e9conomie d\u2019\u00e9nergie (classe A+++), avec 16 programmes, moteur Inverter, vitesse d\u2019essorage 1400 tours\/min, d\u00e9part diff\u00e9r\u00e9 et finition gris moderne. Id\u00e9ale pour un lavage efficace et polyvalent.\" \/>\n<meta property=\"og:url\" content=\"https:\/\/www.sengrandplace.com\/?product=machine-a-laver-astech-7kg-mlv70b-n7inv-lc-inverter\" \/>\n<meta property=\"og:site_name\" content=\"Sen Grand Place Thi\u00e8s\" \/>\n<meta property=\"og:image\" content=\"https:\/\/www.sengrandplace.com\/wp-content\/uploads\/2025\/12\/Machine-a-laver-ASTECH-7KG-MLV70B-N7INV-LC-inverter.png\" \/>\n\t<meta property=\"og:image:width\" content=\"500\" \/>\n\t<meta property=\"og:image:height\" content=\"500\" \/>\n\t<meta property=\"og:image:type\" content=\"image\/png\" \/>\n<meta name=\"twitter:card\" content=\"summary_large_image\" \/>\n<meta name=\"twitter:label1\" content=\"Dur\u00e9e de lecture estim\u00e9e\" \/>\n\t<meta name=\"twitter:data1\" content=\"1 minute\" \/>\n<script type=\"application\/ld+json\" class=\"yoast-schema-graph\">{\"@context\":\"https:\\\/\\\/schema.org\",\"@graph\":[{\"@type\":\"WebPage\",\"@id\":\"https:\\\/\\\/www.sengrandplace.com\\\/?product=machine-a-laver-astech-7kg-mlv70b-n7inv-lc-inverter\",\"url\":\"https:\\\/\\\/www.sengrandplace.com\\\/?product=machine-a-laver-astech-7kg-mlv70b-n7inv-lc-inverter\",\"name\":\"Machine a laver ASTECH 7KG MLV70B-N7INV-LC inverter - Sen Grand Place Thi\u00e8s\",\"isPartOf\":{\"@id\":\"https:\\\/\\\/www.sengrandplace.com\\\/#website\"},\"primaryImageOfPage\":{\"@id\":\"https:\\\/\\\/www.sengrandplace.com\\\/?product=machine-a-laver-astech-7kg-mlv70b-n7inv-lc-inverter#primaryimage\"},\"image\":{\"@id\":\"https:\\\/\\\/www.sengrandplace.com\\\/?product=machine-a-laver-astech-7kg-mlv70b-n7inv-lc-inverter#primaryimage\"},\"thumbnailUrl\":\"https:\\\/\\\/www.sengrandplace.com\\\/wp-content\\\/uploads\\\/2025\\\/12\\\/Machine-a-laver-ASTECH-7KG-MLV70B-N7INV-LC-inverter.png\",\"datePublished\":\"2025-12-15T13:23:13+00:00\",\"breadcrumb\":{\"@id\":\"https:\\\/\\\/www.sengrandplace.com\\\/?product=machine-a-laver-astech-7kg-mlv70b-n7inv-lc-inverter#breadcrumb\"},\"inLanguage\":\"fr-FR\",\"potentialAction\":[{\"@type\":\"ReadAction\",\"target\":[\"https:\\\/\\\/www.sengrandplace.com\\\/?product=machine-a-laver-astech-7kg-mlv70b-n7inv-lc-inverter\"]}]},{\"@type\":\"ImageObject\",\"inLanguage\":\"fr-FR\",\"@id\":\"https:\\\/\\\/www.sengrandplace.com\\\/?product=machine-a-laver-astech-7kg-mlv70b-n7inv-lc-inverter#primaryimage\",\"url\":\"https:\\\/\\\/www.sengrandplace.com\\\/wp-content\\\/uploads\\\/2025\\\/12\\\/Machine-a-laver-ASTECH-7KG-MLV70B-N7INV-LC-inverter.png\",\"contentUrl\":\"https:\\\/\\\/www.sengrandplace.com\\\/wp-content\\\/uploads\\\/2025\\\/12\\\/Machine-a-laver-ASTECH-7KG-MLV70B-N7INV-LC-inverter.png\",\"width\":500,\"height\":500},{\"@type\":\"BreadcrumbList\",\"@id\":\"https:\\\/\\\/www.sengrandplace.com\\\/?product=machine-a-laver-astech-7kg-mlv70b-n7inv-lc-inverter#breadcrumb\",\"itemListElement\":[{\"@type\":\"ListItem\",\"position\":1,\"name\":\"Home\",\"item\":\"https:\\\/\\\/www.sengrandplace.com\\\/\"},{\"@type\":\"ListItem\",\"position\":2,\"name\":\"Shop\",\"item\":\"https:\\\/\\\/www.sengrandplace.com\\\/?page_id=11\"},{\"@type\":\"ListItem\",\"position\":3,\"name\":\"Machine a laver ASTECH 7KG MLV70B-N7INV-LC inverter\"}]},{\"@type\":\"WebSite\",\"@id\":\"https:\\\/\\\/www.sengrandplace.com\\\/#website\",\"url\":\"https:\\\/\\\/www.sengrandplace.com\\\/\",\"name\":\"Sen Grand Place Thi\u00e8s\",\"description\":\"La place qui vous revient.\",\"publisher\":{\"@id\":\"https:\\\/\\\/www.sengrandplace.com\\\/#organization\"},\"potentialAction\":[{\"@type\":\"SearchAction\",\"target\":{\"@type\":\"EntryPoint\",\"urlTemplate\":\"https:\\\/\\\/www.sengrandplace.com\\\/?s={search_term_string}\"},\"query-input\":{\"@type\":\"PropertyValueSpecification\",\"valueRequired\":true,\"valueName\":\"search_term_string\"}}],\"inLanguage\":\"fr-FR\"},{\"@type\":\"Organization\",\"@id\":\"https:\\\/\\\/www.sengrandplace.com\\\/#organization\",\"name\":\"Sen Grand Place Thi\u00e8s\",\"url\":\"https:\\\/\\\/www.sengrandplace.com\\\/\",\"logo\":{\"@type\":\"ImageObject\",\"inLanguage\":\"fr-FR\",\"@id\":\"https:\\\/\\\/www.sengrandplace.com\\\/#\\\/schema\\\/logo\\\/image\\\/\",\"url\":\"https:\\\/\\\/www.sengrandplace.com\\\/wp-content\\\/uploads\\\/2024\\\/01\\\/Logo_du_site-2.jpg\",\"contentUrl\":\"https:\\\/\\\/www.sengrandplace.com\\\/wp-content\\\/uploads\\\/2024\\\/01\\\/Logo_du_site-2.jpg\",\"width\":314,\"height\":98,\"caption\":\"Sen Grand Place Thi\u00e8s\"},\"image\":{\"@id\":\"https:\\\/\\\/www.sengrandplace.com\\\/#\\\/schema\\\/logo\\\/image\\\/\"}}]}<\/script>\n<!-- \/ Yoast SEO plugin. -->","yoast_head_json":{"title":"Machine a laver ASTECH 7KG MLV70B-N7INV-LC inverter - Sen Grand Place Thi\u00e8s","robots":{"index":"index","follow":"follow","max-snippet":"max-snippet:-1","max-image-preview":"max-image-preview:large","max-video-preview":"max-video-preview:-1"},"canonical":"https:\/\/www.sengrandplace.com\/?product=machine-a-laver-astech-7kg-mlv70b-n7inv-lc-inverter","og_locale":"fr_FR","og_type":"article","og_title":"Machine a laver ASTECH 7KG MLV70B-N7INV-LC inverter - Sen Grand Place Thi\u00e8s","og_description":"La machine \u00e0 laver ASTECH 7 kg allie performance et \u00e9conomie d\u2019\u00e9nergie (classe A+++), avec 16 programmes, moteur Inverter, vitesse d\u2019essorage 1400 tours\/min, d\u00e9part diff\u00e9r\u00e9 et finition gris moderne. Id\u00e9ale pour un lavage efficace et polyvalent.","og_url":"https:\/\/www.sengrandplace.com\/?product=machine-a-laver-astech-7kg-mlv70b-n7inv-lc-inverter","og_site_name":"Sen Grand Place Thi\u00e8s","og_image":[{"width":500,"height":500,"url":"https:\/\/www.sengrandplace.com\/wp-content\/uploads\/2025\/12\/Machine-a-laver-ASTECH-7KG-MLV70B-N7INV-LC-inverter.png","type":"image\/png"}],"twitter_card":"summary_large_image","twitter_misc":{"Dur\u00e9e de lecture estim\u00e9e":"1 minute"},"schema":{"@context":"https:\/\/schema.org","@graph":[{"@type":"WebPage","@id":"https:\/\/www.sengrandplace.com\/?product=machine-a-laver-astech-7kg-mlv70b-n7inv-lc-inverter","url":"https:\/\/www.sengrandplace.com\/?product=machine-a-laver-astech-7kg-mlv70b-n7inv-lc-inverter","name":"Machine a laver ASTECH 7KG MLV70B-N7INV-LC inverter - Sen Grand Place Thi\u00e8s","isPartOf":{"@id":"https:\/\/www.sengrandplace.com\/#website"},"primaryImageOfPage":{"@id":"https:\/\/www.sengrandplace.com\/?product=machine-a-laver-astech-7kg-mlv70b-n7inv-lc-inverter#primaryimage"},"image":{"@id":"https:\/\/www.sengrandplace.com\/?product=machine-a-laver-astech-7kg-mlv70b-n7inv-lc-inverter#primaryimage"},"thumbnailUrl":"https:\/\/www.sengrandplace.com\/wp-content\/uploads\/2025\/12\/Machine-a-laver-ASTECH-7KG-MLV70B-N7INV-LC-inverter.png","datePublished":"2025-12-15T13:23:13+00:00","breadcrumb":{"@id":"https:\/\/www.sengrandplace.com\/?product=machine-a-laver-astech-7kg-mlv70b-n7inv-lc-inverter#breadcrumb"},"inLanguage":"fr-FR","potentialAction":[{"@type":"ReadAction","target":["https:\/\/www.sengrandplace.com\/?product=machine-a-laver-astech-7kg-mlv70b-n7inv-lc-inverter"]}]},{"@type":"ImageObject","inLanguage":"fr-FR","@id":"https:\/\/www.sengrandplace.com\/?product=machine-a-laver-astech-7kg-mlv70b-n7inv-lc-inverter#primaryimage","url":"https:\/\/www.sengrandplace.com\/wp-content\/uploads\/2025\/12\/Machine-a-laver-ASTECH-7KG-MLV70B-N7INV-LC-inverter.png","contentUrl":"https:\/\/www.sengrandplace.com\/wp-content\/uploads\/2025\/12\/Machine-a-laver-ASTECH-7KG-MLV70B-N7INV-LC-inverter.png","width":500,"height":500},{"@type":"BreadcrumbList","@id":"https:\/\/www.sengrandplace.com\/?product=machine-a-laver-astech-7kg-mlv70b-n7inv-lc-inverter#breadcrumb","itemListElement":[{"@type":"ListItem","position":1,"name":"Home","item":"https:\/\/www.sengrandplace.com\/"},{"@type":"ListItem","position":2,"name":"Shop","item":"https:\/\/www.sengrandplace.com\/?page_id=11"},{"@type":"ListItem","position":3,"name":"Machine a laver ASTECH 7KG MLV70B-N7INV-LC inverter"}]},{"@type":"WebSite","@id":"https:\/\/www.sengrandplace.com\/#website","url":"https:\/\/www.sengrandplace.com\/","name":"Sen Grand Place Thi\u00e8s","description":"La place qui vous revient.","publisher":{"@id":"https:\/\/www.sengrandplace.com\/#organization"},"potentialAction":[{"@type":"SearchAction","target":{"@type":"EntryPoint","urlTemplate":"https:\/\/www.sengrandplace.com\/?s={search_term_string}"},"query-input":{"@type":"PropertyValueSpecification","valueRequired":true,"valueName":"search_term_string"}}],"inLanguage":"fr-FR"},{"@type":"Organization","@id":"https:\/\/www.sengrandplace.com\/#organization","name":"Sen Grand Place Thi\u00e8s","url":"https:\/\/www.sengrandplace.com\/","logo":{"@type":"ImageObject","inLanguage":"fr-FR","@id":"https:\/\/www.sengrandplace.com\/#\/schema\/logo\/image\/","url":"https:\/\/www.sengrandplace.com\/wp-content\/uploads\/2024\/01\/Logo_du_site-2.jpg","contentUrl":"https:\/\/www.sengrandplace.com\/wp-content\/uploads\/2024\/01\/Logo_du_site-2.jpg","width":314,"height":98,"caption":"Sen Grand Place Thi\u00e8s"},"image":{"@id":"https:\/\/www.sengrandplace.com\/#\/schema\/logo\/image\/"}}]}},"_links":{"self":[{"href":"https:\/\/www.sengrandplace.com\/index.php?rest_route=\/wp\/v2\/product\/11004","targetHints":{"allow":["GET"]}}],"collection":[{"href":"https:\/\/www.sengrandplace.com\/index.php?rest_route=\/wp\/v2\/product"}],"about":[{"href":"https:\/\/www.sengrandplace.com\/index.php?rest_route=\/wp\/v2\/types\/product"}],"replies":[{"embeddable":true,"href":"https:\/\/www.sengrandplace.com\/index.php?rest_route=%2Fwp%2Fv2%2Fcomments&post=11004"}],"version-history":[{"count":1,"href":"https:\/\/www.sengrandplace.com\/index.php?rest_route=\/wp\/v2\/product\/11004\/revisions"}],"predecessor-version":[{"id":11006,"href":"https:\/\/www.sengrandplace.com\/index.php?rest_route=\/wp\/v2\/product\/11004\/revisions\/11006"}],"wp:featuredmedia":[{"embeddable":true,"href":"https:\/\/www.sengrandplace.com\/index.php?rest_route=\/wp\/v2\/media\/11005"}],"wp:attachment":[{"href":"https:\/\/www.sengrandplace.com\/index.php?rest_route=%2Fwp%2Fv2%2Fmedia&parent=11004"}],"wp:term":[{"taxonomy":"product_brand","embeddable":true,"href":"https:\/\/www.sengrandplace.com\/index.php?rest_route=%2Fwp%2Fv2%2Fproduct_brand&post=11004"},{"taxonomy":"product_cat","embeddable":true,"href":"https:\/\/www.sengrandplace.com\/index.php?rest_route=%2Fwp%2Fv2%2Fproduct_cat&post=11004"},{"taxonomy":"product_tag","embeddable":true,"href":"https:\/\/www.sengrandplace.com\/index.php?rest_route=%2Fwp%2Fv2%2Fproduct_tag&post=11004"}],"curies":[{"name":"wp","href":"https:\/\/api.w.org\/{rel}","templated":true}]}}