{"id":11219,"date":"2025-12-16T17:10:52","date_gmt":"2025-12-16T17:10:52","guid":{"rendered":"https:\/\/www.sengrandplace.com\/?post_type=product&#038;p=11219"},"modified":"2025-12-16T17:10:53","modified_gmt":"2025-12-16T17:10:53","slug":"tondeuse-a-cheveux-rechargeable-winning-star-st-5621-3w-etanche-ipx6","status":"publish","type":"product","link":"https:\/\/www.sengrandplace.com\/?product=tondeuse-a-cheveux-rechargeable-winning-star-st-5621-3w-etanche-ipx6","title":{"rendered":"Tondeuse \u00e0 cheveux rechargeable WINNING STAR ST-5621 \u2013 3W \u00c9tanche IPX6"},"content":{"rendered":"<p data-start=\"570\" data-end=\"898\">La <strong data-start=\"573\" data-end=\"597\">WINNING STAR ST-5621<\/strong> est une tondeuse \u00e0 cheveux <strong data-start=\"625\" data-end=\"666\">rechargeable, compacte et ergonomique<\/strong>, con\u00e7ue pour offrir une <strong data-start=\"691\" data-end=\"731\">exp\u00e9rience de coupe s\u00fbre et pratique<\/strong>. Sa puissance de <strong data-start=\"749\" data-end=\"755\">2W<\/strong> et son interface <strong data-start=\"773\" data-end=\"783\">TYPE-C<\/strong> permettent une charge rapide en seulement <strong data-start=\"826\" data-end=\"839\">1,5 heure<\/strong>, offrant jusqu\u2019\u00e0 <strong data-start=\"857\" data-end=\"895\">120 minutes d\u2019utilisation continue<\/strong>.<\/p>\n<p data-start=\"900\" data-end=\"1343\">Cette tondeuse est \u00e9quip\u00e9e de multiples fonctionnalit\u00e9s intelligentes pour faciliter l\u2019usage quotidien : <strong data-start=\"1005\" data-end=\"1054\">protection contre la surcharge et la d\u00e9charge<\/strong>, <strong data-start=\"1056\" data-end=\"1077\">affichage digital<\/strong>, <strong data-start=\"1079\" data-end=\"1094\">plug &amp; play<\/strong>, rappel de batterie faible et pleine, rappel de lubrification, verrouillage de voyage et protection contre les surtensions. Sa <strong data-start=\"1222\" data-end=\"1244\">norme \u00e9tanche IPX6<\/strong> garantit un nettoyage facile et une utilisation s\u00e9curis\u00e9e avec de l\u2019eau ou de la mousse de rasage.<\/p>\n<p data-start=\"1345\" data-end=\"1568\">Compacte et portable, la ST-5621 est parfaite pour les voyages ou pour un usage domestique, offrant <strong data-start=\"1445\" data-end=\"1480\">fiabilit\u00e9, pr\u00e9cision et confort<\/strong>. Elle combine technologie moderne et praticit\u00e9 pour un rasage et une coupe impeccables.<\/p>\n<hr data-start=\"1570\" data-end=\"1573\" \/>\n<h3 data-start=\"1575\" data-end=\"1610\"><strong data-start=\"1579\" data-end=\"1610\">Caract\u00e9ristiques techniques<\/strong><\/h3>\n<ul data-start=\"1611\" data-end=\"2262\">\n<li data-start=\"1611\" data-end=\"1640\">\n<p data-start=\"1613\" data-end=\"1640\"><strong data-start=\"1613\" data-end=\"1623\">Marque<\/strong> : WINNING STAR<\/p>\n<\/li>\n<li data-start=\"1641\" data-end=\"1665\">\n<p data-start=\"1643\" data-end=\"1665\"><strong data-start=\"1643\" data-end=\"1653\">Mod\u00e8le<\/strong> : ST-5621<\/p>\n<\/li>\n<li data-start=\"1666\" data-end=\"1723\">\n<p data-start=\"1668\" data-end=\"1723\"><strong data-start=\"1668\" data-end=\"1687\">Type de produit<\/strong> : Tondeuse \u00e0 cheveux rechargeable<\/p>\n<\/li>\n<li data-start=\"1724\" data-end=\"1746\">\n<p data-start=\"1726\" data-end=\"1746\"><strong data-start=\"1726\" data-end=\"1739\">Puissance<\/strong> : 2W<\/p>\n<\/li>\n<li data-start=\"1747\" data-end=\"1770\">\n<p data-start=\"1749\" data-end=\"1770\"><strong data-start=\"1749\" data-end=\"1760\">Tension<\/strong> : DC 5V<\/p>\n<\/li>\n<li data-start=\"1771\" data-end=\"1806\">\n<p data-start=\"1773\" data-end=\"1806\"><strong data-start=\"1773\" data-end=\"1792\">Temps de charge<\/strong> : 1,5 heure<\/p>\n<\/li>\n<li data-start=\"1807\" data-end=\"1852\">\n<p data-start=\"1809\" data-end=\"1852\"><strong data-start=\"1809\" data-end=\"1836\">Autonomie d\u2019utilisation<\/strong> : 120 minutes<\/p>\n<\/li>\n<li data-start=\"1853\" data-end=\"1889\">\n<p data-start=\"1855\" data-end=\"1889\"><strong data-start=\"1855\" data-end=\"1878\">Interface de charge<\/strong> : TYPE-C<\/p>\n<\/li>\n<li data-start=\"1890\" data-end=\"2146\">\n<p data-start=\"1892\" data-end=\"1923\"><strong data-start=\"1892\" data-end=\"1919\">Protection et fonctions<\/strong> :<\/p>\n<ul data-start=\"1926\" data-end=\"2146\">\n<li data-start=\"1926\" data-end=\"1975\">\n<p data-start=\"1928\" data-end=\"1975\">Protection contre la surcharge et la d\u00e9charge<\/p>\n<\/li>\n<li data-start=\"1978\" data-end=\"1999\">\n<p data-start=\"1980\" data-end=\"1999\">Affichage digital<\/p>\n<\/li>\n<li data-start=\"2002\" data-end=\"2017\">\n<p data-start=\"2004\" data-end=\"2017\">Plug &amp; play<\/p>\n<\/li>\n<li data-start=\"2020\" data-end=\"2055\">\n<p data-start=\"2022\" data-end=\"2055\">Rappel batterie faible \/ pleine<\/p>\n<\/li>\n<li data-start=\"2058\" data-end=\"2082\">\n<p data-start=\"2060\" data-end=\"2082\">Rappel lubrification<\/p>\n<\/li>\n<li data-start=\"2085\" data-end=\"2111\">\n<p data-start=\"2087\" data-end=\"2111\">Verrouillage de voyage<\/p>\n<\/li>\n<li data-start=\"2114\" data-end=\"2146\">\n<p data-start=\"2116\" data-end=\"2146\">Protection contre surtension<\/p>\n<\/li>\n<\/ul>\n<\/li>\n<li data-start=\"2147\" data-end=\"2172\">\n<p data-start=\"2149\" data-end=\"2172\"><strong data-start=\"2149\" data-end=\"2163\">\u00c9tanch\u00e9it\u00e9<\/strong> : IPX6<\/p>\n<\/li>\n<li data-start=\"2173\" data-end=\"2217\">\n<p data-start=\"2175\" data-end=\"2217\"><strong data-start=\"2175\" data-end=\"2194\">Conditionnement<\/strong> : 60 pi\u00e8ces \/ carton<\/p>\n<\/li>\n<li data-start=\"2218\" data-end=\"2236\">\n<p data-start=\"2220\" data-end=\"2236\"><strong data-start=\"2220\" data-end=\"2227\">MOQ<\/strong> : 2000<\/p>\n<\/li>\n<li data-start=\"2237\" data-end=\"2262\">\n<p data-start=\"2239\" data-end=\"2262\"><strong data-start=\"2239\" data-end=\"2252\">CBM \/ CTN<\/strong> : 0.058<\/p>\n<\/li>\n<\/ul>\n","protected":false},"excerpt":{"rendered":"<p>La tondeuse WINNING STAR ST-5621 combine recharge rapide, autonomie de 120 minutes et \u00e9tanch\u00e9it\u00e9 IPX6. Avec affichage digital et protections avanc\u00e9es, elle est id\u00e9ale pour un usage domestique ou en d\u00e9placement.<\/p>\n","protected":false},"featured_media":11223,"comment_status":"open","ping_status":"closed","template":"","meta":[],"product_brand":[],"product_cat":[310],"product_tag":[],"class_list":{"0":"post-11219","1":"product","2":"type-product","3":"status-publish","4":"has-post-thumbnail","6":"product_cat-tondeuse","8":"first","9":"instock","10":"shipping-taxable","11":"product-type-simple"},"yoast_head":"<!-- This site is optimized with the Yoast SEO plugin v27.4 - https:\/\/yoast.com\/product\/yoast-seo-wordpress\/ -->\n<title>Tondeuse \u00e0 cheveux rechargeable WINNING STAR ST-5621 \u2013 3W \u00c9tanche IPX6 - Sen Grand Place Thi\u00e8s<\/title>\n<meta name=\"robots\" content=\"index, follow, max-snippet:-1, max-image-preview:large, max-video-preview:-1\" \/>\n<link rel=\"canonical\" href=\"https:\/\/www.sengrandplace.com\/?product=tondeuse-a-cheveux-rechargeable-winning-star-st-5621-3w-etanche-ipx6\" \/>\n<meta property=\"og:locale\" content=\"fr_FR\" \/>\n<meta property=\"og:type\" content=\"article\" \/>\n<meta property=\"og:title\" content=\"Tondeuse \u00e0 cheveux rechargeable WINNING STAR ST-5621 \u2013 3W \u00c9tanche IPX6 - Sen Grand Place Thi\u00e8s\" \/>\n<meta property=\"og:description\" content=\"La tondeuse WINNING STAR ST-5621 combine recharge rapide, autonomie de 120 minutes et \u00e9tanch\u00e9it\u00e9 IPX6. Avec affichage digital et protections avanc\u00e9es, elle est id\u00e9ale pour un usage domestique ou en d\u00e9placement.\" \/>\n<meta property=\"og:url\" content=\"https:\/\/www.sengrandplace.com\/?product=tondeuse-a-cheveux-rechargeable-winning-star-st-5621-3w-etanche-ipx6\" \/>\n<meta property=\"og:site_name\" content=\"Sen Grand Place Thi\u00e8s\" \/>\n<meta property=\"article:modified_time\" content=\"2025-12-16T17:10:53+00:00\" \/>\n<meta property=\"og:image\" content=\"https:\/\/www.sengrandplace.com\/wp-content\/uploads\/2025\/12\/Tondeuse-a-cheveux-rechargeable-WINNING-STAR-ST-5621-\u2013-3W-Etanche-IPX6-1.jpg\" \/>\n\t<meta property=\"og:image:width\" content=\"320\" \/>\n\t<meta property=\"og:image:height\" content=\"320\" \/>\n\t<meta property=\"og:image:type\" content=\"image\/jpeg\" \/>\n<meta name=\"twitter:card\" content=\"summary_large_image\" \/>\n<meta name=\"twitter:label1\" content=\"Dur\u00e9e de lecture estim\u00e9e\" \/>\n\t<meta name=\"twitter:data1\" content=\"2 minutes\" \/>\n<script type=\"application\/ld+json\" class=\"yoast-schema-graph\">{\"@context\":\"https:\\\/\\\/schema.org\",\"@graph\":[{\"@type\":\"WebPage\",\"@id\":\"https:\\\/\\\/www.sengrandplace.com\\\/?product=tondeuse-a-cheveux-rechargeable-winning-star-st-5621-3w-etanche-ipx6\",\"url\":\"https:\\\/\\\/www.sengrandplace.com\\\/?product=tondeuse-a-cheveux-rechargeable-winning-star-st-5621-3w-etanche-ipx6\",\"name\":\"Tondeuse \u00e0 cheveux rechargeable WINNING STAR ST-5621 \u2013 3W \u00c9tanche IPX6 - Sen Grand Place Thi\u00e8s\",\"isPartOf\":{\"@id\":\"https:\\\/\\\/www.sengrandplace.com\\\/#website\"},\"primaryImageOfPage\":{\"@id\":\"https:\\\/\\\/www.sengrandplace.com\\\/?product=tondeuse-a-cheveux-rechargeable-winning-star-st-5621-3w-etanche-ipx6#primaryimage\"},\"image\":{\"@id\":\"https:\\\/\\\/www.sengrandplace.com\\\/?product=tondeuse-a-cheveux-rechargeable-winning-star-st-5621-3w-etanche-ipx6#primaryimage\"},\"thumbnailUrl\":\"https:\\\/\\\/www.sengrandplace.com\\\/wp-content\\\/uploads\\\/2025\\\/12\\\/Tondeuse-a-cheveux-rechargeable-WINNING-STAR-ST-5621-\u2013-3W-Etanche-IPX6-1.jpg\",\"datePublished\":\"2025-12-16T17:10:52+00:00\",\"dateModified\":\"2025-12-16T17:10:53+00:00\",\"breadcrumb\":{\"@id\":\"https:\\\/\\\/www.sengrandplace.com\\\/?product=tondeuse-a-cheveux-rechargeable-winning-star-st-5621-3w-etanche-ipx6#breadcrumb\"},\"inLanguage\":\"fr-FR\",\"potentialAction\":[{\"@type\":\"ReadAction\",\"target\":[\"https:\\\/\\\/www.sengrandplace.com\\\/?product=tondeuse-a-cheveux-rechargeable-winning-star-st-5621-3w-etanche-ipx6\"]}]},{\"@type\":\"ImageObject\",\"inLanguage\":\"fr-FR\",\"@id\":\"https:\\\/\\\/www.sengrandplace.com\\\/?product=tondeuse-a-cheveux-rechargeable-winning-star-st-5621-3w-etanche-ipx6#primaryimage\",\"url\":\"https:\\\/\\\/www.sengrandplace.com\\\/wp-content\\\/uploads\\\/2025\\\/12\\\/Tondeuse-a-cheveux-rechargeable-WINNING-STAR-ST-5621-\u2013-3W-Etanche-IPX6-1.jpg\",\"contentUrl\":\"https:\\\/\\\/www.sengrandplace.com\\\/wp-content\\\/uploads\\\/2025\\\/12\\\/Tondeuse-a-cheveux-rechargeable-WINNING-STAR-ST-5621-\u2013-3W-Etanche-IPX6-1.jpg\",\"width\":320,\"height\":320},{\"@type\":\"BreadcrumbList\",\"@id\":\"https:\\\/\\\/www.sengrandplace.com\\\/?product=tondeuse-a-cheveux-rechargeable-winning-star-st-5621-3w-etanche-ipx6#breadcrumb\",\"itemListElement\":[{\"@type\":\"ListItem\",\"position\":1,\"name\":\"Home\",\"item\":\"https:\\\/\\\/www.sengrandplace.com\\\/\"},{\"@type\":\"ListItem\",\"position\":2,\"name\":\"Shop\",\"item\":\"https:\\\/\\\/www.sengrandplace.com\\\/?page_id=11\"},{\"@type\":\"ListItem\",\"position\":3,\"name\":\"Tondeuse \u00e0 cheveux rechargeable WINNING STAR ST-5621 \u2013 3W \u00c9tanche IPX6\"}]},{\"@type\":\"WebSite\",\"@id\":\"https:\\\/\\\/www.sengrandplace.com\\\/#website\",\"url\":\"https:\\\/\\\/www.sengrandplace.com\\\/\",\"name\":\"Sen Grand Place Thi\u00e8s\",\"description\":\"La place qui vous revient.\",\"publisher\":{\"@id\":\"https:\\\/\\\/www.sengrandplace.com\\\/#organization\"},\"potentialAction\":[{\"@type\":\"SearchAction\",\"target\":{\"@type\":\"EntryPoint\",\"urlTemplate\":\"https:\\\/\\\/www.sengrandplace.com\\\/?s={search_term_string}\"},\"query-input\":{\"@type\":\"PropertyValueSpecification\",\"valueRequired\":true,\"valueName\":\"search_term_string\"}}],\"inLanguage\":\"fr-FR\"},{\"@type\":\"Organization\",\"@id\":\"https:\\\/\\\/www.sengrandplace.com\\\/#organization\",\"name\":\"Sen Grand Place Thi\u00e8s\",\"url\":\"https:\\\/\\\/www.sengrandplace.com\\\/\",\"logo\":{\"@type\":\"ImageObject\",\"inLanguage\":\"fr-FR\",\"@id\":\"https:\\\/\\\/www.sengrandplace.com\\\/#\\\/schema\\\/logo\\\/image\\\/\",\"url\":\"https:\\\/\\\/www.sengrandplace.com\\\/wp-content\\\/uploads\\\/2024\\\/01\\\/Logo_du_site-2.jpg\",\"contentUrl\":\"https:\\\/\\\/www.sengrandplace.com\\\/wp-content\\\/uploads\\\/2024\\\/01\\\/Logo_du_site-2.jpg\",\"width\":314,\"height\":98,\"caption\":\"Sen Grand Place Thi\u00e8s\"},\"image\":{\"@id\":\"https:\\\/\\\/www.sengrandplace.com\\\/#\\\/schema\\\/logo\\\/image\\\/\"}}]}<\/script>\n<!-- \/ Yoast SEO plugin. -->","yoast_head_json":{"title":"Tondeuse \u00e0 cheveux rechargeable WINNING STAR ST-5621 \u2013 3W \u00c9tanche IPX6 - Sen Grand Place Thi\u00e8s","robots":{"index":"index","follow":"follow","max-snippet":"max-snippet:-1","max-image-preview":"max-image-preview:large","max-video-preview":"max-video-preview:-1"},"canonical":"https:\/\/www.sengrandplace.com\/?product=tondeuse-a-cheveux-rechargeable-winning-star-st-5621-3w-etanche-ipx6","og_locale":"fr_FR","og_type":"article","og_title":"Tondeuse \u00e0 cheveux rechargeable WINNING STAR ST-5621 \u2013 3W \u00c9tanche IPX6 - Sen Grand Place Thi\u00e8s","og_description":"La tondeuse WINNING STAR ST-5621 combine recharge rapide, autonomie de 120 minutes et \u00e9tanch\u00e9it\u00e9 IPX6. Avec affichage digital et protections avanc\u00e9es, elle est id\u00e9ale pour un usage domestique ou en d\u00e9placement.","og_url":"https:\/\/www.sengrandplace.com\/?product=tondeuse-a-cheveux-rechargeable-winning-star-st-5621-3w-etanche-ipx6","og_site_name":"Sen Grand Place Thi\u00e8s","article_modified_time":"2025-12-16T17:10:53+00:00","og_image":[{"width":320,"height":320,"url":"https:\/\/www.sengrandplace.com\/wp-content\/uploads\/2025\/12\/Tondeuse-a-cheveux-rechargeable-WINNING-STAR-ST-5621-\u2013-3W-Etanche-IPX6-1.jpg","type":"image\/jpeg"}],"twitter_card":"summary_large_image","twitter_misc":{"Dur\u00e9e de lecture estim\u00e9e":"2 minutes"},"schema":{"@context":"https:\/\/schema.org","@graph":[{"@type":"WebPage","@id":"https:\/\/www.sengrandplace.com\/?product=tondeuse-a-cheveux-rechargeable-winning-star-st-5621-3w-etanche-ipx6","url":"https:\/\/www.sengrandplace.com\/?product=tondeuse-a-cheveux-rechargeable-winning-star-st-5621-3w-etanche-ipx6","name":"Tondeuse \u00e0 cheveux rechargeable WINNING STAR ST-5621 \u2013 3W \u00c9tanche IPX6 - Sen Grand Place Thi\u00e8s","isPartOf":{"@id":"https:\/\/www.sengrandplace.com\/#website"},"primaryImageOfPage":{"@id":"https:\/\/www.sengrandplace.com\/?product=tondeuse-a-cheveux-rechargeable-winning-star-st-5621-3w-etanche-ipx6#primaryimage"},"image":{"@id":"https:\/\/www.sengrandplace.com\/?product=tondeuse-a-cheveux-rechargeable-winning-star-st-5621-3w-etanche-ipx6#primaryimage"},"thumbnailUrl":"https:\/\/www.sengrandplace.com\/wp-content\/uploads\/2025\/12\/Tondeuse-a-cheveux-rechargeable-WINNING-STAR-ST-5621-\u2013-3W-Etanche-IPX6-1.jpg","datePublished":"2025-12-16T17:10:52+00:00","dateModified":"2025-12-16T17:10:53+00:00","breadcrumb":{"@id":"https:\/\/www.sengrandplace.com\/?product=tondeuse-a-cheveux-rechargeable-winning-star-st-5621-3w-etanche-ipx6#breadcrumb"},"inLanguage":"fr-FR","potentialAction":[{"@type":"ReadAction","target":["https:\/\/www.sengrandplace.com\/?product=tondeuse-a-cheveux-rechargeable-winning-star-st-5621-3w-etanche-ipx6"]}]},{"@type":"ImageObject","inLanguage":"fr-FR","@id":"https:\/\/www.sengrandplace.com\/?product=tondeuse-a-cheveux-rechargeable-winning-star-st-5621-3w-etanche-ipx6#primaryimage","url":"https:\/\/www.sengrandplace.com\/wp-content\/uploads\/2025\/12\/Tondeuse-a-cheveux-rechargeable-WINNING-STAR-ST-5621-\u2013-3W-Etanche-IPX6-1.jpg","contentUrl":"https:\/\/www.sengrandplace.com\/wp-content\/uploads\/2025\/12\/Tondeuse-a-cheveux-rechargeable-WINNING-STAR-ST-5621-\u2013-3W-Etanche-IPX6-1.jpg","width":320,"height":320},{"@type":"BreadcrumbList","@id":"https:\/\/www.sengrandplace.com\/?product=tondeuse-a-cheveux-rechargeable-winning-star-st-5621-3w-etanche-ipx6#breadcrumb","itemListElement":[{"@type":"ListItem","position":1,"name":"Home","item":"https:\/\/www.sengrandplace.com\/"},{"@type":"ListItem","position":2,"name":"Shop","item":"https:\/\/www.sengrandplace.com\/?page_id=11"},{"@type":"ListItem","position":3,"name":"Tondeuse \u00e0 cheveux rechargeable WINNING STAR ST-5621 \u2013 3W \u00c9tanche IPX6"}]},{"@type":"WebSite","@id":"https:\/\/www.sengrandplace.com\/#website","url":"https:\/\/www.sengrandplace.com\/","name":"Sen Grand Place Thi\u00e8s","description":"La place qui vous revient.","publisher":{"@id":"https:\/\/www.sengrandplace.com\/#organization"},"potentialAction":[{"@type":"SearchAction","target":{"@type":"EntryPoint","urlTemplate":"https:\/\/www.sengrandplace.com\/?s={search_term_string}"},"query-input":{"@type":"PropertyValueSpecification","valueRequired":true,"valueName":"search_term_string"}}],"inLanguage":"fr-FR"},{"@type":"Organization","@id":"https:\/\/www.sengrandplace.com\/#organization","name":"Sen Grand Place Thi\u00e8s","url":"https:\/\/www.sengrandplace.com\/","logo":{"@type":"ImageObject","inLanguage":"fr-FR","@id":"https:\/\/www.sengrandplace.com\/#\/schema\/logo\/image\/","url":"https:\/\/www.sengrandplace.com\/wp-content\/uploads\/2024\/01\/Logo_du_site-2.jpg","contentUrl":"https:\/\/www.sengrandplace.com\/wp-content\/uploads\/2024\/01\/Logo_du_site-2.jpg","width":314,"height":98,"caption":"Sen Grand Place Thi\u00e8s"},"image":{"@id":"https:\/\/www.sengrandplace.com\/#\/schema\/logo\/image\/"}}]}},"_links":{"self":[{"href":"https:\/\/www.sengrandplace.com\/index.php?rest_route=\/wp\/v2\/product\/11219","targetHints":{"allow":["GET"]}}],"collection":[{"href":"https:\/\/www.sengrandplace.com\/index.php?rest_route=\/wp\/v2\/product"}],"about":[{"href":"https:\/\/www.sengrandplace.com\/index.php?rest_route=\/wp\/v2\/types\/product"}],"replies":[{"embeddable":true,"href":"https:\/\/www.sengrandplace.com\/index.php?rest_route=%2Fwp%2Fv2%2Fcomments&post=11219"}],"version-history":[{"count":1,"href":"https:\/\/www.sengrandplace.com\/index.php?rest_route=\/wp\/v2\/product\/11219\/revisions"}],"predecessor-version":[{"id":11225,"href":"https:\/\/www.sengrandplace.com\/index.php?rest_route=\/wp\/v2\/product\/11219\/revisions\/11225"}],"wp:featuredmedia":[{"embeddable":true,"href":"https:\/\/www.sengrandplace.com\/index.php?rest_route=\/wp\/v2\/media\/11223"}],"wp:attachment":[{"href":"https:\/\/www.sengrandplace.com\/index.php?rest_route=%2Fwp%2Fv2%2Fmedia&parent=11219"}],"wp:term":[{"taxonomy":"product_brand","embeddable":true,"href":"https:\/\/www.sengrandplace.com\/index.php?rest_route=%2Fwp%2Fv2%2Fproduct_brand&post=11219"},{"taxonomy":"product_cat","embeddable":true,"href":"https:\/\/www.sengrandplace.com\/index.php?rest_route=%2Fwp%2Fv2%2Fproduct_cat&post=11219"},{"taxonomy":"product_tag","embeddable":true,"href":"https:\/\/www.sengrandplace.com\/index.php?rest_route=%2Fwp%2Fv2%2Fproduct_tag&post=11219"}],"curies":[{"name":"wp","href":"https:\/\/api.w.org\/{rel}","templated":true}]}}