{"id":11243,"date":"2025-12-17T09:40:54","date_gmt":"2025-12-17T09:40:54","guid":{"rendered":"https:\/\/www.sengrandplace.com\/?post_type=product&#038;p=11243"},"modified":"2025-12-17T09:40:55","modified_gmt":"2025-12-17T09:40:55","slug":"cafetiere-electrique-a-filtre-en-acier-inoxydable-winning-star-st-9708-12-l","status":"publish","type":"product","link":"https:\/\/www.sengrandplace.com\/?product=cafetiere-electrique-a-filtre-en-acier-inoxydable-winning-star-st-9708-12-l","title":{"rendered":"Cafeti\u00e8re \u00e9lectrique \u00e0 filtre en acier inoxydable WINNING STAR ST-9708 \u2013 1,2 L"},"content":{"rendered":"<p data-start=\"591\" data-end=\"885\">La <strong data-start=\"594\" data-end=\"618\">WINNING STAR ST-9708<\/strong> est une cafeti\u00e8re \u00e9lectrique \u00e0 filtre con\u00e7ue pour les amateurs de caf\u00e9 recherchant <strong data-start=\"702\" data-end=\"742\">simplicit\u00e9, performance et fiabilit\u00e9<\/strong>. Gr\u00e2ce \u00e0 sa puissance comprise entre <strong data-start=\"780\" data-end=\"797\">850 et 1000 W<\/strong>, elle assure une pr\u00e9paration rapide et homog\u00e8ne du caf\u00e9, tout en pr\u00e9servant les ar\u00f4mes.<\/p>\n<p data-start=\"887\" data-end=\"1195\">Dot\u00e9e d\u2019une <strong data-start=\"899\" data-end=\"924\">capacit\u00e9 de 1,2 litre<\/strong>, elle permet de pr\u00e9parer plusieurs tasses en une seule utilisation, id\u00e9ale pour la maison ou le bureau. Sa <strong data-start=\"1032\" data-end=\"1065\">structure en acier inoxydable<\/strong> garantit une excellente r\u00e9sistance \u00e0 la chaleur et une longue dur\u00e9e de vie, tout en apportant une touche moderne \u00e0 votre cuisine.<\/p>\n<p data-start=\"1197\" data-end=\"1352\">Compacte et facile \u00e0 utiliser, la ST-9708 est parfaitement adapt\u00e9e \u00e0 un usage quotidien, offrant un caf\u00e9 chaud, savoureux et constant \u00e0 chaque pr\u00e9paration.<\/p>\n<hr data-start=\"1354\" data-end=\"1357\" \/>\n<h3 data-start=\"1359\" data-end=\"1394\"><strong data-start=\"1363\" data-end=\"1394\">Caract\u00e9ristiques techniques<\/strong><\/h3>\n<ul data-start=\"1395\" data-end=\"1772\">\n<li data-start=\"1395\" data-end=\"1424\">\n<p data-start=\"1397\" data-end=\"1424\"><strong data-start=\"1397\" data-end=\"1407\">Marque<\/strong> : WINNING STAR<\/p>\n<\/li>\n<li data-start=\"1425\" data-end=\"1449\">\n<p data-start=\"1427\" data-end=\"1449\"><strong data-start=\"1427\" data-end=\"1437\">Mod\u00e8le<\/strong> : ST-9708<\/p>\n<\/li>\n<li data-start=\"1450\" data-end=\"1505\">\n<p data-start=\"1452\" data-end=\"1505\"><strong data-start=\"1452\" data-end=\"1471\">Type de produit<\/strong> : Cafeti\u00e8re \u00e9lectrique \u00e0 filtre<\/p>\n<\/li>\n<li data-start=\"1506\" data-end=\"1538\">\n<p data-start=\"1508\" data-end=\"1538\"><strong data-start=\"1508\" data-end=\"1521\">Puissance<\/strong> : 850 \u2013 1000 W<\/p>\n<\/li>\n<li data-start=\"1539\" data-end=\"1563\">\n<p data-start=\"1541\" data-end=\"1563\"><strong data-start=\"1541\" data-end=\"1553\">Capacit\u00e9<\/strong> : 1,2 L<\/p>\n<\/li>\n<li data-start=\"1564\" data-end=\"1599\">\n<p data-start=\"1566\" data-end=\"1599\"><strong data-start=\"1566\" data-end=\"1578\">Mat\u00e9riau<\/strong> : Acier inoxydable<\/p>\n<\/li>\n<li data-start=\"1600\" data-end=\"1632\">\n<p data-start=\"1602\" data-end=\"1632\"><strong data-start=\"1602\" data-end=\"1613\">Tension<\/strong> : AC 220 \u2013 240 V<\/p>\n<\/li>\n<li data-start=\"1633\" data-end=\"1683\">\n<p data-start=\"1635\" data-end=\"1683\"><strong data-start=\"1635\" data-end=\"1660\">Dimensions du produit<\/strong> : 185 \u00d7 206 \u00d7 345 mm<\/p>\n<\/li>\n<li data-start=\"1684\" data-end=\"1727\">\n<p data-start=\"1686\" data-end=\"1727\"><strong data-start=\"1686\" data-end=\"1705\">Conditionnement<\/strong> : 4 pi\u00e8ces \/ carton<\/p>\n<\/li>\n<li data-start=\"1728\" data-end=\"1746\">\n<p data-start=\"1730\" data-end=\"1746\"><strong data-start=\"1730\" data-end=\"1737\">MOQ<\/strong> : 2000<\/p>\n<\/li>\n<li data-start=\"1747\" data-end=\"1772\">\n<p data-start=\"1749\" data-end=\"1772\"><strong data-start=\"1749\" data-end=\"1762\">CBM \/ CTN<\/strong> : 0.123<\/p>\n<\/li>\n<\/ul>\n","protected":false},"excerpt":{"rendered":"<p>La cafeti\u00e8re WINNING STAR ST-9708 offre une puissance jusqu\u2019\u00e0 <strong data-start=\"388\" data-end=\"398\">1000 W<\/strong> et une capacit\u00e9 de <strong data-start=\"418\" data-end=\"431\">1,2 litre<\/strong>, id\u00e9ale pour pr\u00e9parer un caf\u00e9 chaud et savoureux au quotidien. Son design en acier inoxydable allie \u00e9l\u00e9gance et durabilit\u00e9.<\/p>\n","protected":false},"featured_media":11245,"comment_status":"open","ping_status":"closed","template":"","meta":[],"product_brand":[],"product_cat":[312],"product_tag":[],"class_list":{"0":"post-11243","1":"product","2":"type-product","3":"status-publish","4":"has-post-thumbnail","6":"product_cat-machine-cafe","8":"first","9":"instock","10":"shipping-taxable","11":"product-type-simple"},"yoast_head":"<!-- This site is optimized with the Yoast SEO plugin v27.3 - https:\/\/yoast.com\/product\/yoast-seo-wordpress\/ -->\n<title>Cafeti\u00e8re \u00e9lectrique \u00e0 filtre en acier inoxydable WINNING STAR ST-9708 \u2013 1,2 L - Sen Grand Place Thi\u00e8s<\/title>\n<meta name=\"robots\" content=\"index, follow, max-snippet:-1, max-image-preview:large, max-video-preview:-1\" \/>\n<link rel=\"canonical\" href=\"https:\/\/www.sengrandplace.com\/?product=cafetiere-electrique-a-filtre-en-acier-inoxydable-winning-star-st-9708-12-l\" \/>\n<meta property=\"og:locale\" content=\"fr_FR\" \/>\n<meta property=\"og:type\" content=\"article\" \/>\n<meta property=\"og:title\" content=\"Cafeti\u00e8re \u00e9lectrique \u00e0 filtre en acier inoxydable WINNING STAR ST-9708 \u2013 1,2 L - Sen Grand Place Thi\u00e8s\" \/>\n<meta property=\"og:description\" content=\"La cafeti\u00e8re WINNING STAR ST-9708 offre une puissance jusqu\u2019\u00e0 1000 W et une capacit\u00e9 de 1,2 litre, id\u00e9ale pour pr\u00e9parer un caf\u00e9 chaud et savoureux au quotidien. Son design en acier inoxydable allie \u00e9l\u00e9gance et durabilit\u00e9.\" \/>\n<meta property=\"og:url\" content=\"https:\/\/www.sengrandplace.com\/?product=cafetiere-electrique-a-filtre-en-acier-inoxydable-winning-star-st-9708-12-l\" \/>\n<meta property=\"og:site_name\" content=\"Sen Grand Place Thi\u00e8s\" \/>\n<meta property=\"article:modified_time\" content=\"2025-12-17T09:40:55+00:00\" \/>\n<meta property=\"og:image\" content=\"https:\/\/www.sengrandplace.com\/wp-content\/uploads\/2025\/12\/Cafetiere-electrique-a-filtre-en-acier-inoxydable-WINNING-STAR-ST-9708-\u2013-12-L-2.jpg\" \/>\n\t<meta property=\"og:image:width\" content=\"320\" \/>\n\t<meta property=\"og:image:height\" content=\"320\" \/>\n\t<meta property=\"og:image:type\" content=\"image\/jpeg\" \/>\n<meta name=\"twitter:card\" content=\"summary_large_image\" \/>\n<meta name=\"twitter:label1\" content=\"Dur\u00e9e de lecture estim\u00e9e\" \/>\n\t<meta name=\"twitter:data1\" content=\"2 minutes\" \/>\n<script type=\"application\/ld+json\" class=\"yoast-schema-graph\">{\"@context\":\"https:\\\/\\\/schema.org\",\"@graph\":[{\"@type\":\"WebPage\",\"@id\":\"https:\\\/\\\/www.sengrandplace.com\\\/?product=cafetiere-electrique-a-filtre-en-acier-inoxydable-winning-star-st-9708-12-l\",\"url\":\"https:\\\/\\\/www.sengrandplace.com\\\/?product=cafetiere-electrique-a-filtre-en-acier-inoxydable-winning-star-st-9708-12-l\",\"name\":\"Cafeti\u00e8re \u00e9lectrique \u00e0 filtre en acier inoxydable WINNING STAR ST-9708 \u2013 1,2 L - Sen Grand Place Thi\u00e8s\",\"isPartOf\":{\"@id\":\"https:\\\/\\\/www.sengrandplace.com\\\/#website\"},\"primaryImageOfPage\":{\"@id\":\"https:\\\/\\\/www.sengrandplace.com\\\/?product=cafetiere-electrique-a-filtre-en-acier-inoxydable-winning-star-st-9708-12-l#primaryimage\"},\"image\":{\"@id\":\"https:\\\/\\\/www.sengrandplace.com\\\/?product=cafetiere-electrique-a-filtre-en-acier-inoxydable-winning-star-st-9708-12-l#primaryimage\"},\"thumbnailUrl\":\"https:\\\/\\\/www.sengrandplace.com\\\/wp-content\\\/uploads\\\/2025\\\/12\\\/Cafetiere-electrique-a-filtre-en-acier-inoxydable-WINNING-STAR-ST-9708-\u2013-12-L-2.jpg\",\"datePublished\":\"2025-12-17T09:40:54+00:00\",\"dateModified\":\"2025-12-17T09:40:55+00:00\",\"breadcrumb\":{\"@id\":\"https:\\\/\\\/www.sengrandplace.com\\\/?product=cafetiere-electrique-a-filtre-en-acier-inoxydable-winning-star-st-9708-12-l#breadcrumb\"},\"inLanguage\":\"fr-FR\",\"potentialAction\":[{\"@type\":\"ReadAction\",\"target\":[\"https:\\\/\\\/www.sengrandplace.com\\\/?product=cafetiere-electrique-a-filtre-en-acier-inoxydable-winning-star-st-9708-12-l\"]}]},{\"@type\":\"ImageObject\",\"inLanguage\":\"fr-FR\",\"@id\":\"https:\\\/\\\/www.sengrandplace.com\\\/?product=cafetiere-electrique-a-filtre-en-acier-inoxydable-winning-star-st-9708-12-l#primaryimage\",\"url\":\"https:\\\/\\\/www.sengrandplace.com\\\/wp-content\\\/uploads\\\/2025\\\/12\\\/Cafetiere-electrique-a-filtre-en-acier-inoxydable-WINNING-STAR-ST-9708-\u2013-12-L-2.jpg\",\"contentUrl\":\"https:\\\/\\\/www.sengrandplace.com\\\/wp-content\\\/uploads\\\/2025\\\/12\\\/Cafetiere-electrique-a-filtre-en-acier-inoxydable-WINNING-STAR-ST-9708-\u2013-12-L-2.jpg\",\"width\":320,\"height\":320},{\"@type\":\"BreadcrumbList\",\"@id\":\"https:\\\/\\\/www.sengrandplace.com\\\/?product=cafetiere-electrique-a-filtre-en-acier-inoxydable-winning-star-st-9708-12-l#breadcrumb\",\"itemListElement\":[{\"@type\":\"ListItem\",\"position\":1,\"name\":\"Home\",\"item\":\"https:\\\/\\\/www.sengrandplace.com\\\/\"},{\"@type\":\"ListItem\",\"position\":2,\"name\":\"Shop\",\"item\":\"https:\\\/\\\/www.sengrandplace.com\\\/?page_id=11\"},{\"@type\":\"ListItem\",\"position\":3,\"name\":\"Cafeti\u00e8re \u00e9lectrique \u00e0 filtre en acier inoxydable WINNING STAR ST-9708 \u2013 1,2 L\"}]},{\"@type\":\"WebSite\",\"@id\":\"https:\\\/\\\/www.sengrandplace.com\\\/#website\",\"url\":\"https:\\\/\\\/www.sengrandplace.com\\\/\",\"name\":\"Sen Grand Place Thi\u00e8s\",\"description\":\"La place qui vous revient.\",\"publisher\":{\"@id\":\"https:\\\/\\\/www.sengrandplace.com\\\/#organization\"},\"potentialAction\":[{\"@type\":\"SearchAction\",\"target\":{\"@type\":\"EntryPoint\",\"urlTemplate\":\"https:\\\/\\\/www.sengrandplace.com\\\/?s={search_term_string}\"},\"query-input\":{\"@type\":\"PropertyValueSpecification\",\"valueRequired\":true,\"valueName\":\"search_term_string\"}}],\"inLanguage\":\"fr-FR\"},{\"@type\":\"Organization\",\"@id\":\"https:\\\/\\\/www.sengrandplace.com\\\/#organization\",\"name\":\"Sen Grand Place Thi\u00e8s\",\"url\":\"https:\\\/\\\/www.sengrandplace.com\\\/\",\"logo\":{\"@type\":\"ImageObject\",\"inLanguage\":\"fr-FR\",\"@id\":\"https:\\\/\\\/www.sengrandplace.com\\\/#\\\/schema\\\/logo\\\/image\\\/\",\"url\":\"https:\\\/\\\/www.sengrandplace.com\\\/wp-content\\\/uploads\\\/2024\\\/01\\\/Logo_du_site-2.jpg\",\"contentUrl\":\"https:\\\/\\\/www.sengrandplace.com\\\/wp-content\\\/uploads\\\/2024\\\/01\\\/Logo_du_site-2.jpg\",\"width\":314,\"height\":98,\"caption\":\"Sen Grand Place Thi\u00e8s\"},\"image\":{\"@id\":\"https:\\\/\\\/www.sengrandplace.com\\\/#\\\/schema\\\/logo\\\/image\\\/\"}}]}<\/script>\n<!-- \/ Yoast SEO plugin. -->","yoast_head_json":{"title":"Cafeti\u00e8re \u00e9lectrique \u00e0 filtre en acier inoxydable WINNING STAR ST-9708 \u2013 1,2 L - Sen Grand Place Thi\u00e8s","robots":{"index":"index","follow":"follow","max-snippet":"max-snippet:-1","max-image-preview":"max-image-preview:large","max-video-preview":"max-video-preview:-1"},"canonical":"https:\/\/www.sengrandplace.com\/?product=cafetiere-electrique-a-filtre-en-acier-inoxydable-winning-star-st-9708-12-l","og_locale":"fr_FR","og_type":"article","og_title":"Cafeti\u00e8re \u00e9lectrique \u00e0 filtre en acier inoxydable WINNING STAR ST-9708 \u2013 1,2 L - Sen Grand Place Thi\u00e8s","og_description":"La cafeti\u00e8re WINNING STAR ST-9708 offre une puissance jusqu\u2019\u00e0 1000 W et une capacit\u00e9 de 1,2 litre, id\u00e9ale pour pr\u00e9parer un caf\u00e9 chaud et savoureux au quotidien. Son design en acier inoxydable allie \u00e9l\u00e9gance et durabilit\u00e9.","og_url":"https:\/\/www.sengrandplace.com\/?product=cafetiere-electrique-a-filtre-en-acier-inoxydable-winning-star-st-9708-12-l","og_site_name":"Sen Grand Place Thi\u00e8s","article_modified_time":"2025-12-17T09:40:55+00:00","og_image":[{"width":320,"height":320,"url":"https:\/\/www.sengrandplace.com\/wp-content\/uploads\/2025\/12\/Cafetiere-electrique-a-filtre-en-acier-inoxydable-WINNING-STAR-ST-9708-\u2013-12-L-2.jpg","type":"image\/jpeg"}],"twitter_card":"summary_large_image","twitter_misc":{"Dur\u00e9e de lecture estim\u00e9e":"2 minutes"},"schema":{"@context":"https:\/\/schema.org","@graph":[{"@type":"WebPage","@id":"https:\/\/www.sengrandplace.com\/?product=cafetiere-electrique-a-filtre-en-acier-inoxydable-winning-star-st-9708-12-l","url":"https:\/\/www.sengrandplace.com\/?product=cafetiere-electrique-a-filtre-en-acier-inoxydable-winning-star-st-9708-12-l","name":"Cafeti\u00e8re \u00e9lectrique \u00e0 filtre en acier inoxydable WINNING STAR ST-9708 \u2013 1,2 L - Sen Grand Place Thi\u00e8s","isPartOf":{"@id":"https:\/\/www.sengrandplace.com\/#website"},"primaryImageOfPage":{"@id":"https:\/\/www.sengrandplace.com\/?product=cafetiere-electrique-a-filtre-en-acier-inoxydable-winning-star-st-9708-12-l#primaryimage"},"image":{"@id":"https:\/\/www.sengrandplace.com\/?product=cafetiere-electrique-a-filtre-en-acier-inoxydable-winning-star-st-9708-12-l#primaryimage"},"thumbnailUrl":"https:\/\/www.sengrandplace.com\/wp-content\/uploads\/2025\/12\/Cafetiere-electrique-a-filtre-en-acier-inoxydable-WINNING-STAR-ST-9708-\u2013-12-L-2.jpg","datePublished":"2025-12-17T09:40:54+00:00","dateModified":"2025-12-17T09:40:55+00:00","breadcrumb":{"@id":"https:\/\/www.sengrandplace.com\/?product=cafetiere-electrique-a-filtre-en-acier-inoxydable-winning-star-st-9708-12-l#breadcrumb"},"inLanguage":"fr-FR","potentialAction":[{"@type":"ReadAction","target":["https:\/\/www.sengrandplace.com\/?product=cafetiere-electrique-a-filtre-en-acier-inoxydable-winning-star-st-9708-12-l"]}]},{"@type":"ImageObject","inLanguage":"fr-FR","@id":"https:\/\/www.sengrandplace.com\/?product=cafetiere-electrique-a-filtre-en-acier-inoxydable-winning-star-st-9708-12-l#primaryimage","url":"https:\/\/www.sengrandplace.com\/wp-content\/uploads\/2025\/12\/Cafetiere-electrique-a-filtre-en-acier-inoxydable-WINNING-STAR-ST-9708-\u2013-12-L-2.jpg","contentUrl":"https:\/\/www.sengrandplace.com\/wp-content\/uploads\/2025\/12\/Cafetiere-electrique-a-filtre-en-acier-inoxydable-WINNING-STAR-ST-9708-\u2013-12-L-2.jpg","width":320,"height":320},{"@type":"BreadcrumbList","@id":"https:\/\/www.sengrandplace.com\/?product=cafetiere-electrique-a-filtre-en-acier-inoxydable-winning-star-st-9708-12-l#breadcrumb","itemListElement":[{"@type":"ListItem","position":1,"name":"Home","item":"https:\/\/www.sengrandplace.com\/"},{"@type":"ListItem","position":2,"name":"Shop","item":"https:\/\/www.sengrandplace.com\/?page_id=11"},{"@type":"ListItem","position":3,"name":"Cafeti\u00e8re \u00e9lectrique \u00e0 filtre en acier inoxydable WINNING STAR ST-9708 \u2013 1,2 L"}]},{"@type":"WebSite","@id":"https:\/\/www.sengrandplace.com\/#website","url":"https:\/\/www.sengrandplace.com\/","name":"Sen Grand Place Thi\u00e8s","description":"La place qui vous revient.","publisher":{"@id":"https:\/\/www.sengrandplace.com\/#organization"},"potentialAction":[{"@type":"SearchAction","target":{"@type":"EntryPoint","urlTemplate":"https:\/\/www.sengrandplace.com\/?s={search_term_string}"},"query-input":{"@type":"PropertyValueSpecification","valueRequired":true,"valueName":"search_term_string"}}],"inLanguage":"fr-FR"},{"@type":"Organization","@id":"https:\/\/www.sengrandplace.com\/#organization","name":"Sen Grand Place Thi\u00e8s","url":"https:\/\/www.sengrandplace.com\/","logo":{"@type":"ImageObject","inLanguage":"fr-FR","@id":"https:\/\/www.sengrandplace.com\/#\/schema\/logo\/image\/","url":"https:\/\/www.sengrandplace.com\/wp-content\/uploads\/2024\/01\/Logo_du_site-2.jpg","contentUrl":"https:\/\/www.sengrandplace.com\/wp-content\/uploads\/2024\/01\/Logo_du_site-2.jpg","width":314,"height":98,"caption":"Sen Grand Place Thi\u00e8s"},"image":{"@id":"https:\/\/www.sengrandplace.com\/#\/schema\/logo\/image\/"}}]}},"_links":{"self":[{"href":"https:\/\/www.sengrandplace.com\/index.php?rest_route=\/wp\/v2\/product\/11243","targetHints":{"allow":["GET"]}}],"collection":[{"href":"https:\/\/www.sengrandplace.com\/index.php?rest_route=\/wp\/v2\/product"}],"about":[{"href":"https:\/\/www.sengrandplace.com\/index.php?rest_route=\/wp\/v2\/types\/product"}],"replies":[{"embeddable":true,"href":"https:\/\/www.sengrandplace.com\/index.php?rest_route=%2Fwp%2Fv2%2Fcomments&post=11243"}],"version-history":[{"count":1,"href":"https:\/\/www.sengrandplace.com\/index.php?rest_route=\/wp\/v2\/product\/11243\/revisions"}],"predecessor-version":[{"id":11248,"href":"https:\/\/www.sengrandplace.com\/index.php?rest_route=\/wp\/v2\/product\/11243\/revisions\/11248"}],"wp:featuredmedia":[{"embeddable":true,"href":"https:\/\/www.sengrandplace.com\/index.php?rest_route=\/wp\/v2\/media\/11245"}],"wp:attachment":[{"href":"https:\/\/www.sengrandplace.com\/index.php?rest_route=%2Fwp%2Fv2%2Fmedia&parent=11243"}],"wp:term":[{"taxonomy":"product_brand","embeddable":true,"href":"https:\/\/www.sengrandplace.com\/index.php?rest_route=%2Fwp%2Fv2%2Fproduct_brand&post=11243"},{"taxonomy":"product_cat","embeddable":true,"href":"https:\/\/www.sengrandplace.com\/index.php?rest_route=%2Fwp%2Fv2%2Fproduct_cat&post=11243"},{"taxonomy":"product_tag","embeddable":true,"href":"https:\/\/www.sengrandplace.com\/index.php?rest_route=%2Fwp%2Fv2%2Fproduct_tag&post=11243"}],"curies":[{"name":"wp","href":"https:\/\/api.w.org\/{rel}","templated":true}]}}