{"id":11255,"date":"2025-12-17T09:52:12","date_gmt":"2025-12-17T09:52:12","guid":{"rendered":"https:\/\/www.sengrandplace.com\/?post_type=product&#038;p=11255"},"modified":"2025-12-17T09:52:13","modified_gmt":"2025-12-17T09:52:13","slug":"machine-a-expresso-winning-star-st-9702-850-w-capacite-16-l","status":"publish","type":"product","link":"https:\/\/www.sengrandplace.com\/?product=machine-a-expresso-winning-star-st-9702-850-w-capacite-16-l","title":{"rendered":"Machine \u00e0 expresso WINNING STAR ST-9702 \u2013 850 W \u2013 Capacit\u00e9 1,6 L"},"content":{"rendered":"<p data-start=\"603\" data-end=\"872\">La <strong data-start=\"606\" data-end=\"630\">WINNING STAR ST-9702<\/strong> est une machine \u00e0 caf\u00e9 expresso con\u00e7ue pour offrir une exp\u00e9rience caf\u00e9 compl\u00e8te \u00e0 domicile. Dot\u00e9e d\u2019une puissance de <strong data-start=\"748\" data-end=\"757\">850 W<\/strong> et d\u2019un r\u00e9servoir de <strong data-start=\"779\" data-end=\"792\">1,6 litre<\/strong>, elle permet de pr\u00e9parer facilement plusieurs tasses sans remplissage fr\u00e9quent.<\/p>\n<p data-start=\"874\" data-end=\"1190\">Son <strong data-start=\"878\" data-end=\"913\">syst\u00e8me de commande par boutons<\/strong> garantit une utilisation simple et intuitive. Cette machine est compatible avec le <strong data-start=\"997\" data-end=\"1011\">caf\u00e9 moulu<\/strong>, permettant l\u2019extraction d\u2019un expresso intense et savoureux. La <strong data-start=\"1076\" data-end=\"1104\">fonction vapeur int\u00e9gr\u00e9e<\/strong> est id\u00e9ale pour faire mousser le lait et r\u00e9aliser des cappuccinos ou lattes onctueux.<\/p>\n<p data-start=\"1192\" data-end=\"1587\">Pratique et bien pens\u00e9e, la ST-9702 dispose d\u2019une <strong data-start=\"1242\" data-end=\"1279\">surface sup\u00e9rieure chauffe-tasses<\/strong>, maintenant les tasses \u00e0 temp\u00e9rature pour pr\u00e9server les ar\u00f4mes du caf\u00e9. Sa structure en <strong data-start=\"1368\" data-end=\"1425\">plastique PP de haute qualit\u00e9 et acier inoxydable 304<\/strong> assure robustesse, durabilit\u00e9 et facilit\u00e9 d\u2019entretien. Son design moderne en <strong data-start=\"1503\" data-end=\"1538\">noir avec finitions m\u00e9talliques<\/strong> s\u2019int\u00e8gre parfaitement dans toutes les cuisines.<\/p>\n<hr data-start=\"1589\" data-end=\"1592\" \/>\n<h3 data-start=\"1594\" data-end=\"1629\"><strong data-start=\"1598\" data-end=\"1629\">Caract\u00e9ristiques techniques<\/strong><\/h3>\n<ul data-start=\"1630\" data-end=\"2311\">\n<li data-start=\"1630\" data-end=\"1659\">\n<p data-start=\"1632\" data-end=\"1659\"><strong data-start=\"1632\" data-end=\"1642\">Marque<\/strong> : WINNING STAR<\/p>\n<\/li>\n<li data-start=\"1660\" data-end=\"1684\">\n<p data-start=\"1662\" data-end=\"1684\"><strong data-start=\"1662\" data-end=\"1672\">Mod\u00e8le<\/strong> : ST-9702<\/p>\n<\/li>\n<li data-start=\"1685\" data-end=\"1729\">\n<p data-start=\"1687\" data-end=\"1729\"><strong data-start=\"1687\" data-end=\"1706\">Type de produit<\/strong> : Machine \u00e0 expresso<\/p>\n<\/li>\n<li data-start=\"1730\" data-end=\"1755\">\n<p data-start=\"1732\" data-end=\"1755\"><strong data-start=\"1732\" data-end=\"1745\">Puissance<\/strong> : 850 W<\/p>\n<\/li>\n<li data-start=\"1756\" data-end=\"1788\">\n<p data-start=\"1758\" data-end=\"1788\"><strong data-start=\"1758\" data-end=\"1769\">Tension<\/strong> : AC 220 \u2013 240 V<\/p>\n<\/li>\n<li data-start=\"1789\" data-end=\"1821\">\n<p data-start=\"1791\" data-end=\"1821\"><strong data-start=\"1791\" data-end=\"1808\">Type de prise<\/strong> : BS \/ VDE<\/p>\n<\/li>\n<li data-start=\"1822\" data-end=\"1861\">\n<p data-start=\"1824\" data-end=\"1861\"><strong data-start=\"1824\" data-end=\"1849\">Capacit\u00e9 du r\u00e9servoir<\/strong> : 1600 ml<\/p>\n<\/li>\n<li data-start=\"1862\" data-end=\"1899\">\n<p data-start=\"1864\" data-end=\"1899\"><strong data-start=\"1864\" data-end=\"1887\">M\u00e9thode de contr\u00f4le<\/strong> : Boutons<\/p>\n<\/li>\n<li data-start=\"1900\" data-end=\"2034\">\n<p data-start=\"1902\" data-end=\"1919\"><strong data-start=\"1902\" data-end=\"1915\">Fonctions<\/strong> :<\/p>\n<ul data-start=\"1922\" data-end=\"2034\">\n<li data-start=\"1922\" data-end=\"1964\">\n<p data-start=\"1924\" data-end=\"1964\">Pr\u00e9paration d\u2019expresso avec caf\u00e9 moulu<\/p>\n<\/li>\n<li data-start=\"1967\" data-end=\"1997\">\n<p data-start=\"1969\" data-end=\"1997\">Vapeur pour mousse de lait<\/p>\n<\/li>\n<li data-start=\"2000\" data-end=\"2034\">\n<p data-start=\"2002\" data-end=\"2034\">Plateau chauffe-tasses int\u00e9gr\u00e9<\/p>\n<\/li>\n<\/ul>\n<\/li>\n<li data-start=\"2035\" data-end=\"2090\">\n<p data-start=\"2037\" data-end=\"2090\"><strong data-start=\"2037\" data-end=\"2050\">Mat\u00e9riaux<\/strong> : Plastique PP + acier inoxydable 304<\/p>\n<\/li>\n<li data-start=\"2091\" data-end=\"2140\">\n<p data-start=\"2093\" data-end=\"2140\"><strong data-start=\"2093\" data-end=\"2104\">Couleur<\/strong> : Noir avec finitions m\u00e9talliques<\/p>\n<\/li>\n<li data-start=\"2141\" data-end=\"2174\">\n<p data-start=\"2143\" data-end=\"2174\"><strong data-start=\"2143\" data-end=\"2164\">Longueur du c\u00e2ble<\/strong> : 80 cm<\/p>\n<\/li>\n<li data-start=\"2175\" data-end=\"2222\">\n<p data-start=\"2177\" data-end=\"2222\"><strong data-start=\"2177\" data-end=\"2202\">Dimensions du produit<\/strong> : 30 \u00d7 24 \u00d7 30 cm<\/p>\n<\/li>\n<li data-start=\"2223\" data-end=\"2266\">\n<p data-start=\"2225\" data-end=\"2266\"><strong data-start=\"2225\" data-end=\"2244\">Conditionnement<\/strong> : 4 pi\u00e8ces \/ carton<\/p>\n<\/li>\n<li data-start=\"2267\" data-end=\"2285\">\n<p data-start=\"2269\" data-end=\"2285\"><strong data-start=\"2269\" data-end=\"2276\">MOQ<\/strong> : 1000<\/p>\n<\/li>\n<li data-start=\"2286\" data-end=\"2311\">\n<p data-start=\"2288\" data-end=\"2311\"><strong data-start=\"2288\" data-end=\"2301\">CBM \/ CTN<\/strong> : 0.127<\/p>\n<\/li>\n<\/ul>\n","protected":false},"excerpt":{"rendered":"<p>La machine \u00e0 expresso WINNING STAR ST-9702 permet de pr\u00e9parer des caf\u00e9s riches et aromatiques ainsi que des boissons lact\u00e9es gr\u00e2ce \u00e0 sa fonction vapeur. \u00c9l\u00e9gante et performante, elle est id\u00e9ale pour un usage domestique quotidien.<\/p>\n","protected":false},"featured_media":11256,"comment_status":"open","ping_status":"closed","template":"","meta":[],"product_brand":[],"product_cat":[312],"product_tag":[],"class_list":{"0":"post-11255","1":"product","2":"type-product","3":"status-publish","4":"has-post-thumbnail","6":"product_cat-machine-cafe","8":"first","9":"instock","10":"shipping-taxable","11":"product-type-simple"},"yoast_head":"<!-- This site is optimized with the Yoast SEO plugin v27.3 - https:\/\/yoast.com\/product\/yoast-seo-wordpress\/ -->\n<title>Machine \u00e0 expresso WINNING STAR ST-9702 \u2013 850 W \u2013 Capacit\u00e9 1,6 L - Sen Grand Place Thi\u00e8s<\/title>\n<meta name=\"robots\" content=\"index, follow, max-snippet:-1, max-image-preview:large, max-video-preview:-1\" \/>\n<link rel=\"canonical\" href=\"https:\/\/www.sengrandplace.com\/?product=machine-a-expresso-winning-star-st-9702-850-w-capacite-16-l\" \/>\n<meta property=\"og:locale\" content=\"fr_FR\" \/>\n<meta property=\"og:type\" content=\"article\" \/>\n<meta property=\"og:title\" content=\"Machine \u00e0 expresso WINNING STAR ST-9702 \u2013 850 W \u2013 Capacit\u00e9 1,6 L - Sen Grand Place Thi\u00e8s\" \/>\n<meta property=\"og:description\" content=\"La machine \u00e0 expresso WINNING STAR ST-9702 permet de pr\u00e9parer des caf\u00e9s riches et aromatiques ainsi que des boissons lact\u00e9es gr\u00e2ce \u00e0 sa fonction vapeur. \u00c9l\u00e9gante et performante, elle est id\u00e9ale pour un usage domestique quotidien.\" \/>\n<meta property=\"og:url\" content=\"https:\/\/www.sengrandplace.com\/?product=machine-a-expresso-winning-star-st-9702-850-w-capacite-16-l\" \/>\n<meta property=\"og:site_name\" content=\"Sen Grand Place Thi\u00e8s\" \/>\n<meta property=\"article:modified_time\" content=\"2025-12-17T09:52:13+00:00\" \/>\n<meta property=\"og:image\" content=\"https:\/\/www.sengrandplace.com\/wp-content\/uploads\/2025\/12\/Machine-a-expresso-WINNING-STAR-ST-9702-\u2013-850-W-\u2013-Capacite-16-L-1.jpg\" \/>\n\t<meta property=\"og:image:width\" content=\"320\" \/>\n\t<meta property=\"og:image:height\" content=\"320\" \/>\n\t<meta property=\"og:image:type\" content=\"image\/jpeg\" \/>\n<meta name=\"twitter:card\" content=\"summary_large_image\" \/>\n<meta name=\"twitter:label1\" content=\"Dur\u00e9e de lecture estim\u00e9e\" \/>\n\t<meta name=\"twitter:data1\" content=\"2 minutes\" \/>\n<script type=\"application\/ld+json\" class=\"yoast-schema-graph\">{\"@context\":\"https:\\\/\\\/schema.org\",\"@graph\":[{\"@type\":\"WebPage\",\"@id\":\"https:\\\/\\\/www.sengrandplace.com\\\/?product=machine-a-expresso-winning-star-st-9702-850-w-capacite-16-l\",\"url\":\"https:\\\/\\\/www.sengrandplace.com\\\/?product=machine-a-expresso-winning-star-st-9702-850-w-capacite-16-l\",\"name\":\"Machine \u00e0 expresso WINNING STAR ST-9702 \u2013 850 W \u2013 Capacit\u00e9 1,6 L - Sen Grand Place Thi\u00e8s\",\"isPartOf\":{\"@id\":\"https:\\\/\\\/www.sengrandplace.com\\\/#website\"},\"primaryImageOfPage\":{\"@id\":\"https:\\\/\\\/www.sengrandplace.com\\\/?product=machine-a-expresso-winning-star-st-9702-850-w-capacite-16-l#primaryimage\"},\"image\":{\"@id\":\"https:\\\/\\\/www.sengrandplace.com\\\/?product=machine-a-expresso-winning-star-st-9702-850-w-capacite-16-l#primaryimage\"},\"thumbnailUrl\":\"https:\\\/\\\/www.sengrandplace.com\\\/wp-content\\\/uploads\\\/2025\\\/12\\\/Machine-a-expresso-WINNING-STAR-ST-9702-\u2013-850-W-\u2013-Capacite-16-L-1.jpg\",\"datePublished\":\"2025-12-17T09:52:12+00:00\",\"dateModified\":\"2025-12-17T09:52:13+00:00\",\"breadcrumb\":{\"@id\":\"https:\\\/\\\/www.sengrandplace.com\\\/?product=machine-a-expresso-winning-star-st-9702-850-w-capacite-16-l#breadcrumb\"},\"inLanguage\":\"fr-FR\",\"potentialAction\":[{\"@type\":\"ReadAction\",\"target\":[\"https:\\\/\\\/www.sengrandplace.com\\\/?product=machine-a-expresso-winning-star-st-9702-850-w-capacite-16-l\"]}]},{\"@type\":\"ImageObject\",\"inLanguage\":\"fr-FR\",\"@id\":\"https:\\\/\\\/www.sengrandplace.com\\\/?product=machine-a-expresso-winning-star-st-9702-850-w-capacite-16-l#primaryimage\",\"url\":\"https:\\\/\\\/www.sengrandplace.com\\\/wp-content\\\/uploads\\\/2025\\\/12\\\/Machine-a-expresso-WINNING-STAR-ST-9702-\u2013-850-W-\u2013-Capacite-16-L-1.jpg\",\"contentUrl\":\"https:\\\/\\\/www.sengrandplace.com\\\/wp-content\\\/uploads\\\/2025\\\/12\\\/Machine-a-expresso-WINNING-STAR-ST-9702-\u2013-850-W-\u2013-Capacite-16-L-1.jpg\",\"width\":320,\"height\":320},{\"@type\":\"BreadcrumbList\",\"@id\":\"https:\\\/\\\/www.sengrandplace.com\\\/?product=machine-a-expresso-winning-star-st-9702-850-w-capacite-16-l#breadcrumb\",\"itemListElement\":[{\"@type\":\"ListItem\",\"position\":1,\"name\":\"Home\",\"item\":\"https:\\\/\\\/www.sengrandplace.com\\\/\"},{\"@type\":\"ListItem\",\"position\":2,\"name\":\"Shop\",\"item\":\"https:\\\/\\\/www.sengrandplace.com\\\/?page_id=11\"},{\"@type\":\"ListItem\",\"position\":3,\"name\":\"Machine \u00e0 expresso WINNING STAR ST-9702 \u2013 850 W \u2013 Capacit\u00e9 1,6 L\"}]},{\"@type\":\"WebSite\",\"@id\":\"https:\\\/\\\/www.sengrandplace.com\\\/#website\",\"url\":\"https:\\\/\\\/www.sengrandplace.com\\\/\",\"name\":\"Sen Grand Place Thi\u00e8s\",\"description\":\"La place qui vous revient.\",\"publisher\":{\"@id\":\"https:\\\/\\\/www.sengrandplace.com\\\/#organization\"},\"potentialAction\":[{\"@type\":\"SearchAction\",\"target\":{\"@type\":\"EntryPoint\",\"urlTemplate\":\"https:\\\/\\\/www.sengrandplace.com\\\/?s={search_term_string}\"},\"query-input\":{\"@type\":\"PropertyValueSpecification\",\"valueRequired\":true,\"valueName\":\"search_term_string\"}}],\"inLanguage\":\"fr-FR\"},{\"@type\":\"Organization\",\"@id\":\"https:\\\/\\\/www.sengrandplace.com\\\/#organization\",\"name\":\"Sen Grand Place Thi\u00e8s\",\"url\":\"https:\\\/\\\/www.sengrandplace.com\\\/\",\"logo\":{\"@type\":\"ImageObject\",\"inLanguage\":\"fr-FR\",\"@id\":\"https:\\\/\\\/www.sengrandplace.com\\\/#\\\/schema\\\/logo\\\/image\\\/\",\"url\":\"https:\\\/\\\/www.sengrandplace.com\\\/wp-content\\\/uploads\\\/2024\\\/01\\\/Logo_du_site-2.jpg\",\"contentUrl\":\"https:\\\/\\\/www.sengrandplace.com\\\/wp-content\\\/uploads\\\/2024\\\/01\\\/Logo_du_site-2.jpg\",\"width\":314,\"height\":98,\"caption\":\"Sen Grand Place Thi\u00e8s\"},\"image\":{\"@id\":\"https:\\\/\\\/www.sengrandplace.com\\\/#\\\/schema\\\/logo\\\/image\\\/\"}}]}<\/script>\n<!-- \/ Yoast SEO plugin. -->","yoast_head_json":{"title":"Machine \u00e0 expresso WINNING STAR ST-9702 \u2013 850 W \u2013 Capacit\u00e9 1,6 L - Sen Grand Place Thi\u00e8s","robots":{"index":"index","follow":"follow","max-snippet":"max-snippet:-1","max-image-preview":"max-image-preview:large","max-video-preview":"max-video-preview:-1"},"canonical":"https:\/\/www.sengrandplace.com\/?product=machine-a-expresso-winning-star-st-9702-850-w-capacite-16-l","og_locale":"fr_FR","og_type":"article","og_title":"Machine \u00e0 expresso WINNING STAR ST-9702 \u2013 850 W \u2013 Capacit\u00e9 1,6 L - Sen Grand Place Thi\u00e8s","og_description":"La machine \u00e0 expresso WINNING STAR ST-9702 permet de pr\u00e9parer des caf\u00e9s riches et aromatiques ainsi que des boissons lact\u00e9es gr\u00e2ce \u00e0 sa fonction vapeur. \u00c9l\u00e9gante et performante, elle est id\u00e9ale pour un usage domestique quotidien.","og_url":"https:\/\/www.sengrandplace.com\/?product=machine-a-expresso-winning-star-st-9702-850-w-capacite-16-l","og_site_name":"Sen Grand Place Thi\u00e8s","article_modified_time":"2025-12-17T09:52:13+00:00","og_image":[{"width":320,"height":320,"url":"https:\/\/www.sengrandplace.com\/wp-content\/uploads\/2025\/12\/Machine-a-expresso-WINNING-STAR-ST-9702-\u2013-850-W-\u2013-Capacite-16-L-1.jpg","type":"image\/jpeg"}],"twitter_card":"summary_large_image","twitter_misc":{"Dur\u00e9e de lecture estim\u00e9e":"2 minutes"},"schema":{"@context":"https:\/\/schema.org","@graph":[{"@type":"WebPage","@id":"https:\/\/www.sengrandplace.com\/?product=machine-a-expresso-winning-star-st-9702-850-w-capacite-16-l","url":"https:\/\/www.sengrandplace.com\/?product=machine-a-expresso-winning-star-st-9702-850-w-capacite-16-l","name":"Machine \u00e0 expresso WINNING STAR ST-9702 \u2013 850 W \u2013 Capacit\u00e9 1,6 L - Sen Grand Place Thi\u00e8s","isPartOf":{"@id":"https:\/\/www.sengrandplace.com\/#website"},"primaryImageOfPage":{"@id":"https:\/\/www.sengrandplace.com\/?product=machine-a-expresso-winning-star-st-9702-850-w-capacite-16-l#primaryimage"},"image":{"@id":"https:\/\/www.sengrandplace.com\/?product=machine-a-expresso-winning-star-st-9702-850-w-capacite-16-l#primaryimage"},"thumbnailUrl":"https:\/\/www.sengrandplace.com\/wp-content\/uploads\/2025\/12\/Machine-a-expresso-WINNING-STAR-ST-9702-\u2013-850-W-\u2013-Capacite-16-L-1.jpg","datePublished":"2025-12-17T09:52:12+00:00","dateModified":"2025-12-17T09:52:13+00:00","breadcrumb":{"@id":"https:\/\/www.sengrandplace.com\/?product=machine-a-expresso-winning-star-st-9702-850-w-capacite-16-l#breadcrumb"},"inLanguage":"fr-FR","potentialAction":[{"@type":"ReadAction","target":["https:\/\/www.sengrandplace.com\/?product=machine-a-expresso-winning-star-st-9702-850-w-capacite-16-l"]}]},{"@type":"ImageObject","inLanguage":"fr-FR","@id":"https:\/\/www.sengrandplace.com\/?product=machine-a-expresso-winning-star-st-9702-850-w-capacite-16-l#primaryimage","url":"https:\/\/www.sengrandplace.com\/wp-content\/uploads\/2025\/12\/Machine-a-expresso-WINNING-STAR-ST-9702-\u2013-850-W-\u2013-Capacite-16-L-1.jpg","contentUrl":"https:\/\/www.sengrandplace.com\/wp-content\/uploads\/2025\/12\/Machine-a-expresso-WINNING-STAR-ST-9702-\u2013-850-W-\u2013-Capacite-16-L-1.jpg","width":320,"height":320},{"@type":"BreadcrumbList","@id":"https:\/\/www.sengrandplace.com\/?product=machine-a-expresso-winning-star-st-9702-850-w-capacite-16-l#breadcrumb","itemListElement":[{"@type":"ListItem","position":1,"name":"Home","item":"https:\/\/www.sengrandplace.com\/"},{"@type":"ListItem","position":2,"name":"Shop","item":"https:\/\/www.sengrandplace.com\/?page_id=11"},{"@type":"ListItem","position":3,"name":"Machine \u00e0 expresso WINNING STAR ST-9702 \u2013 850 W \u2013 Capacit\u00e9 1,6 L"}]},{"@type":"WebSite","@id":"https:\/\/www.sengrandplace.com\/#website","url":"https:\/\/www.sengrandplace.com\/","name":"Sen Grand Place Thi\u00e8s","description":"La place qui vous revient.","publisher":{"@id":"https:\/\/www.sengrandplace.com\/#organization"},"potentialAction":[{"@type":"SearchAction","target":{"@type":"EntryPoint","urlTemplate":"https:\/\/www.sengrandplace.com\/?s={search_term_string}"},"query-input":{"@type":"PropertyValueSpecification","valueRequired":true,"valueName":"search_term_string"}}],"inLanguage":"fr-FR"},{"@type":"Organization","@id":"https:\/\/www.sengrandplace.com\/#organization","name":"Sen Grand Place Thi\u00e8s","url":"https:\/\/www.sengrandplace.com\/","logo":{"@type":"ImageObject","inLanguage":"fr-FR","@id":"https:\/\/www.sengrandplace.com\/#\/schema\/logo\/image\/","url":"https:\/\/www.sengrandplace.com\/wp-content\/uploads\/2024\/01\/Logo_du_site-2.jpg","contentUrl":"https:\/\/www.sengrandplace.com\/wp-content\/uploads\/2024\/01\/Logo_du_site-2.jpg","width":314,"height":98,"caption":"Sen Grand Place Thi\u00e8s"},"image":{"@id":"https:\/\/www.sengrandplace.com\/#\/schema\/logo\/image\/"}}]}},"_links":{"self":[{"href":"https:\/\/www.sengrandplace.com\/index.php?rest_route=\/wp\/v2\/product\/11255","targetHints":{"allow":["GET"]}}],"collection":[{"href":"https:\/\/www.sengrandplace.com\/index.php?rest_route=\/wp\/v2\/product"}],"about":[{"href":"https:\/\/www.sengrandplace.com\/index.php?rest_route=\/wp\/v2\/types\/product"}],"replies":[{"embeddable":true,"href":"https:\/\/www.sengrandplace.com\/index.php?rest_route=%2Fwp%2Fv2%2Fcomments&post=11255"}],"version-history":[{"count":1,"href":"https:\/\/www.sengrandplace.com\/index.php?rest_route=\/wp\/v2\/product\/11255\/revisions"}],"predecessor-version":[{"id":11261,"href":"https:\/\/www.sengrandplace.com\/index.php?rest_route=\/wp\/v2\/product\/11255\/revisions\/11261"}],"wp:featuredmedia":[{"embeddable":true,"href":"https:\/\/www.sengrandplace.com\/index.php?rest_route=\/wp\/v2\/media\/11256"}],"wp:attachment":[{"href":"https:\/\/www.sengrandplace.com\/index.php?rest_route=%2Fwp%2Fv2%2Fmedia&parent=11255"}],"wp:term":[{"taxonomy":"product_brand","embeddable":true,"href":"https:\/\/www.sengrandplace.com\/index.php?rest_route=%2Fwp%2Fv2%2Fproduct_brand&post=11255"},{"taxonomy":"product_cat","embeddable":true,"href":"https:\/\/www.sengrandplace.com\/index.php?rest_route=%2Fwp%2Fv2%2Fproduct_cat&post=11255"},{"taxonomy":"product_tag","embeddable":true,"href":"https:\/\/www.sengrandplace.com\/index.php?rest_route=%2Fwp%2Fv2%2Fproduct_tag&post=11255"}],"curies":[{"name":"wp","href":"https:\/\/api.w.org\/{rel}","templated":true}]}}