{"id":11493,"date":"2025-12-18T12:47:07","date_gmt":"2025-12-18T12:47:07","guid":{"rendered":"https:\/\/www.sengrandplace.com\/?post_type=product&#038;p=11493"},"modified":"2025-12-18T12:47:08","modified_gmt":"2025-12-18T12:47:08","slug":"ssd-externe-sandisk-extreme-portable-nvme-1to","status":"publish","type":"product","link":"https:\/\/www.sengrandplace.com\/?product=ssd-externe-sandisk-extreme-portable-nvme-1to","title":{"rendered":"SSD externe Sandisk Extreme\u00ae Portable NVMe 1To"},"content":{"rendered":"<p data-start=\"533\" data-end=\"965\">Le <strong data-start=\"536\" data-end=\"582\">SSD Externe SanDisk Extreme\u00ae Portable 1 To<\/strong> offre un <strong data-start=\"592\" data-end=\"632\">transfert de donn\u00e9es \u00e0 haute vitesse<\/strong> et des performances NVMe pour r\u00e9pondre aux besoins des photographes, vid\u00e9astes et professionnels cr\u00e9atifs. Avec une <strong data-start=\"749\" data-end=\"789\">vitesse de lecture jusqu\u2019\u00e0 1050 Mo\/s<\/strong> et une vitesse d\u2019\u00e9criture jusqu\u2019\u00e0 1000 Mo\/s, il permet de transf\u00e9rer, enregistrer et modifier facilement des fichiers volumineux comme des photos et vid\u00e9os haute r\u00e9solution.<\/p>\n<p data-start=\"967\" data-end=\"1465\">Sa conception robuste certifi\u00e9e <strong data-start=\"999\" data-end=\"1007\">IP55<\/strong> le prot\u00e8ge contre la pluie, les \u00e9claboussures, les d\u00e9versements et la poussi\u00e8re, tandis que sa r\u00e9sistance aux chutes jusqu\u2019\u00e0 <strong data-start=\"1133\" data-end=\"1145\">2 m\u00e8tres<\/strong> garantit la s\u00e9curit\u00e9 de vos donn\u00e9es lors de vos d\u00e9placements. Avec <strong data-start=\"1213\" data-end=\"1233\">1 To de capacit\u00e9<\/strong>, il est parfait pour stocker de longues s\u00e9ances photo, des portfolios ou des projets professionnels. Compact et l\u00e9ger, il tient facilement dans la main et fonctionne sur <strong data-start=\"1404\" data-end=\"1417\">PC et Mac<\/strong>, avec une garantie constructeur de <strong data-start=\"1453\" data-end=\"1462\">3 ans<\/strong>.<\/p>\n<hr data-start=\"1467\" data-end=\"1470\" \/>\n<h3 data-start=\"1472\" data-end=\"1507\"><strong data-start=\"1476\" data-end=\"1507\">Caract\u00e9ristiques techniques<\/strong><\/h3>\n<ul data-start=\"1508\" data-end=\"1927\">\n<li data-start=\"1508\" data-end=\"1532\">\n<p data-start=\"1510\" data-end=\"1532\"><strong data-start=\"1510\" data-end=\"1520\">Marque<\/strong> : SanDisk<\/p>\n<\/li>\n<li data-start=\"1533\" data-end=\"1605\">\n<p data-start=\"1535\" data-end=\"1605\"><strong data-start=\"1535\" data-end=\"1553\">Nom du produit<\/strong> : SSD Externe SanDisk Extreme\u00ae Portable NVMe 1 To<\/p>\n<\/li>\n<li data-start=\"1606\" data-end=\"1629\">\n<p data-start=\"1608\" data-end=\"1629\"><strong data-start=\"1608\" data-end=\"1620\">Capacit\u00e9<\/strong> : 1 To<\/p>\n<\/li>\n<li data-start=\"1630\" data-end=\"1663\">\n<p data-start=\"1632\" data-end=\"1663\"><strong data-start=\"1632\" data-end=\"1645\">Interface<\/strong> : USB 3.2 Gen 2<\/p>\n<\/li>\n<li data-start=\"1664\" data-end=\"1752\">\n<p data-start=\"1666\" data-end=\"1752\"><strong data-start=\"1666\" data-end=\"1696\">D\u00e9bit de transfert interne<\/strong> : Jusqu\u2019\u00e0 1050 Mo\/s en lecture, 1000 Mo\/s en \u00e9criture<\/p>\n<\/li>\n<li data-start=\"1753\" data-end=\"1845\">\n<p data-start=\"1755\" data-end=\"1845\"><strong data-start=\"1755\" data-end=\"1769\">R\u00e9sistance<\/strong> : \u00c9tanche et antipoussi\u00e8re IP55, protection contre les chutes jusqu\u2019\u00e0 2 m<\/p>\n<\/li>\n<li data-start=\"1846\" data-end=\"1879\">\n<p data-start=\"1848\" data-end=\"1879\"><strong data-start=\"1848\" data-end=\"1865\">Compatibilit\u00e9<\/strong> : PC et Mac<\/p>\n<\/li>\n<li data-start=\"1880\" data-end=\"1902\">\n<p data-start=\"1882\" data-end=\"1902\"><strong data-start=\"1882\" data-end=\"1893\">Couleur<\/strong> : Noir<\/p>\n<\/li>\n<li data-start=\"1903\" data-end=\"1927\">\n<p data-start=\"1905\" data-end=\"1927\"><strong data-start=\"1905\" data-end=\"1917\">Garantie<\/strong> : 3 ans<\/p>\n<\/li>\n<\/ul>\n<hr data-start=\"1929\" data-end=\"1932\" \/>\n<h3 data-start=\"1934\" data-end=\"1954\"><strong data-start=\"1938\" data-end=\"1954\">Points forts<\/strong><\/h3>\n<ul data-start=\"1955\" data-end=\"2216\">\n<li data-start=\"1955\" data-end=\"2017\">\n<p data-start=\"1957\" data-end=\"2017\">Vitesse de transfert ultra-rapide pour fichiers volumineux<\/p>\n<\/li>\n<li data-start=\"2018\" data-end=\"2051\">\n<p data-start=\"2020\" data-end=\"2051\">Stockage portable de <strong data-start=\"2041\" data-end=\"2049\">1 To<\/strong><\/p>\n<\/li>\n<li data-start=\"2052\" data-end=\"2102\">\n<p data-start=\"2054\" data-end=\"2102\">R\u00e9sistant aux chocs, \u00e0 l\u2019eau et \u00e0 la poussi\u00e8re<\/p>\n<\/li>\n<li data-start=\"2103\" data-end=\"2148\">\n<p data-start=\"2105\" data-end=\"2148\">Compact et l\u00e9ger pour un transport facile<\/p>\n<\/li>\n<li data-start=\"2149\" data-end=\"2216\">\n<p data-start=\"2151\" data-end=\"2216\">Id\u00e9al pour professionnels, cr\u00e9ateurs de contenu et photographes<\/p>\n<\/li>\n<\/ul>\n","protected":false},"excerpt":{"rendered":"<p data-start=\"265\" data-end=\"497\">Le SanDisk Extreme\u00ae 1 To est un SSD externe ultra-rapide et robuste, avec des vitesses de lecture allant jusqu\u2019\u00e0 1050 Mo\/s, une protection contre les chutes de 2 m\u00e8tres et une r\u00e9sistance \u00e0 l\u2019eau et \u00e0 la poussi\u00e8re (IP55).<\/p>\n","protected":false},"featured_media":11489,"comment_status":"open","ping_status":"closed","template":"","meta":[],"product_brand":[],"product_cat":[28],"product_tag":[],"class_list":{"0":"post-11493","1":"product","2":"type-product","3":"status-publish","4":"has-post-thumbnail","6":"product_cat-equipement-informatique","8":"first","9":"instock","10":"shipping-taxable","11":"product-type-simple"},"yoast_head":"<!-- This site is optimized with the Yoast SEO plugin v27.6 - https:\/\/yoast.com\/product\/yoast-seo-wordpress\/ -->\n<title>SSD externe Sandisk Extreme\u00ae Portable NVMe 1To - Sen Grand Place Thi\u00e8s<\/title>\n<meta name=\"robots\" content=\"index, follow, max-snippet:-1, max-image-preview:large, max-video-preview:-1\" \/>\n<link rel=\"canonical\" href=\"https:\/\/www.sengrandplace.com\/?product=ssd-externe-sandisk-extreme-portable-nvme-1to\" \/>\n<meta property=\"og:locale\" content=\"fr_FR\" \/>\n<meta property=\"og:type\" content=\"article\" \/>\n<meta property=\"og:title\" content=\"SSD externe Sandisk Extreme\u00ae Portable NVMe 1To - Sen Grand Place Thi\u00e8s\" \/>\n<meta property=\"og:description\" content=\"Le SanDisk Extreme\u00ae 1 To est un SSD externe ultra-rapide et robuste, avec des vitesses de lecture allant jusqu\u2019\u00e0 1050 Mo\/s, une protection contre les chutes de 2 m\u00e8tres et une r\u00e9sistance \u00e0 l\u2019eau et \u00e0 la poussi\u00e8re (IP55).\" \/>\n<meta property=\"og:url\" content=\"https:\/\/www.sengrandplace.com\/?product=ssd-externe-sandisk-extreme-portable-nvme-1to\" \/>\n<meta property=\"og:site_name\" content=\"Sen Grand Place Thi\u00e8s\" \/>\n<meta property=\"article:modified_time\" content=\"2025-12-18T12:47:08+00:00\" \/>\n<meta property=\"og:image\" content=\"https:\/\/www.sengrandplace.com\/wp-content\/uploads\/2025\/12\/SSD-Externe-SanDisk-Extreme\u00ae-2To-USB-3.2-Gen-2-Impermeable-antipoussiere-Noir.webp\" \/>\n\t<meta property=\"og:image:width\" content=\"700\" \/>\n\t<meta property=\"og:image:height\" content=\"700\" \/>\n\t<meta property=\"og:image:type\" content=\"image\/webp\" \/>\n<meta name=\"twitter:card\" content=\"summary_large_image\" \/>\n<meta name=\"twitter:label1\" content=\"Dur\u00e9e de lecture estim\u00e9e\" \/>\n\t<meta name=\"twitter:data1\" content=\"2 minutes\" \/>\n<script type=\"application\/ld+json\" class=\"yoast-schema-graph\">{\"@context\":\"https:\\\/\\\/schema.org\",\"@graph\":[{\"@type\":\"WebPage\",\"@id\":\"https:\\\/\\\/www.sengrandplace.com\\\/?product=ssd-externe-sandisk-extreme-portable-nvme-1to\",\"url\":\"https:\\\/\\\/www.sengrandplace.com\\\/?product=ssd-externe-sandisk-extreme-portable-nvme-1to\",\"name\":\"SSD externe Sandisk Extreme\u00ae Portable NVMe 1To - Sen Grand Place Thi\u00e8s\",\"isPartOf\":{\"@id\":\"https:\\\/\\\/www.sengrandplace.com\\\/#website\"},\"primaryImageOfPage\":{\"@id\":\"https:\\\/\\\/www.sengrandplace.com\\\/?product=ssd-externe-sandisk-extreme-portable-nvme-1to#primaryimage\"},\"image\":{\"@id\":\"https:\\\/\\\/www.sengrandplace.com\\\/?product=ssd-externe-sandisk-extreme-portable-nvme-1to#primaryimage\"},\"thumbnailUrl\":\"https:\\\/\\\/www.sengrandplace.com\\\/wp-content\\\/uploads\\\/2025\\\/12\\\/SSD-Externe-SanDisk-Extreme\u00ae-2To-USB-3.2-Gen-2-Impermeable-antipoussiere-Noir.webp\",\"datePublished\":\"2025-12-18T12:47:07+00:00\",\"dateModified\":\"2025-12-18T12:47:08+00:00\",\"breadcrumb\":{\"@id\":\"https:\\\/\\\/www.sengrandplace.com\\\/?product=ssd-externe-sandisk-extreme-portable-nvme-1to#breadcrumb\"},\"inLanguage\":\"fr-FR\",\"potentialAction\":[{\"@type\":\"ReadAction\",\"target\":[\"https:\\\/\\\/www.sengrandplace.com\\\/?product=ssd-externe-sandisk-extreme-portable-nvme-1to\"]}]},{\"@type\":\"ImageObject\",\"inLanguage\":\"fr-FR\",\"@id\":\"https:\\\/\\\/www.sengrandplace.com\\\/?product=ssd-externe-sandisk-extreme-portable-nvme-1to#primaryimage\",\"url\":\"https:\\\/\\\/www.sengrandplace.com\\\/wp-content\\\/uploads\\\/2025\\\/12\\\/SSD-Externe-SanDisk-Extreme\u00ae-2To-USB-3.2-Gen-2-Impermeable-antipoussiere-Noir.webp\",\"contentUrl\":\"https:\\\/\\\/www.sengrandplace.com\\\/wp-content\\\/uploads\\\/2025\\\/12\\\/SSD-Externe-SanDisk-Extreme\u00ae-2To-USB-3.2-Gen-2-Impermeable-antipoussiere-Noir.webp\",\"width\":700,\"height\":700},{\"@type\":\"BreadcrumbList\",\"@id\":\"https:\\\/\\\/www.sengrandplace.com\\\/?product=ssd-externe-sandisk-extreme-portable-nvme-1to#breadcrumb\",\"itemListElement\":[{\"@type\":\"ListItem\",\"position\":1,\"name\":\"Home\",\"item\":\"https:\\\/\\\/www.sengrandplace.com\\\/\"},{\"@type\":\"ListItem\",\"position\":2,\"name\":\"Shop\",\"item\":\"https:\\\/\\\/www.sengrandplace.com\\\/?page_id=11\"},{\"@type\":\"ListItem\",\"position\":3,\"name\":\"SSD externe Sandisk Extreme\u00ae Portable NVMe 1To\"}]},{\"@type\":\"WebSite\",\"@id\":\"https:\\\/\\\/www.sengrandplace.com\\\/#website\",\"url\":\"https:\\\/\\\/www.sengrandplace.com\\\/\",\"name\":\"Sen Grand Place Thi\u00e8s\",\"description\":\"La place qui vous revient.\",\"publisher\":{\"@id\":\"https:\\\/\\\/www.sengrandplace.com\\\/#organization\"},\"potentialAction\":[{\"@type\":\"SearchAction\",\"target\":{\"@type\":\"EntryPoint\",\"urlTemplate\":\"https:\\\/\\\/www.sengrandplace.com\\\/?s={search_term_string}\"},\"query-input\":{\"@type\":\"PropertyValueSpecification\",\"valueRequired\":true,\"valueName\":\"search_term_string\"}}],\"inLanguage\":\"fr-FR\"},{\"@type\":\"Organization\",\"@id\":\"https:\\\/\\\/www.sengrandplace.com\\\/#organization\",\"name\":\"Sen Grand Place Thi\u00e8s\",\"url\":\"https:\\\/\\\/www.sengrandplace.com\\\/\",\"logo\":{\"@type\":\"ImageObject\",\"inLanguage\":\"fr-FR\",\"@id\":\"https:\\\/\\\/www.sengrandplace.com\\\/#\\\/schema\\\/logo\\\/image\\\/\",\"url\":\"https:\\\/\\\/www.sengrandplace.com\\\/wp-content\\\/uploads\\\/2024\\\/01\\\/Logo_du_site-2.jpg\",\"contentUrl\":\"https:\\\/\\\/www.sengrandplace.com\\\/wp-content\\\/uploads\\\/2024\\\/01\\\/Logo_du_site-2.jpg\",\"width\":314,\"height\":98,\"caption\":\"Sen Grand Place Thi\u00e8s\"},\"image\":{\"@id\":\"https:\\\/\\\/www.sengrandplace.com\\\/#\\\/schema\\\/logo\\\/image\\\/\"}}]}<\/script>\n<!-- \/ Yoast SEO plugin. -->","yoast_head_json":{"title":"SSD externe Sandisk Extreme\u00ae Portable NVMe 1To - Sen Grand Place Thi\u00e8s","robots":{"index":"index","follow":"follow","max-snippet":"max-snippet:-1","max-image-preview":"max-image-preview:large","max-video-preview":"max-video-preview:-1"},"canonical":"https:\/\/www.sengrandplace.com\/?product=ssd-externe-sandisk-extreme-portable-nvme-1to","og_locale":"fr_FR","og_type":"article","og_title":"SSD externe Sandisk Extreme\u00ae Portable NVMe 1To - Sen Grand Place Thi\u00e8s","og_description":"Le SanDisk Extreme\u00ae 1 To est un SSD externe ultra-rapide et robuste, avec des vitesses de lecture allant jusqu\u2019\u00e0 1050 Mo\/s, une protection contre les chutes de 2 m\u00e8tres et une r\u00e9sistance \u00e0 l\u2019eau et \u00e0 la poussi\u00e8re (IP55).","og_url":"https:\/\/www.sengrandplace.com\/?product=ssd-externe-sandisk-extreme-portable-nvme-1to","og_site_name":"Sen Grand Place Thi\u00e8s","article_modified_time":"2025-12-18T12:47:08+00:00","og_image":[{"width":700,"height":700,"url":"https:\/\/www.sengrandplace.com\/wp-content\/uploads\/2025\/12\/SSD-Externe-SanDisk-Extreme\u00ae-2To-USB-3.2-Gen-2-Impermeable-antipoussiere-Noir.webp","type":"image\/webp"}],"twitter_card":"summary_large_image","twitter_misc":{"Dur\u00e9e de lecture estim\u00e9e":"2 minutes"},"schema":{"@context":"https:\/\/schema.org","@graph":[{"@type":"WebPage","@id":"https:\/\/www.sengrandplace.com\/?product=ssd-externe-sandisk-extreme-portable-nvme-1to","url":"https:\/\/www.sengrandplace.com\/?product=ssd-externe-sandisk-extreme-portable-nvme-1to","name":"SSD externe Sandisk Extreme\u00ae Portable NVMe 1To - Sen Grand Place Thi\u00e8s","isPartOf":{"@id":"https:\/\/www.sengrandplace.com\/#website"},"primaryImageOfPage":{"@id":"https:\/\/www.sengrandplace.com\/?product=ssd-externe-sandisk-extreme-portable-nvme-1to#primaryimage"},"image":{"@id":"https:\/\/www.sengrandplace.com\/?product=ssd-externe-sandisk-extreme-portable-nvme-1to#primaryimage"},"thumbnailUrl":"https:\/\/www.sengrandplace.com\/wp-content\/uploads\/2025\/12\/SSD-Externe-SanDisk-Extreme\u00ae-2To-USB-3.2-Gen-2-Impermeable-antipoussiere-Noir.webp","datePublished":"2025-12-18T12:47:07+00:00","dateModified":"2025-12-18T12:47:08+00:00","breadcrumb":{"@id":"https:\/\/www.sengrandplace.com\/?product=ssd-externe-sandisk-extreme-portable-nvme-1to#breadcrumb"},"inLanguage":"fr-FR","potentialAction":[{"@type":"ReadAction","target":["https:\/\/www.sengrandplace.com\/?product=ssd-externe-sandisk-extreme-portable-nvme-1to"]}]},{"@type":"ImageObject","inLanguage":"fr-FR","@id":"https:\/\/www.sengrandplace.com\/?product=ssd-externe-sandisk-extreme-portable-nvme-1to#primaryimage","url":"https:\/\/www.sengrandplace.com\/wp-content\/uploads\/2025\/12\/SSD-Externe-SanDisk-Extreme\u00ae-2To-USB-3.2-Gen-2-Impermeable-antipoussiere-Noir.webp","contentUrl":"https:\/\/www.sengrandplace.com\/wp-content\/uploads\/2025\/12\/SSD-Externe-SanDisk-Extreme\u00ae-2To-USB-3.2-Gen-2-Impermeable-antipoussiere-Noir.webp","width":700,"height":700},{"@type":"BreadcrumbList","@id":"https:\/\/www.sengrandplace.com\/?product=ssd-externe-sandisk-extreme-portable-nvme-1to#breadcrumb","itemListElement":[{"@type":"ListItem","position":1,"name":"Home","item":"https:\/\/www.sengrandplace.com\/"},{"@type":"ListItem","position":2,"name":"Shop","item":"https:\/\/www.sengrandplace.com\/?page_id=11"},{"@type":"ListItem","position":3,"name":"SSD externe Sandisk Extreme\u00ae Portable NVMe 1To"}]},{"@type":"WebSite","@id":"https:\/\/www.sengrandplace.com\/#website","url":"https:\/\/www.sengrandplace.com\/","name":"Sen Grand Place Thi\u00e8s","description":"La place qui vous revient.","publisher":{"@id":"https:\/\/www.sengrandplace.com\/#organization"},"potentialAction":[{"@type":"SearchAction","target":{"@type":"EntryPoint","urlTemplate":"https:\/\/www.sengrandplace.com\/?s={search_term_string}"},"query-input":{"@type":"PropertyValueSpecification","valueRequired":true,"valueName":"search_term_string"}}],"inLanguage":"fr-FR"},{"@type":"Organization","@id":"https:\/\/www.sengrandplace.com\/#organization","name":"Sen Grand Place Thi\u00e8s","url":"https:\/\/www.sengrandplace.com\/","logo":{"@type":"ImageObject","inLanguage":"fr-FR","@id":"https:\/\/www.sengrandplace.com\/#\/schema\/logo\/image\/","url":"https:\/\/www.sengrandplace.com\/wp-content\/uploads\/2024\/01\/Logo_du_site-2.jpg","contentUrl":"https:\/\/www.sengrandplace.com\/wp-content\/uploads\/2024\/01\/Logo_du_site-2.jpg","width":314,"height":98,"caption":"Sen Grand Place Thi\u00e8s"},"image":{"@id":"https:\/\/www.sengrandplace.com\/#\/schema\/logo\/image\/"}}]}},"_links":{"self":[{"href":"https:\/\/www.sengrandplace.com\/index.php?rest_route=\/wp\/v2\/product\/11493","targetHints":{"allow":["GET"]}}],"collection":[{"href":"https:\/\/www.sengrandplace.com\/index.php?rest_route=\/wp\/v2\/product"}],"about":[{"href":"https:\/\/www.sengrandplace.com\/index.php?rest_route=\/wp\/v2\/types\/product"}],"replies":[{"embeddable":true,"href":"https:\/\/www.sengrandplace.com\/index.php?rest_route=%2Fwp%2Fv2%2Fcomments&post=11493"}],"version-history":[{"count":1,"href":"https:\/\/www.sengrandplace.com\/index.php?rest_route=\/wp\/v2\/product\/11493\/revisions"}],"predecessor-version":[{"id":11494,"href":"https:\/\/www.sengrandplace.com\/index.php?rest_route=\/wp\/v2\/product\/11493\/revisions\/11494"}],"wp:featuredmedia":[{"embeddable":true,"href":"https:\/\/www.sengrandplace.com\/index.php?rest_route=\/wp\/v2\/media\/11489"}],"wp:attachment":[{"href":"https:\/\/www.sengrandplace.com\/index.php?rest_route=%2Fwp%2Fv2%2Fmedia&parent=11493"}],"wp:term":[{"taxonomy":"product_brand","embeddable":true,"href":"https:\/\/www.sengrandplace.com\/index.php?rest_route=%2Fwp%2Fv2%2Fproduct_brand&post=11493"},{"taxonomy":"product_cat","embeddable":true,"href":"https:\/\/www.sengrandplace.com\/index.php?rest_route=%2Fwp%2Fv2%2Fproduct_cat&post=11493"},{"taxonomy":"product_tag","embeddable":true,"href":"https:\/\/www.sengrandplace.com\/index.php?rest_route=%2Fwp%2Fv2%2Fproduct_tag&post=11493"}],"curies":[{"name":"wp","href":"https:\/\/api.w.org\/{rel}","templated":true}]}}