{"id":11495,"date":"2025-12-18T12:55:07","date_gmt":"2025-12-18T12:55:07","guid":{"rendered":"https:\/\/www.sengrandplace.com\/?post_type=product&#038;p=11495"},"modified":"2025-12-18T12:55:07","modified_gmt":"2025-12-18T12:55:07","slug":"disque-dur-externe-wd-my-passport-1-to","status":"publish","type":"product","link":"https:\/\/www.sengrandplace.com\/?product=disque-dur-externe-wd-my-passport-1-to","title":{"rendered":"Disque dur externe Wd My Passport\u2122 1 To"},"content":{"rendered":"<p data-start=\"543\" data-end=\"811\">Le <strong data-start=\"546\" data-end=\"589\">disque dur externe WD My Passport\u2122 1 To<\/strong> est la solution id\u00e9ale pour <strong data-start=\"618\" data-end=\"677\">stocker, prot\u00e9ger et transporter vos donn\u00e9es num\u00e9riques<\/strong>. Gr\u00e2ce \u00e0 son interface <strong data-start=\"701\" data-end=\"718\">USB 3.2 Gen 1<\/strong>, il permet des transferts rapides pour vos fichiers, photos, vid\u00e9os, musique et documents.<\/p>\n<p data-start=\"813\" data-end=\"1133\">Son design fin et \u00e9l\u00e9gant tient parfaitement dans la paume de la main, ce qui le rend <strong data-start=\"899\" data-end=\"917\">ultra-portable<\/strong>. Il est \u00e9quip\u00e9 d\u2019un logiciel de <strong data-start=\"950\" data-end=\"987\">sauvegarde automatique WD Backup\u2122<\/strong> et d\u2019un syst\u00e8me de <strong data-start=\"1007\" data-end=\"1074\">protection par mot de passe avec cryptage mat\u00e9riel AES 256 bits<\/strong>, garantissant la s\u00e9curit\u00e9 de vos informations sensibles.<\/p>\n<p data-start=\"1135\" data-end=\"1393\">Le <strong data-start=\"1138\" data-end=\"1154\">My Passport\u2122<\/strong> combine performance, s\u00e9curit\u00e9 et mobilit\u00e9, offrant la tranquillit\u00e9 d\u2019esprit n\u00e9cessaire pour vos voyages et vos activit\u00e9s professionnelles ou personnelles. Stockez, organisez et partagez vos fichiers en toute s\u00e9curit\u00e9, o\u00f9 que vous soyez.<\/p>\n<hr data-start=\"1395\" data-end=\"1398\" \/>\n<h3 data-start=\"1400\" data-end=\"1435\"><strong data-start=\"1404\" data-end=\"1435\">Caract\u00e9ristiques techniques<\/strong><\/h3>\n<ul data-start=\"1436\" data-end=\"1794\">\n<li data-start=\"1436\" data-end=\"1468\">\n<p data-start=\"1438\" data-end=\"1468\"><strong data-start=\"1438\" data-end=\"1448\">Marque<\/strong> : Western Digital<\/p>\n<\/li>\n<li data-start=\"1469\" data-end=\"1533\">\n<p data-start=\"1471\" data-end=\"1533\"><strong data-start=\"1471\" data-end=\"1489\">Nom du produit<\/strong> : Disque dur externe WD My Passport\u2122 1 To<\/p>\n<\/li>\n<li data-start=\"1534\" data-end=\"1557\">\n<p data-start=\"1536\" data-end=\"1557\"><strong data-start=\"1536\" data-end=\"1548\">Capacit\u00e9<\/strong> : 1 To<\/p>\n<\/li>\n<li data-start=\"1558\" data-end=\"1591\">\n<p data-start=\"1560\" data-end=\"1591\"><strong data-start=\"1560\" data-end=\"1573\">Interface<\/strong> : USB 3.2 Gen 1<\/p>\n<\/li>\n<li data-start=\"1592\" data-end=\"1695\">\n<p data-start=\"1594\" data-end=\"1695\"><strong data-start=\"1594\" data-end=\"1607\">Fonctions<\/strong> : Sauvegarde automatique, protection par mot de passe, cryptage mat\u00e9riel AES 256 bits<\/p>\n<\/li>\n<li data-start=\"1696\" data-end=\"1718\">\n<p data-start=\"1698\" data-end=\"1718\"><strong data-start=\"1698\" data-end=\"1709\">Couleur<\/strong> : Noir<\/p>\n<\/li>\n<li data-start=\"1719\" data-end=\"1752\">\n<p data-start=\"1721\" data-end=\"1752\"><strong data-start=\"1721\" data-end=\"1738\">Compatibilit\u00e9<\/strong> : PC et Mac<\/p>\n<\/li>\n<li data-start=\"1753\" data-end=\"1794\">\n<p data-start=\"1755\" data-end=\"1794\"><strong data-start=\"1755\" data-end=\"1765\">Format<\/strong> : Portable, design compact<\/p>\n<\/li>\n<\/ul>\n<hr data-start=\"1796\" data-end=\"1799\" \/>\n<h3 data-start=\"1801\" data-end=\"1821\"><strong data-start=\"1805\" data-end=\"1821\">Points forts<\/strong><\/h3>\n<ul data-start=\"1822\" data-end=\"2072\">\n<li data-start=\"1822\" data-end=\"1865\">\n<p data-start=\"1824\" data-end=\"1865\">Stockage portable et fiable de <strong data-start=\"1855\" data-end=\"1863\">1 To<\/strong><\/p>\n<\/li>\n<li data-start=\"1866\" data-end=\"1912\">\n<p data-start=\"1868\" data-end=\"1912\">Sauvegarde automatique avec <strong data-start=\"1896\" data-end=\"1910\">WD Backup\u2122<\/strong><\/p>\n<\/li>\n<li data-start=\"1913\" data-end=\"1973\">\n<p data-start=\"1915\" data-end=\"1973\"><strong data-start=\"1915\" data-end=\"1971\">Protection par mot de passe et cryptage AES 256 bits<\/strong><\/p>\n<\/li>\n<li data-start=\"1974\" data-end=\"2018\">\n<p data-start=\"1976\" data-end=\"2018\">Compact et \u00e9l\u00e9gant, facile \u00e0 transporter<\/p>\n<\/li>\n<li data-start=\"2019\" data-end=\"2072\">\n<p data-start=\"2021\" data-end=\"2072\">Id\u00e9al pour professionnels, \u00e9tudiants et voyageurs<\/p>\n<\/li>\n<\/ul>\n","protected":false},"excerpt":{"rendered":"<p>Le WD My Passport\u2122 1 To est un disque dur externe portable et s\u00e9curis\u00e9, offrant des transferts rapides via USB 3.2 Gen 1, une sauvegarde automatique et une protection par mot de passe avec cryptage mat\u00e9riel AES 256 bits.<\/p>\n","protected":false},"featured_media":11496,"comment_status":"open","ping_status":"closed","template":"","meta":[],"product_brand":[],"product_cat":[28],"product_tag":[],"class_list":{"0":"post-11495","1":"product","2":"type-product","3":"status-publish","4":"has-post-thumbnail","6":"product_cat-equipement-informatique","8":"first","9":"instock","10":"shipping-taxable","11":"product-type-simple"},"yoast_head":"<!-- This site is optimized with the Yoast SEO plugin v27.6 - https:\/\/yoast.com\/product\/yoast-seo-wordpress\/ -->\n<title>Disque dur externe Wd My Passport\u2122 1 To - Sen Grand Place Thi\u00e8s<\/title>\n<meta name=\"robots\" content=\"index, follow, max-snippet:-1, max-image-preview:large, max-video-preview:-1\" \/>\n<link rel=\"canonical\" href=\"https:\/\/www.sengrandplace.com\/?product=disque-dur-externe-wd-my-passport-1-to\" \/>\n<meta property=\"og:locale\" content=\"fr_FR\" \/>\n<meta property=\"og:type\" content=\"article\" \/>\n<meta property=\"og:title\" content=\"Disque dur externe Wd My Passport\u2122 1 To - Sen Grand Place Thi\u00e8s\" \/>\n<meta property=\"og:description\" content=\"Le WD My Passport\u2122 1 To est un disque dur externe portable et s\u00e9curis\u00e9, offrant des transferts rapides via USB 3.2 Gen 1, une sauvegarde automatique et une protection par mot de passe avec cryptage mat\u00e9riel AES 256 bits.\" \/>\n<meta property=\"og:url\" content=\"https:\/\/www.sengrandplace.com\/?product=disque-dur-externe-wd-my-passport-1-to\" \/>\n<meta property=\"og:site_name\" content=\"Sen Grand Place Thi\u00e8s\" \/>\n<meta property=\"og:image\" content=\"https:\/\/www.sengrandplace.com\/wp-content\/uploads\/2025\/12\/Disque-dur-externe-Wd-My-Passport\u2122-1-To.webp\" \/>\n\t<meta property=\"og:image:width\" content=\"700\" \/>\n\t<meta property=\"og:image:height\" content=\"700\" \/>\n\t<meta property=\"og:image:type\" content=\"image\/webp\" \/>\n<meta name=\"twitter:card\" content=\"summary_large_image\" \/>\n<meta name=\"twitter:label1\" content=\"Dur\u00e9e de lecture estim\u00e9e\" \/>\n\t<meta name=\"twitter:data1\" content=\"2 minutes\" \/>\n<script type=\"application\/ld+json\" class=\"yoast-schema-graph\">{\"@context\":\"https:\\\/\\\/schema.org\",\"@graph\":[{\"@type\":\"WebPage\",\"@id\":\"https:\\\/\\\/www.sengrandplace.com\\\/?product=disque-dur-externe-wd-my-passport-1-to\",\"url\":\"https:\\\/\\\/www.sengrandplace.com\\\/?product=disque-dur-externe-wd-my-passport-1-to\",\"name\":\"Disque dur externe Wd My Passport\u2122 1 To - Sen Grand Place Thi\u00e8s\",\"isPartOf\":{\"@id\":\"https:\\\/\\\/www.sengrandplace.com\\\/#website\"},\"primaryImageOfPage\":{\"@id\":\"https:\\\/\\\/www.sengrandplace.com\\\/?product=disque-dur-externe-wd-my-passport-1-to#primaryimage\"},\"image\":{\"@id\":\"https:\\\/\\\/www.sengrandplace.com\\\/?product=disque-dur-externe-wd-my-passport-1-to#primaryimage\"},\"thumbnailUrl\":\"https:\\\/\\\/www.sengrandplace.com\\\/wp-content\\\/uploads\\\/2025\\\/12\\\/Disque-dur-externe-Wd-My-Passport\u2122-1-To.webp\",\"datePublished\":\"2025-12-18T12:55:07+00:00\",\"breadcrumb\":{\"@id\":\"https:\\\/\\\/www.sengrandplace.com\\\/?product=disque-dur-externe-wd-my-passport-1-to#breadcrumb\"},\"inLanguage\":\"fr-FR\",\"potentialAction\":[{\"@type\":\"ReadAction\",\"target\":[\"https:\\\/\\\/www.sengrandplace.com\\\/?product=disque-dur-externe-wd-my-passport-1-to\"]}]},{\"@type\":\"ImageObject\",\"inLanguage\":\"fr-FR\",\"@id\":\"https:\\\/\\\/www.sengrandplace.com\\\/?product=disque-dur-externe-wd-my-passport-1-to#primaryimage\",\"url\":\"https:\\\/\\\/www.sengrandplace.com\\\/wp-content\\\/uploads\\\/2025\\\/12\\\/Disque-dur-externe-Wd-My-Passport\u2122-1-To.webp\",\"contentUrl\":\"https:\\\/\\\/www.sengrandplace.com\\\/wp-content\\\/uploads\\\/2025\\\/12\\\/Disque-dur-externe-Wd-My-Passport\u2122-1-To.webp\",\"width\":700,\"height\":700},{\"@type\":\"BreadcrumbList\",\"@id\":\"https:\\\/\\\/www.sengrandplace.com\\\/?product=disque-dur-externe-wd-my-passport-1-to#breadcrumb\",\"itemListElement\":[{\"@type\":\"ListItem\",\"position\":1,\"name\":\"Home\",\"item\":\"https:\\\/\\\/www.sengrandplace.com\\\/\"},{\"@type\":\"ListItem\",\"position\":2,\"name\":\"Shop\",\"item\":\"https:\\\/\\\/www.sengrandplace.com\\\/?page_id=11\"},{\"@type\":\"ListItem\",\"position\":3,\"name\":\"Disque dur externe Wd My Passport\u2122 1 To\"}]},{\"@type\":\"WebSite\",\"@id\":\"https:\\\/\\\/www.sengrandplace.com\\\/#website\",\"url\":\"https:\\\/\\\/www.sengrandplace.com\\\/\",\"name\":\"Sen Grand Place Thi\u00e8s\",\"description\":\"La place qui vous revient.\",\"publisher\":{\"@id\":\"https:\\\/\\\/www.sengrandplace.com\\\/#organization\"},\"potentialAction\":[{\"@type\":\"SearchAction\",\"target\":{\"@type\":\"EntryPoint\",\"urlTemplate\":\"https:\\\/\\\/www.sengrandplace.com\\\/?s={search_term_string}\"},\"query-input\":{\"@type\":\"PropertyValueSpecification\",\"valueRequired\":true,\"valueName\":\"search_term_string\"}}],\"inLanguage\":\"fr-FR\"},{\"@type\":\"Organization\",\"@id\":\"https:\\\/\\\/www.sengrandplace.com\\\/#organization\",\"name\":\"Sen Grand Place Thi\u00e8s\",\"url\":\"https:\\\/\\\/www.sengrandplace.com\\\/\",\"logo\":{\"@type\":\"ImageObject\",\"inLanguage\":\"fr-FR\",\"@id\":\"https:\\\/\\\/www.sengrandplace.com\\\/#\\\/schema\\\/logo\\\/image\\\/\",\"url\":\"https:\\\/\\\/www.sengrandplace.com\\\/wp-content\\\/uploads\\\/2024\\\/01\\\/Logo_du_site-2.jpg\",\"contentUrl\":\"https:\\\/\\\/www.sengrandplace.com\\\/wp-content\\\/uploads\\\/2024\\\/01\\\/Logo_du_site-2.jpg\",\"width\":314,\"height\":98,\"caption\":\"Sen Grand Place Thi\u00e8s\"},\"image\":{\"@id\":\"https:\\\/\\\/www.sengrandplace.com\\\/#\\\/schema\\\/logo\\\/image\\\/\"}}]}<\/script>\n<!-- \/ Yoast SEO plugin. -->","yoast_head_json":{"title":"Disque dur externe Wd My Passport\u2122 1 To - Sen Grand Place Thi\u00e8s","robots":{"index":"index","follow":"follow","max-snippet":"max-snippet:-1","max-image-preview":"max-image-preview:large","max-video-preview":"max-video-preview:-1"},"canonical":"https:\/\/www.sengrandplace.com\/?product=disque-dur-externe-wd-my-passport-1-to","og_locale":"fr_FR","og_type":"article","og_title":"Disque dur externe Wd My Passport\u2122 1 To - Sen Grand Place Thi\u00e8s","og_description":"Le WD My Passport\u2122 1 To est un disque dur externe portable et s\u00e9curis\u00e9, offrant des transferts rapides via USB 3.2 Gen 1, une sauvegarde automatique et une protection par mot de passe avec cryptage mat\u00e9riel AES 256 bits.","og_url":"https:\/\/www.sengrandplace.com\/?product=disque-dur-externe-wd-my-passport-1-to","og_site_name":"Sen Grand Place Thi\u00e8s","og_image":[{"width":700,"height":700,"url":"https:\/\/www.sengrandplace.com\/wp-content\/uploads\/2025\/12\/Disque-dur-externe-Wd-My-Passport\u2122-1-To.webp","type":"image\/webp"}],"twitter_card":"summary_large_image","twitter_misc":{"Dur\u00e9e de lecture estim\u00e9e":"2 minutes"},"schema":{"@context":"https:\/\/schema.org","@graph":[{"@type":"WebPage","@id":"https:\/\/www.sengrandplace.com\/?product=disque-dur-externe-wd-my-passport-1-to","url":"https:\/\/www.sengrandplace.com\/?product=disque-dur-externe-wd-my-passport-1-to","name":"Disque dur externe Wd My Passport\u2122 1 To - Sen Grand Place Thi\u00e8s","isPartOf":{"@id":"https:\/\/www.sengrandplace.com\/#website"},"primaryImageOfPage":{"@id":"https:\/\/www.sengrandplace.com\/?product=disque-dur-externe-wd-my-passport-1-to#primaryimage"},"image":{"@id":"https:\/\/www.sengrandplace.com\/?product=disque-dur-externe-wd-my-passport-1-to#primaryimage"},"thumbnailUrl":"https:\/\/www.sengrandplace.com\/wp-content\/uploads\/2025\/12\/Disque-dur-externe-Wd-My-Passport\u2122-1-To.webp","datePublished":"2025-12-18T12:55:07+00:00","breadcrumb":{"@id":"https:\/\/www.sengrandplace.com\/?product=disque-dur-externe-wd-my-passport-1-to#breadcrumb"},"inLanguage":"fr-FR","potentialAction":[{"@type":"ReadAction","target":["https:\/\/www.sengrandplace.com\/?product=disque-dur-externe-wd-my-passport-1-to"]}]},{"@type":"ImageObject","inLanguage":"fr-FR","@id":"https:\/\/www.sengrandplace.com\/?product=disque-dur-externe-wd-my-passport-1-to#primaryimage","url":"https:\/\/www.sengrandplace.com\/wp-content\/uploads\/2025\/12\/Disque-dur-externe-Wd-My-Passport\u2122-1-To.webp","contentUrl":"https:\/\/www.sengrandplace.com\/wp-content\/uploads\/2025\/12\/Disque-dur-externe-Wd-My-Passport\u2122-1-To.webp","width":700,"height":700},{"@type":"BreadcrumbList","@id":"https:\/\/www.sengrandplace.com\/?product=disque-dur-externe-wd-my-passport-1-to#breadcrumb","itemListElement":[{"@type":"ListItem","position":1,"name":"Home","item":"https:\/\/www.sengrandplace.com\/"},{"@type":"ListItem","position":2,"name":"Shop","item":"https:\/\/www.sengrandplace.com\/?page_id=11"},{"@type":"ListItem","position":3,"name":"Disque dur externe Wd My Passport\u2122 1 To"}]},{"@type":"WebSite","@id":"https:\/\/www.sengrandplace.com\/#website","url":"https:\/\/www.sengrandplace.com\/","name":"Sen Grand Place Thi\u00e8s","description":"La place qui vous revient.","publisher":{"@id":"https:\/\/www.sengrandplace.com\/#organization"},"potentialAction":[{"@type":"SearchAction","target":{"@type":"EntryPoint","urlTemplate":"https:\/\/www.sengrandplace.com\/?s={search_term_string}"},"query-input":{"@type":"PropertyValueSpecification","valueRequired":true,"valueName":"search_term_string"}}],"inLanguage":"fr-FR"},{"@type":"Organization","@id":"https:\/\/www.sengrandplace.com\/#organization","name":"Sen Grand Place Thi\u00e8s","url":"https:\/\/www.sengrandplace.com\/","logo":{"@type":"ImageObject","inLanguage":"fr-FR","@id":"https:\/\/www.sengrandplace.com\/#\/schema\/logo\/image\/","url":"https:\/\/www.sengrandplace.com\/wp-content\/uploads\/2024\/01\/Logo_du_site-2.jpg","contentUrl":"https:\/\/www.sengrandplace.com\/wp-content\/uploads\/2024\/01\/Logo_du_site-2.jpg","width":314,"height":98,"caption":"Sen Grand Place Thi\u00e8s"},"image":{"@id":"https:\/\/www.sengrandplace.com\/#\/schema\/logo\/image\/"}}]}},"_links":{"self":[{"href":"https:\/\/www.sengrandplace.com\/index.php?rest_route=\/wp\/v2\/product\/11495","targetHints":{"allow":["GET"]}}],"collection":[{"href":"https:\/\/www.sengrandplace.com\/index.php?rest_route=\/wp\/v2\/product"}],"about":[{"href":"https:\/\/www.sengrandplace.com\/index.php?rest_route=\/wp\/v2\/types\/product"}],"replies":[{"embeddable":true,"href":"https:\/\/www.sengrandplace.com\/index.php?rest_route=%2Fwp%2Fv2%2Fcomments&post=11495"}],"version-history":[{"count":1,"href":"https:\/\/www.sengrandplace.com\/index.php?rest_route=\/wp\/v2\/product\/11495\/revisions"}],"predecessor-version":[{"id":11500,"href":"https:\/\/www.sengrandplace.com\/index.php?rest_route=\/wp\/v2\/product\/11495\/revisions\/11500"}],"wp:featuredmedia":[{"embeddable":true,"href":"https:\/\/www.sengrandplace.com\/index.php?rest_route=\/wp\/v2\/media\/11496"}],"wp:attachment":[{"href":"https:\/\/www.sengrandplace.com\/index.php?rest_route=%2Fwp%2Fv2%2Fmedia&parent=11495"}],"wp:term":[{"taxonomy":"product_brand","embeddable":true,"href":"https:\/\/www.sengrandplace.com\/index.php?rest_route=%2Fwp%2Fv2%2Fproduct_brand&post=11495"},{"taxonomy":"product_cat","embeddable":true,"href":"https:\/\/www.sengrandplace.com\/index.php?rest_route=%2Fwp%2Fv2%2Fproduct_cat&post=11495"},{"taxonomy":"product_tag","embeddable":true,"href":"https:\/\/www.sengrandplace.com\/index.php?rest_route=%2Fwp%2Fv2%2Fproduct_tag&post=11495"}],"curies":[{"name":"wp","href":"https:\/\/api.w.org\/{rel}","templated":true}]}}