{"id":11593,"date":"2025-12-19T11:36:36","date_gmt":"2025-12-19T11:36:36","guid":{"rendered":"https:\/\/www.sengrandplace.com\/?post_type=product&#038;p=11593"},"modified":"2025-12-19T11:36:37","modified_gmt":"2025-12-19T11:36:37","slug":"calculatrice-scientifique-casio-fx-92-college","status":"publish","type":"product","link":"https:\/\/www.sengrandplace.com\/?product=calculatrice-scientifique-casio-fx-92-college","title":{"rendered":"Calculatrice scientifique Casio FX-92 Coll\u00e8ge"},"content":{"rendered":"<p data-start=\"510\" data-end=\"911\">R\u00e9f\u00e9rence incontournable dans l\u2019univers scolaire, la <strong data-start=\"563\" data-end=\"586\">Casio FX-92 Coll\u00e8ge<\/strong> a \u00e9t\u00e9 d\u00e9velopp\u00e9e pour r\u00e9pondre parfaitement aux exigences des programmes de math\u00e9matiques du secondaire. Forte de plusieurs d\u00e9cennies d\u2019\u00e9volution, cette version se distingue par une <strong data-start=\"769\" data-end=\"791\">ergonomie repens\u00e9e<\/strong>, une <strong data-start=\"797\" data-end=\"823\">utilisation simplifi\u00e9e<\/strong> et un <strong data-start=\"830\" data-end=\"856\">\u00e9cran haute r\u00e9solution<\/strong> \u00e0 4 niveaux de gris offrant une excellente lisibilit\u00e9.<\/p>\n<p data-start=\"913\" data-end=\"1273\">Gr\u00e2ce \u00e0 la r\u00e9duction du nombre de touches et \u00e0 une navigation plus intuitive, les \u00e9l\u00e8ves peuvent effectuer leurs calculs plus rapidement et se concentrer sur l\u2019essentiel : la compr\u00e9hension des r\u00e9sultats. Les fonctions essentielles telles que les <strong data-start=\"1159\" data-end=\"1244\">pourcentages, fractions, puissances, racines carr\u00e9es, statistiques et logarithmes<\/strong> sont facilement accessibles.<\/p>\n<p data-start=\"1275\" data-end=\"1796\">La FX-92 Coll\u00e8ge permet \u00e9galement d\u2019aborder des notions plus avanc\u00e9es comme le <strong data-start=\"1354\" data-end=\"1373\">calcul litt\u00e9ral<\/strong>, la <strong data-start=\"1378\" data-end=\"1404\">r\u00e9solution d\u2019\u00e9quations<\/strong>, la <strong data-start=\"1409\" data-end=\"1444\">cr\u00e9ation de tableaux de valeurs<\/strong> et la <strong data-start=\"1451\" data-end=\"1477\">simulation statistique<\/strong> (lancers de d\u00e9s, exp\u00e9riences al\u00e9atoires). Bien qu\u2019elle ne dispose pas de graphiques int\u00e9gr\u00e9s, Casio propose une <strong data-start=\"1590\" data-end=\"1624\">application Web compl\u00e9mentaire<\/strong> permettant de convertir les donn\u00e9es en graphiques et m\u00eame de traduire certains algorithmes en langage <strong data-start=\"1727\" data-end=\"1738\">SCRATCH<\/strong>, offrant ainsi une premi\u00e8re approche de la programmation.<\/p>\n<p data-start=\"1798\" data-end=\"1953\">Robuste, portable et aliment\u00e9e par piles, la Casio FX-92 Coll\u00e8ge est un outil fiable et durable, id\u00e9al pour un usage quotidien en classe comme \u00e0 la maison.<\/p>\n<hr data-start=\"1955\" data-end=\"1958\" \/>\n<h2 data-start=\"1960\" data-end=\"1994\"><strong data-start=\"1963\" data-end=\"1994\">Caract\u00e9ristiques techniques<\/strong><\/h2>\n<h3 data-start=\"1996\" data-end=\"2011\"><strong data-start=\"2000\" data-end=\"2011\">G\u00e9n\u00e9ral<\/strong><\/h3>\n<ul data-start=\"2012\" data-end=\"2187\">\n<li data-start=\"2012\" data-end=\"2063\">\n<p data-start=\"2014\" data-end=\"2063\"><strong data-start=\"2014\" data-end=\"2033\">Type de produit<\/strong> : Calculatrice scientifique<\/p>\n<\/li>\n<li data-start=\"2064\" data-end=\"2086\">\n<p data-start=\"2066\" data-end=\"2086\"><strong data-start=\"2066\" data-end=\"2076\">Marque<\/strong> : Casio<\/p>\n<\/li>\n<li data-start=\"2087\" data-end=\"2117\">\n<p data-start=\"2089\" data-end=\"2117\"><strong data-start=\"2089\" data-end=\"2099\">Mod\u00e8le<\/strong> : FX-92 Coll\u00e8ge<\/p>\n<\/li>\n<li data-start=\"2118\" data-end=\"2161\">\n<p data-start=\"2120\" data-end=\"2161\"><strong data-start=\"2120\" data-end=\"2139\">Niveau scolaire<\/strong> : Coll\u00e8ge (6e \u00e0 3e)<\/p>\n<\/li>\n<li data-start=\"2162\" data-end=\"2187\">\n<p data-start=\"2164\" data-end=\"2187\"><strong data-start=\"2164\" data-end=\"2174\">Format<\/strong> : Portable<\/p>\n<\/li>\n<\/ul>\n<h3 data-start=\"2189\" data-end=\"2202\"><strong data-start=\"2193\" data-end=\"2202\">\u00c9cran<\/strong><\/h3>\n<ul data-start=\"2203\" data-end=\"2358\">\n<li data-start=\"2203\" data-end=\"2229\">\n<p data-start=\"2205\" data-end=\"2229\"><strong data-start=\"2205\" data-end=\"2221\">Type d\u2019\u00e9cran<\/strong> : LCD<\/p>\n<\/li>\n<li data-start=\"2230\" data-end=\"2258\">\n<p data-start=\"2232\" data-end=\"2258\"><strong data-start=\"2232\" data-end=\"2252\">Nombre de lignes<\/strong> : 5<\/p>\n<\/li>\n<li data-start=\"2259\" data-end=\"2302\">\n<p data-start=\"2261\" data-end=\"2302\"><strong data-start=\"2261\" data-end=\"2295\">Nombre de caract\u00e8res par ligne<\/strong> : 10<\/p>\n<\/li>\n<li data-start=\"2303\" data-end=\"2358\">\n<p data-start=\"2305\" data-end=\"2358\"><strong data-start=\"2305\" data-end=\"2318\">Affichage<\/strong> : Haute r\u00e9solution, 4 niveaux de gris<\/p>\n<\/li>\n<\/ul>\n<h3 data-start=\"2360\" data-end=\"2383\"><strong data-start=\"2364\" data-end=\"2383\">Fonctionnalit\u00e9s<\/strong><\/h3>\n<ul data-start=\"2384\" data-end=\"2634\">\n<li data-start=\"2384\" data-end=\"2411\">\n<p data-start=\"2386\" data-end=\"2411\">Calculs de pourcentages<\/p>\n<\/li>\n<li data-start=\"2412\" data-end=\"2445\">\n<p data-start=\"2414\" data-end=\"2445\">Puissances et racines carr\u00e9es<\/p>\n<\/li>\n<li data-start=\"2446\" data-end=\"2474\">\n<p data-start=\"2448\" data-end=\"2474\">Fonctions logarithmiques<\/p>\n<\/li>\n<li data-start=\"2475\" data-end=\"2547\">\n<p data-start=\"2477\" data-end=\"2547\">Fonctions statistiques (moyenne, \u00e9cart-type, simulations al\u00e9atoires)<\/p>\n<\/li>\n<li data-start=\"2548\" data-end=\"2567\">\n<p data-start=\"2550\" data-end=\"2567\">Calcul litt\u00e9ral<\/p>\n<\/li>\n<li data-start=\"2568\" data-end=\"2594\">\n<p data-start=\"2570\" data-end=\"2594\">R\u00e9solution d\u2019\u00e9quations<\/p>\n<\/li>\n<li data-start=\"2595\" data-end=\"2618\">\n<p data-start=\"2597\" data-end=\"2618\">Tableaux de valeurs<\/p>\n<\/li>\n<li data-start=\"2619\" data-end=\"2634\">\n<p data-start=\"2621\" data-end=\"2634\">Algorithmes<\/p>\n<\/li>\n<\/ul>\n<h3 data-start=\"2636\" data-end=\"2656\"><strong data-start=\"2640\" data-end=\"2656\">Alimentation<\/strong><\/h3>\n<ul data-start=\"2657\" data-end=\"2677\">\n<li data-start=\"2657\" data-end=\"2677\">\n<p data-start=\"2659\" data-end=\"2677\"><strong data-start=\"2659\" data-end=\"2667\">Type<\/strong> : Piles<\/p>\n<\/li>\n<\/ul>\n<h3 data-start=\"2679\" data-end=\"2699\"><strong data-start=\"2683\" data-end=\"2699\">Points forts<\/strong><\/h3>\n<ul data-start=\"2700\" data-end=\"2956\">\n<li data-start=\"2700\" data-end=\"2733\">\n<p data-start=\"2702\" data-end=\"2733\">Interface simple et intuitive<\/p>\n<\/li>\n<li data-start=\"2734\" data-end=\"2786\">\n<p data-start=\"2736\" data-end=\"2786\">Con\u00e7ue selon les programmes officiels du coll\u00e8ge<\/p>\n<\/li>\n<li data-start=\"2787\" data-end=\"2811\">\n<p data-start=\"2789\" data-end=\"2811\">Lisibilit\u00e9 am\u00e9lior\u00e9e<\/p>\n<\/li>\n<li data-start=\"2812\" data-end=\"2899\">\n<p data-start=\"2814\" data-end=\"2899\">Application Web Casio pour visualisation graphique et initiation \u00e0 la programmation<\/p>\n<\/li>\n<li data-start=\"2900\" data-end=\"2956\">\n<p data-start=\"2902\" data-end=\"2956\">Fiabilit\u00e9 et durabilit\u00e9 reconnues de la marque Casio<\/p>\n<\/li>\n<\/ul>\n","protected":false},"excerpt":{"rendered":"<p>La Casio FX-92 Coll\u00e8ge est une calculatrice scientifique compl\u00e8te et intuitive, sp\u00e9cialement con\u00e7ue pour accompagner les \u00e9l\u00e8ves du coll\u00e8ge (6e \u00e0 3e) dans l\u2019apprentissage des math\u00e9matiques.<\/p>\n","protected":false},"featured_media":11595,"comment_status":"open","ping_status":"closed","template":"","meta":[],"product_brand":[],"product_cat":[27],"product_tag":[],"class_list":{"0":"post-11593","1":"product","2":"type-product","3":"status-publish","4":"has-post-thumbnail","6":"product_cat-fourniture-scolaire","8":"first","9":"instock","10":"shipping-taxable","11":"product-type-simple"},"yoast_head":"<!-- This site is optimized with the Yoast SEO plugin v27.6 - https:\/\/yoast.com\/product\/yoast-seo-wordpress\/ -->\n<title>Calculatrice scientifique Casio FX-92 Coll\u00e8ge - Sen Grand Place Thi\u00e8s<\/title>\n<meta name=\"robots\" content=\"index, follow, max-snippet:-1, max-image-preview:large, max-video-preview:-1\" \/>\n<link rel=\"canonical\" href=\"https:\/\/www.sengrandplace.com\/?product=calculatrice-scientifique-casio-fx-92-college\" \/>\n<meta property=\"og:locale\" content=\"fr_FR\" \/>\n<meta property=\"og:type\" content=\"article\" \/>\n<meta property=\"og:title\" content=\"Calculatrice scientifique Casio FX-92 Coll\u00e8ge - Sen Grand Place Thi\u00e8s\" \/>\n<meta property=\"og:description\" content=\"La Casio FX-92 Coll\u00e8ge est une calculatrice scientifique compl\u00e8te et intuitive, sp\u00e9cialement con\u00e7ue pour accompagner les \u00e9l\u00e8ves du coll\u00e8ge (6e \u00e0 3e) dans l\u2019apprentissage des math\u00e9matiques.\" \/>\n<meta property=\"og:url\" content=\"https:\/\/www.sengrandplace.com\/?product=calculatrice-scientifique-casio-fx-92-college\" \/>\n<meta property=\"og:site_name\" content=\"Sen Grand Place Thi\u00e8s\" \/>\n<meta property=\"article:modified_time\" content=\"2025-12-19T11:36:37+00:00\" \/>\n<meta property=\"og:image\" content=\"https:\/\/www.sengrandplace.com\/wp-content\/uploads\/2025\/12\/casio-fx-92-college.jpg\" \/>\n\t<meta property=\"og:image:width\" content=\"912\" \/>\n\t<meta property=\"og:image:height\" content=\"976\" \/>\n\t<meta property=\"og:image:type\" content=\"image\/jpeg\" \/>\n<meta name=\"twitter:card\" content=\"summary_large_image\" \/>\n<meta name=\"twitter:label1\" content=\"Dur\u00e9e de lecture estim\u00e9e\" \/>\n\t<meta name=\"twitter:data1\" content=\"2 minutes\" \/>\n<script type=\"application\/ld+json\" class=\"yoast-schema-graph\">{\"@context\":\"https:\\\/\\\/schema.org\",\"@graph\":[{\"@type\":\"WebPage\",\"@id\":\"https:\\\/\\\/www.sengrandplace.com\\\/?product=calculatrice-scientifique-casio-fx-92-college\",\"url\":\"https:\\\/\\\/www.sengrandplace.com\\\/?product=calculatrice-scientifique-casio-fx-92-college\",\"name\":\"Calculatrice scientifique Casio FX-92 Coll\u00e8ge - Sen Grand Place Thi\u00e8s\",\"isPartOf\":{\"@id\":\"https:\\\/\\\/www.sengrandplace.com\\\/#website\"},\"primaryImageOfPage\":{\"@id\":\"https:\\\/\\\/www.sengrandplace.com\\\/?product=calculatrice-scientifique-casio-fx-92-college#primaryimage\"},\"image\":{\"@id\":\"https:\\\/\\\/www.sengrandplace.com\\\/?product=calculatrice-scientifique-casio-fx-92-college#primaryimage\"},\"thumbnailUrl\":\"https:\\\/\\\/www.sengrandplace.com\\\/wp-content\\\/uploads\\\/2025\\\/12\\\/casio-fx-92-college.jpg\",\"datePublished\":\"2025-12-19T11:36:36+00:00\",\"dateModified\":\"2025-12-19T11:36:37+00:00\",\"breadcrumb\":{\"@id\":\"https:\\\/\\\/www.sengrandplace.com\\\/?product=calculatrice-scientifique-casio-fx-92-college#breadcrumb\"},\"inLanguage\":\"fr-FR\",\"potentialAction\":[{\"@type\":\"ReadAction\",\"target\":[\"https:\\\/\\\/www.sengrandplace.com\\\/?product=calculatrice-scientifique-casio-fx-92-college\"]}]},{\"@type\":\"ImageObject\",\"inLanguage\":\"fr-FR\",\"@id\":\"https:\\\/\\\/www.sengrandplace.com\\\/?product=calculatrice-scientifique-casio-fx-92-college#primaryimage\",\"url\":\"https:\\\/\\\/www.sengrandplace.com\\\/wp-content\\\/uploads\\\/2025\\\/12\\\/casio-fx-92-college.jpg\",\"contentUrl\":\"https:\\\/\\\/www.sengrandplace.com\\\/wp-content\\\/uploads\\\/2025\\\/12\\\/casio-fx-92-college.jpg\",\"width\":912,\"height\":976},{\"@type\":\"BreadcrumbList\",\"@id\":\"https:\\\/\\\/www.sengrandplace.com\\\/?product=calculatrice-scientifique-casio-fx-92-college#breadcrumb\",\"itemListElement\":[{\"@type\":\"ListItem\",\"position\":1,\"name\":\"Home\",\"item\":\"https:\\\/\\\/www.sengrandplace.com\\\/\"},{\"@type\":\"ListItem\",\"position\":2,\"name\":\"Shop\",\"item\":\"https:\\\/\\\/www.sengrandplace.com\\\/?page_id=11\"},{\"@type\":\"ListItem\",\"position\":3,\"name\":\"Calculatrice scientifique Casio FX-92 Coll\u00e8ge\"}]},{\"@type\":\"WebSite\",\"@id\":\"https:\\\/\\\/www.sengrandplace.com\\\/#website\",\"url\":\"https:\\\/\\\/www.sengrandplace.com\\\/\",\"name\":\"Sen Grand Place Thi\u00e8s\",\"description\":\"La place qui vous revient.\",\"publisher\":{\"@id\":\"https:\\\/\\\/www.sengrandplace.com\\\/#organization\"},\"potentialAction\":[{\"@type\":\"SearchAction\",\"target\":{\"@type\":\"EntryPoint\",\"urlTemplate\":\"https:\\\/\\\/www.sengrandplace.com\\\/?s={search_term_string}\"},\"query-input\":{\"@type\":\"PropertyValueSpecification\",\"valueRequired\":true,\"valueName\":\"search_term_string\"}}],\"inLanguage\":\"fr-FR\"},{\"@type\":\"Organization\",\"@id\":\"https:\\\/\\\/www.sengrandplace.com\\\/#organization\",\"name\":\"Sen Grand Place Thi\u00e8s\",\"url\":\"https:\\\/\\\/www.sengrandplace.com\\\/\",\"logo\":{\"@type\":\"ImageObject\",\"inLanguage\":\"fr-FR\",\"@id\":\"https:\\\/\\\/www.sengrandplace.com\\\/#\\\/schema\\\/logo\\\/image\\\/\",\"url\":\"https:\\\/\\\/www.sengrandplace.com\\\/wp-content\\\/uploads\\\/2024\\\/01\\\/Logo_du_site-2.jpg\",\"contentUrl\":\"https:\\\/\\\/www.sengrandplace.com\\\/wp-content\\\/uploads\\\/2024\\\/01\\\/Logo_du_site-2.jpg\",\"width\":314,\"height\":98,\"caption\":\"Sen Grand Place Thi\u00e8s\"},\"image\":{\"@id\":\"https:\\\/\\\/www.sengrandplace.com\\\/#\\\/schema\\\/logo\\\/image\\\/\"}}]}<\/script>\n<!-- \/ Yoast SEO plugin. -->","yoast_head_json":{"title":"Calculatrice scientifique Casio FX-92 Coll\u00e8ge - Sen Grand Place Thi\u00e8s","robots":{"index":"index","follow":"follow","max-snippet":"max-snippet:-1","max-image-preview":"max-image-preview:large","max-video-preview":"max-video-preview:-1"},"canonical":"https:\/\/www.sengrandplace.com\/?product=calculatrice-scientifique-casio-fx-92-college","og_locale":"fr_FR","og_type":"article","og_title":"Calculatrice scientifique Casio FX-92 Coll\u00e8ge - Sen Grand Place Thi\u00e8s","og_description":"La Casio FX-92 Coll\u00e8ge est une calculatrice scientifique compl\u00e8te et intuitive, sp\u00e9cialement con\u00e7ue pour accompagner les \u00e9l\u00e8ves du coll\u00e8ge (6e \u00e0 3e) dans l\u2019apprentissage des math\u00e9matiques.","og_url":"https:\/\/www.sengrandplace.com\/?product=calculatrice-scientifique-casio-fx-92-college","og_site_name":"Sen Grand Place Thi\u00e8s","article_modified_time":"2025-12-19T11:36:37+00:00","og_image":[{"width":912,"height":976,"url":"https:\/\/www.sengrandplace.com\/wp-content\/uploads\/2025\/12\/casio-fx-92-college.jpg","type":"image\/jpeg"}],"twitter_card":"summary_large_image","twitter_misc":{"Dur\u00e9e de lecture estim\u00e9e":"2 minutes"},"schema":{"@context":"https:\/\/schema.org","@graph":[{"@type":"WebPage","@id":"https:\/\/www.sengrandplace.com\/?product=calculatrice-scientifique-casio-fx-92-college","url":"https:\/\/www.sengrandplace.com\/?product=calculatrice-scientifique-casio-fx-92-college","name":"Calculatrice scientifique Casio FX-92 Coll\u00e8ge - Sen Grand Place Thi\u00e8s","isPartOf":{"@id":"https:\/\/www.sengrandplace.com\/#website"},"primaryImageOfPage":{"@id":"https:\/\/www.sengrandplace.com\/?product=calculatrice-scientifique-casio-fx-92-college#primaryimage"},"image":{"@id":"https:\/\/www.sengrandplace.com\/?product=calculatrice-scientifique-casio-fx-92-college#primaryimage"},"thumbnailUrl":"https:\/\/www.sengrandplace.com\/wp-content\/uploads\/2025\/12\/casio-fx-92-college.jpg","datePublished":"2025-12-19T11:36:36+00:00","dateModified":"2025-12-19T11:36:37+00:00","breadcrumb":{"@id":"https:\/\/www.sengrandplace.com\/?product=calculatrice-scientifique-casio-fx-92-college#breadcrumb"},"inLanguage":"fr-FR","potentialAction":[{"@type":"ReadAction","target":["https:\/\/www.sengrandplace.com\/?product=calculatrice-scientifique-casio-fx-92-college"]}]},{"@type":"ImageObject","inLanguage":"fr-FR","@id":"https:\/\/www.sengrandplace.com\/?product=calculatrice-scientifique-casio-fx-92-college#primaryimage","url":"https:\/\/www.sengrandplace.com\/wp-content\/uploads\/2025\/12\/casio-fx-92-college.jpg","contentUrl":"https:\/\/www.sengrandplace.com\/wp-content\/uploads\/2025\/12\/casio-fx-92-college.jpg","width":912,"height":976},{"@type":"BreadcrumbList","@id":"https:\/\/www.sengrandplace.com\/?product=calculatrice-scientifique-casio-fx-92-college#breadcrumb","itemListElement":[{"@type":"ListItem","position":1,"name":"Home","item":"https:\/\/www.sengrandplace.com\/"},{"@type":"ListItem","position":2,"name":"Shop","item":"https:\/\/www.sengrandplace.com\/?page_id=11"},{"@type":"ListItem","position":3,"name":"Calculatrice scientifique Casio FX-92 Coll\u00e8ge"}]},{"@type":"WebSite","@id":"https:\/\/www.sengrandplace.com\/#website","url":"https:\/\/www.sengrandplace.com\/","name":"Sen Grand Place Thi\u00e8s","description":"La place qui vous revient.","publisher":{"@id":"https:\/\/www.sengrandplace.com\/#organization"},"potentialAction":[{"@type":"SearchAction","target":{"@type":"EntryPoint","urlTemplate":"https:\/\/www.sengrandplace.com\/?s={search_term_string}"},"query-input":{"@type":"PropertyValueSpecification","valueRequired":true,"valueName":"search_term_string"}}],"inLanguage":"fr-FR"},{"@type":"Organization","@id":"https:\/\/www.sengrandplace.com\/#organization","name":"Sen Grand Place Thi\u00e8s","url":"https:\/\/www.sengrandplace.com\/","logo":{"@type":"ImageObject","inLanguage":"fr-FR","@id":"https:\/\/www.sengrandplace.com\/#\/schema\/logo\/image\/","url":"https:\/\/www.sengrandplace.com\/wp-content\/uploads\/2024\/01\/Logo_du_site-2.jpg","contentUrl":"https:\/\/www.sengrandplace.com\/wp-content\/uploads\/2024\/01\/Logo_du_site-2.jpg","width":314,"height":98,"caption":"Sen Grand Place Thi\u00e8s"},"image":{"@id":"https:\/\/www.sengrandplace.com\/#\/schema\/logo\/image\/"}}]}},"_links":{"self":[{"href":"https:\/\/www.sengrandplace.com\/index.php?rest_route=\/wp\/v2\/product\/11593","targetHints":{"allow":["GET"]}}],"collection":[{"href":"https:\/\/www.sengrandplace.com\/index.php?rest_route=\/wp\/v2\/product"}],"about":[{"href":"https:\/\/www.sengrandplace.com\/index.php?rest_route=\/wp\/v2\/types\/product"}],"replies":[{"embeddable":true,"href":"https:\/\/www.sengrandplace.com\/index.php?rest_route=%2Fwp%2Fv2%2Fcomments&post=11593"}],"version-history":[{"count":2,"href":"https:\/\/www.sengrandplace.com\/index.php?rest_route=\/wp\/v2\/product\/11593\/revisions"}],"predecessor-version":[{"id":11598,"href":"https:\/\/www.sengrandplace.com\/index.php?rest_route=\/wp\/v2\/product\/11593\/revisions\/11598"}],"wp:featuredmedia":[{"embeddable":true,"href":"https:\/\/www.sengrandplace.com\/index.php?rest_route=\/wp\/v2\/media\/11595"}],"wp:attachment":[{"href":"https:\/\/www.sengrandplace.com\/index.php?rest_route=%2Fwp%2Fv2%2Fmedia&parent=11593"}],"wp:term":[{"taxonomy":"product_brand","embeddable":true,"href":"https:\/\/www.sengrandplace.com\/index.php?rest_route=%2Fwp%2Fv2%2Fproduct_brand&post=11593"},{"taxonomy":"product_cat","embeddable":true,"href":"https:\/\/www.sengrandplace.com\/index.php?rest_route=%2Fwp%2Fv2%2Fproduct_cat&post=11593"},{"taxonomy":"product_tag","embeddable":true,"href":"https:\/\/www.sengrandplace.com\/index.php?rest_route=%2Fwp%2Fv2%2Fproduct_tag&post=11593"}],"curies":[{"name":"wp","href":"https:\/\/api.w.org\/{rel}","templated":true}]}}