{"id":11604,"date":"2025-12-19T12:01:51","date_gmt":"2025-12-19T12:01:51","guid":{"rendered":"https:\/\/www.sengrandplace.com\/?post_type=product&#038;p=11604"},"modified":"2025-12-19T12:01:51","modified_gmt":"2025-12-19T12:01:51","slug":"cartouche-dencre-hp-123-couleur","status":"publish","type":"product","link":"https:\/\/www.sengrandplace.com\/?product=cartouche-dencre-hp-123-couleur","title":{"rendered":"Cartouche d&rsquo;Encre HP 123 Couleur"},"content":{"rendered":"<p data-start=\"463\" data-end=\"796\">La <strong data-start=\"466\" data-end=\"502\">cartouche d\u2019encre HP 123 Couleur<\/strong> est un consommable officiel HP con\u00e7u pour garantir des impressions nettes et \u00e9clatantes sur vos imprimantes compatibles. Sa formulation d\u2019encre HP Vivid assure des couleurs \u00e9clatantes et homog\u00e8nes, r\u00e9sistantes \u00e0 la d\u00e9coloration, parfaites pour les documents, graphiques et photos du quotidien.<\/p>\n<p data-start=\"798\" data-end=\"1128\">Cette cartouche est <strong data-start=\"818\" data-end=\"840\">facile \u00e0 installer<\/strong>, directement compatible avec les imprimantes HP pr\u00e9vues pour ce mod\u00e8le, et offre une impression uniforme sans bavure ni fuite. En choisissant une cartouche HP originale, vous b\u00e9n\u00e9ficiez de la <strong data-start=\"1033\" data-end=\"1066\">fiabilit\u00e9 et de la qualit\u00e9 HP<\/strong>, ainsi que d\u2019une dur\u00e9e de vie optimale pour votre imprimante.<\/p>\n<hr data-start=\"1130\" data-end=\"1133\" \/>\n<h3 data-start=\"1135\" data-end=\"1171\"><strong data-start=\"1139\" data-end=\"1171\">Caract\u00e9ristiques principales<\/strong><\/h3>\n<ul data-start=\"1172\" data-end=\"1545\">\n<li data-start=\"1172\" data-end=\"1217\">\n<p data-start=\"1174\" data-end=\"1217\"><strong data-start=\"1174\" data-end=\"1182\">Type<\/strong> : Cartouche d\u2019encre originale HP<\/p>\n<\/li>\n<li data-start=\"1218\" data-end=\"1266\">\n<p data-start=\"1220\" data-end=\"1266\"><strong data-start=\"1220\" data-end=\"1231\">Couleur<\/strong> : Couleur (Cyan, Magenta, Jaune)<\/p>\n<\/li>\n<li data-start=\"1267\" data-end=\"1291\">\n<p data-start=\"1269\" data-end=\"1291\"><strong data-start=\"1269\" data-end=\"1278\">Encre<\/strong> : HP Vivid<\/p>\n<\/li>\n<li data-start=\"1292\" data-end=\"1374\">\n<p data-start=\"1294\" data-end=\"1374\"><strong data-start=\"1294\" data-end=\"1307\">Rendement<\/strong> : Environ 120 pages (varie selon l\u2019usage et le type de document)<\/p>\n<\/li>\n<li data-start=\"1375\" data-end=\"1443\">\n<p data-start=\"1377\" data-end=\"1443\"><strong data-start=\"1377\" data-end=\"1394\">Compatibilit\u00e9<\/strong> : Imprimantes HP utilisant la cartouche HP 123<\/p>\n<\/li>\n<li data-start=\"1444\" data-end=\"1505\">\n<p data-start=\"1446\" data-end=\"1505\"><strong data-start=\"1446\" data-end=\"1459\">Fiabilit\u00e9<\/strong> : Produit officiel HP, garanti constructeur<\/p>\n<\/li>\n<li data-start=\"1506\" data-end=\"1545\">\n<p data-start=\"1508\" data-end=\"1545\"><strong data-start=\"1508\" data-end=\"1524\">Installation<\/strong> : Simple et rapide<\/p>\n<\/li>\n<\/ul>\n<hr data-start=\"1547\" data-end=\"1550\" \/>\n<h3 data-start=\"1552\" data-end=\"1580\"><strong data-start=\"1556\" data-end=\"1580\">Descriptif technique<\/strong><\/h3>\n<ul data-start=\"1581\" data-end=\"1741\">\n<li data-start=\"1581\" data-end=\"1600\">\n<p data-start=\"1583\" data-end=\"1600\"><strong data-start=\"1583\" data-end=\"1593\">Marque<\/strong> : HP<\/p>\n<\/li>\n<li data-start=\"1601\" data-end=\"1632\">\n<p data-start=\"1603\" data-end=\"1632\"><strong data-start=\"1603\" data-end=\"1613\">Mod\u00e8le<\/strong> : HP 123 Couleur<\/p>\n<\/li>\n<li data-start=\"1633\" data-end=\"1680\">\n<p data-start=\"1635\" data-end=\"1680\"><strong data-start=\"1635\" data-end=\"1658\">Type de consommable<\/strong> : Cartouche d\u2019encre<\/p>\n<\/li>\n<li data-start=\"1681\" data-end=\"1741\">\n<p data-start=\"1683\" data-end=\"1741\"><strong data-start=\"1683\" data-end=\"1692\">Usage<\/strong> : Impression couleur domestique et bureautique<\/p>\n<\/li>\n<\/ul>\n","protected":false},"excerpt":{"rendered":"<p>La cartouche originale HP 123 Couleur fournit des impressions couleur vives et pr\u00e9cises pour vos documents et photos. Id\u00e9ale pour une utilisation \u00e0 domicile ou au bureau, elle assure des r\u00e9sultats fiables \u00e0 chaque impression.<\/p>\n","protected":false},"featured_media":11607,"comment_status":"open","ping_status":"closed","template":"","meta":[],"product_brand":[],"product_cat":[331,28],"product_tag":[],"class_list":{"0":"post-11604","1":"product","2":"type-product","3":"status-publish","4":"has-post-thumbnail","6":"product_cat-encre","7":"product_cat-equipement-informatique","9":"first","10":"instock","11":"shipping-taxable","12":"product-type-simple"},"yoast_head":"<!-- This site is optimized with the Yoast SEO plugin v27.6 - https:\/\/yoast.com\/product\/yoast-seo-wordpress\/ -->\n<title>Cartouche d&#039;Encre HP 123 Couleur - Sen Grand Place Thi\u00e8s<\/title>\n<meta name=\"robots\" content=\"index, follow, max-snippet:-1, max-image-preview:large, max-video-preview:-1\" \/>\n<link rel=\"canonical\" href=\"https:\/\/www.sengrandplace.com\/?product=cartouche-dencre-hp-123-couleur\" \/>\n<meta property=\"og:locale\" content=\"fr_FR\" \/>\n<meta property=\"og:type\" content=\"article\" \/>\n<meta property=\"og:title\" content=\"Cartouche d&#039;Encre HP 123 Couleur - Sen Grand Place Thi\u00e8s\" \/>\n<meta property=\"og:description\" content=\"La cartouche originale HP 123 Couleur fournit des impressions couleur vives et pr\u00e9cises pour vos documents et photos. Id\u00e9ale pour une utilisation \u00e0 domicile ou au bureau, elle assure des r\u00e9sultats fiables \u00e0 chaque impression.\" \/>\n<meta property=\"og:url\" content=\"https:\/\/www.sengrandplace.com\/?product=cartouche-dencre-hp-123-couleur\" \/>\n<meta property=\"og:site_name\" content=\"Sen Grand Place Thi\u00e8s\" \/>\n<meta property=\"og:image\" content=\"https:\/\/www.sengrandplace.com\/wp-content\/uploads\/2025\/12\/wnrXFhsyq2puVf4vX2NuN2l5CuQu01zGVvg2CjwM.jpeg\" \/>\n\t<meta property=\"og:image:width\" content=\"800\" \/>\n\t<meta property=\"og:image:height\" content=\"800\" \/>\n\t<meta property=\"og:image:type\" content=\"image\/jpeg\" \/>\n<meta name=\"twitter:card\" content=\"summary_large_image\" \/>\n<meta name=\"twitter:label1\" content=\"Dur\u00e9e de lecture estim\u00e9e\" \/>\n\t<meta name=\"twitter:data1\" content=\"2 minutes\" \/>\n<script type=\"application\/ld+json\" class=\"yoast-schema-graph\">{\"@context\":\"https:\\\/\\\/schema.org\",\"@graph\":[{\"@type\":\"WebPage\",\"@id\":\"https:\\\/\\\/www.sengrandplace.com\\\/?product=cartouche-dencre-hp-123-couleur\",\"url\":\"https:\\\/\\\/www.sengrandplace.com\\\/?product=cartouche-dencre-hp-123-couleur\",\"name\":\"Cartouche d'Encre HP 123 Couleur - Sen Grand Place Thi\u00e8s\",\"isPartOf\":{\"@id\":\"https:\\\/\\\/www.sengrandplace.com\\\/#website\"},\"primaryImageOfPage\":{\"@id\":\"https:\\\/\\\/www.sengrandplace.com\\\/?product=cartouche-dencre-hp-123-couleur#primaryimage\"},\"image\":{\"@id\":\"https:\\\/\\\/www.sengrandplace.com\\\/?product=cartouche-dencre-hp-123-couleur#primaryimage\"},\"thumbnailUrl\":\"https:\\\/\\\/www.sengrandplace.com\\\/wp-content\\\/uploads\\\/2025\\\/12\\\/wnrXFhsyq2puVf4vX2NuN2l5CuQu01zGVvg2CjwM.jpeg\",\"datePublished\":\"2025-12-19T12:01:51+00:00\",\"breadcrumb\":{\"@id\":\"https:\\\/\\\/www.sengrandplace.com\\\/?product=cartouche-dencre-hp-123-couleur#breadcrumb\"},\"inLanguage\":\"fr-FR\",\"potentialAction\":[{\"@type\":\"ReadAction\",\"target\":[\"https:\\\/\\\/www.sengrandplace.com\\\/?product=cartouche-dencre-hp-123-couleur\"]}]},{\"@type\":\"ImageObject\",\"inLanguage\":\"fr-FR\",\"@id\":\"https:\\\/\\\/www.sengrandplace.com\\\/?product=cartouche-dencre-hp-123-couleur#primaryimage\",\"url\":\"https:\\\/\\\/www.sengrandplace.com\\\/wp-content\\\/uploads\\\/2025\\\/12\\\/wnrXFhsyq2puVf4vX2NuN2l5CuQu01zGVvg2CjwM.jpeg\",\"contentUrl\":\"https:\\\/\\\/www.sengrandplace.com\\\/wp-content\\\/uploads\\\/2025\\\/12\\\/wnrXFhsyq2puVf4vX2NuN2l5CuQu01zGVvg2CjwM.jpeg\",\"width\":800,\"height\":800},{\"@type\":\"BreadcrumbList\",\"@id\":\"https:\\\/\\\/www.sengrandplace.com\\\/?product=cartouche-dencre-hp-123-couleur#breadcrumb\",\"itemListElement\":[{\"@type\":\"ListItem\",\"position\":1,\"name\":\"Home\",\"item\":\"https:\\\/\\\/www.sengrandplace.com\\\/\"},{\"@type\":\"ListItem\",\"position\":2,\"name\":\"Shop\",\"item\":\"https:\\\/\\\/www.sengrandplace.com\\\/?page_id=11\"},{\"@type\":\"ListItem\",\"position\":3,\"name\":\"Cartouche d&rsquo;Encre HP 123 Couleur\"}]},{\"@type\":\"WebSite\",\"@id\":\"https:\\\/\\\/www.sengrandplace.com\\\/#website\",\"url\":\"https:\\\/\\\/www.sengrandplace.com\\\/\",\"name\":\"Sen Grand Place Thi\u00e8s\",\"description\":\"La place qui vous revient.\",\"publisher\":{\"@id\":\"https:\\\/\\\/www.sengrandplace.com\\\/#organization\"},\"potentialAction\":[{\"@type\":\"SearchAction\",\"target\":{\"@type\":\"EntryPoint\",\"urlTemplate\":\"https:\\\/\\\/www.sengrandplace.com\\\/?s={search_term_string}\"},\"query-input\":{\"@type\":\"PropertyValueSpecification\",\"valueRequired\":true,\"valueName\":\"search_term_string\"}}],\"inLanguage\":\"fr-FR\"},{\"@type\":\"Organization\",\"@id\":\"https:\\\/\\\/www.sengrandplace.com\\\/#organization\",\"name\":\"Sen Grand Place Thi\u00e8s\",\"url\":\"https:\\\/\\\/www.sengrandplace.com\\\/\",\"logo\":{\"@type\":\"ImageObject\",\"inLanguage\":\"fr-FR\",\"@id\":\"https:\\\/\\\/www.sengrandplace.com\\\/#\\\/schema\\\/logo\\\/image\\\/\",\"url\":\"https:\\\/\\\/www.sengrandplace.com\\\/wp-content\\\/uploads\\\/2024\\\/01\\\/Logo_du_site-2.jpg\",\"contentUrl\":\"https:\\\/\\\/www.sengrandplace.com\\\/wp-content\\\/uploads\\\/2024\\\/01\\\/Logo_du_site-2.jpg\",\"width\":314,\"height\":98,\"caption\":\"Sen Grand Place Thi\u00e8s\"},\"image\":{\"@id\":\"https:\\\/\\\/www.sengrandplace.com\\\/#\\\/schema\\\/logo\\\/image\\\/\"}}]}<\/script>\n<!-- \/ Yoast SEO plugin. -->","yoast_head_json":{"title":"Cartouche d'Encre HP 123 Couleur - Sen Grand Place Thi\u00e8s","robots":{"index":"index","follow":"follow","max-snippet":"max-snippet:-1","max-image-preview":"max-image-preview:large","max-video-preview":"max-video-preview:-1"},"canonical":"https:\/\/www.sengrandplace.com\/?product=cartouche-dencre-hp-123-couleur","og_locale":"fr_FR","og_type":"article","og_title":"Cartouche d'Encre HP 123 Couleur - Sen Grand Place Thi\u00e8s","og_description":"La cartouche originale HP 123 Couleur fournit des impressions couleur vives et pr\u00e9cises pour vos documents et photos. Id\u00e9ale pour une utilisation \u00e0 domicile ou au bureau, elle assure des r\u00e9sultats fiables \u00e0 chaque impression.","og_url":"https:\/\/www.sengrandplace.com\/?product=cartouche-dencre-hp-123-couleur","og_site_name":"Sen Grand Place Thi\u00e8s","og_image":[{"width":800,"height":800,"url":"https:\/\/www.sengrandplace.com\/wp-content\/uploads\/2025\/12\/wnrXFhsyq2puVf4vX2NuN2l5CuQu01zGVvg2CjwM.jpeg","type":"image\/jpeg"}],"twitter_card":"summary_large_image","twitter_misc":{"Dur\u00e9e de lecture estim\u00e9e":"2 minutes"},"schema":{"@context":"https:\/\/schema.org","@graph":[{"@type":"WebPage","@id":"https:\/\/www.sengrandplace.com\/?product=cartouche-dencre-hp-123-couleur","url":"https:\/\/www.sengrandplace.com\/?product=cartouche-dencre-hp-123-couleur","name":"Cartouche d'Encre HP 123 Couleur - Sen Grand Place Thi\u00e8s","isPartOf":{"@id":"https:\/\/www.sengrandplace.com\/#website"},"primaryImageOfPage":{"@id":"https:\/\/www.sengrandplace.com\/?product=cartouche-dencre-hp-123-couleur#primaryimage"},"image":{"@id":"https:\/\/www.sengrandplace.com\/?product=cartouche-dencre-hp-123-couleur#primaryimage"},"thumbnailUrl":"https:\/\/www.sengrandplace.com\/wp-content\/uploads\/2025\/12\/wnrXFhsyq2puVf4vX2NuN2l5CuQu01zGVvg2CjwM.jpeg","datePublished":"2025-12-19T12:01:51+00:00","breadcrumb":{"@id":"https:\/\/www.sengrandplace.com\/?product=cartouche-dencre-hp-123-couleur#breadcrumb"},"inLanguage":"fr-FR","potentialAction":[{"@type":"ReadAction","target":["https:\/\/www.sengrandplace.com\/?product=cartouche-dencre-hp-123-couleur"]}]},{"@type":"ImageObject","inLanguage":"fr-FR","@id":"https:\/\/www.sengrandplace.com\/?product=cartouche-dencre-hp-123-couleur#primaryimage","url":"https:\/\/www.sengrandplace.com\/wp-content\/uploads\/2025\/12\/wnrXFhsyq2puVf4vX2NuN2l5CuQu01zGVvg2CjwM.jpeg","contentUrl":"https:\/\/www.sengrandplace.com\/wp-content\/uploads\/2025\/12\/wnrXFhsyq2puVf4vX2NuN2l5CuQu01zGVvg2CjwM.jpeg","width":800,"height":800},{"@type":"BreadcrumbList","@id":"https:\/\/www.sengrandplace.com\/?product=cartouche-dencre-hp-123-couleur#breadcrumb","itemListElement":[{"@type":"ListItem","position":1,"name":"Home","item":"https:\/\/www.sengrandplace.com\/"},{"@type":"ListItem","position":2,"name":"Shop","item":"https:\/\/www.sengrandplace.com\/?page_id=11"},{"@type":"ListItem","position":3,"name":"Cartouche d&rsquo;Encre HP 123 Couleur"}]},{"@type":"WebSite","@id":"https:\/\/www.sengrandplace.com\/#website","url":"https:\/\/www.sengrandplace.com\/","name":"Sen Grand Place Thi\u00e8s","description":"La place qui vous revient.","publisher":{"@id":"https:\/\/www.sengrandplace.com\/#organization"},"potentialAction":[{"@type":"SearchAction","target":{"@type":"EntryPoint","urlTemplate":"https:\/\/www.sengrandplace.com\/?s={search_term_string}"},"query-input":{"@type":"PropertyValueSpecification","valueRequired":true,"valueName":"search_term_string"}}],"inLanguage":"fr-FR"},{"@type":"Organization","@id":"https:\/\/www.sengrandplace.com\/#organization","name":"Sen Grand Place Thi\u00e8s","url":"https:\/\/www.sengrandplace.com\/","logo":{"@type":"ImageObject","inLanguage":"fr-FR","@id":"https:\/\/www.sengrandplace.com\/#\/schema\/logo\/image\/","url":"https:\/\/www.sengrandplace.com\/wp-content\/uploads\/2024\/01\/Logo_du_site-2.jpg","contentUrl":"https:\/\/www.sengrandplace.com\/wp-content\/uploads\/2024\/01\/Logo_du_site-2.jpg","width":314,"height":98,"caption":"Sen Grand Place Thi\u00e8s"},"image":{"@id":"https:\/\/www.sengrandplace.com\/#\/schema\/logo\/image\/"}}]}},"_links":{"self":[{"href":"https:\/\/www.sengrandplace.com\/index.php?rest_route=\/wp\/v2\/product\/11604","targetHints":{"allow":["GET"]}}],"collection":[{"href":"https:\/\/www.sengrandplace.com\/index.php?rest_route=\/wp\/v2\/product"}],"about":[{"href":"https:\/\/www.sengrandplace.com\/index.php?rest_route=\/wp\/v2\/types\/product"}],"replies":[{"embeddable":true,"href":"https:\/\/www.sengrandplace.com\/index.php?rest_route=%2Fwp%2Fv2%2Fcomments&post=11604"}],"version-history":[{"count":1,"href":"https:\/\/www.sengrandplace.com\/index.php?rest_route=\/wp\/v2\/product\/11604\/revisions"}],"predecessor-version":[{"id":11608,"href":"https:\/\/www.sengrandplace.com\/index.php?rest_route=\/wp\/v2\/product\/11604\/revisions\/11608"}],"wp:featuredmedia":[{"embeddable":true,"href":"https:\/\/www.sengrandplace.com\/index.php?rest_route=\/wp\/v2\/media\/11607"}],"wp:attachment":[{"href":"https:\/\/www.sengrandplace.com\/index.php?rest_route=%2Fwp%2Fv2%2Fmedia&parent=11604"}],"wp:term":[{"taxonomy":"product_brand","embeddable":true,"href":"https:\/\/www.sengrandplace.com\/index.php?rest_route=%2Fwp%2Fv2%2Fproduct_brand&post=11604"},{"taxonomy":"product_cat","embeddable":true,"href":"https:\/\/www.sengrandplace.com\/index.php?rest_route=%2Fwp%2Fv2%2Fproduct_cat&post=11604"},{"taxonomy":"product_tag","embeddable":true,"href":"https:\/\/www.sengrandplace.com\/index.php?rest_route=%2Fwp%2Fv2%2Fproduct_tag&post=11604"}],"curies":[{"name":"wp","href":"https:\/\/api.w.org\/{rel}","templated":true}]}}