{"id":11609,"date":"2025-12-19T12:20:58","date_gmt":"2025-12-19T12:20:58","guid":{"rendered":"https:\/\/www.sengrandplace.com\/?post_type=product&#038;p=11609"},"modified":"2025-12-19T12:20:58","modified_gmt":"2025-12-19T12:20:58","slug":"cartouche-dencre-hp-123-noire","status":"publish","type":"product","link":"https:\/\/www.sengrandplace.com\/?product=cartouche-dencre-hp-123-noire","title":{"rendered":"Cartouche d\u2019Encre HP 123 Noire"},"content":{"rendered":"<p data-start=\"471\" data-end=\"768\">La <strong data-start=\"474\" data-end=\"508\">cartouche d\u2019encre HP 123 Noire<\/strong> est un consommable officiel HP, sp\u00e9cialement con\u00e7u pour les imprimantes compatibles avec le mod\u00e8le HP 123. Son encre noire pigment\u00e9e assure des impressions <strong data-start=\"665\" data-end=\"685\">professionnelles<\/strong>, claires et durables, id\u00e9ales pour les documents, rapports et travaux scolaires.<\/p>\n<p data-start=\"770\" data-end=\"1062\">Facile \u00e0 installer, cette cartouche s\u2019int\u00e8gre parfaitement dans l\u2019imprimante et offre un flux d\u2019encre constant, sans bavures ni fuites. En optant pour une cartouche <strong data-start=\"935\" data-end=\"951\">HP originale<\/strong>, vous assurez \u00e0 votre imprimante une <strong data-start=\"989\" data-end=\"1011\">long\u00e9vit\u00e9 optimale<\/strong> et b\u00e9n\u00e9ficiez de la fiabilit\u00e9 et de la qualit\u00e9 HP.<\/p>\n<hr data-start=\"1064\" data-end=\"1067\" \/>\n<h3 data-start=\"1069\" data-end=\"1105\"><strong data-start=\"1073\" data-end=\"1105\">Caract\u00e9ristiques principales<\/strong><\/h3>\n<ul data-start=\"1106\" data-end=\"1463\">\n<li data-start=\"1106\" data-end=\"1151\">\n<p data-start=\"1108\" data-end=\"1151\"><strong data-start=\"1108\" data-end=\"1116\">Type<\/strong> : Cartouche d\u2019encre originale HP<\/p>\n<\/li>\n<li data-start=\"1152\" data-end=\"1174\">\n<p data-start=\"1154\" data-end=\"1174\"><strong data-start=\"1154\" data-end=\"1165\">Couleur<\/strong> : Noir<\/p>\n<\/li>\n<li data-start=\"1175\" data-end=\"1209\">\n<p data-start=\"1177\" data-end=\"1209\"><strong data-start=\"1177\" data-end=\"1186\">Encre<\/strong> : Pigment\u00e9e HP Vivid<\/p>\n<\/li>\n<li data-start=\"1210\" data-end=\"1292\">\n<p data-start=\"1212\" data-end=\"1292\"><strong data-start=\"1212\" data-end=\"1225\">Rendement<\/strong> : Environ 120 pages (varie selon l\u2019usage et le type de document)<\/p>\n<\/li>\n<li data-start=\"1293\" data-end=\"1361\">\n<p data-start=\"1295\" data-end=\"1361\"><strong data-start=\"1295\" data-end=\"1312\">Compatibilit\u00e9<\/strong> : Imprimantes HP utilisant la cartouche HP 123<\/p>\n<\/li>\n<li data-start=\"1362\" data-end=\"1423\">\n<p data-start=\"1364\" data-end=\"1423\"><strong data-start=\"1364\" data-end=\"1377\">Fiabilit\u00e9<\/strong> : Produit officiel HP, garanti constructeur<\/p>\n<\/li>\n<li data-start=\"1424\" data-end=\"1463\">\n<p data-start=\"1426\" data-end=\"1463\"><strong data-start=\"1426\" data-end=\"1442\">Installation<\/strong> : Simple et rapide<\/p>\n<\/li>\n<\/ul>\n<hr data-start=\"1465\" data-end=\"1468\" \/>\n<h3 data-start=\"1470\" data-end=\"1498\"><strong data-start=\"1474\" data-end=\"1498\">Descriptif technique<\/strong><\/h3>\n<ul data-start=\"1499\" data-end=\"1655\">\n<li data-start=\"1499\" data-end=\"1518\">\n<p data-start=\"1501\" data-end=\"1518\"><strong data-start=\"1501\" data-end=\"1511\">Marque<\/strong> : HP<\/p>\n<\/li>\n<li data-start=\"1519\" data-end=\"1548\">\n<p data-start=\"1521\" data-end=\"1548\"><strong data-start=\"1521\" data-end=\"1531\">Mod\u00e8le<\/strong> : HP 123 Noire<\/p>\n<\/li>\n<li data-start=\"1549\" data-end=\"1596\">\n<p data-start=\"1551\" data-end=\"1596\"><strong data-start=\"1551\" data-end=\"1574\">Type de consommable<\/strong> : Cartouche d\u2019encre<\/p>\n<\/li>\n<li data-start=\"1597\" data-end=\"1655\">\n<p data-start=\"1599\" data-end=\"1655\"><strong data-start=\"1599\" data-end=\"1608\">Usage<\/strong> : Impression noire domestique et bureautique<\/p>\n<\/li>\n<\/ul>\n","protected":false},"excerpt":{"rendered":"<p>La cartouche originale HP 123 Noire fournit des textes nets et pr\u00e9cis, avec un noir profond et uniforme. Con\u00e7ue pour une utilisation domestique ou bureautique, elle garantit des impressions fiables et de haute qualit\u00e9 \u00e0 chaque utilisation.<\/p>\n","protected":false},"featured_media":11610,"comment_status":"open","ping_status":"closed","template":"","meta":[],"product_brand":[],"product_cat":[331,28],"product_tag":[],"class_list":{"0":"post-11609","1":"product","2":"type-product","3":"status-publish","4":"has-post-thumbnail","6":"product_cat-encre","7":"product_cat-equipement-informatique","9":"first","10":"instock","11":"shipping-taxable","12":"product-type-simple"},"yoast_head":"<!-- This site is optimized with the Yoast SEO plugin v27.6 - https:\/\/yoast.com\/product\/yoast-seo-wordpress\/ -->\n<title>Cartouche d\u2019Encre HP 123 Noire - Sen Grand Place Thi\u00e8s<\/title>\n<meta name=\"robots\" content=\"index, follow, max-snippet:-1, max-image-preview:large, max-video-preview:-1\" \/>\n<link rel=\"canonical\" href=\"https:\/\/www.sengrandplace.com\/?product=cartouche-dencre-hp-123-noire\" \/>\n<meta property=\"og:locale\" content=\"fr_FR\" \/>\n<meta property=\"og:type\" content=\"article\" \/>\n<meta property=\"og:title\" content=\"Cartouche d\u2019Encre HP 123 Noire - Sen Grand Place Thi\u00e8s\" \/>\n<meta property=\"og:description\" content=\"La cartouche originale HP 123 Noire fournit des textes nets et pr\u00e9cis, avec un noir profond et uniforme. Con\u00e7ue pour une utilisation domestique ou bureautique, elle garantit des impressions fiables et de haute qualit\u00e9 \u00e0 chaque utilisation.\" \/>\n<meta property=\"og:url\" content=\"https:\/\/www.sengrandplace.com\/?product=cartouche-dencre-hp-123-noire\" \/>\n<meta property=\"og:site_name\" content=\"Sen Grand Place Thi\u00e8s\" \/>\n<meta property=\"og:image\" content=\"https:\/\/www.sengrandplace.com\/wp-content\/uploads\/2025\/12\/1-1.jpg\" \/>\n\t<meta property=\"og:image:width\" content=\"500\" \/>\n\t<meta property=\"og:image:height\" content=\"500\" \/>\n\t<meta property=\"og:image:type\" content=\"image\/jpeg\" \/>\n<meta name=\"twitter:card\" content=\"summary_large_image\" \/>\n<meta name=\"twitter:label1\" content=\"Dur\u00e9e de lecture estim\u00e9e\" \/>\n\t<meta name=\"twitter:data1\" content=\"1 minute\" \/>\n<script type=\"application\/ld+json\" class=\"yoast-schema-graph\">{\"@context\":\"https:\\\/\\\/schema.org\",\"@graph\":[{\"@type\":\"WebPage\",\"@id\":\"https:\\\/\\\/www.sengrandplace.com\\\/?product=cartouche-dencre-hp-123-noire\",\"url\":\"https:\\\/\\\/www.sengrandplace.com\\\/?product=cartouche-dencre-hp-123-noire\",\"name\":\"Cartouche d\u2019Encre HP 123 Noire - Sen Grand Place Thi\u00e8s\",\"isPartOf\":{\"@id\":\"https:\\\/\\\/www.sengrandplace.com\\\/#website\"},\"primaryImageOfPage\":{\"@id\":\"https:\\\/\\\/www.sengrandplace.com\\\/?product=cartouche-dencre-hp-123-noire#primaryimage\"},\"image\":{\"@id\":\"https:\\\/\\\/www.sengrandplace.com\\\/?product=cartouche-dencre-hp-123-noire#primaryimage\"},\"thumbnailUrl\":\"https:\\\/\\\/www.sengrandplace.com\\\/wp-content\\\/uploads\\\/2025\\\/12\\\/1-1.jpg\",\"datePublished\":\"2025-12-19T12:20:58+00:00\",\"breadcrumb\":{\"@id\":\"https:\\\/\\\/www.sengrandplace.com\\\/?product=cartouche-dencre-hp-123-noire#breadcrumb\"},\"inLanguage\":\"fr-FR\",\"potentialAction\":[{\"@type\":\"ReadAction\",\"target\":[\"https:\\\/\\\/www.sengrandplace.com\\\/?product=cartouche-dencre-hp-123-noire\"]}]},{\"@type\":\"ImageObject\",\"inLanguage\":\"fr-FR\",\"@id\":\"https:\\\/\\\/www.sengrandplace.com\\\/?product=cartouche-dencre-hp-123-noire#primaryimage\",\"url\":\"https:\\\/\\\/www.sengrandplace.com\\\/wp-content\\\/uploads\\\/2025\\\/12\\\/1-1.jpg\",\"contentUrl\":\"https:\\\/\\\/www.sengrandplace.com\\\/wp-content\\\/uploads\\\/2025\\\/12\\\/1-1.jpg\",\"width\":500,\"height\":500},{\"@type\":\"BreadcrumbList\",\"@id\":\"https:\\\/\\\/www.sengrandplace.com\\\/?product=cartouche-dencre-hp-123-noire#breadcrumb\",\"itemListElement\":[{\"@type\":\"ListItem\",\"position\":1,\"name\":\"Home\",\"item\":\"https:\\\/\\\/www.sengrandplace.com\\\/\"},{\"@type\":\"ListItem\",\"position\":2,\"name\":\"Shop\",\"item\":\"https:\\\/\\\/www.sengrandplace.com\\\/?page_id=11\"},{\"@type\":\"ListItem\",\"position\":3,\"name\":\"Cartouche d\u2019Encre HP 123 Noire\"}]},{\"@type\":\"WebSite\",\"@id\":\"https:\\\/\\\/www.sengrandplace.com\\\/#website\",\"url\":\"https:\\\/\\\/www.sengrandplace.com\\\/\",\"name\":\"Sen Grand Place Thi\u00e8s\",\"description\":\"La place qui vous revient.\",\"publisher\":{\"@id\":\"https:\\\/\\\/www.sengrandplace.com\\\/#organization\"},\"potentialAction\":[{\"@type\":\"SearchAction\",\"target\":{\"@type\":\"EntryPoint\",\"urlTemplate\":\"https:\\\/\\\/www.sengrandplace.com\\\/?s={search_term_string}\"},\"query-input\":{\"@type\":\"PropertyValueSpecification\",\"valueRequired\":true,\"valueName\":\"search_term_string\"}}],\"inLanguage\":\"fr-FR\"},{\"@type\":\"Organization\",\"@id\":\"https:\\\/\\\/www.sengrandplace.com\\\/#organization\",\"name\":\"Sen Grand Place Thi\u00e8s\",\"url\":\"https:\\\/\\\/www.sengrandplace.com\\\/\",\"logo\":{\"@type\":\"ImageObject\",\"inLanguage\":\"fr-FR\",\"@id\":\"https:\\\/\\\/www.sengrandplace.com\\\/#\\\/schema\\\/logo\\\/image\\\/\",\"url\":\"https:\\\/\\\/www.sengrandplace.com\\\/wp-content\\\/uploads\\\/2024\\\/01\\\/Logo_du_site-2.jpg\",\"contentUrl\":\"https:\\\/\\\/www.sengrandplace.com\\\/wp-content\\\/uploads\\\/2024\\\/01\\\/Logo_du_site-2.jpg\",\"width\":314,\"height\":98,\"caption\":\"Sen Grand Place Thi\u00e8s\"},\"image\":{\"@id\":\"https:\\\/\\\/www.sengrandplace.com\\\/#\\\/schema\\\/logo\\\/image\\\/\"}}]}<\/script>\n<!-- \/ Yoast SEO plugin. -->","yoast_head_json":{"title":"Cartouche d\u2019Encre HP 123 Noire - Sen Grand Place Thi\u00e8s","robots":{"index":"index","follow":"follow","max-snippet":"max-snippet:-1","max-image-preview":"max-image-preview:large","max-video-preview":"max-video-preview:-1"},"canonical":"https:\/\/www.sengrandplace.com\/?product=cartouche-dencre-hp-123-noire","og_locale":"fr_FR","og_type":"article","og_title":"Cartouche d\u2019Encre HP 123 Noire - Sen Grand Place Thi\u00e8s","og_description":"La cartouche originale HP 123 Noire fournit des textes nets et pr\u00e9cis, avec un noir profond et uniforme. Con\u00e7ue pour une utilisation domestique ou bureautique, elle garantit des impressions fiables et de haute qualit\u00e9 \u00e0 chaque utilisation.","og_url":"https:\/\/www.sengrandplace.com\/?product=cartouche-dencre-hp-123-noire","og_site_name":"Sen Grand Place Thi\u00e8s","og_image":[{"width":500,"height":500,"url":"https:\/\/www.sengrandplace.com\/wp-content\/uploads\/2025\/12\/1-1.jpg","type":"image\/jpeg"}],"twitter_card":"summary_large_image","twitter_misc":{"Dur\u00e9e de lecture estim\u00e9e":"1 minute"},"schema":{"@context":"https:\/\/schema.org","@graph":[{"@type":"WebPage","@id":"https:\/\/www.sengrandplace.com\/?product=cartouche-dencre-hp-123-noire","url":"https:\/\/www.sengrandplace.com\/?product=cartouche-dencre-hp-123-noire","name":"Cartouche d\u2019Encre HP 123 Noire - Sen Grand Place Thi\u00e8s","isPartOf":{"@id":"https:\/\/www.sengrandplace.com\/#website"},"primaryImageOfPage":{"@id":"https:\/\/www.sengrandplace.com\/?product=cartouche-dencre-hp-123-noire#primaryimage"},"image":{"@id":"https:\/\/www.sengrandplace.com\/?product=cartouche-dencre-hp-123-noire#primaryimage"},"thumbnailUrl":"https:\/\/www.sengrandplace.com\/wp-content\/uploads\/2025\/12\/1-1.jpg","datePublished":"2025-12-19T12:20:58+00:00","breadcrumb":{"@id":"https:\/\/www.sengrandplace.com\/?product=cartouche-dencre-hp-123-noire#breadcrumb"},"inLanguage":"fr-FR","potentialAction":[{"@type":"ReadAction","target":["https:\/\/www.sengrandplace.com\/?product=cartouche-dencre-hp-123-noire"]}]},{"@type":"ImageObject","inLanguage":"fr-FR","@id":"https:\/\/www.sengrandplace.com\/?product=cartouche-dencre-hp-123-noire#primaryimage","url":"https:\/\/www.sengrandplace.com\/wp-content\/uploads\/2025\/12\/1-1.jpg","contentUrl":"https:\/\/www.sengrandplace.com\/wp-content\/uploads\/2025\/12\/1-1.jpg","width":500,"height":500},{"@type":"BreadcrumbList","@id":"https:\/\/www.sengrandplace.com\/?product=cartouche-dencre-hp-123-noire#breadcrumb","itemListElement":[{"@type":"ListItem","position":1,"name":"Home","item":"https:\/\/www.sengrandplace.com\/"},{"@type":"ListItem","position":2,"name":"Shop","item":"https:\/\/www.sengrandplace.com\/?page_id=11"},{"@type":"ListItem","position":3,"name":"Cartouche d\u2019Encre HP 123 Noire"}]},{"@type":"WebSite","@id":"https:\/\/www.sengrandplace.com\/#website","url":"https:\/\/www.sengrandplace.com\/","name":"Sen Grand Place Thi\u00e8s","description":"La place qui vous revient.","publisher":{"@id":"https:\/\/www.sengrandplace.com\/#organization"},"potentialAction":[{"@type":"SearchAction","target":{"@type":"EntryPoint","urlTemplate":"https:\/\/www.sengrandplace.com\/?s={search_term_string}"},"query-input":{"@type":"PropertyValueSpecification","valueRequired":true,"valueName":"search_term_string"}}],"inLanguage":"fr-FR"},{"@type":"Organization","@id":"https:\/\/www.sengrandplace.com\/#organization","name":"Sen Grand Place Thi\u00e8s","url":"https:\/\/www.sengrandplace.com\/","logo":{"@type":"ImageObject","inLanguage":"fr-FR","@id":"https:\/\/www.sengrandplace.com\/#\/schema\/logo\/image\/","url":"https:\/\/www.sengrandplace.com\/wp-content\/uploads\/2024\/01\/Logo_du_site-2.jpg","contentUrl":"https:\/\/www.sengrandplace.com\/wp-content\/uploads\/2024\/01\/Logo_du_site-2.jpg","width":314,"height":98,"caption":"Sen Grand Place Thi\u00e8s"},"image":{"@id":"https:\/\/www.sengrandplace.com\/#\/schema\/logo\/image\/"}}]}},"_links":{"self":[{"href":"https:\/\/www.sengrandplace.com\/index.php?rest_route=\/wp\/v2\/product\/11609","targetHints":{"allow":["GET"]}}],"collection":[{"href":"https:\/\/www.sengrandplace.com\/index.php?rest_route=\/wp\/v2\/product"}],"about":[{"href":"https:\/\/www.sengrandplace.com\/index.php?rest_route=\/wp\/v2\/types\/product"}],"replies":[{"embeddable":true,"href":"https:\/\/www.sengrandplace.com\/index.php?rest_route=%2Fwp%2Fv2%2Fcomments&post=11609"}],"version-history":[{"count":1,"href":"https:\/\/www.sengrandplace.com\/index.php?rest_route=\/wp\/v2\/product\/11609\/revisions"}],"predecessor-version":[{"id":11611,"href":"https:\/\/www.sengrandplace.com\/index.php?rest_route=\/wp\/v2\/product\/11609\/revisions\/11611"}],"wp:featuredmedia":[{"embeddable":true,"href":"https:\/\/www.sengrandplace.com\/index.php?rest_route=\/wp\/v2\/media\/11610"}],"wp:attachment":[{"href":"https:\/\/www.sengrandplace.com\/index.php?rest_route=%2Fwp%2Fv2%2Fmedia&parent=11609"}],"wp:term":[{"taxonomy":"product_brand","embeddable":true,"href":"https:\/\/www.sengrandplace.com\/index.php?rest_route=%2Fwp%2Fv2%2Fproduct_brand&post=11609"},{"taxonomy":"product_cat","embeddable":true,"href":"https:\/\/www.sengrandplace.com\/index.php?rest_route=%2Fwp%2Fv2%2Fproduct_cat&post=11609"},{"taxonomy":"product_tag","embeddable":true,"href":"https:\/\/www.sengrandplace.com\/index.php?rest_route=%2Fwp%2Fv2%2Fproduct_tag&post=11609"}],"curies":[{"name":"wp","href":"https:\/\/api.w.org\/{rel}","templated":true}]}}