{"id":11612,"date":"2025-12-19T12:27:43","date_gmt":"2025-12-19T12:27:43","guid":{"rendered":"https:\/\/www.sengrandplace.com\/?post_type=product&#038;p=11612"},"modified":"2025-12-19T12:27:44","modified_gmt":"2025-12-19T12:27:44","slug":"cartouche-dencre-hp-938-noire","status":"publish","type":"product","link":"https:\/\/www.sengrandplace.com\/?product=cartouche-dencre-hp-938-noire","title":{"rendered":"Cartouche d\u2019Encre HP 938 Noire"},"content":{"rendered":"<p data-start=\"483\" data-end=\"858\">Optimisez vos impressions professionnelles avec la <strong data-start=\"534\" data-end=\"560\">cartouche HP 938 Noire<\/strong>. Gr\u00e2ce \u00e0 son encre pigment\u00e9e HP, elle assure des textes profonds et durables sur tous vos documents. Con\u00e7ue pour les imprimantes <strong data-start=\"690\" data-end=\"707\">OfficeJet Pro<\/strong>, elle permet une impression uniforme, sans bavures, et pr\u00e9serve la long\u00e9vit\u00e9 de votre imprimante gr\u00e2ce \u00e0 l\u2019utilisation de consommables officiels HP.<\/p>\n<p data-start=\"860\" data-end=\"1089\">Cette cartouche est id\u00e9ale pour les environnements de bureau exigeants o\u00f9 la qualit\u00e9 et la fiabilit\u00e9 sont essentielles. Son installation est simple et rapide, garantissant un flux d\u2019encre constant pour des impressions r\u00e9guli\u00e8res.<\/p>\n<hr data-start=\"1091\" data-end=\"1094\" \/>\n<h3 data-start=\"1096\" data-end=\"1132\"><strong data-start=\"1100\" data-end=\"1132\">Caract\u00e9ristiques principales<\/strong><\/h3>\n<ul data-start=\"1133\" data-end=\"1779\">\n<li data-start=\"1133\" data-end=\"1178\">\n<p data-start=\"1135\" data-end=\"1178\"><strong data-start=\"1135\" data-end=\"1143\">Type<\/strong> : Cartouche d\u2019encre originale HP<\/p>\n<\/li>\n<li data-start=\"1179\" data-end=\"1201\">\n<p data-start=\"1181\" data-end=\"1201\"><strong data-start=\"1181\" data-end=\"1192\">Couleur<\/strong> : Noir<\/p>\n<\/li>\n<li data-start=\"1202\" data-end=\"1227\">\n<p data-start=\"1204\" data-end=\"1227\"><strong data-start=\"1204\" data-end=\"1213\">Encre<\/strong> : Pigment\u00e9e<\/p>\n<\/li>\n<li data-start=\"1228\" data-end=\"1284\">\n<p data-start=\"1230\" data-end=\"1284\"><strong data-start=\"1230\" data-end=\"1243\">Rendement<\/strong> : Environ 800 pages \u00e0 5% de couverture<\/p>\n<\/li>\n<li data-start=\"1285\" data-end=\"1647\">\n<p data-start=\"1287\" data-end=\"1308\"><strong data-start=\"1287\" data-end=\"1304\">Compatibilit\u00e9<\/strong> :<\/p>\n<ul data-start=\"1311\" data-end=\"1647\">\n<li data-start=\"1311\" data-end=\"1337\">\n<p data-start=\"1313\" data-end=\"1337\">HP OfficeJet Pro 9125e<\/p>\n<\/li>\n<li data-start=\"1340\" data-end=\"1366\">\n<p data-start=\"1342\" data-end=\"1366\">HP OfficeJet Pro 9135e<\/p>\n<\/li>\n<li data-start=\"1369\" data-end=\"1394\">\n<p data-start=\"1371\" data-end=\"1394\">HP OfficeJet Pro 9720<\/p>\n<\/li>\n<li data-start=\"1397\" data-end=\"1422\">\n<p data-start=\"1399\" data-end=\"1422\">HP OfficeJet Pro 9730<\/p>\n<\/li>\n<li data-start=\"1425\" data-end=\"1468\">\n<p data-start=\"1427\" data-end=\"1468\">HP OfficeJet Pro 9120 All-in-One Series<\/p>\n<\/li>\n<li data-start=\"1471\" data-end=\"1505\">\n<p data-start=\"1473\" data-end=\"1505\">HP OfficeJet Pro 9110b Printer<\/p>\n<\/li>\n<li data-start=\"1508\" data-end=\"1553\">\n<p data-start=\"1510\" data-end=\"1553\">HP OfficeJet Pro 9120b All-in-One Printer<\/p>\n<\/li>\n<li data-start=\"1556\" data-end=\"1599\">\n<p data-start=\"1558\" data-end=\"1599\">HP OfficeJet Pro 9130 All-in-One Series<\/p>\n<\/li>\n<li data-start=\"1602\" data-end=\"1647\">\n<p data-start=\"1604\" data-end=\"1647\">HP OfficeJet Pro 9130b All-in-One Printer<\/p>\n<\/li>\n<\/ul>\n<\/li>\n<li data-start=\"1648\" data-end=\"1739\">\n<p data-start=\"1650\" data-end=\"1739\"><strong data-start=\"1650\" data-end=\"1663\">Fiabilit\u00e9<\/strong> : Produit officiel HP pour des impressions constantes et professionnelles<\/p>\n<\/li>\n<li data-start=\"1740\" data-end=\"1779\">\n<p data-start=\"1742\" data-end=\"1779\"><strong data-start=\"1742\" data-end=\"1758\">Installation<\/strong> : Simple et rapide<\/p>\n<\/li>\n<\/ul>\n<hr data-start=\"1781\" data-end=\"1784\" \/>\n<h3 data-start=\"1786\" data-end=\"1814\"><strong data-start=\"1790\" data-end=\"1814\">Descriptif technique<\/strong><\/h3>\n<ul data-start=\"1815\" data-end=\"1997\">\n<li data-start=\"1815\" data-end=\"1834\">\n<p data-start=\"1817\" data-end=\"1834\"><strong data-start=\"1817\" data-end=\"1827\">Marque<\/strong> : HP<\/p>\n<\/li>\n<li data-start=\"1835\" data-end=\"1864\">\n<p data-start=\"1837\" data-end=\"1864\"><strong data-start=\"1837\" data-end=\"1847\">Mod\u00e8le<\/strong> : HP 938 Noire<\/p>\n<\/li>\n<li data-start=\"1865\" data-end=\"1940\">\n<p data-start=\"1867\" data-end=\"1940\"><strong data-start=\"1867\" data-end=\"1890\">Type de consommable<\/strong> : Cartouche d\u2019encre pour imprimante jet d\u2019encre<\/p>\n<\/li>\n<li data-start=\"1941\" data-end=\"1997\">\n<p data-start=\"1943\" data-end=\"1997\"><strong data-start=\"1943\" data-end=\"1952\">Usage<\/strong> : Documents professionnels et bureautiques<\/p>\n<\/li>\n<\/ul>\n","protected":false},"excerpt":{"rendered":"<p>La cartouche originale HP 938 Noire est con\u00e7ue pour fournir des documents nets, pr\u00e9cis et durables, id\u00e9ale pour les bureaux et utilisateurs professionnels recherchant une qualit\u00e9 d\u2019impression constante et fiable.<\/p>\n","protected":false},"featured_media":11613,"comment_status":"open","ping_status":"closed","template":"","meta":[],"product_brand":[],"product_cat":[331,28],"product_tag":[],"class_list":{"0":"post-11612","1":"product","2":"type-product","3":"status-publish","4":"has-post-thumbnail","6":"product_cat-encre","7":"product_cat-equipement-informatique","9":"first","10":"instock","11":"shipping-taxable","12":"product-type-simple"},"yoast_head":"<!-- This site is optimized with the Yoast SEO plugin v27.6 - https:\/\/yoast.com\/product\/yoast-seo-wordpress\/ -->\n<title>Cartouche d\u2019Encre HP 938 Noire - Sen Grand Place Thi\u00e8s<\/title>\n<meta name=\"robots\" content=\"index, follow, max-snippet:-1, max-image-preview:large, max-video-preview:-1\" \/>\n<link rel=\"canonical\" href=\"https:\/\/www.sengrandplace.com\/?product=cartouche-dencre-hp-938-noire\" \/>\n<meta property=\"og:locale\" content=\"fr_FR\" \/>\n<meta property=\"og:type\" content=\"article\" \/>\n<meta property=\"og:title\" content=\"Cartouche d\u2019Encre HP 938 Noire - Sen Grand Place Thi\u00e8s\" \/>\n<meta property=\"og:description\" content=\"La cartouche originale HP 938 Noire est con\u00e7ue pour fournir des documents nets, pr\u00e9cis et durables, id\u00e9ale pour les bureaux et utilisateurs professionnels recherchant une qualit\u00e9 d\u2019impression constante et fiable.\" \/>\n<meta property=\"og:url\" content=\"https:\/\/www.sengrandplace.com\/?product=cartouche-dencre-hp-938-noire\" \/>\n<meta property=\"og:site_name\" content=\"Sen Grand Place Thi\u00e8s\" \/>\n<meta property=\"article:modified_time\" content=\"2025-12-19T12:27:44+00:00\" \/>\n<meta property=\"og:image\" content=\"https:\/\/www.sengrandplace.com\/wp-content\/uploads\/2025\/12\/pack-cartouches-encre-hp-938-qualite-professionnelle-standard-couleurs-noir.jpg\" \/>\n\t<meta property=\"og:image:width\" content=\"1000\" \/>\n\t<meta property=\"og:image:height\" content=\"1000\" \/>\n\t<meta property=\"og:image:type\" content=\"image\/jpeg\" \/>\n<meta name=\"twitter:card\" content=\"summary_large_image\" \/>\n<meta name=\"twitter:label1\" content=\"Dur\u00e9e de lecture estim\u00e9e\" \/>\n\t<meta name=\"twitter:data1\" content=\"2 minutes\" \/>\n<script type=\"application\/ld+json\" class=\"yoast-schema-graph\">{\"@context\":\"https:\\\/\\\/schema.org\",\"@graph\":[{\"@type\":\"WebPage\",\"@id\":\"https:\\\/\\\/www.sengrandplace.com\\\/?product=cartouche-dencre-hp-938-noire\",\"url\":\"https:\\\/\\\/www.sengrandplace.com\\\/?product=cartouche-dencre-hp-938-noire\",\"name\":\"Cartouche d\u2019Encre HP 938 Noire - Sen Grand Place Thi\u00e8s\",\"isPartOf\":{\"@id\":\"https:\\\/\\\/www.sengrandplace.com\\\/#website\"},\"primaryImageOfPage\":{\"@id\":\"https:\\\/\\\/www.sengrandplace.com\\\/?product=cartouche-dencre-hp-938-noire#primaryimage\"},\"image\":{\"@id\":\"https:\\\/\\\/www.sengrandplace.com\\\/?product=cartouche-dencre-hp-938-noire#primaryimage\"},\"thumbnailUrl\":\"https:\\\/\\\/www.sengrandplace.com\\\/wp-content\\\/uploads\\\/2025\\\/12\\\/pack-cartouches-encre-hp-938-qualite-professionnelle-standard-couleurs-noir.jpg\",\"datePublished\":\"2025-12-19T12:27:43+00:00\",\"dateModified\":\"2025-12-19T12:27:44+00:00\",\"breadcrumb\":{\"@id\":\"https:\\\/\\\/www.sengrandplace.com\\\/?product=cartouche-dencre-hp-938-noire#breadcrumb\"},\"inLanguage\":\"fr-FR\",\"potentialAction\":[{\"@type\":\"ReadAction\",\"target\":[\"https:\\\/\\\/www.sengrandplace.com\\\/?product=cartouche-dencre-hp-938-noire\"]}]},{\"@type\":\"ImageObject\",\"inLanguage\":\"fr-FR\",\"@id\":\"https:\\\/\\\/www.sengrandplace.com\\\/?product=cartouche-dencre-hp-938-noire#primaryimage\",\"url\":\"https:\\\/\\\/www.sengrandplace.com\\\/wp-content\\\/uploads\\\/2025\\\/12\\\/pack-cartouches-encre-hp-938-qualite-professionnelle-standard-couleurs-noir.jpg\",\"contentUrl\":\"https:\\\/\\\/www.sengrandplace.com\\\/wp-content\\\/uploads\\\/2025\\\/12\\\/pack-cartouches-encre-hp-938-qualite-professionnelle-standard-couleurs-noir.jpg\",\"width\":1000,\"height\":1000},{\"@type\":\"BreadcrumbList\",\"@id\":\"https:\\\/\\\/www.sengrandplace.com\\\/?product=cartouche-dencre-hp-938-noire#breadcrumb\",\"itemListElement\":[{\"@type\":\"ListItem\",\"position\":1,\"name\":\"Home\",\"item\":\"https:\\\/\\\/www.sengrandplace.com\\\/\"},{\"@type\":\"ListItem\",\"position\":2,\"name\":\"Shop\",\"item\":\"https:\\\/\\\/www.sengrandplace.com\\\/?page_id=11\"},{\"@type\":\"ListItem\",\"position\":3,\"name\":\"Cartouche d\u2019Encre HP 938 Noire\"}]},{\"@type\":\"WebSite\",\"@id\":\"https:\\\/\\\/www.sengrandplace.com\\\/#website\",\"url\":\"https:\\\/\\\/www.sengrandplace.com\\\/\",\"name\":\"Sen Grand Place Thi\u00e8s\",\"description\":\"La place qui vous revient.\",\"publisher\":{\"@id\":\"https:\\\/\\\/www.sengrandplace.com\\\/#organization\"},\"potentialAction\":[{\"@type\":\"SearchAction\",\"target\":{\"@type\":\"EntryPoint\",\"urlTemplate\":\"https:\\\/\\\/www.sengrandplace.com\\\/?s={search_term_string}\"},\"query-input\":{\"@type\":\"PropertyValueSpecification\",\"valueRequired\":true,\"valueName\":\"search_term_string\"}}],\"inLanguage\":\"fr-FR\"},{\"@type\":\"Organization\",\"@id\":\"https:\\\/\\\/www.sengrandplace.com\\\/#organization\",\"name\":\"Sen Grand Place Thi\u00e8s\",\"url\":\"https:\\\/\\\/www.sengrandplace.com\\\/\",\"logo\":{\"@type\":\"ImageObject\",\"inLanguage\":\"fr-FR\",\"@id\":\"https:\\\/\\\/www.sengrandplace.com\\\/#\\\/schema\\\/logo\\\/image\\\/\",\"url\":\"https:\\\/\\\/www.sengrandplace.com\\\/wp-content\\\/uploads\\\/2024\\\/01\\\/Logo_du_site-2.jpg\",\"contentUrl\":\"https:\\\/\\\/www.sengrandplace.com\\\/wp-content\\\/uploads\\\/2024\\\/01\\\/Logo_du_site-2.jpg\",\"width\":314,\"height\":98,\"caption\":\"Sen Grand Place Thi\u00e8s\"},\"image\":{\"@id\":\"https:\\\/\\\/www.sengrandplace.com\\\/#\\\/schema\\\/logo\\\/image\\\/\"}}]}<\/script>\n<!-- \/ Yoast SEO plugin. -->","yoast_head_json":{"title":"Cartouche d\u2019Encre HP 938 Noire - Sen Grand Place Thi\u00e8s","robots":{"index":"index","follow":"follow","max-snippet":"max-snippet:-1","max-image-preview":"max-image-preview:large","max-video-preview":"max-video-preview:-1"},"canonical":"https:\/\/www.sengrandplace.com\/?product=cartouche-dencre-hp-938-noire","og_locale":"fr_FR","og_type":"article","og_title":"Cartouche d\u2019Encre HP 938 Noire - Sen Grand Place Thi\u00e8s","og_description":"La cartouche originale HP 938 Noire est con\u00e7ue pour fournir des documents nets, pr\u00e9cis et durables, id\u00e9ale pour les bureaux et utilisateurs professionnels recherchant une qualit\u00e9 d\u2019impression constante et fiable.","og_url":"https:\/\/www.sengrandplace.com\/?product=cartouche-dencre-hp-938-noire","og_site_name":"Sen Grand Place Thi\u00e8s","article_modified_time":"2025-12-19T12:27:44+00:00","og_image":[{"width":1000,"height":1000,"url":"https:\/\/www.sengrandplace.com\/wp-content\/uploads\/2025\/12\/pack-cartouches-encre-hp-938-qualite-professionnelle-standard-couleurs-noir.jpg","type":"image\/jpeg"}],"twitter_card":"summary_large_image","twitter_misc":{"Dur\u00e9e de lecture estim\u00e9e":"2 minutes"},"schema":{"@context":"https:\/\/schema.org","@graph":[{"@type":"WebPage","@id":"https:\/\/www.sengrandplace.com\/?product=cartouche-dencre-hp-938-noire","url":"https:\/\/www.sengrandplace.com\/?product=cartouche-dencre-hp-938-noire","name":"Cartouche d\u2019Encre HP 938 Noire - Sen Grand Place Thi\u00e8s","isPartOf":{"@id":"https:\/\/www.sengrandplace.com\/#website"},"primaryImageOfPage":{"@id":"https:\/\/www.sengrandplace.com\/?product=cartouche-dencre-hp-938-noire#primaryimage"},"image":{"@id":"https:\/\/www.sengrandplace.com\/?product=cartouche-dencre-hp-938-noire#primaryimage"},"thumbnailUrl":"https:\/\/www.sengrandplace.com\/wp-content\/uploads\/2025\/12\/pack-cartouches-encre-hp-938-qualite-professionnelle-standard-couleurs-noir.jpg","datePublished":"2025-12-19T12:27:43+00:00","dateModified":"2025-12-19T12:27:44+00:00","breadcrumb":{"@id":"https:\/\/www.sengrandplace.com\/?product=cartouche-dencre-hp-938-noire#breadcrumb"},"inLanguage":"fr-FR","potentialAction":[{"@type":"ReadAction","target":["https:\/\/www.sengrandplace.com\/?product=cartouche-dencre-hp-938-noire"]}]},{"@type":"ImageObject","inLanguage":"fr-FR","@id":"https:\/\/www.sengrandplace.com\/?product=cartouche-dencre-hp-938-noire#primaryimage","url":"https:\/\/www.sengrandplace.com\/wp-content\/uploads\/2025\/12\/pack-cartouches-encre-hp-938-qualite-professionnelle-standard-couleurs-noir.jpg","contentUrl":"https:\/\/www.sengrandplace.com\/wp-content\/uploads\/2025\/12\/pack-cartouches-encre-hp-938-qualite-professionnelle-standard-couleurs-noir.jpg","width":1000,"height":1000},{"@type":"BreadcrumbList","@id":"https:\/\/www.sengrandplace.com\/?product=cartouche-dencre-hp-938-noire#breadcrumb","itemListElement":[{"@type":"ListItem","position":1,"name":"Home","item":"https:\/\/www.sengrandplace.com\/"},{"@type":"ListItem","position":2,"name":"Shop","item":"https:\/\/www.sengrandplace.com\/?page_id=11"},{"@type":"ListItem","position":3,"name":"Cartouche d\u2019Encre HP 938 Noire"}]},{"@type":"WebSite","@id":"https:\/\/www.sengrandplace.com\/#website","url":"https:\/\/www.sengrandplace.com\/","name":"Sen Grand Place Thi\u00e8s","description":"La place qui vous revient.","publisher":{"@id":"https:\/\/www.sengrandplace.com\/#organization"},"potentialAction":[{"@type":"SearchAction","target":{"@type":"EntryPoint","urlTemplate":"https:\/\/www.sengrandplace.com\/?s={search_term_string}"},"query-input":{"@type":"PropertyValueSpecification","valueRequired":true,"valueName":"search_term_string"}}],"inLanguage":"fr-FR"},{"@type":"Organization","@id":"https:\/\/www.sengrandplace.com\/#organization","name":"Sen Grand Place Thi\u00e8s","url":"https:\/\/www.sengrandplace.com\/","logo":{"@type":"ImageObject","inLanguage":"fr-FR","@id":"https:\/\/www.sengrandplace.com\/#\/schema\/logo\/image\/","url":"https:\/\/www.sengrandplace.com\/wp-content\/uploads\/2024\/01\/Logo_du_site-2.jpg","contentUrl":"https:\/\/www.sengrandplace.com\/wp-content\/uploads\/2024\/01\/Logo_du_site-2.jpg","width":314,"height":98,"caption":"Sen Grand Place Thi\u00e8s"},"image":{"@id":"https:\/\/www.sengrandplace.com\/#\/schema\/logo\/image\/"}}]}},"_links":{"self":[{"href":"https:\/\/www.sengrandplace.com\/index.php?rest_route=\/wp\/v2\/product\/11612","targetHints":{"allow":["GET"]}}],"collection":[{"href":"https:\/\/www.sengrandplace.com\/index.php?rest_route=\/wp\/v2\/product"}],"about":[{"href":"https:\/\/www.sengrandplace.com\/index.php?rest_route=\/wp\/v2\/types\/product"}],"replies":[{"embeddable":true,"href":"https:\/\/www.sengrandplace.com\/index.php?rest_route=%2Fwp%2Fv2%2Fcomments&post=11612"}],"version-history":[{"count":1,"href":"https:\/\/www.sengrandplace.com\/index.php?rest_route=\/wp\/v2\/product\/11612\/revisions"}],"predecessor-version":[{"id":11614,"href":"https:\/\/www.sengrandplace.com\/index.php?rest_route=\/wp\/v2\/product\/11612\/revisions\/11614"}],"wp:featuredmedia":[{"embeddable":true,"href":"https:\/\/www.sengrandplace.com\/index.php?rest_route=\/wp\/v2\/media\/11613"}],"wp:attachment":[{"href":"https:\/\/www.sengrandplace.com\/index.php?rest_route=%2Fwp%2Fv2%2Fmedia&parent=11612"}],"wp:term":[{"taxonomy":"product_brand","embeddable":true,"href":"https:\/\/www.sengrandplace.com\/index.php?rest_route=%2Fwp%2Fv2%2Fproduct_brand&post=11612"},{"taxonomy":"product_cat","embeddable":true,"href":"https:\/\/www.sengrandplace.com\/index.php?rest_route=%2Fwp%2Fv2%2Fproduct_cat&post=11612"},{"taxonomy":"product_tag","embeddable":true,"href":"https:\/\/www.sengrandplace.com\/index.php?rest_route=%2Fwp%2Fv2%2Fproduct_tag&post=11612"}],"curies":[{"name":"wp","href":"https:\/\/api.w.org\/{rel}","templated":true}]}}