{"id":11618,"date":"2025-12-19T12:50:58","date_gmt":"2025-12-19T12:50:58","guid":{"rendered":"https:\/\/www.sengrandplace.com\/?post_type=product&#038;p=11618"},"modified":"2025-12-19T12:50:59","modified_gmt":"2025-12-19T12:50:59","slug":"cartouche-dencre-hp-938-magenta-jet-dencre-originale","status":"publish","type":"product","link":"https:\/\/www.sengrandplace.com\/?product=cartouche-dencre-hp-938-magenta-jet-dencre-originale","title":{"rendered":"Cartouche d\u2019Encre HP 938 Magenta \u2013 Jet d\u2019Encre Originale"},"content":{"rendered":"<p data-start=\"437\" data-end=\"970\">Optimisez vos impressions couleur avec la <strong data-start=\"479\" data-end=\"507\">cartouche HP 938 Magenta<\/strong>. Con\u00e7ue pour les imprimantes HP compatibles avec la s\u00e9rie 938, cette cartouche assure des couleurs <strong data-start=\"607\" data-end=\"632\">intenses et uniformes<\/strong> tout en conservant la <strong data-start=\"655\" data-end=\"685\">durabilit\u00e9 et la fiabilit\u00e9<\/strong> de vos documents. Facile \u00e0 installer, elle offre des performances constantes et une impression nette sur une large gamme de papiers. R\u00e9sistante \u00e0 l\u2019eau et \u00e0 la d\u00e9coloration, elle est parfaite pour les travaux professionnels et cr\u00e9atifs n\u00e9cessitant une qualit\u00e9 d\u2019impression sup\u00e9rieure.<\/p>\n<hr data-start=\"972\" data-end=\"975\" \/>\n<h3 data-start=\"977\" data-end=\"1013\"><strong data-start=\"981\" data-end=\"1013\">Caract\u00e9ristiques principales<\/strong><\/h3>\n<ul data-start=\"1014\" data-end=\"1452\">\n<li data-start=\"1014\" data-end=\"1059\">\n<p data-start=\"1016\" data-end=\"1059\"><strong data-start=\"1016\" data-end=\"1024\">Type<\/strong> : Cartouche d\u2019encre originale HP<\/p>\n<\/li>\n<li data-start=\"1060\" data-end=\"1085\">\n<p data-start=\"1062\" data-end=\"1085\"><strong data-start=\"1062\" data-end=\"1073\">Couleur<\/strong> : Magenta<\/p>\n<\/li>\n<li data-start=\"1086\" data-end=\"1132\">\n<p data-start=\"1088\" data-end=\"1132\"><strong data-start=\"1088\" data-end=\"1116\">Technologie d\u2019impression<\/strong> : Jet d\u2019encre<\/p>\n<\/li>\n<li data-start=\"1133\" data-end=\"1172\">\n<p data-start=\"1135\" data-end=\"1172\"><strong data-start=\"1135\" data-end=\"1151\">Installation<\/strong> : Simple et rapide<\/p>\n<\/li>\n<li data-start=\"1173\" data-end=\"1232\">\n<p data-start=\"1175\" data-end=\"1232\"><strong data-start=\"1175\" data-end=\"1188\">Fiabilit\u00e9<\/strong> : R\u00e9sistante \u00e0 l\u2019eau et \u00e0 la d\u00e9coloration<\/p>\n<\/li>\n<li data-start=\"1233\" data-end=\"1307\">\n<p data-start=\"1235\" data-end=\"1307\"><strong data-start=\"1235\" data-end=\"1259\">Qualit\u00e9 d\u2019impression<\/strong> : Sup\u00e9rieure, couleurs \u00e9clatantes et pr\u00e9cises<\/p>\n<\/li>\n<li data-start=\"1308\" data-end=\"1376\">\n<p data-start=\"1310\" data-end=\"1376\"><strong data-start=\"1310\" data-end=\"1334\">Compatibilit\u00e9 papier<\/strong> : Large gamme de papiers pris en charge<\/p>\n<\/li>\n<li data-start=\"1377\" data-end=\"1452\">\n<p data-start=\"1379\" data-end=\"1452\"><strong data-start=\"1379\" data-end=\"1388\">Usage<\/strong> : Documents professionnels, graphiques et impressions couleur<\/p>\n<\/li>\n<\/ul>\n<hr data-start=\"1454\" data-end=\"1457\" \/>\n<h3 data-start=\"1459\" data-end=\"1480\"><strong data-start=\"1463\" data-end=\"1480\">Compatibilit\u00e9<\/strong><\/h3>\n<ul data-start=\"1481\" data-end=\"1560\">\n<li data-start=\"1481\" data-end=\"1560\">\n<p data-start=\"1483\" data-end=\"1560\">Compatible avec toutes les imprimantes HP utilisant la cartouche <strong data-start=\"1548\" data-end=\"1558\">HP 938<\/strong><\/p>\n<\/li>\n<\/ul>\n<hr data-start=\"1562\" data-end=\"1565\" \/>\n<h3 data-start=\"1567\" data-end=\"1595\"><strong data-start=\"1571\" data-end=\"1595\">Descriptif technique<\/strong><\/h3>\n<ul data-start=\"1596\" data-end=\"1824\">\n<li data-start=\"1596\" data-end=\"1615\">\n<p data-start=\"1598\" data-end=\"1615\"><strong data-start=\"1598\" data-end=\"1608\">Marque<\/strong> : HP<\/p>\n<\/li>\n<li data-start=\"1616\" data-end=\"1647\">\n<p data-start=\"1618\" data-end=\"1647\"><strong data-start=\"1618\" data-end=\"1628\">Mod\u00e8le<\/strong> : HP 938 Magenta<\/p>\n<\/li>\n<li data-start=\"1648\" data-end=\"1717\">\n<p data-start=\"1650\" data-end=\"1717\"><strong data-start=\"1650\" data-end=\"1673\">Type de consommable<\/strong> : Cartouche d\u2019encre jet d\u2019encre originale<\/p>\n<\/li>\n<li data-start=\"1718\" data-end=\"1770\">\n<p data-start=\"1720\" data-end=\"1770\"><strong data-start=\"1720\" data-end=\"1732\">Capacit\u00e9<\/strong> : Standard pour usage professionnel<\/p>\n<\/li>\n<li data-start=\"1771\" data-end=\"1824\">\n<p data-start=\"1773\" data-end=\"1824\"><strong data-start=\"1773\" data-end=\"1788\">Performance<\/strong> : Impressions fiables et durables<\/p>\n<\/li>\n<\/ul>\n","protected":false},"excerpt":{"rendered":"<p>La cartouche originale HP 938 Magenta fournit des impressions aux couleurs vives et \u00e9clatantes avec une grande pr\u00e9cision, id\u00e9ale pour des documents professionnels et des projets graphiques exigeants.<\/p>\n","protected":false},"featured_media":11620,"comment_status":"open","ping_status":"closed","template":"","meta":[],"product_brand":[],"product_cat":[331,28],"product_tag":[],"class_list":{"0":"post-11618","1":"product","2":"type-product","3":"status-publish","4":"has-post-thumbnail","6":"product_cat-encre","7":"product_cat-equipement-informatique","9":"first","10":"instock","11":"shipping-taxable","12":"product-type-simple"},"yoast_head":"<!-- This site is optimized with the Yoast SEO plugin v27.6 - https:\/\/yoast.com\/product\/yoast-seo-wordpress\/ -->\n<title>Cartouche d\u2019Encre HP 938 Magenta \u2013 Jet d\u2019Encre Originale - Sen Grand Place Thi\u00e8s<\/title>\n<meta name=\"robots\" content=\"index, follow, max-snippet:-1, max-image-preview:large, max-video-preview:-1\" \/>\n<link rel=\"canonical\" href=\"https:\/\/www.sengrandplace.com\/?product=cartouche-dencre-hp-938-magenta-jet-dencre-originale\" \/>\n<meta property=\"og:locale\" content=\"fr_FR\" \/>\n<meta property=\"og:type\" content=\"article\" \/>\n<meta property=\"og:title\" content=\"Cartouche d\u2019Encre HP 938 Magenta \u2013 Jet d\u2019Encre Originale - Sen Grand Place Thi\u00e8s\" \/>\n<meta property=\"og:description\" content=\"La cartouche originale HP 938 Magenta fournit des impressions aux couleurs vives et \u00e9clatantes avec une grande pr\u00e9cision, id\u00e9ale pour des documents professionnels et des projets graphiques exigeants.\" \/>\n<meta property=\"og:url\" content=\"https:\/\/www.sengrandplace.com\/?product=cartouche-dencre-hp-938-magenta-jet-dencre-originale\" \/>\n<meta property=\"og:site_name\" content=\"Sen Grand Place Thi\u00e8s\" \/>\n<meta property=\"article:modified_time\" content=\"2025-12-19T12:50:59+00:00\" \/>\n<meta property=\"og:image\" content=\"https:\/\/www.sengrandplace.com\/wp-content\/uploads\/2025\/12\/cartouche-d-encre-magenta-hp-938-originale-pour-de-1.webp\" \/>\n\t<meta property=\"og:image:width\" content=\"700\" \/>\n\t<meta property=\"og:image:height\" content=\"700\" \/>\n\t<meta property=\"og:image:type\" content=\"image\/webp\" \/>\n<meta name=\"twitter:card\" content=\"summary_large_image\" \/>\n<meta name=\"twitter:label1\" content=\"Dur\u00e9e de lecture estim\u00e9e\" \/>\n\t<meta name=\"twitter:data1\" content=\"2 minutes\" \/>\n<script type=\"application\/ld+json\" class=\"yoast-schema-graph\">{\"@context\":\"https:\\\/\\\/schema.org\",\"@graph\":[{\"@type\":\"WebPage\",\"@id\":\"https:\\\/\\\/www.sengrandplace.com\\\/?product=cartouche-dencre-hp-938-magenta-jet-dencre-originale\",\"url\":\"https:\\\/\\\/www.sengrandplace.com\\\/?product=cartouche-dencre-hp-938-magenta-jet-dencre-originale\",\"name\":\"Cartouche d\u2019Encre HP 938 Magenta \u2013 Jet d\u2019Encre Originale - Sen Grand Place Thi\u00e8s\",\"isPartOf\":{\"@id\":\"https:\\\/\\\/www.sengrandplace.com\\\/#website\"},\"primaryImageOfPage\":{\"@id\":\"https:\\\/\\\/www.sengrandplace.com\\\/?product=cartouche-dencre-hp-938-magenta-jet-dencre-originale#primaryimage\"},\"image\":{\"@id\":\"https:\\\/\\\/www.sengrandplace.com\\\/?product=cartouche-dencre-hp-938-magenta-jet-dencre-originale#primaryimage\"},\"thumbnailUrl\":\"https:\\\/\\\/www.sengrandplace.com\\\/wp-content\\\/uploads\\\/2025\\\/12\\\/cartouche-d-encre-magenta-hp-938-originale-pour-de-1.webp\",\"datePublished\":\"2025-12-19T12:50:58+00:00\",\"dateModified\":\"2025-12-19T12:50:59+00:00\",\"breadcrumb\":{\"@id\":\"https:\\\/\\\/www.sengrandplace.com\\\/?product=cartouche-dencre-hp-938-magenta-jet-dencre-originale#breadcrumb\"},\"inLanguage\":\"fr-FR\",\"potentialAction\":[{\"@type\":\"ReadAction\",\"target\":[\"https:\\\/\\\/www.sengrandplace.com\\\/?product=cartouche-dencre-hp-938-magenta-jet-dencre-originale\"]}]},{\"@type\":\"ImageObject\",\"inLanguage\":\"fr-FR\",\"@id\":\"https:\\\/\\\/www.sengrandplace.com\\\/?product=cartouche-dencre-hp-938-magenta-jet-dencre-originale#primaryimage\",\"url\":\"https:\\\/\\\/www.sengrandplace.com\\\/wp-content\\\/uploads\\\/2025\\\/12\\\/cartouche-d-encre-magenta-hp-938-originale-pour-de-1.webp\",\"contentUrl\":\"https:\\\/\\\/www.sengrandplace.com\\\/wp-content\\\/uploads\\\/2025\\\/12\\\/cartouche-d-encre-magenta-hp-938-originale-pour-de-1.webp\",\"width\":700,\"height\":700},{\"@type\":\"BreadcrumbList\",\"@id\":\"https:\\\/\\\/www.sengrandplace.com\\\/?product=cartouche-dencre-hp-938-magenta-jet-dencre-originale#breadcrumb\",\"itemListElement\":[{\"@type\":\"ListItem\",\"position\":1,\"name\":\"Home\",\"item\":\"https:\\\/\\\/www.sengrandplace.com\\\/\"},{\"@type\":\"ListItem\",\"position\":2,\"name\":\"Shop\",\"item\":\"https:\\\/\\\/www.sengrandplace.com\\\/?page_id=11\"},{\"@type\":\"ListItem\",\"position\":3,\"name\":\"Cartouche d\u2019Encre HP 938 Magenta \u2013 Jet d\u2019Encre Originale\"}]},{\"@type\":\"WebSite\",\"@id\":\"https:\\\/\\\/www.sengrandplace.com\\\/#website\",\"url\":\"https:\\\/\\\/www.sengrandplace.com\\\/\",\"name\":\"Sen Grand Place Thi\u00e8s\",\"description\":\"La place qui vous revient.\",\"publisher\":{\"@id\":\"https:\\\/\\\/www.sengrandplace.com\\\/#organization\"},\"potentialAction\":[{\"@type\":\"SearchAction\",\"target\":{\"@type\":\"EntryPoint\",\"urlTemplate\":\"https:\\\/\\\/www.sengrandplace.com\\\/?s={search_term_string}\"},\"query-input\":{\"@type\":\"PropertyValueSpecification\",\"valueRequired\":true,\"valueName\":\"search_term_string\"}}],\"inLanguage\":\"fr-FR\"},{\"@type\":\"Organization\",\"@id\":\"https:\\\/\\\/www.sengrandplace.com\\\/#organization\",\"name\":\"Sen Grand Place Thi\u00e8s\",\"url\":\"https:\\\/\\\/www.sengrandplace.com\\\/\",\"logo\":{\"@type\":\"ImageObject\",\"inLanguage\":\"fr-FR\",\"@id\":\"https:\\\/\\\/www.sengrandplace.com\\\/#\\\/schema\\\/logo\\\/image\\\/\",\"url\":\"https:\\\/\\\/www.sengrandplace.com\\\/wp-content\\\/uploads\\\/2024\\\/01\\\/Logo_du_site-2.jpg\",\"contentUrl\":\"https:\\\/\\\/www.sengrandplace.com\\\/wp-content\\\/uploads\\\/2024\\\/01\\\/Logo_du_site-2.jpg\",\"width\":314,\"height\":98,\"caption\":\"Sen Grand Place Thi\u00e8s\"},\"image\":{\"@id\":\"https:\\\/\\\/www.sengrandplace.com\\\/#\\\/schema\\\/logo\\\/image\\\/\"}}]}<\/script>\n<!-- \/ Yoast SEO plugin. -->","yoast_head_json":{"title":"Cartouche d\u2019Encre HP 938 Magenta \u2013 Jet d\u2019Encre Originale - Sen Grand Place Thi\u00e8s","robots":{"index":"index","follow":"follow","max-snippet":"max-snippet:-1","max-image-preview":"max-image-preview:large","max-video-preview":"max-video-preview:-1"},"canonical":"https:\/\/www.sengrandplace.com\/?product=cartouche-dencre-hp-938-magenta-jet-dencre-originale","og_locale":"fr_FR","og_type":"article","og_title":"Cartouche d\u2019Encre HP 938 Magenta \u2013 Jet d\u2019Encre Originale - Sen Grand Place Thi\u00e8s","og_description":"La cartouche originale HP 938 Magenta fournit des impressions aux couleurs vives et \u00e9clatantes avec une grande pr\u00e9cision, id\u00e9ale pour des documents professionnels et des projets graphiques exigeants.","og_url":"https:\/\/www.sengrandplace.com\/?product=cartouche-dencre-hp-938-magenta-jet-dencre-originale","og_site_name":"Sen Grand Place Thi\u00e8s","article_modified_time":"2025-12-19T12:50:59+00:00","og_image":[{"width":700,"height":700,"url":"https:\/\/www.sengrandplace.com\/wp-content\/uploads\/2025\/12\/cartouche-d-encre-magenta-hp-938-originale-pour-de-1.webp","type":"image\/webp"}],"twitter_card":"summary_large_image","twitter_misc":{"Dur\u00e9e de lecture estim\u00e9e":"2 minutes"},"schema":{"@context":"https:\/\/schema.org","@graph":[{"@type":"WebPage","@id":"https:\/\/www.sengrandplace.com\/?product=cartouche-dencre-hp-938-magenta-jet-dencre-originale","url":"https:\/\/www.sengrandplace.com\/?product=cartouche-dencre-hp-938-magenta-jet-dencre-originale","name":"Cartouche d\u2019Encre HP 938 Magenta \u2013 Jet d\u2019Encre Originale - Sen Grand Place Thi\u00e8s","isPartOf":{"@id":"https:\/\/www.sengrandplace.com\/#website"},"primaryImageOfPage":{"@id":"https:\/\/www.sengrandplace.com\/?product=cartouche-dencre-hp-938-magenta-jet-dencre-originale#primaryimage"},"image":{"@id":"https:\/\/www.sengrandplace.com\/?product=cartouche-dencre-hp-938-magenta-jet-dencre-originale#primaryimage"},"thumbnailUrl":"https:\/\/www.sengrandplace.com\/wp-content\/uploads\/2025\/12\/cartouche-d-encre-magenta-hp-938-originale-pour-de-1.webp","datePublished":"2025-12-19T12:50:58+00:00","dateModified":"2025-12-19T12:50:59+00:00","breadcrumb":{"@id":"https:\/\/www.sengrandplace.com\/?product=cartouche-dencre-hp-938-magenta-jet-dencre-originale#breadcrumb"},"inLanguage":"fr-FR","potentialAction":[{"@type":"ReadAction","target":["https:\/\/www.sengrandplace.com\/?product=cartouche-dencre-hp-938-magenta-jet-dencre-originale"]}]},{"@type":"ImageObject","inLanguage":"fr-FR","@id":"https:\/\/www.sengrandplace.com\/?product=cartouche-dencre-hp-938-magenta-jet-dencre-originale#primaryimage","url":"https:\/\/www.sengrandplace.com\/wp-content\/uploads\/2025\/12\/cartouche-d-encre-magenta-hp-938-originale-pour-de-1.webp","contentUrl":"https:\/\/www.sengrandplace.com\/wp-content\/uploads\/2025\/12\/cartouche-d-encre-magenta-hp-938-originale-pour-de-1.webp","width":700,"height":700},{"@type":"BreadcrumbList","@id":"https:\/\/www.sengrandplace.com\/?product=cartouche-dencre-hp-938-magenta-jet-dencre-originale#breadcrumb","itemListElement":[{"@type":"ListItem","position":1,"name":"Home","item":"https:\/\/www.sengrandplace.com\/"},{"@type":"ListItem","position":2,"name":"Shop","item":"https:\/\/www.sengrandplace.com\/?page_id=11"},{"@type":"ListItem","position":3,"name":"Cartouche d\u2019Encre HP 938 Magenta \u2013 Jet d\u2019Encre Originale"}]},{"@type":"WebSite","@id":"https:\/\/www.sengrandplace.com\/#website","url":"https:\/\/www.sengrandplace.com\/","name":"Sen Grand Place Thi\u00e8s","description":"La place qui vous revient.","publisher":{"@id":"https:\/\/www.sengrandplace.com\/#organization"},"potentialAction":[{"@type":"SearchAction","target":{"@type":"EntryPoint","urlTemplate":"https:\/\/www.sengrandplace.com\/?s={search_term_string}"},"query-input":{"@type":"PropertyValueSpecification","valueRequired":true,"valueName":"search_term_string"}}],"inLanguage":"fr-FR"},{"@type":"Organization","@id":"https:\/\/www.sengrandplace.com\/#organization","name":"Sen Grand Place Thi\u00e8s","url":"https:\/\/www.sengrandplace.com\/","logo":{"@type":"ImageObject","inLanguage":"fr-FR","@id":"https:\/\/www.sengrandplace.com\/#\/schema\/logo\/image\/","url":"https:\/\/www.sengrandplace.com\/wp-content\/uploads\/2024\/01\/Logo_du_site-2.jpg","contentUrl":"https:\/\/www.sengrandplace.com\/wp-content\/uploads\/2024\/01\/Logo_du_site-2.jpg","width":314,"height":98,"caption":"Sen Grand Place Thi\u00e8s"},"image":{"@id":"https:\/\/www.sengrandplace.com\/#\/schema\/logo\/image\/"}}]}},"_links":{"self":[{"href":"https:\/\/www.sengrandplace.com\/index.php?rest_route=\/wp\/v2\/product\/11618","targetHints":{"allow":["GET"]}}],"collection":[{"href":"https:\/\/www.sengrandplace.com\/index.php?rest_route=\/wp\/v2\/product"}],"about":[{"href":"https:\/\/www.sengrandplace.com\/index.php?rest_route=\/wp\/v2\/types\/product"}],"replies":[{"embeddable":true,"href":"https:\/\/www.sengrandplace.com\/index.php?rest_route=%2Fwp%2Fv2%2Fcomments&post=11618"}],"version-history":[{"count":1,"href":"https:\/\/www.sengrandplace.com\/index.php?rest_route=\/wp\/v2\/product\/11618\/revisions"}],"predecessor-version":[{"id":11621,"href":"https:\/\/www.sengrandplace.com\/index.php?rest_route=\/wp\/v2\/product\/11618\/revisions\/11621"}],"wp:featuredmedia":[{"embeddable":true,"href":"https:\/\/www.sengrandplace.com\/index.php?rest_route=\/wp\/v2\/media\/11620"}],"wp:attachment":[{"href":"https:\/\/www.sengrandplace.com\/index.php?rest_route=%2Fwp%2Fv2%2Fmedia&parent=11618"}],"wp:term":[{"taxonomy":"product_brand","embeddable":true,"href":"https:\/\/www.sengrandplace.com\/index.php?rest_route=%2Fwp%2Fv2%2Fproduct_brand&post=11618"},{"taxonomy":"product_cat","embeddable":true,"href":"https:\/\/www.sengrandplace.com\/index.php?rest_route=%2Fwp%2Fv2%2Fproduct_cat&post=11618"},{"taxonomy":"product_tag","embeddable":true,"href":"https:\/\/www.sengrandplace.com\/index.php?rest_route=%2Fwp%2Fv2%2Fproduct_tag&post=11618"}],"curies":[{"name":"wp","href":"https:\/\/api.w.org\/{rel}","templated":true}]}}