{"id":11626,"date":"2025-12-19T15:12:45","date_gmt":"2025-12-19T15:12:45","guid":{"rendered":"https:\/\/www.sengrandplace.com\/?post_type=product&#038;p=11626"},"modified":"2025-12-19T15:12:45","modified_gmt":"2025-12-19T15:12:45","slug":"cartouche-dencre-hp-938-noire-haute-capacite","status":"publish","type":"product","link":"https:\/\/www.sengrandplace.com\/?product=cartouche-dencre-hp-938-noire-haute-capacite","title":{"rendered":"Cartouche d\u2019Encre HP 938 Noire \u2013 Haute Capacit\u00e9"},"content":{"rendered":"<p data-start=\"439\" data-end=\"869\">Optimisez vos impressions monochromes avec la <strong data-start=\"485\" data-end=\"511\">cartouche HP 938 Noire<\/strong>. Con\u00e7ue pour les imprimantes HP OfficeJet Pro, cette cartouche garantit <strong data-start=\"584\" data-end=\"633\">une qualit\u00e9 d\u2019impression constante et durable<\/strong>. Son installation est simple et rapide, et elle est fabriqu\u00e9e pour assurer <strong data-start=\"709\" data-end=\"737\">fiabilit\u00e9 et performance<\/strong> sur des volumes \u00e9lev\u00e9s. Id\u00e9ale pour les documents professionnels, rapports et projets n\u00e9cessitant des textes parfaitement lisibles.<\/p>\n<hr data-start=\"871\" data-end=\"874\" \/>\n<h3 data-start=\"876\" data-end=\"912\"><strong data-start=\"880\" data-end=\"912\">Caract\u00e9ristiques principales<\/strong><\/h3>\n<ul data-start=\"913\" data-end=\"1211\">\n<li data-start=\"913\" data-end=\"958\">\n<p data-start=\"915\" data-end=\"958\"><strong data-start=\"915\" data-end=\"923\">Type<\/strong> : Cartouche d\u2019encre originale HP<\/p>\n<\/li>\n<li data-start=\"959\" data-end=\"981\">\n<p data-start=\"961\" data-end=\"981\"><strong data-start=\"961\" data-end=\"972\">Couleur<\/strong> : Noir<\/p>\n<\/li>\n<li data-start=\"982\" data-end=\"1040\">\n<p data-start=\"984\" data-end=\"1040\"><strong data-start=\"984\" data-end=\"996\">Capacit\u00e9<\/strong> : Environ 1 250 pages \u00e0 5 % de couverture<\/p>\n<\/li>\n<li data-start=\"1041\" data-end=\"1080\">\n<p data-start=\"1043\" data-end=\"1080\"><strong data-start=\"1043\" data-end=\"1059\">Installation<\/strong> : Facile et rapide<\/p>\n<\/li>\n<li data-start=\"1081\" data-end=\"1139\">\n<p data-start=\"1083\" data-end=\"1139\"><strong data-start=\"1083\" data-end=\"1107\">Qualit\u00e9 d\u2019impression<\/strong> : Textes nets, noirs profonds<\/p>\n<\/li>\n<li data-start=\"1140\" data-end=\"1211\">\n<p data-start=\"1142\" data-end=\"1211\"><strong data-start=\"1142\" data-end=\"1155\">Fiabilit\u00e9<\/strong> : Performances constantes pour un usage professionnel<\/p>\n<\/li>\n<\/ul>\n<hr data-start=\"1213\" data-end=\"1216\" \/>\n<h3 data-start=\"1218\" data-end=\"1239\"><strong data-start=\"1222\" data-end=\"1239\">Compatibilit\u00e9<\/strong><\/h3>\n<ul data-start=\"1240\" data-end=\"1310\">\n<li data-start=\"1240\" data-end=\"1310\">\n<p data-start=\"1242\" data-end=\"1310\"><strong data-start=\"1242\" data-end=\"1262\">HP OfficeJet Pro<\/strong> : 9730, 9720, 9120, 9110b, 9120b, 9130, 9130b<\/p>\n<\/li>\n<\/ul>\n<hr data-start=\"1312\" data-end=\"1315\" \/>\n<h3 data-start=\"1317\" data-end=\"1348\"><strong data-start=\"1321\" data-end=\"1348\">Informations techniques<\/strong><\/h3>\n<ul data-start=\"1349\" data-end=\"1516\">\n<li data-start=\"1349\" data-end=\"1368\">\n<p data-start=\"1351\" data-end=\"1368\"><strong data-start=\"1351\" data-end=\"1361\">Marque<\/strong> : HP<\/p>\n<\/li>\n<li data-start=\"1369\" data-end=\"1394\">\n<p data-start=\"1371\" data-end=\"1394\"><strong data-start=\"1371\" data-end=\"1382\">Part No<\/strong> : 4S6X8PE<\/p>\n<\/li>\n<li data-start=\"1395\" data-end=\"1464\">\n<p data-start=\"1397\" data-end=\"1464\"><strong data-start=\"1397\" data-end=\"1420\">Type de consommable<\/strong> : Cartouche d\u2019encre jet d\u2019encre originale<\/p>\n<\/li>\n<li data-start=\"1465\" data-end=\"1516\">\n<p data-start=\"1467\" data-end=\"1516\"><strong data-start=\"1467\" data-end=\"1480\">Rendement<\/strong> : 1 250 pages (5 % de couverture)<\/p>\n<\/li>\n<\/ul>\n","protected":false},"excerpt":{"rendered":"<p>La cartouche originale HP 938 Noire offre des textes nets et pr\u00e9cis avec un rendu professionnel. Sa grande capacit\u00e9 permet jusqu\u2019\u00e0 1 250 pages d\u2019impression, id\u00e9ale pour les environnements de bureau \u00e0 fort volume.<\/p>\n","protected":false},"featured_media":11627,"comment_status":"open","ping_status":"closed","template":"","meta":[],"product_brand":[],"product_cat":[331,28],"product_tag":[],"class_list":{"0":"post-11626","1":"product","2":"type-product","3":"status-publish","4":"has-post-thumbnail","6":"product_cat-encre","7":"product_cat-equipement-informatique","9":"first","10":"instock","11":"shipping-taxable","12":"product-type-simple"},"yoast_head":"<!-- This site is optimized with the Yoast SEO plugin v27.6 - https:\/\/yoast.com\/product\/yoast-seo-wordpress\/ -->\n<title>Cartouche d\u2019Encre HP 938 Noire \u2013 Haute Capacit\u00e9 - Sen Grand Place Thi\u00e8s<\/title>\n<meta name=\"robots\" content=\"index, follow, max-snippet:-1, max-image-preview:large, max-video-preview:-1\" \/>\n<link rel=\"canonical\" href=\"https:\/\/www.sengrandplace.com\/?product=cartouche-dencre-hp-938-noire-haute-capacite\" \/>\n<meta property=\"og:locale\" content=\"fr_FR\" \/>\n<meta property=\"og:type\" content=\"article\" \/>\n<meta property=\"og:title\" content=\"Cartouche d\u2019Encre HP 938 Noire \u2013 Haute Capacit\u00e9 - Sen Grand Place Thi\u00e8s\" \/>\n<meta property=\"og:description\" content=\"La cartouche originale HP 938 Noire offre des textes nets et pr\u00e9cis avec un rendu professionnel. Sa grande capacit\u00e9 permet jusqu\u2019\u00e0 1 250 pages d\u2019impression, id\u00e9ale pour les environnements de bureau \u00e0 fort volume.\" \/>\n<meta property=\"og:url\" content=\"https:\/\/www.sengrandplace.com\/?product=cartouche-dencre-hp-938-noire-haute-capacite\" \/>\n<meta property=\"og:site_name\" content=\"Sen Grand Place Thi\u00e8s\" \/>\n<meta property=\"og:image\" content=\"https:\/\/www.sengrandplace.com\/wp-content\/uploads\/2025\/12\/HP-938-Noir.jpg\" \/>\n\t<meta property=\"og:image:width\" content=\"1000\" \/>\n\t<meta property=\"og:image:height\" content=\"1000\" \/>\n\t<meta property=\"og:image:type\" content=\"image\/jpeg\" \/>\n<meta name=\"twitter:card\" content=\"summary_large_image\" \/>\n<meta name=\"twitter:label1\" content=\"Dur\u00e9e de lecture estim\u00e9e\" \/>\n\t<meta name=\"twitter:data1\" content=\"1 minute\" \/>\n<script type=\"application\/ld+json\" class=\"yoast-schema-graph\">{\"@context\":\"https:\\\/\\\/schema.org\",\"@graph\":[{\"@type\":\"WebPage\",\"@id\":\"https:\\\/\\\/www.sengrandplace.com\\\/?product=cartouche-dencre-hp-938-noire-haute-capacite\",\"url\":\"https:\\\/\\\/www.sengrandplace.com\\\/?product=cartouche-dencre-hp-938-noire-haute-capacite\",\"name\":\"Cartouche d\u2019Encre HP 938 Noire \u2013 Haute Capacit\u00e9 - Sen Grand Place Thi\u00e8s\",\"isPartOf\":{\"@id\":\"https:\\\/\\\/www.sengrandplace.com\\\/#website\"},\"primaryImageOfPage\":{\"@id\":\"https:\\\/\\\/www.sengrandplace.com\\\/?product=cartouche-dencre-hp-938-noire-haute-capacite#primaryimage\"},\"image\":{\"@id\":\"https:\\\/\\\/www.sengrandplace.com\\\/?product=cartouche-dencre-hp-938-noire-haute-capacite#primaryimage\"},\"thumbnailUrl\":\"https:\\\/\\\/www.sengrandplace.com\\\/wp-content\\\/uploads\\\/2025\\\/12\\\/HP-938-Noir.jpg\",\"datePublished\":\"2025-12-19T15:12:45+00:00\",\"breadcrumb\":{\"@id\":\"https:\\\/\\\/www.sengrandplace.com\\\/?product=cartouche-dencre-hp-938-noire-haute-capacite#breadcrumb\"},\"inLanguage\":\"fr-FR\",\"potentialAction\":[{\"@type\":\"ReadAction\",\"target\":[\"https:\\\/\\\/www.sengrandplace.com\\\/?product=cartouche-dencre-hp-938-noire-haute-capacite\"]}]},{\"@type\":\"ImageObject\",\"inLanguage\":\"fr-FR\",\"@id\":\"https:\\\/\\\/www.sengrandplace.com\\\/?product=cartouche-dencre-hp-938-noire-haute-capacite#primaryimage\",\"url\":\"https:\\\/\\\/www.sengrandplace.com\\\/wp-content\\\/uploads\\\/2025\\\/12\\\/HP-938-Noir.jpg\",\"contentUrl\":\"https:\\\/\\\/www.sengrandplace.com\\\/wp-content\\\/uploads\\\/2025\\\/12\\\/HP-938-Noir.jpg\",\"width\":1000,\"height\":1000},{\"@type\":\"BreadcrumbList\",\"@id\":\"https:\\\/\\\/www.sengrandplace.com\\\/?product=cartouche-dencre-hp-938-noire-haute-capacite#breadcrumb\",\"itemListElement\":[{\"@type\":\"ListItem\",\"position\":1,\"name\":\"Home\",\"item\":\"https:\\\/\\\/www.sengrandplace.com\\\/\"},{\"@type\":\"ListItem\",\"position\":2,\"name\":\"Shop\",\"item\":\"https:\\\/\\\/www.sengrandplace.com\\\/?page_id=11\"},{\"@type\":\"ListItem\",\"position\":3,\"name\":\"Cartouche d\u2019Encre HP 938 Noire \u2013 Haute Capacit\u00e9\"}]},{\"@type\":\"WebSite\",\"@id\":\"https:\\\/\\\/www.sengrandplace.com\\\/#website\",\"url\":\"https:\\\/\\\/www.sengrandplace.com\\\/\",\"name\":\"Sen Grand Place Thi\u00e8s\",\"description\":\"La place qui vous revient.\",\"publisher\":{\"@id\":\"https:\\\/\\\/www.sengrandplace.com\\\/#organization\"},\"potentialAction\":[{\"@type\":\"SearchAction\",\"target\":{\"@type\":\"EntryPoint\",\"urlTemplate\":\"https:\\\/\\\/www.sengrandplace.com\\\/?s={search_term_string}\"},\"query-input\":{\"@type\":\"PropertyValueSpecification\",\"valueRequired\":true,\"valueName\":\"search_term_string\"}}],\"inLanguage\":\"fr-FR\"},{\"@type\":\"Organization\",\"@id\":\"https:\\\/\\\/www.sengrandplace.com\\\/#organization\",\"name\":\"Sen Grand Place Thi\u00e8s\",\"url\":\"https:\\\/\\\/www.sengrandplace.com\\\/\",\"logo\":{\"@type\":\"ImageObject\",\"inLanguage\":\"fr-FR\",\"@id\":\"https:\\\/\\\/www.sengrandplace.com\\\/#\\\/schema\\\/logo\\\/image\\\/\",\"url\":\"https:\\\/\\\/www.sengrandplace.com\\\/wp-content\\\/uploads\\\/2024\\\/01\\\/Logo_du_site-2.jpg\",\"contentUrl\":\"https:\\\/\\\/www.sengrandplace.com\\\/wp-content\\\/uploads\\\/2024\\\/01\\\/Logo_du_site-2.jpg\",\"width\":314,\"height\":98,\"caption\":\"Sen Grand Place Thi\u00e8s\"},\"image\":{\"@id\":\"https:\\\/\\\/www.sengrandplace.com\\\/#\\\/schema\\\/logo\\\/image\\\/\"}}]}<\/script>\n<!-- \/ Yoast SEO plugin. -->","yoast_head_json":{"title":"Cartouche d\u2019Encre HP 938 Noire \u2013 Haute Capacit\u00e9 - Sen Grand Place Thi\u00e8s","robots":{"index":"index","follow":"follow","max-snippet":"max-snippet:-1","max-image-preview":"max-image-preview:large","max-video-preview":"max-video-preview:-1"},"canonical":"https:\/\/www.sengrandplace.com\/?product=cartouche-dencre-hp-938-noire-haute-capacite","og_locale":"fr_FR","og_type":"article","og_title":"Cartouche d\u2019Encre HP 938 Noire \u2013 Haute Capacit\u00e9 - Sen Grand Place Thi\u00e8s","og_description":"La cartouche originale HP 938 Noire offre des textes nets et pr\u00e9cis avec un rendu professionnel. Sa grande capacit\u00e9 permet jusqu\u2019\u00e0 1 250 pages d\u2019impression, id\u00e9ale pour les environnements de bureau \u00e0 fort volume.","og_url":"https:\/\/www.sengrandplace.com\/?product=cartouche-dencre-hp-938-noire-haute-capacite","og_site_name":"Sen Grand Place Thi\u00e8s","og_image":[{"width":1000,"height":1000,"url":"https:\/\/www.sengrandplace.com\/wp-content\/uploads\/2025\/12\/HP-938-Noir.jpg","type":"image\/jpeg"}],"twitter_card":"summary_large_image","twitter_misc":{"Dur\u00e9e de lecture estim\u00e9e":"1 minute"},"schema":{"@context":"https:\/\/schema.org","@graph":[{"@type":"WebPage","@id":"https:\/\/www.sengrandplace.com\/?product=cartouche-dencre-hp-938-noire-haute-capacite","url":"https:\/\/www.sengrandplace.com\/?product=cartouche-dencre-hp-938-noire-haute-capacite","name":"Cartouche d\u2019Encre HP 938 Noire \u2013 Haute Capacit\u00e9 - Sen Grand Place Thi\u00e8s","isPartOf":{"@id":"https:\/\/www.sengrandplace.com\/#website"},"primaryImageOfPage":{"@id":"https:\/\/www.sengrandplace.com\/?product=cartouche-dencre-hp-938-noire-haute-capacite#primaryimage"},"image":{"@id":"https:\/\/www.sengrandplace.com\/?product=cartouche-dencre-hp-938-noire-haute-capacite#primaryimage"},"thumbnailUrl":"https:\/\/www.sengrandplace.com\/wp-content\/uploads\/2025\/12\/HP-938-Noir.jpg","datePublished":"2025-12-19T15:12:45+00:00","breadcrumb":{"@id":"https:\/\/www.sengrandplace.com\/?product=cartouche-dencre-hp-938-noire-haute-capacite#breadcrumb"},"inLanguage":"fr-FR","potentialAction":[{"@type":"ReadAction","target":["https:\/\/www.sengrandplace.com\/?product=cartouche-dencre-hp-938-noire-haute-capacite"]}]},{"@type":"ImageObject","inLanguage":"fr-FR","@id":"https:\/\/www.sengrandplace.com\/?product=cartouche-dencre-hp-938-noire-haute-capacite#primaryimage","url":"https:\/\/www.sengrandplace.com\/wp-content\/uploads\/2025\/12\/HP-938-Noir.jpg","contentUrl":"https:\/\/www.sengrandplace.com\/wp-content\/uploads\/2025\/12\/HP-938-Noir.jpg","width":1000,"height":1000},{"@type":"BreadcrumbList","@id":"https:\/\/www.sengrandplace.com\/?product=cartouche-dencre-hp-938-noire-haute-capacite#breadcrumb","itemListElement":[{"@type":"ListItem","position":1,"name":"Home","item":"https:\/\/www.sengrandplace.com\/"},{"@type":"ListItem","position":2,"name":"Shop","item":"https:\/\/www.sengrandplace.com\/?page_id=11"},{"@type":"ListItem","position":3,"name":"Cartouche d\u2019Encre HP 938 Noire \u2013 Haute Capacit\u00e9"}]},{"@type":"WebSite","@id":"https:\/\/www.sengrandplace.com\/#website","url":"https:\/\/www.sengrandplace.com\/","name":"Sen Grand Place Thi\u00e8s","description":"La place qui vous revient.","publisher":{"@id":"https:\/\/www.sengrandplace.com\/#organization"},"potentialAction":[{"@type":"SearchAction","target":{"@type":"EntryPoint","urlTemplate":"https:\/\/www.sengrandplace.com\/?s={search_term_string}"},"query-input":{"@type":"PropertyValueSpecification","valueRequired":true,"valueName":"search_term_string"}}],"inLanguage":"fr-FR"},{"@type":"Organization","@id":"https:\/\/www.sengrandplace.com\/#organization","name":"Sen Grand Place Thi\u00e8s","url":"https:\/\/www.sengrandplace.com\/","logo":{"@type":"ImageObject","inLanguage":"fr-FR","@id":"https:\/\/www.sengrandplace.com\/#\/schema\/logo\/image\/","url":"https:\/\/www.sengrandplace.com\/wp-content\/uploads\/2024\/01\/Logo_du_site-2.jpg","contentUrl":"https:\/\/www.sengrandplace.com\/wp-content\/uploads\/2024\/01\/Logo_du_site-2.jpg","width":314,"height":98,"caption":"Sen Grand Place Thi\u00e8s"},"image":{"@id":"https:\/\/www.sengrandplace.com\/#\/schema\/logo\/image\/"}}]}},"_links":{"self":[{"href":"https:\/\/www.sengrandplace.com\/index.php?rest_route=\/wp\/v2\/product\/11626","targetHints":{"allow":["GET"]}}],"collection":[{"href":"https:\/\/www.sengrandplace.com\/index.php?rest_route=\/wp\/v2\/product"}],"about":[{"href":"https:\/\/www.sengrandplace.com\/index.php?rest_route=\/wp\/v2\/types\/product"}],"replies":[{"embeddable":true,"href":"https:\/\/www.sengrandplace.com\/index.php?rest_route=%2Fwp%2Fv2%2Fcomments&post=11626"}],"version-history":[{"count":1,"href":"https:\/\/www.sengrandplace.com\/index.php?rest_route=\/wp\/v2\/product\/11626\/revisions"}],"predecessor-version":[{"id":11628,"href":"https:\/\/www.sengrandplace.com\/index.php?rest_route=\/wp\/v2\/product\/11626\/revisions\/11628"}],"wp:featuredmedia":[{"embeddable":true,"href":"https:\/\/www.sengrandplace.com\/index.php?rest_route=\/wp\/v2\/media\/11627"}],"wp:attachment":[{"href":"https:\/\/www.sengrandplace.com\/index.php?rest_route=%2Fwp%2Fv2%2Fmedia&parent=11626"}],"wp:term":[{"taxonomy":"product_brand","embeddable":true,"href":"https:\/\/www.sengrandplace.com\/index.php?rest_route=%2Fwp%2Fv2%2Fproduct_brand&post=11626"},{"taxonomy":"product_cat","embeddable":true,"href":"https:\/\/www.sengrandplace.com\/index.php?rest_route=%2Fwp%2Fv2%2Fproduct_cat&post=11626"},{"taxonomy":"product_tag","embeddable":true,"href":"https:\/\/www.sengrandplace.com\/index.php?rest_route=%2Fwp%2Fv2%2Fproduct_tag&post=11626"}],"curies":[{"name":"wp","href":"https:\/\/api.w.org\/{rel}","templated":true}]}}