{"id":11640,"date":"2025-12-22T10:40:50","date_gmt":"2025-12-22T10:40:50","guid":{"rendered":"https:\/\/www.sengrandplace.com\/?post_type=product&#038;p=11640"},"modified":"2025-12-22T10:40:51","modified_gmt":"2025-12-22T10:40:51","slug":"cartouche-dencre-hp-72-jaune-130-ml-originale-hp-designjet","status":"publish","type":"product","link":"https:\/\/www.sengrandplace.com\/?product=cartouche-dencre-hp-72-jaune-130-ml-originale-hp-designjet","title":{"rendered":"Cartouche d\u2019encre HP 72 Jaune \u2013 130 ml \u2013 Originale HP \u2013 DesignJet"},"content":{"rendered":"<p data-start=\"599\" data-end=\"920\">La <strong data-start=\"602\" data-end=\"644\">cartouche d\u2019encre HP 72 Jaune \u2013 130 ml<\/strong> est sp\u00e9cialement d\u00e9velopp\u00e9e pour r\u00e9pondre aux exigences des professionnels de l\u2019impression grand format. Gr\u00e2ce aux <strong data-start=\"760\" data-end=\"783\">encres HP d\u2019origine<\/strong>, elle assure une qualit\u00e9 d\u2019impression homog\u00e8ne, des <strong data-start=\"836\" data-end=\"853\">lignes nettes<\/strong>, des <strong data-start=\"859\" data-end=\"877\">couleurs vives<\/strong> et une excellente stabilit\u00e9 dans le temps.<\/p>\n<p data-start=\"922\" data-end=\"1276\">Con\u00e7ues et test\u00e9es conjointement avec les imprimantes <strong data-start=\"976\" data-end=\"992\">HP DesignJet<\/strong>, les encres HP offrent une <strong data-start=\"1020\" data-end=\"1046\">compatibilit\u00e9 parfaite<\/strong> et \u00e9liminent les risques li\u00e9s aux consommables non certifi\u00e9s. Le s\u00e9chage rapide et la r\u00e9sistance aux taches permettent une manipulation imm\u00e9diate des documents, am\u00e9liorant ainsi la productivit\u00e9 et la fiabilit\u00e9 du flux de travail.<\/p>\n<p data-start=\"1278\" data-end=\"1510\">Avec une <strong data-start=\"1287\" data-end=\"1316\">capacit\u00e9 \u00e9lev\u00e9e de 130 ml<\/strong>, cette cartouche est id\u00e9ale pour les <strong data-start=\"1354\" data-end=\"1389\">volumes d\u2019impression importants<\/strong>, r\u00e9duisant les interruptions et optimisant la gestion des consommables dans les environnements professionnels exigeants.<\/p>\n<hr data-start=\"1512\" data-end=\"1515\" \/>\n<h2 data-start=\"1517\" data-end=\"1552\"><strong data-start=\"1520\" data-end=\"1552\">Caract\u00e9ristiques principales<\/strong><\/h2>\n<ul data-start=\"1554\" data-end=\"1768\">\n<li data-start=\"1554\" data-end=\"1573\">\n<p data-start=\"1556\" data-end=\"1573\">Couleur : Jaune<\/p>\n<\/li>\n<li data-start=\"1574\" data-end=\"1595\">\n<p data-start=\"1576\" data-end=\"1595\">Capacit\u00e9 : 130 ml<\/p>\n<\/li>\n<li data-start=\"1596\" data-end=\"1636\">\n<p data-start=\"1598\" data-end=\"1636\">Type : Cartouche d\u2019encre jet d\u2019encre<\/p>\n<\/li>\n<li data-start=\"1637\" data-end=\"1673\">\n<p data-start=\"1639\" data-end=\"1673\">Technologie : Encre HP d\u2019origine<\/p>\n<\/li>\n<li data-start=\"1674\" data-end=\"1717\">\n<p data-start=\"1676\" data-end=\"1717\">S\u00e9chage rapide et r\u00e9sistance aux taches<\/p>\n<\/li>\n<li data-start=\"1718\" data-end=\"1768\">\n<p data-start=\"1720\" data-end=\"1768\">Qualit\u00e9 d\u2019impression professionnelle constante<\/p>\n<\/li>\n<\/ul>\n<hr data-start=\"1770\" data-end=\"1773\" \/>\n<h2 data-start=\"1775\" data-end=\"1805\"><strong data-start=\"1778\" data-end=\"1805\">Imprimantes compatibles<\/strong><\/h2>\n<ul data-start=\"1807\" data-end=\"1995\">\n<li data-start=\"1807\" data-end=\"1829\">\n<p data-start=\"1809\" data-end=\"1829\">HP DesignJet T1100<\/p>\n<\/li>\n<li data-start=\"1830\" data-end=\"1852\">\n<p data-start=\"1832\" data-end=\"1852\">HP DesignJet T1200<\/p>\n<\/li>\n<li data-start=\"1853\" data-end=\"1878\">\n<p data-start=\"1855\" data-end=\"1878\">HP DesignJet T1200 HD<\/p>\n<\/li>\n<li data-start=\"1879\" data-end=\"1904\">\n<p data-start=\"1881\" data-end=\"1904\">HP DesignJet T1200 PS<\/p>\n<\/li>\n<li data-start=\"1905\" data-end=\"1926\">\n<p data-start=\"1907\" data-end=\"1926\">HP DesignJet T610<\/p>\n<\/li>\n<li data-start=\"1927\" data-end=\"1948\">\n<p data-start=\"1929\" data-end=\"1948\">HP DesignJet T620<\/p>\n<\/li>\n<li data-start=\"1949\" data-end=\"1970\">\n<p data-start=\"1951\" data-end=\"1970\">HP DesignJet T770<\/p>\n<\/li>\n<li data-start=\"1971\" data-end=\"1995\">\n<p data-start=\"1973\" data-end=\"1995\">HP DesignJet T770 HD<\/p>\n<\/li>\n<\/ul>\n","protected":false},"excerpt":{"rendered":"<p>La cartouche d\u2019encre HP 72 Jaune 130 ml est un consommable original HP con\u00e7u pour les imprimantes HP DesignJet. Elle garantit des impressions pr\u00e9cises, des couleurs \u00e9clatantes\u00a0et une fiabilit\u00e9 optimale pour les environnements professionnels.<\/p>\n","protected":false},"featured_media":11641,"comment_status":"open","ping_status":"closed","template":"","meta":[],"product_brand":[],"product_cat":[331,28],"product_tag":[],"class_list":{"0":"post-11640","1":"product","2":"type-product","3":"status-publish","4":"has-post-thumbnail","6":"product_cat-encre","7":"product_cat-equipement-informatique","9":"first","10":"instock","11":"shipping-taxable","12":"product-type-simple"},"yoast_head":"<!-- This site is optimized with the Yoast SEO plugin v27.6 - https:\/\/yoast.com\/product\/yoast-seo-wordpress\/ -->\n<title>Cartouche d\u2019encre HP 72 Jaune \u2013 130 ml \u2013 Originale HP \u2013 DesignJet - Sen Grand Place Thi\u00e8s<\/title>\n<meta name=\"robots\" content=\"index, follow, max-snippet:-1, max-image-preview:large, max-video-preview:-1\" \/>\n<link rel=\"canonical\" href=\"https:\/\/www.sengrandplace.com\/?product=cartouche-dencre-hp-72-jaune-130-ml-originale-hp-designjet\" \/>\n<meta property=\"og:locale\" content=\"fr_FR\" \/>\n<meta property=\"og:type\" content=\"article\" \/>\n<meta property=\"og:title\" content=\"Cartouche d\u2019encre HP 72 Jaune \u2013 130 ml \u2013 Originale HP \u2013 DesignJet - Sen Grand Place Thi\u00e8s\" \/>\n<meta property=\"og:description\" content=\"La cartouche d\u2019encre HP 72 Jaune 130 ml est un consommable original HP con\u00e7u pour les imprimantes HP DesignJet. Elle garantit des impressions pr\u00e9cises, des couleurs \u00e9clatantes\u00a0et une fiabilit\u00e9 optimale pour les environnements professionnels.\" \/>\n<meta property=\"og:url\" content=\"https:\/\/www.sengrandplace.com\/?product=cartouche-dencre-hp-72-jaune-130-ml-originale-hp-designjet\" \/>\n<meta property=\"og:site_name\" content=\"Sen Grand Place Thi\u00e8s\" \/>\n<meta property=\"article:modified_time\" content=\"2025-12-22T10:40:51+00:00\" \/>\n<meta property=\"og:image\" content=\"https:\/\/www.sengrandplace.com\/wp-content\/uploads\/2025\/12\/hp-72-jaune-designjet-c9373a.jpg\" \/>\n\t<meta property=\"og:image:width\" content=\"1100\" \/>\n\t<meta property=\"og:image:height\" content=\"1100\" \/>\n\t<meta property=\"og:image:type\" content=\"image\/jpeg\" \/>\n<meta name=\"twitter:card\" content=\"summary_large_image\" \/>\n<meta name=\"twitter:label1\" content=\"Dur\u00e9e de lecture estim\u00e9e\" \/>\n\t<meta name=\"twitter:data1\" content=\"2 minutes\" \/>\n<script type=\"application\/ld+json\" class=\"yoast-schema-graph\">{\"@context\":\"https:\\\/\\\/schema.org\",\"@graph\":[{\"@type\":\"WebPage\",\"@id\":\"https:\\\/\\\/www.sengrandplace.com\\\/?product=cartouche-dencre-hp-72-jaune-130-ml-originale-hp-designjet\",\"url\":\"https:\\\/\\\/www.sengrandplace.com\\\/?product=cartouche-dencre-hp-72-jaune-130-ml-originale-hp-designjet\",\"name\":\"Cartouche d\u2019encre HP 72 Jaune \u2013 130 ml \u2013 Originale HP \u2013 DesignJet - Sen Grand Place Thi\u00e8s\",\"isPartOf\":{\"@id\":\"https:\\\/\\\/www.sengrandplace.com\\\/#website\"},\"primaryImageOfPage\":{\"@id\":\"https:\\\/\\\/www.sengrandplace.com\\\/?product=cartouche-dencre-hp-72-jaune-130-ml-originale-hp-designjet#primaryimage\"},\"image\":{\"@id\":\"https:\\\/\\\/www.sengrandplace.com\\\/?product=cartouche-dencre-hp-72-jaune-130-ml-originale-hp-designjet#primaryimage\"},\"thumbnailUrl\":\"https:\\\/\\\/www.sengrandplace.com\\\/wp-content\\\/uploads\\\/2025\\\/12\\\/hp-72-jaune-designjet-c9373a.jpg\",\"datePublished\":\"2025-12-22T10:40:50+00:00\",\"dateModified\":\"2025-12-22T10:40:51+00:00\",\"breadcrumb\":{\"@id\":\"https:\\\/\\\/www.sengrandplace.com\\\/?product=cartouche-dencre-hp-72-jaune-130-ml-originale-hp-designjet#breadcrumb\"},\"inLanguage\":\"fr-FR\",\"potentialAction\":[{\"@type\":\"ReadAction\",\"target\":[\"https:\\\/\\\/www.sengrandplace.com\\\/?product=cartouche-dencre-hp-72-jaune-130-ml-originale-hp-designjet\"]}]},{\"@type\":\"ImageObject\",\"inLanguage\":\"fr-FR\",\"@id\":\"https:\\\/\\\/www.sengrandplace.com\\\/?product=cartouche-dencre-hp-72-jaune-130-ml-originale-hp-designjet#primaryimage\",\"url\":\"https:\\\/\\\/www.sengrandplace.com\\\/wp-content\\\/uploads\\\/2025\\\/12\\\/hp-72-jaune-designjet-c9373a.jpg\",\"contentUrl\":\"https:\\\/\\\/www.sengrandplace.com\\\/wp-content\\\/uploads\\\/2025\\\/12\\\/hp-72-jaune-designjet-c9373a.jpg\",\"width\":1100,\"height\":1100},{\"@type\":\"BreadcrumbList\",\"@id\":\"https:\\\/\\\/www.sengrandplace.com\\\/?product=cartouche-dencre-hp-72-jaune-130-ml-originale-hp-designjet#breadcrumb\",\"itemListElement\":[{\"@type\":\"ListItem\",\"position\":1,\"name\":\"Home\",\"item\":\"https:\\\/\\\/www.sengrandplace.com\\\/\"},{\"@type\":\"ListItem\",\"position\":2,\"name\":\"Shop\",\"item\":\"https:\\\/\\\/www.sengrandplace.com\\\/?page_id=11\"},{\"@type\":\"ListItem\",\"position\":3,\"name\":\"Cartouche d\u2019encre HP 72 Jaune \u2013 130 ml \u2013 Originale HP \u2013 DesignJet\"}]},{\"@type\":\"WebSite\",\"@id\":\"https:\\\/\\\/www.sengrandplace.com\\\/#website\",\"url\":\"https:\\\/\\\/www.sengrandplace.com\\\/\",\"name\":\"Sen Grand Place Thi\u00e8s\",\"description\":\"La place qui vous revient.\",\"publisher\":{\"@id\":\"https:\\\/\\\/www.sengrandplace.com\\\/#organization\"},\"potentialAction\":[{\"@type\":\"SearchAction\",\"target\":{\"@type\":\"EntryPoint\",\"urlTemplate\":\"https:\\\/\\\/www.sengrandplace.com\\\/?s={search_term_string}\"},\"query-input\":{\"@type\":\"PropertyValueSpecification\",\"valueRequired\":true,\"valueName\":\"search_term_string\"}}],\"inLanguage\":\"fr-FR\"},{\"@type\":\"Organization\",\"@id\":\"https:\\\/\\\/www.sengrandplace.com\\\/#organization\",\"name\":\"Sen Grand Place Thi\u00e8s\",\"url\":\"https:\\\/\\\/www.sengrandplace.com\\\/\",\"logo\":{\"@type\":\"ImageObject\",\"inLanguage\":\"fr-FR\",\"@id\":\"https:\\\/\\\/www.sengrandplace.com\\\/#\\\/schema\\\/logo\\\/image\\\/\",\"url\":\"https:\\\/\\\/www.sengrandplace.com\\\/wp-content\\\/uploads\\\/2024\\\/01\\\/Logo_du_site-2.jpg\",\"contentUrl\":\"https:\\\/\\\/www.sengrandplace.com\\\/wp-content\\\/uploads\\\/2024\\\/01\\\/Logo_du_site-2.jpg\",\"width\":314,\"height\":98,\"caption\":\"Sen Grand Place Thi\u00e8s\"},\"image\":{\"@id\":\"https:\\\/\\\/www.sengrandplace.com\\\/#\\\/schema\\\/logo\\\/image\\\/\"}}]}<\/script>\n<!-- \/ Yoast SEO plugin. -->","yoast_head_json":{"title":"Cartouche d\u2019encre HP 72 Jaune \u2013 130 ml \u2013 Originale HP \u2013 DesignJet - Sen Grand Place Thi\u00e8s","robots":{"index":"index","follow":"follow","max-snippet":"max-snippet:-1","max-image-preview":"max-image-preview:large","max-video-preview":"max-video-preview:-1"},"canonical":"https:\/\/www.sengrandplace.com\/?product=cartouche-dencre-hp-72-jaune-130-ml-originale-hp-designjet","og_locale":"fr_FR","og_type":"article","og_title":"Cartouche d\u2019encre HP 72 Jaune \u2013 130 ml \u2013 Originale HP \u2013 DesignJet - Sen Grand Place Thi\u00e8s","og_description":"La cartouche d\u2019encre HP 72 Jaune 130 ml est un consommable original HP con\u00e7u pour les imprimantes HP DesignJet. Elle garantit des impressions pr\u00e9cises, des couleurs \u00e9clatantes\u00a0et une fiabilit\u00e9 optimale pour les environnements professionnels.","og_url":"https:\/\/www.sengrandplace.com\/?product=cartouche-dencre-hp-72-jaune-130-ml-originale-hp-designjet","og_site_name":"Sen Grand Place Thi\u00e8s","article_modified_time":"2025-12-22T10:40:51+00:00","og_image":[{"width":1100,"height":1100,"url":"https:\/\/www.sengrandplace.com\/wp-content\/uploads\/2025\/12\/hp-72-jaune-designjet-c9373a.jpg","type":"image\/jpeg"}],"twitter_card":"summary_large_image","twitter_misc":{"Dur\u00e9e de lecture estim\u00e9e":"2 minutes"},"schema":{"@context":"https:\/\/schema.org","@graph":[{"@type":"WebPage","@id":"https:\/\/www.sengrandplace.com\/?product=cartouche-dencre-hp-72-jaune-130-ml-originale-hp-designjet","url":"https:\/\/www.sengrandplace.com\/?product=cartouche-dencre-hp-72-jaune-130-ml-originale-hp-designjet","name":"Cartouche d\u2019encre HP 72 Jaune \u2013 130 ml \u2013 Originale HP \u2013 DesignJet - Sen Grand Place Thi\u00e8s","isPartOf":{"@id":"https:\/\/www.sengrandplace.com\/#website"},"primaryImageOfPage":{"@id":"https:\/\/www.sengrandplace.com\/?product=cartouche-dencre-hp-72-jaune-130-ml-originale-hp-designjet#primaryimage"},"image":{"@id":"https:\/\/www.sengrandplace.com\/?product=cartouche-dencre-hp-72-jaune-130-ml-originale-hp-designjet#primaryimage"},"thumbnailUrl":"https:\/\/www.sengrandplace.com\/wp-content\/uploads\/2025\/12\/hp-72-jaune-designjet-c9373a.jpg","datePublished":"2025-12-22T10:40:50+00:00","dateModified":"2025-12-22T10:40:51+00:00","breadcrumb":{"@id":"https:\/\/www.sengrandplace.com\/?product=cartouche-dencre-hp-72-jaune-130-ml-originale-hp-designjet#breadcrumb"},"inLanguage":"fr-FR","potentialAction":[{"@type":"ReadAction","target":["https:\/\/www.sengrandplace.com\/?product=cartouche-dencre-hp-72-jaune-130-ml-originale-hp-designjet"]}]},{"@type":"ImageObject","inLanguage":"fr-FR","@id":"https:\/\/www.sengrandplace.com\/?product=cartouche-dencre-hp-72-jaune-130-ml-originale-hp-designjet#primaryimage","url":"https:\/\/www.sengrandplace.com\/wp-content\/uploads\/2025\/12\/hp-72-jaune-designjet-c9373a.jpg","contentUrl":"https:\/\/www.sengrandplace.com\/wp-content\/uploads\/2025\/12\/hp-72-jaune-designjet-c9373a.jpg","width":1100,"height":1100},{"@type":"BreadcrumbList","@id":"https:\/\/www.sengrandplace.com\/?product=cartouche-dencre-hp-72-jaune-130-ml-originale-hp-designjet#breadcrumb","itemListElement":[{"@type":"ListItem","position":1,"name":"Home","item":"https:\/\/www.sengrandplace.com\/"},{"@type":"ListItem","position":2,"name":"Shop","item":"https:\/\/www.sengrandplace.com\/?page_id=11"},{"@type":"ListItem","position":3,"name":"Cartouche d\u2019encre HP 72 Jaune \u2013 130 ml \u2013 Originale HP \u2013 DesignJet"}]},{"@type":"WebSite","@id":"https:\/\/www.sengrandplace.com\/#website","url":"https:\/\/www.sengrandplace.com\/","name":"Sen Grand Place Thi\u00e8s","description":"La place qui vous revient.","publisher":{"@id":"https:\/\/www.sengrandplace.com\/#organization"},"potentialAction":[{"@type":"SearchAction","target":{"@type":"EntryPoint","urlTemplate":"https:\/\/www.sengrandplace.com\/?s={search_term_string}"},"query-input":{"@type":"PropertyValueSpecification","valueRequired":true,"valueName":"search_term_string"}}],"inLanguage":"fr-FR"},{"@type":"Organization","@id":"https:\/\/www.sengrandplace.com\/#organization","name":"Sen Grand Place Thi\u00e8s","url":"https:\/\/www.sengrandplace.com\/","logo":{"@type":"ImageObject","inLanguage":"fr-FR","@id":"https:\/\/www.sengrandplace.com\/#\/schema\/logo\/image\/","url":"https:\/\/www.sengrandplace.com\/wp-content\/uploads\/2024\/01\/Logo_du_site-2.jpg","contentUrl":"https:\/\/www.sengrandplace.com\/wp-content\/uploads\/2024\/01\/Logo_du_site-2.jpg","width":314,"height":98,"caption":"Sen Grand Place Thi\u00e8s"},"image":{"@id":"https:\/\/www.sengrandplace.com\/#\/schema\/logo\/image\/"}}]}},"_links":{"self":[{"href":"https:\/\/www.sengrandplace.com\/index.php?rest_route=\/wp\/v2\/product\/11640","targetHints":{"allow":["GET"]}}],"collection":[{"href":"https:\/\/www.sengrandplace.com\/index.php?rest_route=\/wp\/v2\/product"}],"about":[{"href":"https:\/\/www.sengrandplace.com\/index.php?rest_route=\/wp\/v2\/types\/product"}],"replies":[{"embeddable":true,"href":"https:\/\/www.sengrandplace.com\/index.php?rest_route=%2Fwp%2Fv2%2Fcomments&post=11640"}],"version-history":[{"count":1,"href":"https:\/\/www.sengrandplace.com\/index.php?rest_route=\/wp\/v2\/product\/11640\/revisions"}],"predecessor-version":[{"id":11642,"href":"https:\/\/www.sengrandplace.com\/index.php?rest_route=\/wp\/v2\/product\/11640\/revisions\/11642"}],"wp:featuredmedia":[{"embeddable":true,"href":"https:\/\/www.sengrandplace.com\/index.php?rest_route=\/wp\/v2\/media\/11641"}],"wp:attachment":[{"href":"https:\/\/www.sengrandplace.com\/index.php?rest_route=%2Fwp%2Fv2%2Fmedia&parent=11640"}],"wp:term":[{"taxonomy":"product_brand","embeddable":true,"href":"https:\/\/www.sengrandplace.com\/index.php?rest_route=%2Fwp%2Fv2%2Fproduct_brand&post=11640"},{"taxonomy":"product_cat","embeddable":true,"href":"https:\/\/www.sengrandplace.com\/index.php?rest_route=%2Fwp%2Fv2%2Fproduct_cat&post=11640"},{"taxonomy":"product_tag","embeddable":true,"href":"https:\/\/www.sengrandplace.com\/index.php?rest_route=%2Fwp%2Fv2%2Fproduct_tag&post=11640"}],"curies":[{"name":"wp","href":"https:\/\/api.w.org\/{rel}","templated":true}]}}