{"id":11646,"date":"2025-12-22T11:04:17","date_gmt":"2025-12-22T11:04:17","guid":{"rendered":"https:\/\/www.sengrandplace.com\/?post_type=product&#038;p=11646"},"modified":"2025-12-22T11:04:17","modified_gmt":"2025-12-22T11:04:17","slug":"bouteille-dencre-epson-103-cyan-ecotank","status":"publish","type":"product","link":"https:\/\/www.sengrandplace.com\/?product=bouteille-dencre-epson-103-cyan-ecotank","title":{"rendered":"Bouteille d\u2019encre Epson 103 Cyan EcoTank"},"content":{"rendered":"<p data-start=\"610\" data-end=\"908\">La <strong data-start=\"613\" data-end=\"657\">bouteille d\u2019encre Epson 103 Cyan EcoTank<\/strong> est con\u00e7ue pour vous offrir une <strong data-start=\"690\" data-end=\"738\">exp\u00e9rience d\u2019impression simple et \u00e9conomique<\/strong>. Gr\u00e2ce \u00e0 sa conception repens\u00e9e, les recharges sont <strong data-start=\"791\" data-end=\"814\">faciles et pr\u00e9cises<\/strong>, avec des d\u00e9trompeurs pour \u00e9viter toute erreur de couleur lors du remplissage du r\u00e9servoir.<\/p>\n<p data-start=\"910\" data-end=\"1232\">Avec cette encre d\u2019origine Epson, b\u00e9n\u00e9ficiez d\u2019une <strong data-start=\"961\" data-end=\"1000\">qualit\u00e9 d\u2019impression exceptionnelle<\/strong> et d\u2019une <strong data-start=\"1010\" data-end=\"1030\">fiabilit\u00e9 totale<\/strong>. Les encres \u00e0 base de colorants permettent des impressions aux couleurs vives pour les documents du quotidien, des devoirs scolaires aux billets de voyage, tout en maintenant une durabilit\u00e9 optimale.<\/p>\n<p data-start=\"1234\" data-end=\"1539\"><strong data-start=\"1234\" data-end=\"1266\">\u00c9conomisez sur le long terme<\/strong> : un seul kit d\u2019encre permet d\u2019imprimer jusqu\u2019\u00e0 <strong data-start=\"1315\" data-end=\"1338\">7 500 pages couleur<\/strong>, r\u00e9duisant consid\u00e9rablement le co\u00fbt par page. Les bouteilles sont con\u00e7ues pour \u00eatre <strong data-start=\"1423\" data-end=\"1451\">ultra simples \u00e0 utiliser<\/strong>, m\u00eame pour les utilisateurs novices, tout en garantissant une impression sans erreur.<\/p>\n<p data-start=\"1541\" data-end=\"1729\">Les encres Epson d\u2019origine sont soumises \u00e0 des tests rigoureux et fabriqu\u00e9es dans des usines high-tech, assurant des performances constantes et une longue dur\u00e9e de vie de votre imprimante.<\/p>\n<hr data-start=\"1731\" data-end=\"1734\" \/>\n<h2 data-start=\"1736\" data-end=\"1773\"><strong data-start=\"1739\" data-end=\"1771\">Caract\u00e9ristiques principales<\/strong><\/h2>\n<ul data-start=\"1775\" data-end=\"2153\">\n<li data-start=\"1775\" data-end=\"1793\">\n<p data-start=\"1777\" data-end=\"1793\">Couleur : Cyan<\/p>\n<\/li>\n<li data-start=\"1794\" data-end=\"1846\">\n<p data-start=\"1796\" data-end=\"1846\">Type : Bouteille d\u2019encre originale Epson EcoTank<\/p>\n<\/li>\n<li data-start=\"1847\" data-end=\"1904\">\n<p data-start=\"1849\" data-end=\"1904\">Capacit\u00e9 : Grande capacit\u00e9 pour des milliers de pages<\/p>\n<\/li>\n<li data-start=\"1905\" data-end=\"1948\">\n<p data-start=\"1907\" data-end=\"1948\">Technologie : Encre \u00e0 base de colorants<\/p>\n<\/li>\n<li data-start=\"1949\" data-end=\"1993\">\n<p data-start=\"1951\" data-end=\"1993\">Facile \u00e0 remplir gr\u00e2ce \u00e0 des d\u00e9trompeurs<\/p>\n<\/li>\n<li data-start=\"1994\" data-end=\"2092\">\n<p data-start=\"1996\" data-end=\"2092\">\u00c9conomique : r\u00e9duction jusqu\u2019\u00e0 90 % du co\u00fbt d\u2019impression par rapport aux cartouches classiques<\/p>\n<\/li>\n<li data-start=\"2093\" data-end=\"2153\">\n<p data-start=\"2095\" data-end=\"2153\">Fiabilit\u00e9 : qualit\u00e9 professionnelle, stable et constante<\/p>\n<\/li>\n<\/ul>\n<hr data-start=\"2155\" data-end=\"2158\" \/>\n<h2 data-start=\"2160\" data-end=\"2192\"><strong data-start=\"2163\" data-end=\"2190\">Imprimantes compatibles<\/strong><\/h2>\n<ul data-start=\"2194\" data-end=\"2502\">\n<li data-start=\"2194\" data-end=\"2259\">\n<p data-start=\"2196\" data-end=\"2259\">Epson Ecotank L1100 Series, L1110, L1200 Series, L1210, L1250<\/p>\n<\/li>\n<li data-start=\"2260\" data-end=\"2325\">\n<p data-start=\"2262\" data-end=\"2325\">Epson Ecotank L3100 Series, L3101, L3110 Series, L3111, L3116<\/p>\n<\/li>\n<li data-start=\"2326\" data-end=\"2370\">\n<p data-start=\"2328\" data-end=\"2370\">Epson Ecotank L3150, L3151, L3156, L3160<\/p>\n<\/li>\n<li data-start=\"2371\" data-end=\"2450\">\n<p data-start=\"2373\" data-end=\"2450\">Epson Ecotank L3200 Series, L3210, L3211, L3250, L3251, L3256, L3260, L3266<\/p>\n<\/li>\n<li data-start=\"2451\" data-end=\"2502\">\n<p data-start=\"2453\" data-end=\"2502\">Epson Ecotank L5190, L5200 Series, L5290, L5296<\/p>\n<\/li>\n<\/ul>\n","protected":false},"excerpt":{"rendered":"<p>La bouteille d\u2019encre Epson 103 Cyan EcoTank offre une solution \u00e9conomique et fiable pour vos impressions quotidiennes. Facile \u00e0 utiliser et sp\u00e9cialement con\u00e7ue pour les imprimantes EcoTank, elle permet de produire des milliers de pages avec des couleurs \u00e9clatantes et une qualit\u00e9 constante.<\/p>\n","protected":false},"featured_media":11647,"comment_status":"open","ping_status":"closed","template":"","meta":[],"product_brand":[],"product_cat":[331,28],"product_tag":[],"class_list":{"0":"post-11646","1":"product","2":"type-product","3":"status-publish","4":"has-post-thumbnail","6":"product_cat-encre","7":"product_cat-equipement-informatique","9":"first","10":"instock","11":"shipping-taxable","12":"product-type-simple"},"yoast_head":"<!-- This site is optimized with the Yoast SEO plugin v27.6 - https:\/\/yoast.com\/product\/yoast-seo-wordpress\/ -->\n<title>Bouteille d\u2019encre Epson 103 Cyan EcoTank - Sen Grand Place Thi\u00e8s<\/title>\n<meta name=\"robots\" content=\"index, follow, max-snippet:-1, max-image-preview:large, max-video-preview:-1\" \/>\n<link rel=\"canonical\" href=\"https:\/\/www.sengrandplace.com\/?product=bouteille-dencre-epson-103-cyan-ecotank\" \/>\n<meta property=\"og:locale\" content=\"fr_FR\" \/>\n<meta property=\"og:type\" content=\"article\" \/>\n<meta property=\"og:title\" content=\"Bouteille d\u2019encre Epson 103 Cyan EcoTank - Sen Grand Place Thi\u00e8s\" \/>\n<meta property=\"og:description\" content=\"La bouteille d\u2019encre Epson 103 Cyan EcoTank offre une solution \u00e9conomique et fiable pour vos impressions quotidiennes. Facile \u00e0 utiliser et sp\u00e9cialement con\u00e7ue pour les imprimantes EcoTank, elle permet de produire des milliers de pages avec des couleurs \u00e9clatantes et une qualit\u00e9 constante.\" \/>\n<meta property=\"og:url\" content=\"https:\/\/www.sengrandplace.com\/?product=bouteille-dencre-epson-103-cyan-ecotank\" \/>\n<meta property=\"og:site_name\" content=\"Sen Grand Place Thi\u00e8s\" \/>\n<meta property=\"og:image\" content=\"https:\/\/www.sengrandplace.com\/wp-content\/uploads\/2025\/12\/epson-103-cyan.jpg\" \/>\n\t<meta property=\"og:image:width\" content=\"1200\" \/>\n\t<meta property=\"og:image:height\" content=\"1200\" \/>\n\t<meta property=\"og:image:type\" content=\"image\/jpeg\" \/>\n<meta name=\"twitter:card\" content=\"summary_large_image\" \/>\n<meta name=\"twitter:label1\" content=\"Dur\u00e9e de lecture estim\u00e9e\" \/>\n\t<meta name=\"twitter:data1\" content=\"2 minutes\" \/>\n<script type=\"application\/ld+json\" class=\"yoast-schema-graph\">{\"@context\":\"https:\\\/\\\/schema.org\",\"@graph\":[{\"@type\":\"WebPage\",\"@id\":\"https:\\\/\\\/www.sengrandplace.com\\\/?product=bouteille-dencre-epson-103-cyan-ecotank\",\"url\":\"https:\\\/\\\/www.sengrandplace.com\\\/?product=bouteille-dencre-epson-103-cyan-ecotank\",\"name\":\"Bouteille d\u2019encre Epson 103 Cyan EcoTank - Sen Grand Place Thi\u00e8s\",\"isPartOf\":{\"@id\":\"https:\\\/\\\/www.sengrandplace.com\\\/#website\"},\"primaryImageOfPage\":{\"@id\":\"https:\\\/\\\/www.sengrandplace.com\\\/?product=bouteille-dencre-epson-103-cyan-ecotank#primaryimage\"},\"image\":{\"@id\":\"https:\\\/\\\/www.sengrandplace.com\\\/?product=bouteille-dencre-epson-103-cyan-ecotank#primaryimage\"},\"thumbnailUrl\":\"https:\\\/\\\/www.sengrandplace.com\\\/wp-content\\\/uploads\\\/2025\\\/12\\\/epson-103-cyan.jpg\",\"datePublished\":\"2025-12-22T11:04:17+00:00\",\"breadcrumb\":{\"@id\":\"https:\\\/\\\/www.sengrandplace.com\\\/?product=bouteille-dencre-epson-103-cyan-ecotank#breadcrumb\"},\"inLanguage\":\"fr-FR\",\"potentialAction\":[{\"@type\":\"ReadAction\",\"target\":[\"https:\\\/\\\/www.sengrandplace.com\\\/?product=bouteille-dencre-epson-103-cyan-ecotank\"]}]},{\"@type\":\"ImageObject\",\"inLanguage\":\"fr-FR\",\"@id\":\"https:\\\/\\\/www.sengrandplace.com\\\/?product=bouteille-dencre-epson-103-cyan-ecotank#primaryimage\",\"url\":\"https:\\\/\\\/www.sengrandplace.com\\\/wp-content\\\/uploads\\\/2025\\\/12\\\/epson-103-cyan.jpg\",\"contentUrl\":\"https:\\\/\\\/www.sengrandplace.com\\\/wp-content\\\/uploads\\\/2025\\\/12\\\/epson-103-cyan.jpg\",\"width\":1200,\"height\":1200},{\"@type\":\"BreadcrumbList\",\"@id\":\"https:\\\/\\\/www.sengrandplace.com\\\/?product=bouteille-dencre-epson-103-cyan-ecotank#breadcrumb\",\"itemListElement\":[{\"@type\":\"ListItem\",\"position\":1,\"name\":\"Home\",\"item\":\"https:\\\/\\\/www.sengrandplace.com\\\/\"},{\"@type\":\"ListItem\",\"position\":2,\"name\":\"Shop\",\"item\":\"https:\\\/\\\/www.sengrandplace.com\\\/?page_id=11\"},{\"@type\":\"ListItem\",\"position\":3,\"name\":\"Bouteille d\u2019encre Epson 103 Cyan EcoTank\"}]},{\"@type\":\"WebSite\",\"@id\":\"https:\\\/\\\/www.sengrandplace.com\\\/#website\",\"url\":\"https:\\\/\\\/www.sengrandplace.com\\\/\",\"name\":\"Sen Grand Place Thi\u00e8s\",\"description\":\"La place qui vous revient.\",\"publisher\":{\"@id\":\"https:\\\/\\\/www.sengrandplace.com\\\/#organization\"},\"potentialAction\":[{\"@type\":\"SearchAction\",\"target\":{\"@type\":\"EntryPoint\",\"urlTemplate\":\"https:\\\/\\\/www.sengrandplace.com\\\/?s={search_term_string}\"},\"query-input\":{\"@type\":\"PropertyValueSpecification\",\"valueRequired\":true,\"valueName\":\"search_term_string\"}}],\"inLanguage\":\"fr-FR\"},{\"@type\":\"Organization\",\"@id\":\"https:\\\/\\\/www.sengrandplace.com\\\/#organization\",\"name\":\"Sen Grand Place Thi\u00e8s\",\"url\":\"https:\\\/\\\/www.sengrandplace.com\\\/\",\"logo\":{\"@type\":\"ImageObject\",\"inLanguage\":\"fr-FR\",\"@id\":\"https:\\\/\\\/www.sengrandplace.com\\\/#\\\/schema\\\/logo\\\/image\\\/\",\"url\":\"https:\\\/\\\/www.sengrandplace.com\\\/wp-content\\\/uploads\\\/2024\\\/01\\\/Logo_du_site-2.jpg\",\"contentUrl\":\"https:\\\/\\\/www.sengrandplace.com\\\/wp-content\\\/uploads\\\/2024\\\/01\\\/Logo_du_site-2.jpg\",\"width\":314,\"height\":98,\"caption\":\"Sen Grand Place Thi\u00e8s\"},\"image\":{\"@id\":\"https:\\\/\\\/www.sengrandplace.com\\\/#\\\/schema\\\/logo\\\/image\\\/\"}}]}<\/script>\n<!-- \/ Yoast SEO plugin. -->","yoast_head_json":{"title":"Bouteille d\u2019encre Epson 103 Cyan EcoTank - Sen Grand Place Thi\u00e8s","robots":{"index":"index","follow":"follow","max-snippet":"max-snippet:-1","max-image-preview":"max-image-preview:large","max-video-preview":"max-video-preview:-1"},"canonical":"https:\/\/www.sengrandplace.com\/?product=bouteille-dencre-epson-103-cyan-ecotank","og_locale":"fr_FR","og_type":"article","og_title":"Bouteille d\u2019encre Epson 103 Cyan EcoTank - Sen Grand Place Thi\u00e8s","og_description":"La bouteille d\u2019encre Epson 103 Cyan EcoTank offre une solution \u00e9conomique et fiable pour vos impressions quotidiennes. Facile \u00e0 utiliser et sp\u00e9cialement con\u00e7ue pour les imprimantes EcoTank, elle permet de produire des milliers de pages avec des couleurs \u00e9clatantes et une qualit\u00e9 constante.","og_url":"https:\/\/www.sengrandplace.com\/?product=bouteille-dencre-epson-103-cyan-ecotank","og_site_name":"Sen Grand Place Thi\u00e8s","og_image":[{"width":1200,"height":1200,"url":"https:\/\/www.sengrandplace.com\/wp-content\/uploads\/2025\/12\/epson-103-cyan.jpg","type":"image\/jpeg"}],"twitter_card":"summary_large_image","twitter_misc":{"Dur\u00e9e de lecture estim\u00e9e":"2 minutes"},"schema":{"@context":"https:\/\/schema.org","@graph":[{"@type":"WebPage","@id":"https:\/\/www.sengrandplace.com\/?product=bouteille-dencre-epson-103-cyan-ecotank","url":"https:\/\/www.sengrandplace.com\/?product=bouteille-dencre-epson-103-cyan-ecotank","name":"Bouteille d\u2019encre Epson 103 Cyan EcoTank - Sen Grand Place Thi\u00e8s","isPartOf":{"@id":"https:\/\/www.sengrandplace.com\/#website"},"primaryImageOfPage":{"@id":"https:\/\/www.sengrandplace.com\/?product=bouteille-dencre-epson-103-cyan-ecotank#primaryimage"},"image":{"@id":"https:\/\/www.sengrandplace.com\/?product=bouteille-dencre-epson-103-cyan-ecotank#primaryimage"},"thumbnailUrl":"https:\/\/www.sengrandplace.com\/wp-content\/uploads\/2025\/12\/epson-103-cyan.jpg","datePublished":"2025-12-22T11:04:17+00:00","breadcrumb":{"@id":"https:\/\/www.sengrandplace.com\/?product=bouteille-dencre-epson-103-cyan-ecotank#breadcrumb"},"inLanguage":"fr-FR","potentialAction":[{"@type":"ReadAction","target":["https:\/\/www.sengrandplace.com\/?product=bouteille-dencre-epson-103-cyan-ecotank"]}]},{"@type":"ImageObject","inLanguage":"fr-FR","@id":"https:\/\/www.sengrandplace.com\/?product=bouteille-dencre-epson-103-cyan-ecotank#primaryimage","url":"https:\/\/www.sengrandplace.com\/wp-content\/uploads\/2025\/12\/epson-103-cyan.jpg","contentUrl":"https:\/\/www.sengrandplace.com\/wp-content\/uploads\/2025\/12\/epson-103-cyan.jpg","width":1200,"height":1200},{"@type":"BreadcrumbList","@id":"https:\/\/www.sengrandplace.com\/?product=bouteille-dencre-epson-103-cyan-ecotank#breadcrumb","itemListElement":[{"@type":"ListItem","position":1,"name":"Home","item":"https:\/\/www.sengrandplace.com\/"},{"@type":"ListItem","position":2,"name":"Shop","item":"https:\/\/www.sengrandplace.com\/?page_id=11"},{"@type":"ListItem","position":3,"name":"Bouteille d\u2019encre Epson 103 Cyan EcoTank"}]},{"@type":"WebSite","@id":"https:\/\/www.sengrandplace.com\/#website","url":"https:\/\/www.sengrandplace.com\/","name":"Sen Grand Place Thi\u00e8s","description":"La place qui vous revient.","publisher":{"@id":"https:\/\/www.sengrandplace.com\/#organization"},"potentialAction":[{"@type":"SearchAction","target":{"@type":"EntryPoint","urlTemplate":"https:\/\/www.sengrandplace.com\/?s={search_term_string}"},"query-input":{"@type":"PropertyValueSpecification","valueRequired":true,"valueName":"search_term_string"}}],"inLanguage":"fr-FR"},{"@type":"Organization","@id":"https:\/\/www.sengrandplace.com\/#organization","name":"Sen Grand Place Thi\u00e8s","url":"https:\/\/www.sengrandplace.com\/","logo":{"@type":"ImageObject","inLanguage":"fr-FR","@id":"https:\/\/www.sengrandplace.com\/#\/schema\/logo\/image\/","url":"https:\/\/www.sengrandplace.com\/wp-content\/uploads\/2024\/01\/Logo_du_site-2.jpg","contentUrl":"https:\/\/www.sengrandplace.com\/wp-content\/uploads\/2024\/01\/Logo_du_site-2.jpg","width":314,"height":98,"caption":"Sen Grand Place Thi\u00e8s"},"image":{"@id":"https:\/\/www.sengrandplace.com\/#\/schema\/logo\/image\/"}}]}},"_links":{"self":[{"href":"https:\/\/www.sengrandplace.com\/index.php?rest_route=\/wp\/v2\/product\/11646","targetHints":{"allow":["GET"]}}],"collection":[{"href":"https:\/\/www.sengrandplace.com\/index.php?rest_route=\/wp\/v2\/product"}],"about":[{"href":"https:\/\/www.sengrandplace.com\/index.php?rest_route=\/wp\/v2\/types\/product"}],"replies":[{"embeddable":true,"href":"https:\/\/www.sengrandplace.com\/index.php?rest_route=%2Fwp%2Fv2%2Fcomments&post=11646"}],"version-history":[{"count":2,"href":"https:\/\/www.sengrandplace.com\/index.php?rest_route=\/wp\/v2\/product\/11646\/revisions"}],"predecessor-version":[{"id":11650,"href":"https:\/\/www.sengrandplace.com\/index.php?rest_route=\/wp\/v2\/product\/11646\/revisions\/11650"}],"wp:featuredmedia":[{"embeddable":true,"href":"https:\/\/www.sengrandplace.com\/index.php?rest_route=\/wp\/v2\/media\/11647"}],"wp:attachment":[{"href":"https:\/\/www.sengrandplace.com\/index.php?rest_route=%2Fwp%2Fv2%2Fmedia&parent=11646"}],"wp:term":[{"taxonomy":"product_brand","embeddable":true,"href":"https:\/\/www.sengrandplace.com\/index.php?rest_route=%2Fwp%2Fv2%2Fproduct_brand&post=11646"},{"taxonomy":"product_cat","embeddable":true,"href":"https:\/\/www.sengrandplace.com\/index.php?rest_route=%2Fwp%2Fv2%2Fproduct_cat&post=11646"},{"taxonomy":"product_tag","embeddable":true,"href":"https:\/\/www.sengrandplace.com\/index.php?rest_route=%2Fwp%2Fv2%2Fproduct_tag&post=11646"}],"curies":[{"name":"wp","href":"https:\/\/api.w.org\/{rel}","templated":true}]}}