{"id":11653,"date":"2025-12-22T11:16:30","date_gmt":"2025-12-22T11:16:30","guid":{"rendered":"https:\/\/www.sengrandplace.com\/?post_type=product&#038;p=11653"},"modified":"2025-12-22T11:16:30","modified_gmt":"2025-12-22T11:16:30","slug":"bouteille-dencre-epson-103-magenta-ecotank","status":"publish","type":"product","link":"https:\/\/www.sengrandplace.com\/?product=bouteille-dencre-epson-103-magenta-ecotank","title":{"rendered":"Bouteille d\u2019encre Epson 103 Magenta EcoTank"},"content":{"rendered":"<p data-start=\"547\" data-end=\"831\">La <strong data-start=\"550\" data-end=\"597\">bouteille d\u2019encre Epson 103 Magenta EcoTank<\/strong> simplifie vos impressions tout en r\u00e9duisant le co\u00fbt par page. Sa conception repens\u00e9e permet des <strong data-start=\"694\" data-end=\"727\">recharges faciles et pr\u00e9cises<\/strong>, avec des d\u00e9trompeurs pour \u00e9viter toute erreur de couleur lors du remplissage des r\u00e9servoirs EcoTank.<\/p>\n<p data-start=\"833\" data-end=\"1060\">Avec cette encre d\u2019origine Epson, b\u00e9n\u00e9ficiez d\u2019une <strong data-start=\"884\" data-end=\"924\">qualit\u00e9 d\u2019impression professionnelle<\/strong>, des couleurs \u00e9clatantes et une fiabilit\u00e9 totale pour tous vos documents, que ce soit pour l\u2019\u00e9cole, le bureau ou un usage domestique.<\/p>\n<p data-start=\"1062\" data-end=\"1319\"><strong data-start=\"1062\" data-end=\"1087\">\u00c9conomique et durable<\/strong> : un seul kit permet d\u2019imprimer jusqu\u2019\u00e0 <strong data-start=\"1128\" data-end=\"1151\">7 500 pages couleur<\/strong>, garantissant un rendement \u00e9lev\u00e9 et un co\u00fbt r\u00e9duit par page. Les bouteilles Epson sont con\u00e7ues pour \u00eatre <strong data-start=\"1257\" data-end=\"1280\">faciles \u00e0 manipuler<\/strong>, m\u00eame pour les utilisateurs novices.<\/p>\n<p data-start=\"1321\" data-end=\"1507\">Les encres Epson d\u2019origine sont rigoureusement test\u00e9es et fabriqu\u00e9es dans des usines high-tech pour garantir des performances constantes et prolonger la dur\u00e9e de vie de votre imprimante.<\/p>\n<hr data-start=\"1509\" data-end=\"1512\" \/>\n<h2 data-start=\"1514\" data-end=\"1551\"><strong data-start=\"1517\" data-end=\"1549\">Caract\u00e9ristiques principales<\/strong><\/h2>\n<ul data-start=\"1553\" data-end=\"1893\">\n<li data-start=\"1553\" data-end=\"1574\">\n<p data-start=\"1555\" data-end=\"1574\">Couleur : Magenta<\/p>\n<\/li>\n<li data-start=\"1575\" data-end=\"1627\">\n<p data-start=\"1577\" data-end=\"1627\">Type : Bouteille d\u2019encre originale Epson EcoTank<\/p>\n<\/li>\n<li data-start=\"1628\" data-end=\"1685\">\n<p data-start=\"1630\" data-end=\"1685\">Capacit\u00e9 : Grande capacit\u00e9 pour des milliers de pages<\/p>\n<\/li>\n<li data-start=\"1686\" data-end=\"1729\">\n<p data-start=\"1688\" data-end=\"1729\">Technologie : Encre \u00e0 base de colorants<\/p>\n<\/li>\n<li data-start=\"1730\" data-end=\"1771\">\n<p data-start=\"1732\" data-end=\"1771\">Recharge facile gr\u00e2ce aux d\u00e9trompeurs<\/p>\n<\/li>\n<li data-start=\"1772\" data-end=\"1832\">\n<p data-start=\"1774\" data-end=\"1832\">\u00c9conomique : r\u00e9duction jusqu\u2019\u00e0 90 % du co\u00fbt d\u2019impression<\/p>\n<\/li>\n<li data-start=\"1833\" data-end=\"1893\">\n<p data-start=\"1835\" data-end=\"1893\">Fiabilit\u00e9 : qualit\u00e9 professionnelle constante et durable<\/p>\n<\/li>\n<\/ul>\n<hr data-start=\"1895\" data-end=\"1898\" \/>\n<h2 data-start=\"1900\" data-end=\"1932\"><strong data-start=\"1903\" data-end=\"1930\">Imprimantes compatibles<\/strong><\/h2>\n<ul data-start=\"1934\" data-end=\"2242\">\n<li data-start=\"1934\" data-end=\"1999\">\n<p data-start=\"1936\" data-end=\"1999\">Epson Ecotank L1100 Series, L1110, L1200 Series, L1210, L1250<\/p>\n<\/li>\n<li data-start=\"2000\" data-end=\"2065\">\n<p data-start=\"2002\" data-end=\"2065\">Epson Ecotank L3100 Series, L3101, L3110 Series, L3111, L3116<\/p>\n<\/li>\n<li data-start=\"2066\" data-end=\"2110\">\n<p data-start=\"2068\" data-end=\"2110\">Epson Ecotank L3150, L3151, L3156, L3160<\/p>\n<\/li>\n<li data-start=\"2111\" data-end=\"2190\">\n<p data-start=\"2113\" data-end=\"2190\">Epson Ecotank L3200 Series, L3210, L3211, L3250, L3251, L3256, L3260, L3266<\/p>\n<\/li>\n<li data-start=\"2191\" data-end=\"2242\">\n<p data-start=\"2193\" data-end=\"2242\">Epson Ecotank L5190, L5200 Series, L5290, L5296<\/p>\n<\/li>\n<\/ul>\n","protected":false},"excerpt":{"rendered":"<p>La bouteille d\u2019encre Epson 103 Magenta EcoTank assure des impressions vives et fiables. Facile \u00e0 utiliser et \u00e9conomique, elle permet de produire des milliers de pages avec des couleurs \u00e9clatantes et une qualit\u00e9 constante.<\/p>\n","protected":false},"featured_media":11655,"comment_status":"open","ping_status":"closed","template":"","meta":[],"product_brand":[],"product_cat":[331,28],"product_tag":[],"class_list":{"0":"post-11653","1":"product","2":"type-product","3":"status-publish","4":"has-post-thumbnail","6":"product_cat-encre","7":"product_cat-equipement-informatique","9":"first","10":"instock","11":"shipping-taxable","12":"product-type-simple"},"yoast_head":"<!-- This site is optimized with the Yoast SEO plugin v27.6 - https:\/\/yoast.com\/product\/yoast-seo-wordpress\/ -->\n<title>Bouteille d\u2019encre Epson 103 Magenta EcoTank - Sen Grand Place Thi\u00e8s<\/title>\n<meta name=\"robots\" content=\"index, follow, max-snippet:-1, max-image-preview:large, max-video-preview:-1\" \/>\n<link rel=\"canonical\" href=\"https:\/\/www.sengrandplace.com\/?product=bouteille-dencre-epson-103-magenta-ecotank\" \/>\n<meta property=\"og:locale\" content=\"fr_FR\" \/>\n<meta property=\"og:type\" content=\"article\" \/>\n<meta property=\"og:title\" content=\"Bouteille d\u2019encre Epson 103 Magenta EcoTank - Sen Grand Place Thi\u00e8s\" \/>\n<meta property=\"og:description\" content=\"La bouteille d\u2019encre Epson 103 Magenta EcoTank assure des impressions vives et fiables. Facile \u00e0 utiliser et \u00e9conomique, elle permet de produire des milliers de pages avec des couleurs \u00e9clatantes et une qualit\u00e9 constante.\" \/>\n<meta property=\"og:url\" content=\"https:\/\/www.sengrandplace.com\/?product=bouteille-dencre-epson-103-magenta-ecotank\" \/>\n<meta property=\"og:site_name\" content=\"Sen Grand Place Thi\u00e8s\" \/>\n<meta property=\"og:image\" content=\"https:\/\/www.sengrandplace.com\/wp-content\/uploads\/2025\/12\/epson-103-magenta.jpg\" \/>\n\t<meta property=\"og:image:width\" content=\"1200\" \/>\n\t<meta property=\"og:image:height\" content=\"1200\" \/>\n\t<meta property=\"og:image:type\" content=\"image\/jpeg\" \/>\n<meta name=\"twitter:card\" content=\"summary_large_image\" \/>\n<meta name=\"twitter:label1\" content=\"Dur\u00e9e de lecture estim\u00e9e\" \/>\n\t<meta name=\"twitter:data1\" content=\"2 minutes\" \/>\n<script type=\"application\/ld+json\" class=\"yoast-schema-graph\">{\"@context\":\"https:\\\/\\\/schema.org\",\"@graph\":[{\"@type\":\"WebPage\",\"@id\":\"https:\\\/\\\/www.sengrandplace.com\\\/?product=bouteille-dencre-epson-103-magenta-ecotank\",\"url\":\"https:\\\/\\\/www.sengrandplace.com\\\/?product=bouteille-dencre-epson-103-magenta-ecotank\",\"name\":\"Bouteille d\u2019encre Epson 103 Magenta EcoTank - Sen Grand Place Thi\u00e8s\",\"isPartOf\":{\"@id\":\"https:\\\/\\\/www.sengrandplace.com\\\/#website\"},\"primaryImageOfPage\":{\"@id\":\"https:\\\/\\\/www.sengrandplace.com\\\/?product=bouteille-dencre-epson-103-magenta-ecotank#primaryimage\"},\"image\":{\"@id\":\"https:\\\/\\\/www.sengrandplace.com\\\/?product=bouteille-dencre-epson-103-magenta-ecotank#primaryimage\"},\"thumbnailUrl\":\"https:\\\/\\\/www.sengrandplace.com\\\/wp-content\\\/uploads\\\/2025\\\/12\\\/epson-103-magenta.jpg\",\"datePublished\":\"2025-12-22T11:16:30+00:00\",\"breadcrumb\":{\"@id\":\"https:\\\/\\\/www.sengrandplace.com\\\/?product=bouteille-dencre-epson-103-magenta-ecotank#breadcrumb\"},\"inLanguage\":\"fr-FR\",\"potentialAction\":[{\"@type\":\"ReadAction\",\"target\":[\"https:\\\/\\\/www.sengrandplace.com\\\/?product=bouteille-dencre-epson-103-magenta-ecotank\"]}]},{\"@type\":\"ImageObject\",\"inLanguage\":\"fr-FR\",\"@id\":\"https:\\\/\\\/www.sengrandplace.com\\\/?product=bouteille-dencre-epson-103-magenta-ecotank#primaryimage\",\"url\":\"https:\\\/\\\/www.sengrandplace.com\\\/wp-content\\\/uploads\\\/2025\\\/12\\\/epson-103-magenta.jpg\",\"contentUrl\":\"https:\\\/\\\/www.sengrandplace.com\\\/wp-content\\\/uploads\\\/2025\\\/12\\\/epson-103-magenta.jpg\",\"width\":1200,\"height\":1200},{\"@type\":\"BreadcrumbList\",\"@id\":\"https:\\\/\\\/www.sengrandplace.com\\\/?product=bouteille-dencre-epson-103-magenta-ecotank#breadcrumb\",\"itemListElement\":[{\"@type\":\"ListItem\",\"position\":1,\"name\":\"Home\",\"item\":\"https:\\\/\\\/www.sengrandplace.com\\\/\"},{\"@type\":\"ListItem\",\"position\":2,\"name\":\"Shop\",\"item\":\"https:\\\/\\\/www.sengrandplace.com\\\/?page_id=11\"},{\"@type\":\"ListItem\",\"position\":3,\"name\":\"Bouteille d\u2019encre Epson 103 Magenta EcoTank\"}]},{\"@type\":\"WebSite\",\"@id\":\"https:\\\/\\\/www.sengrandplace.com\\\/#website\",\"url\":\"https:\\\/\\\/www.sengrandplace.com\\\/\",\"name\":\"Sen Grand Place Thi\u00e8s\",\"description\":\"La place qui vous revient.\",\"publisher\":{\"@id\":\"https:\\\/\\\/www.sengrandplace.com\\\/#organization\"},\"potentialAction\":[{\"@type\":\"SearchAction\",\"target\":{\"@type\":\"EntryPoint\",\"urlTemplate\":\"https:\\\/\\\/www.sengrandplace.com\\\/?s={search_term_string}\"},\"query-input\":{\"@type\":\"PropertyValueSpecification\",\"valueRequired\":true,\"valueName\":\"search_term_string\"}}],\"inLanguage\":\"fr-FR\"},{\"@type\":\"Organization\",\"@id\":\"https:\\\/\\\/www.sengrandplace.com\\\/#organization\",\"name\":\"Sen Grand Place Thi\u00e8s\",\"url\":\"https:\\\/\\\/www.sengrandplace.com\\\/\",\"logo\":{\"@type\":\"ImageObject\",\"inLanguage\":\"fr-FR\",\"@id\":\"https:\\\/\\\/www.sengrandplace.com\\\/#\\\/schema\\\/logo\\\/image\\\/\",\"url\":\"https:\\\/\\\/www.sengrandplace.com\\\/wp-content\\\/uploads\\\/2024\\\/01\\\/Logo_du_site-2.jpg\",\"contentUrl\":\"https:\\\/\\\/www.sengrandplace.com\\\/wp-content\\\/uploads\\\/2024\\\/01\\\/Logo_du_site-2.jpg\",\"width\":314,\"height\":98,\"caption\":\"Sen Grand Place Thi\u00e8s\"},\"image\":{\"@id\":\"https:\\\/\\\/www.sengrandplace.com\\\/#\\\/schema\\\/logo\\\/image\\\/\"}}]}<\/script>\n<!-- \/ Yoast SEO plugin. -->","yoast_head_json":{"title":"Bouteille d\u2019encre Epson 103 Magenta EcoTank - Sen Grand Place Thi\u00e8s","robots":{"index":"index","follow":"follow","max-snippet":"max-snippet:-1","max-image-preview":"max-image-preview:large","max-video-preview":"max-video-preview:-1"},"canonical":"https:\/\/www.sengrandplace.com\/?product=bouteille-dencre-epson-103-magenta-ecotank","og_locale":"fr_FR","og_type":"article","og_title":"Bouteille d\u2019encre Epson 103 Magenta EcoTank - Sen Grand Place Thi\u00e8s","og_description":"La bouteille d\u2019encre Epson 103 Magenta EcoTank assure des impressions vives et fiables. Facile \u00e0 utiliser et \u00e9conomique, elle permet de produire des milliers de pages avec des couleurs \u00e9clatantes et une qualit\u00e9 constante.","og_url":"https:\/\/www.sengrandplace.com\/?product=bouteille-dencre-epson-103-magenta-ecotank","og_site_name":"Sen Grand Place Thi\u00e8s","og_image":[{"width":1200,"height":1200,"url":"https:\/\/www.sengrandplace.com\/wp-content\/uploads\/2025\/12\/epson-103-magenta.jpg","type":"image\/jpeg"}],"twitter_card":"summary_large_image","twitter_misc":{"Dur\u00e9e de lecture estim\u00e9e":"2 minutes"},"schema":{"@context":"https:\/\/schema.org","@graph":[{"@type":"WebPage","@id":"https:\/\/www.sengrandplace.com\/?product=bouteille-dencre-epson-103-magenta-ecotank","url":"https:\/\/www.sengrandplace.com\/?product=bouteille-dencre-epson-103-magenta-ecotank","name":"Bouteille d\u2019encre Epson 103 Magenta EcoTank - Sen Grand Place Thi\u00e8s","isPartOf":{"@id":"https:\/\/www.sengrandplace.com\/#website"},"primaryImageOfPage":{"@id":"https:\/\/www.sengrandplace.com\/?product=bouteille-dencre-epson-103-magenta-ecotank#primaryimage"},"image":{"@id":"https:\/\/www.sengrandplace.com\/?product=bouteille-dencre-epson-103-magenta-ecotank#primaryimage"},"thumbnailUrl":"https:\/\/www.sengrandplace.com\/wp-content\/uploads\/2025\/12\/epson-103-magenta.jpg","datePublished":"2025-12-22T11:16:30+00:00","breadcrumb":{"@id":"https:\/\/www.sengrandplace.com\/?product=bouteille-dencre-epson-103-magenta-ecotank#breadcrumb"},"inLanguage":"fr-FR","potentialAction":[{"@type":"ReadAction","target":["https:\/\/www.sengrandplace.com\/?product=bouteille-dencre-epson-103-magenta-ecotank"]}]},{"@type":"ImageObject","inLanguage":"fr-FR","@id":"https:\/\/www.sengrandplace.com\/?product=bouteille-dencre-epson-103-magenta-ecotank#primaryimage","url":"https:\/\/www.sengrandplace.com\/wp-content\/uploads\/2025\/12\/epson-103-magenta.jpg","contentUrl":"https:\/\/www.sengrandplace.com\/wp-content\/uploads\/2025\/12\/epson-103-magenta.jpg","width":1200,"height":1200},{"@type":"BreadcrumbList","@id":"https:\/\/www.sengrandplace.com\/?product=bouteille-dencre-epson-103-magenta-ecotank#breadcrumb","itemListElement":[{"@type":"ListItem","position":1,"name":"Home","item":"https:\/\/www.sengrandplace.com\/"},{"@type":"ListItem","position":2,"name":"Shop","item":"https:\/\/www.sengrandplace.com\/?page_id=11"},{"@type":"ListItem","position":3,"name":"Bouteille d\u2019encre Epson 103 Magenta EcoTank"}]},{"@type":"WebSite","@id":"https:\/\/www.sengrandplace.com\/#website","url":"https:\/\/www.sengrandplace.com\/","name":"Sen Grand Place Thi\u00e8s","description":"La place qui vous revient.","publisher":{"@id":"https:\/\/www.sengrandplace.com\/#organization"},"potentialAction":[{"@type":"SearchAction","target":{"@type":"EntryPoint","urlTemplate":"https:\/\/www.sengrandplace.com\/?s={search_term_string}"},"query-input":{"@type":"PropertyValueSpecification","valueRequired":true,"valueName":"search_term_string"}}],"inLanguage":"fr-FR"},{"@type":"Organization","@id":"https:\/\/www.sengrandplace.com\/#organization","name":"Sen Grand Place Thi\u00e8s","url":"https:\/\/www.sengrandplace.com\/","logo":{"@type":"ImageObject","inLanguage":"fr-FR","@id":"https:\/\/www.sengrandplace.com\/#\/schema\/logo\/image\/","url":"https:\/\/www.sengrandplace.com\/wp-content\/uploads\/2024\/01\/Logo_du_site-2.jpg","contentUrl":"https:\/\/www.sengrandplace.com\/wp-content\/uploads\/2024\/01\/Logo_du_site-2.jpg","width":314,"height":98,"caption":"Sen Grand Place Thi\u00e8s"},"image":{"@id":"https:\/\/www.sengrandplace.com\/#\/schema\/logo\/image\/"}}]}},"_links":{"self":[{"href":"https:\/\/www.sengrandplace.com\/index.php?rest_route=\/wp\/v2\/product\/11653","targetHints":{"allow":["GET"]}}],"collection":[{"href":"https:\/\/www.sengrandplace.com\/index.php?rest_route=\/wp\/v2\/product"}],"about":[{"href":"https:\/\/www.sengrandplace.com\/index.php?rest_route=\/wp\/v2\/types\/product"}],"replies":[{"embeddable":true,"href":"https:\/\/www.sengrandplace.com\/index.php?rest_route=%2Fwp%2Fv2%2Fcomments&post=11653"}],"version-history":[{"count":1,"href":"https:\/\/www.sengrandplace.com\/index.php?rest_route=\/wp\/v2\/product\/11653\/revisions"}],"predecessor-version":[{"id":11656,"href":"https:\/\/www.sengrandplace.com\/index.php?rest_route=\/wp\/v2\/product\/11653\/revisions\/11656"}],"wp:featuredmedia":[{"embeddable":true,"href":"https:\/\/www.sengrandplace.com\/index.php?rest_route=\/wp\/v2\/media\/11655"}],"wp:attachment":[{"href":"https:\/\/www.sengrandplace.com\/index.php?rest_route=%2Fwp%2Fv2%2Fmedia&parent=11653"}],"wp:term":[{"taxonomy":"product_brand","embeddable":true,"href":"https:\/\/www.sengrandplace.com\/index.php?rest_route=%2Fwp%2Fv2%2Fproduct_brand&post=11653"},{"taxonomy":"product_cat","embeddable":true,"href":"https:\/\/www.sengrandplace.com\/index.php?rest_route=%2Fwp%2Fv2%2Fproduct_cat&post=11653"},{"taxonomy":"product_tag","embeddable":true,"href":"https:\/\/www.sengrandplace.com\/index.php?rest_route=%2Fwp%2Fv2%2Fproduct_tag&post=11653"}],"curies":[{"name":"wp","href":"https:\/\/api.w.org\/{rel}","templated":true}]}}