{"id":11657,"date":"2025-12-22T11:23:12","date_gmt":"2025-12-22T11:23:12","guid":{"rendered":"https:\/\/www.sengrandplace.com\/?post_type=product&#038;p=11657"},"modified":"2025-12-22T11:24:19","modified_gmt":"2025-12-22T11:24:19","slug":"11657","status":"publish","type":"product","link":"https:\/\/www.sengrandplace.com\/?product=11657","title":{"rendered":"Bouteille d\u2019encre Epson 103 Noir EcoTank"},"content":{"rendered":"<p data-start=\"541\" data-end=\"822\">La <strong data-start=\"544\" data-end=\"588\">bouteille d\u2019encre Epson 103 Noir EcoTank<\/strong> simplifie vos impressions tout en r\u00e9duisant le co\u00fbt par page. Sa conception repens\u00e9e permet des <strong data-start=\"685\" data-end=\"718\">recharges faciles et pr\u00e9cises<\/strong>, avec des d\u00e9trompeurs pour \u00e9viter toute erreur de couleur lors du remplissage des r\u00e9servoirs EcoTank.<\/p>\n<p data-start=\"824\" data-end=\"1121\">Cette encre d\u2019origine Epson garantit des <strong data-start=\"865\" data-end=\"893\">documents clairs et nets<\/strong>, adapt\u00e9s aux usages scolaires, domestiques ou professionnels. Son rendement \u00e9lev\u00e9 permet d\u2019imprimer <strong data-start=\"994\" data-end=\"1025\">jusqu\u2019\u00e0 4 500 pages en noir<\/strong> et <strong data-start=\"1029\" data-end=\"1055\">7 500 pages en couleur<\/strong>, tout en maintenant une qualit\u00e9 d\u2019impression constante et fiable.<\/p>\n<p data-start=\"1123\" data-end=\"1409\"><strong data-start=\"1123\" data-end=\"1149\">\u00c9conomique et pratique<\/strong> : les bouteilles d\u2019encre Epson sont con\u00e7ues pour \u00eatre simples \u00e0 manipuler, avec un faible co\u00fbt par page et une grande durabilit\u00e9. Les encres Epson d\u2019origine sont test\u00e9es pour assurer des performances optimales et prolonger la dur\u00e9e de vie de votre imprimante.<\/p>\n<hr data-start=\"1411\" data-end=\"1414\" \/>\n<h2 data-start=\"1416\" data-end=\"1453\"><strong data-start=\"1419\" data-end=\"1451\">Caract\u00e9ristiques principales<\/strong><\/h2>\n<ul data-start=\"1455\" data-end=\"1792\">\n<li data-start=\"1455\" data-end=\"1473\">\n<p data-start=\"1457\" data-end=\"1473\">Couleur : Noir<\/p>\n<\/li>\n<li data-start=\"1474\" data-end=\"1526\">\n<p data-start=\"1476\" data-end=\"1526\">Type : Bouteille d\u2019encre originale Epson EcoTank<\/p>\n<\/li>\n<li data-start=\"1527\" data-end=\"1584\">\n<p data-start=\"1529\" data-end=\"1584\">Capacit\u00e9 : Grande capacit\u00e9 pour des milliers de pages<\/p>\n<\/li>\n<li data-start=\"1585\" data-end=\"1628\">\n<p data-start=\"1587\" data-end=\"1628\">Technologie : Encre \u00e0 base de colorants<\/p>\n<\/li>\n<li data-start=\"1629\" data-end=\"1670\">\n<p data-start=\"1631\" data-end=\"1670\">Recharge facile gr\u00e2ce aux d\u00e9trompeurs<\/p>\n<\/li>\n<li data-start=\"1671\" data-end=\"1731\">\n<p data-start=\"1673\" data-end=\"1731\">\u00c9conomique : r\u00e9duction jusqu\u2019\u00e0 90 % du co\u00fbt d\u2019impression<\/p>\n<\/li>\n<li data-start=\"1732\" data-end=\"1792\">\n<p data-start=\"1734\" data-end=\"1792\">Fiabilit\u00e9 : qualit\u00e9 professionnelle constante et durable<\/p>\n<\/li>\n<\/ul>\n<hr data-start=\"1794\" data-end=\"1797\" \/>\n<h2 data-start=\"1799\" data-end=\"1831\"><strong data-start=\"1802\" data-end=\"1829\">Imprimantes compatibles<\/strong><\/h2>\n<ul data-start=\"1833\" data-end=\"2141\">\n<li data-start=\"1833\" data-end=\"1898\">\n<p data-start=\"1835\" data-end=\"1898\">Epson Ecotank L1100 Series, L1110, L1200 Series, L1210, L1250<\/p>\n<\/li>\n<li data-start=\"1899\" data-end=\"1964\">\n<p data-start=\"1901\" data-end=\"1964\">Epson Ecotank L3100 Series, L3101, L3110 Series, L3111, L3116<\/p>\n<\/li>\n<li data-start=\"1965\" data-end=\"2009\">\n<p data-start=\"1967\" data-end=\"2009\">Epson Ecotank L3150, L3151, L3156, L3160<\/p>\n<\/li>\n<li data-start=\"2010\" data-end=\"2089\">\n<p data-start=\"2012\" data-end=\"2089\">Epson Ecotank L3200 Series, L3210, L3211, L3250, L3251, L3256, L3260, L3266<\/p>\n<\/li>\n<li data-start=\"2090\" data-end=\"2141\">\n<p data-start=\"2092\" data-end=\"2141\">Epson Ecotank L5190, L5200 Series, L5290, L5296<\/p>\n<\/li>\n<\/ul>\n","protected":false},"excerpt":{"rendered":"<p>La bouteille d\u2019encre Epson 103 Noir EcoTank assure des impressions nettes et fiables. Facile \u00e0 utiliser et \u00e9conomique, elle permet de produire jusqu\u2019\u00e0 4 500 pages en noir avec une qualit\u00e9 constante et professionnelle<\/p>\n","protected":false},"featured_media":11658,"comment_status":"open","ping_status":"closed","template":"","meta":[],"product_brand":[],"product_cat":[331,28],"product_tag":[],"class_list":{"0":"post-11657","1":"product","2":"type-product","3":"status-publish","4":"has-post-thumbnail","6":"product_cat-encre","7":"product_cat-equipement-informatique","9":"first","10":"instock","11":"shipping-taxable","12":"product-type-simple"},"yoast_head":"<!-- This site is optimized with the Yoast SEO plugin v27.6 - https:\/\/yoast.com\/product\/yoast-seo-wordpress\/ -->\n<title>Bouteille d\u2019encre Epson 103 Noir EcoTank - Sen Grand Place Thi\u00e8s<\/title>\n<meta name=\"robots\" content=\"index, follow, max-snippet:-1, max-image-preview:large, max-video-preview:-1\" \/>\n<link rel=\"canonical\" href=\"https:\/\/www.sengrandplace.com\/?product=11657\" \/>\n<meta property=\"og:locale\" content=\"fr_FR\" \/>\n<meta property=\"og:type\" content=\"article\" \/>\n<meta property=\"og:title\" content=\"Bouteille d\u2019encre Epson 103 Noir EcoTank - Sen Grand Place Thi\u00e8s\" \/>\n<meta property=\"og:description\" content=\"La bouteille d\u2019encre Epson 103 Noir EcoTank assure des impressions nettes et fiables. Facile \u00e0 utiliser et \u00e9conomique, elle permet de produire jusqu\u2019\u00e0 4 500 pages en noir avec une qualit\u00e9 constante et professionnelle\" \/>\n<meta property=\"og:url\" content=\"https:\/\/www.sengrandplace.com\/?product=11657\" \/>\n<meta property=\"og:site_name\" content=\"Sen Grand Place Thi\u00e8s\" \/>\n<meta property=\"article:modified_time\" content=\"2025-12-22T11:24:19+00:00\" \/>\n<meta property=\"og:image\" content=\"https:\/\/www.sengrandplace.com\/wp-content\/uploads\/2025\/12\/epson-103-noir.jpg\" \/>\n\t<meta property=\"og:image:width\" content=\"1200\" \/>\n\t<meta property=\"og:image:height\" content=\"1200\" \/>\n\t<meta property=\"og:image:type\" content=\"image\/jpeg\" \/>\n<meta name=\"twitter:card\" content=\"summary_large_image\" \/>\n<meta name=\"twitter:label1\" content=\"Dur\u00e9e de lecture estim\u00e9e\" \/>\n\t<meta name=\"twitter:data1\" content=\"2 minutes\" \/>\n<script type=\"application\/ld+json\" class=\"yoast-schema-graph\">{\"@context\":\"https:\\\/\\\/schema.org\",\"@graph\":[{\"@type\":\"WebPage\",\"@id\":\"https:\\\/\\\/www.sengrandplace.com\\\/?product=11657\",\"url\":\"https:\\\/\\\/www.sengrandplace.com\\\/?product=11657\",\"name\":\"Bouteille d\u2019encre Epson 103 Noir EcoTank - Sen Grand Place Thi\u00e8s\",\"isPartOf\":{\"@id\":\"https:\\\/\\\/www.sengrandplace.com\\\/#website\"},\"primaryImageOfPage\":{\"@id\":\"https:\\\/\\\/www.sengrandplace.com\\\/?product=11657#primaryimage\"},\"image\":{\"@id\":\"https:\\\/\\\/www.sengrandplace.com\\\/?product=11657#primaryimage\"},\"thumbnailUrl\":\"https:\\\/\\\/www.sengrandplace.com\\\/wp-content\\\/uploads\\\/2025\\\/12\\\/epson-103-noir.jpg\",\"datePublished\":\"2025-12-22T11:23:12+00:00\",\"dateModified\":\"2025-12-22T11:24:19+00:00\",\"breadcrumb\":{\"@id\":\"https:\\\/\\\/www.sengrandplace.com\\\/?product=11657#breadcrumb\"},\"inLanguage\":\"fr-FR\",\"potentialAction\":[{\"@type\":\"ReadAction\",\"target\":[\"https:\\\/\\\/www.sengrandplace.com\\\/?product=11657\"]}]},{\"@type\":\"ImageObject\",\"inLanguage\":\"fr-FR\",\"@id\":\"https:\\\/\\\/www.sengrandplace.com\\\/?product=11657#primaryimage\",\"url\":\"https:\\\/\\\/www.sengrandplace.com\\\/wp-content\\\/uploads\\\/2025\\\/12\\\/epson-103-noir.jpg\",\"contentUrl\":\"https:\\\/\\\/www.sengrandplace.com\\\/wp-content\\\/uploads\\\/2025\\\/12\\\/epson-103-noir.jpg\",\"width\":1200,\"height\":1200},{\"@type\":\"BreadcrumbList\",\"@id\":\"https:\\\/\\\/www.sengrandplace.com\\\/?product=11657#breadcrumb\",\"itemListElement\":[{\"@type\":\"ListItem\",\"position\":1,\"name\":\"Home\",\"item\":\"https:\\\/\\\/www.sengrandplace.com\\\/\"},{\"@type\":\"ListItem\",\"position\":2,\"name\":\"Shop\",\"item\":\"https:\\\/\\\/www.sengrandplace.com\\\/?page_id=11\"},{\"@type\":\"ListItem\",\"position\":3,\"name\":\"Bouteille d\u2019encre Epson 103 Noir EcoTank\"}]},{\"@type\":\"WebSite\",\"@id\":\"https:\\\/\\\/www.sengrandplace.com\\\/#website\",\"url\":\"https:\\\/\\\/www.sengrandplace.com\\\/\",\"name\":\"Sen Grand Place Thi\u00e8s\",\"description\":\"La place qui vous revient.\",\"publisher\":{\"@id\":\"https:\\\/\\\/www.sengrandplace.com\\\/#organization\"},\"potentialAction\":[{\"@type\":\"SearchAction\",\"target\":{\"@type\":\"EntryPoint\",\"urlTemplate\":\"https:\\\/\\\/www.sengrandplace.com\\\/?s={search_term_string}\"},\"query-input\":{\"@type\":\"PropertyValueSpecification\",\"valueRequired\":true,\"valueName\":\"search_term_string\"}}],\"inLanguage\":\"fr-FR\"},{\"@type\":\"Organization\",\"@id\":\"https:\\\/\\\/www.sengrandplace.com\\\/#organization\",\"name\":\"Sen Grand Place Thi\u00e8s\",\"url\":\"https:\\\/\\\/www.sengrandplace.com\\\/\",\"logo\":{\"@type\":\"ImageObject\",\"inLanguage\":\"fr-FR\",\"@id\":\"https:\\\/\\\/www.sengrandplace.com\\\/#\\\/schema\\\/logo\\\/image\\\/\",\"url\":\"https:\\\/\\\/www.sengrandplace.com\\\/wp-content\\\/uploads\\\/2024\\\/01\\\/Logo_du_site-2.jpg\",\"contentUrl\":\"https:\\\/\\\/www.sengrandplace.com\\\/wp-content\\\/uploads\\\/2024\\\/01\\\/Logo_du_site-2.jpg\",\"width\":314,\"height\":98,\"caption\":\"Sen Grand Place Thi\u00e8s\"},\"image\":{\"@id\":\"https:\\\/\\\/www.sengrandplace.com\\\/#\\\/schema\\\/logo\\\/image\\\/\"}}]}<\/script>\n<!-- \/ Yoast SEO plugin. -->","yoast_head_json":{"title":"Bouteille d\u2019encre Epson 103 Noir EcoTank - Sen Grand Place Thi\u00e8s","robots":{"index":"index","follow":"follow","max-snippet":"max-snippet:-1","max-image-preview":"max-image-preview:large","max-video-preview":"max-video-preview:-1"},"canonical":"https:\/\/www.sengrandplace.com\/?product=11657","og_locale":"fr_FR","og_type":"article","og_title":"Bouteille d\u2019encre Epson 103 Noir EcoTank - Sen Grand Place Thi\u00e8s","og_description":"La bouteille d\u2019encre Epson 103 Noir EcoTank assure des impressions nettes et fiables. Facile \u00e0 utiliser et \u00e9conomique, elle permet de produire jusqu\u2019\u00e0 4 500 pages en noir avec une qualit\u00e9 constante et professionnelle","og_url":"https:\/\/www.sengrandplace.com\/?product=11657","og_site_name":"Sen Grand Place Thi\u00e8s","article_modified_time":"2025-12-22T11:24:19+00:00","og_image":[{"width":1200,"height":1200,"url":"https:\/\/www.sengrandplace.com\/wp-content\/uploads\/2025\/12\/epson-103-noir.jpg","type":"image\/jpeg"}],"twitter_card":"summary_large_image","twitter_misc":{"Dur\u00e9e de lecture estim\u00e9e":"2 minutes"},"schema":{"@context":"https:\/\/schema.org","@graph":[{"@type":"WebPage","@id":"https:\/\/www.sengrandplace.com\/?product=11657","url":"https:\/\/www.sengrandplace.com\/?product=11657","name":"Bouteille d\u2019encre Epson 103 Noir EcoTank - Sen Grand Place Thi\u00e8s","isPartOf":{"@id":"https:\/\/www.sengrandplace.com\/#website"},"primaryImageOfPage":{"@id":"https:\/\/www.sengrandplace.com\/?product=11657#primaryimage"},"image":{"@id":"https:\/\/www.sengrandplace.com\/?product=11657#primaryimage"},"thumbnailUrl":"https:\/\/www.sengrandplace.com\/wp-content\/uploads\/2025\/12\/epson-103-noir.jpg","datePublished":"2025-12-22T11:23:12+00:00","dateModified":"2025-12-22T11:24:19+00:00","breadcrumb":{"@id":"https:\/\/www.sengrandplace.com\/?product=11657#breadcrumb"},"inLanguage":"fr-FR","potentialAction":[{"@type":"ReadAction","target":["https:\/\/www.sengrandplace.com\/?product=11657"]}]},{"@type":"ImageObject","inLanguage":"fr-FR","@id":"https:\/\/www.sengrandplace.com\/?product=11657#primaryimage","url":"https:\/\/www.sengrandplace.com\/wp-content\/uploads\/2025\/12\/epson-103-noir.jpg","contentUrl":"https:\/\/www.sengrandplace.com\/wp-content\/uploads\/2025\/12\/epson-103-noir.jpg","width":1200,"height":1200},{"@type":"BreadcrumbList","@id":"https:\/\/www.sengrandplace.com\/?product=11657#breadcrumb","itemListElement":[{"@type":"ListItem","position":1,"name":"Home","item":"https:\/\/www.sengrandplace.com\/"},{"@type":"ListItem","position":2,"name":"Shop","item":"https:\/\/www.sengrandplace.com\/?page_id=11"},{"@type":"ListItem","position":3,"name":"Bouteille d\u2019encre Epson 103 Noir EcoTank"}]},{"@type":"WebSite","@id":"https:\/\/www.sengrandplace.com\/#website","url":"https:\/\/www.sengrandplace.com\/","name":"Sen Grand Place Thi\u00e8s","description":"La place qui vous revient.","publisher":{"@id":"https:\/\/www.sengrandplace.com\/#organization"},"potentialAction":[{"@type":"SearchAction","target":{"@type":"EntryPoint","urlTemplate":"https:\/\/www.sengrandplace.com\/?s={search_term_string}"},"query-input":{"@type":"PropertyValueSpecification","valueRequired":true,"valueName":"search_term_string"}}],"inLanguage":"fr-FR"},{"@type":"Organization","@id":"https:\/\/www.sengrandplace.com\/#organization","name":"Sen Grand Place Thi\u00e8s","url":"https:\/\/www.sengrandplace.com\/","logo":{"@type":"ImageObject","inLanguage":"fr-FR","@id":"https:\/\/www.sengrandplace.com\/#\/schema\/logo\/image\/","url":"https:\/\/www.sengrandplace.com\/wp-content\/uploads\/2024\/01\/Logo_du_site-2.jpg","contentUrl":"https:\/\/www.sengrandplace.com\/wp-content\/uploads\/2024\/01\/Logo_du_site-2.jpg","width":314,"height":98,"caption":"Sen Grand Place Thi\u00e8s"},"image":{"@id":"https:\/\/www.sengrandplace.com\/#\/schema\/logo\/image\/"}}]}},"_links":{"self":[{"href":"https:\/\/www.sengrandplace.com\/index.php?rest_route=\/wp\/v2\/product\/11657","targetHints":{"allow":["GET"]}}],"collection":[{"href":"https:\/\/www.sengrandplace.com\/index.php?rest_route=\/wp\/v2\/product"}],"about":[{"href":"https:\/\/www.sengrandplace.com\/index.php?rest_route=\/wp\/v2\/types\/product"}],"replies":[{"embeddable":true,"href":"https:\/\/www.sengrandplace.com\/index.php?rest_route=%2Fwp%2Fv2%2Fcomments&post=11657"}],"version-history":[{"count":2,"href":"https:\/\/www.sengrandplace.com\/index.php?rest_route=\/wp\/v2\/product\/11657\/revisions"}],"predecessor-version":[{"id":11661,"href":"https:\/\/www.sengrandplace.com\/index.php?rest_route=\/wp\/v2\/product\/11657\/revisions\/11661"}],"wp:featuredmedia":[{"embeddable":true,"href":"https:\/\/www.sengrandplace.com\/index.php?rest_route=\/wp\/v2\/media\/11658"}],"wp:attachment":[{"href":"https:\/\/www.sengrandplace.com\/index.php?rest_route=%2Fwp%2Fv2%2Fmedia&parent=11657"}],"wp:term":[{"taxonomy":"product_brand","embeddable":true,"href":"https:\/\/www.sengrandplace.com\/index.php?rest_route=%2Fwp%2Fv2%2Fproduct_brand&post=11657"},{"taxonomy":"product_cat","embeddable":true,"href":"https:\/\/www.sengrandplace.com\/index.php?rest_route=%2Fwp%2Fv2%2Fproduct_cat&post=11657"},{"taxonomy":"product_tag","embeddable":true,"href":"https:\/\/www.sengrandplace.com\/index.php?rest_route=%2Fwp%2Fv2%2Fproduct_tag&post=11657"}],"curies":[{"name":"wp","href":"https:\/\/api.w.org\/{rel}","templated":true}]}}