{"id":11910,"date":"2025-12-30T11:52:07","date_gmt":"2025-12-30T11:52:07","guid":{"rendered":"https:\/\/www.sengrandplace.com\/?post_type=product&#038;p=11910"},"modified":"2025-12-30T11:54:10","modified_gmt":"2025-12-30T11:54:10","slug":"mini-taille-crayons-design-simple-pour-enfants","status":"publish","type":"product","link":"https:\/\/www.sengrandplace.com\/?product=mini-taille-crayons-design-simple-pour-enfants","title":{"rendered":"Mini taille-crayons \u2013 Design simple \u2013 Pour enfants"},"content":{"rendered":"<p data-start=\"378\" data-end=\"619\"><span data-start=\"381\" data-end=\"413\">Les <\/span><strong data-start=\"381\" data-end=\"413\">minis taille-crayons<\/strong> son con\u00e7ues pour r\u00e9pondre aux besoins scolaires et quotidiens des enfants. Gr\u00e2ce \u00e0 leur <strong data-start=\"500\" data-end=\"532\">design simple et ergonomique<\/strong>, ces taille-crayons sont faciles \u00e0 utiliser et parfaitement adapt\u00e9s aux petites mains.<\/p>\n<p data-start=\"621\" data-end=\"845\">Leur <strong data-start=\"626\" data-end=\"644\">format compact<\/strong> permet de les glisser facilement dans une trousse, un sac d\u2019\u00e9cole ou un cartable, sans encombrement. Fabriqu\u00e9s pour un usage r\u00e9gulier, ils offrent un taillage pr\u00e9cis et efficace des crayons standards.<\/p>\n<p data-start=\"847\" data-end=\"1022\">Id\u00e9al pour les <strong data-start=\"862\" data-end=\"913\">\u00e9coles, maisons, bureaux ou activit\u00e9s cr\u00e9atives<\/strong>, ce lot \u00e9conomique garantit praticit\u00e9 et durabilit\u00e9, tout en assurant une utilisation s\u00fbre pour les enfants.<\/p>\n<hr data-start=\"1024\" data-end=\"1027\" \/>\n<h2 data-start=\"1029\" data-end=\"1052\"><strong data-start=\"1032\" data-end=\"1052\">Caract\u00e9ristiques<\/strong><\/h2>\n<ul data-start=\"1053\" data-end=\"1344\">\n<li data-start=\"1053\" data-end=\"1093\">\n<p data-start=\"1055\" data-end=\"1093\"><strong data-start=\"1055\" data-end=\"1074\">Type de produit<\/strong> : Taille-crayons<\/p>\n<\/li>\n<li data-start=\"1129\" data-end=\"1150\">\n<p data-start=\"1131\" data-end=\"1150\"><strong data-start=\"1131\" data-end=\"1141\">Format<\/strong> : Mini<\/p>\n<\/li>\n<li data-start=\"1151\" data-end=\"1186\">\n<p data-start=\"1153\" data-end=\"1186\"><strong data-start=\"1153\" data-end=\"1163\">Design<\/strong> : Simple et pratique<\/p>\n<\/li>\n<li data-start=\"1187\" data-end=\"1239\">\n<p data-start=\"1189\" data-end=\"1239\"><strong data-start=\"1189\" data-end=\"1204\">Utilisation<\/strong> : Enfants, \u00e9cole, maison, bureau<\/p>\n<\/li>\n<li data-start=\"1240\" data-end=\"1344\">\n<p data-start=\"1242\" data-end=\"1259\"><strong data-start=\"1242\" data-end=\"1255\">Avantages<\/strong> :<\/p>\n<ul data-start=\"1262\" data-end=\"1344\">\n<li data-start=\"1262\" data-end=\"1282\">\n<p data-start=\"1264\" data-end=\"1282\">L\u00e9ger et compact<\/p>\n<\/li>\n<li data-start=\"1285\" data-end=\"1309\">\n<p data-start=\"1287\" data-end=\"1309\">Facile \u00e0 transporter<\/p>\n<\/li>\n<li data-start=\"1312\" data-end=\"1344\">\n<p data-start=\"1314\" data-end=\"1344\">Adapt\u00e9 aux crayons standards<\/p>\n<\/li>\n<\/ul>\n<\/li>\n<\/ul>\n","protected":false},"excerpt":{"rendered":"<p>Des taille-crayons mini au design simple et compact, parfaits pour les enfants, l\u2019\u00e9cole et un usage quotidien.<\/p>\n","protected":false},"featured_media":11907,"comment_status":"open","ping_status":"closed","template":"","meta":[],"product_brand":[],"product_cat":[27,20],"product_tag":[],"class_list":{"0":"post-11910","1":"product","2":"type-product","3":"status-publish","4":"has-post-thumbnail","6":"product_cat-fourniture-scolaire","7":"product_cat-librairie-papeterie","9":"first","10":"instock","11":"shipping-taxable","12":"product-type-simple"},"yoast_head":"<!-- This site is optimized with the Yoast SEO plugin v27.6 - https:\/\/yoast.com\/product\/yoast-seo-wordpress\/ -->\n<title>Mini taille-crayons \u2013 Design simple \u2013 Pour enfants - Sen Grand Place Thi\u00e8s<\/title>\n<meta name=\"robots\" content=\"index, follow, max-snippet:-1, max-image-preview:large, max-video-preview:-1\" \/>\n<link rel=\"canonical\" href=\"https:\/\/www.sengrandplace.com\/?product=mini-taille-crayons-design-simple-pour-enfants\" \/>\n<meta property=\"og:locale\" content=\"fr_FR\" \/>\n<meta property=\"og:type\" content=\"article\" \/>\n<meta property=\"og:title\" content=\"Mini taille-crayons \u2013 Design simple \u2013 Pour enfants - Sen Grand Place Thi\u00e8s\" \/>\n<meta property=\"og:description\" content=\"Des taille-crayons mini au design simple et compact, parfaits pour les enfants, l\u2019\u00e9cole et un usage quotidien.\" \/>\n<meta property=\"og:url\" content=\"https:\/\/www.sengrandplace.com\/?product=mini-taille-crayons-design-simple-pour-enfants\" \/>\n<meta property=\"og:site_name\" content=\"Sen Grand Place Thi\u00e8s\" \/>\n<meta property=\"article:modified_time\" content=\"2025-12-30T11:54:10+00:00\" \/>\n<meta property=\"og:image\" content=\"https:\/\/www.sengrandplace.com\/wp-content\/uploads\/2025\/12\/telechargement-24.jpg\" \/>\n\t<meta property=\"og:image:width\" content=\"218\" \/>\n\t<meta property=\"og:image:height\" content=\"231\" \/>\n\t<meta property=\"og:image:type\" content=\"image\/jpeg\" \/>\n<meta name=\"twitter:card\" content=\"summary_large_image\" \/>\n<meta name=\"twitter:label1\" content=\"Dur\u00e9e de lecture estim\u00e9e\" \/>\n\t<meta name=\"twitter:data1\" content=\"1 minute\" \/>\n<script type=\"application\/ld+json\" class=\"yoast-schema-graph\">{\"@context\":\"https:\\\/\\\/schema.org\",\"@graph\":[{\"@type\":\"WebPage\",\"@id\":\"https:\\\/\\\/www.sengrandplace.com\\\/?product=mini-taille-crayons-design-simple-pour-enfants\",\"url\":\"https:\\\/\\\/www.sengrandplace.com\\\/?product=mini-taille-crayons-design-simple-pour-enfants\",\"name\":\"Mini taille-crayons \u2013 Design simple \u2013 Pour enfants - Sen Grand Place Thi\u00e8s\",\"isPartOf\":{\"@id\":\"https:\\\/\\\/www.sengrandplace.com\\\/#website\"},\"primaryImageOfPage\":{\"@id\":\"https:\\\/\\\/www.sengrandplace.com\\\/?product=mini-taille-crayons-design-simple-pour-enfants#primaryimage\"},\"image\":{\"@id\":\"https:\\\/\\\/www.sengrandplace.com\\\/?product=mini-taille-crayons-design-simple-pour-enfants#primaryimage\"},\"thumbnailUrl\":\"https:\\\/\\\/www.sengrandplace.com\\\/wp-content\\\/uploads\\\/2025\\\/12\\\/telechargement-24.jpg\",\"datePublished\":\"2025-12-30T11:52:07+00:00\",\"dateModified\":\"2025-12-30T11:54:10+00:00\",\"breadcrumb\":{\"@id\":\"https:\\\/\\\/www.sengrandplace.com\\\/?product=mini-taille-crayons-design-simple-pour-enfants#breadcrumb\"},\"inLanguage\":\"fr-FR\",\"potentialAction\":[{\"@type\":\"ReadAction\",\"target\":[\"https:\\\/\\\/www.sengrandplace.com\\\/?product=mini-taille-crayons-design-simple-pour-enfants\"]}]},{\"@type\":\"ImageObject\",\"inLanguage\":\"fr-FR\",\"@id\":\"https:\\\/\\\/www.sengrandplace.com\\\/?product=mini-taille-crayons-design-simple-pour-enfants#primaryimage\",\"url\":\"https:\\\/\\\/www.sengrandplace.com\\\/wp-content\\\/uploads\\\/2025\\\/12\\\/telechargement-24.jpg\",\"contentUrl\":\"https:\\\/\\\/www.sengrandplace.com\\\/wp-content\\\/uploads\\\/2025\\\/12\\\/telechargement-24.jpg\",\"width\":218,\"height\":231},{\"@type\":\"BreadcrumbList\",\"@id\":\"https:\\\/\\\/www.sengrandplace.com\\\/?product=mini-taille-crayons-design-simple-pour-enfants#breadcrumb\",\"itemListElement\":[{\"@type\":\"ListItem\",\"position\":1,\"name\":\"Home\",\"item\":\"https:\\\/\\\/www.sengrandplace.com\\\/\"},{\"@type\":\"ListItem\",\"position\":2,\"name\":\"Shop\",\"item\":\"https:\\\/\\\/www.sengrandplace.com\\\/?page_id=11\"},{\"@type\":\"ListItem\",\"position\":3,\"name\":\"Mini taille-crayons \u2013 Design simple \u2013 Pour enfants\"}]},{\"@type\":\"WebSite\",\"@id\":\"https:\\\/\\\/www.sengrandplace.com\\\/#website\",\"url\":\"https:\\\/\\\/www.sengrandplace.com\\\/\",\"name\":\"Sen Grand Place Thi\u00e8s\",\"description\":\"La place qui vous revient.\",\"publisher\":{\"@id\":\"https:\\\/\\\/www.sengrandplace.com\\\/#organization\"},\"potentialAction\":[{\"@type\":\"SearchAction\",\"target\":{\"@type\":\"EntryPoint\",\"urlTemplate\":\"https:\\\/\\\/www.sengrandplace.com\\\/?s={search_term_string}\"},\"query-input\":{\"@type\":\"PropertyValueSpecification\",\"valueRequired\":true,\"valueName\":\"search_term_string\"}}],\"inLanguage\":\"fr-FR\"},{\"@type\":\"Organization\",\"@id\":\"https:\\\/\\\/www.sengrandplace.com\\\/#organization\",\"name\":\"Sen Grand Place Thi\u00e8s\",\"url\":\"https:\\\/\\\/www.sengrandplace.com\\\/\",\"logo\":{\"@type\":\"ImageObject\",\"inLanguage\":\"fr-FR\",\"@id\":\"https:\\\/\\\/www.sengrandplace.com\\\/#\\\/schema\\\/logo\\\/image\\\/\",\"url\":\"https:\\\/\\\/www.sengrandplace.com\\\/wp-content\\\/uploads\\\/2024\\\/01\\\/Logo_du_site-2.jpg\",\"contentUrl\":\"https:\\\/\\\/www.sengrandplace.com\\\/wp-content\\\/uploads\\\/2024\\\/01\\\/Logo_du_site-2.jpg\",\"width\":314,\"height\":98,\"caption\":\"Sen Grand Place Thi\u00e8s\"},\"image\":{\"@id\":\"https:\\\/\\\/www.sengrandplace.com\\\/#\\\/schema\\\/logo\\\/image\\\/\"}}]}<\/script>\n<!-- \/ Yoast SEO plugin. -->","yoast_head_json":{"title":"Mini taille-crayons \u2013 Design simple \u2013 Pour enfants - Sen Grand Place Thi\u00e8s","robots":{"index":"index","follow":"follow","max-snippet":"max-snippet:-1","max-image-preview":"max-image-preview:large","max-video-preview":"max-video-preview:-1"},"canonical":"https:\/\/www.sengrandplace.com\/?product=mini-taille-crayons-design-simple-pour-enfants","og_locale":"fr_FR","og_type":"article","og_title":"Mini taille-crayons \u2013 Design simple \u2013 Pour enfants - Sen Grand Place Thi\u00e8s","og_description":"Des taille-crayons mini au design simple et compact, parfaits pour les enfants, l\u2019\u00e9cole et un usage quotidien.","og_url":"https:\/\/www.sengrandplace.com\/?product=mini-taille-crayons-design-simple-pour-enfants","og_site_name":"Sen Grand Place Thi\u00e8s","article_modified_time":"2025-12-30T11:54:10+00:00","og_image":[{"width":218,"height":231,"url":"https:\/\/www.sengrandplace.com\/wp-content\/uploads\/2025\/12\/telechargement-24.jpg","type":"image\/jpeg"}],"twitter_card":"summary_large_image","twitter_misc":{"Dur\u00e9e de lecture estim\u00e9e":"1 minute"},"schema":{"@context":"https:\/\/schema.org","@graph":[{"@type":"WebPage","@id":"https:\/\/www.sengrandplace.com\/?product=mini-taille-crayons-design-simple-pour-enfants","url":"https:\/\/www.sengrandplace.com\/?product=mini-taille-crayons-design-simple-pour-enfants","name":"Mini taille-crayons \u2013 Design simple \u2013 Pour enfants - Sen Grand Place Thi\u00e8s","isPartOf":{"@id":"https:\/\/www.sengrandplace.com\/#website"},"primaryImageOfPage":{"@id":"https:\/\/www.sengrandplace.com\/?product=mini-taille-crayons-design-simple-pour-enfants#primaryimage"},"image":{"@id":"https:\/\/www.sengrandplace.com\/?product=mini-taille-crayons-design-simple-pour-enfants#primaryimage"},"thumbnailUrl":"https:\/\/www.sengrandplace.com\/wp-content\/uploads\/2025\/12\/telechargement-24.jpg","datePublished":"2025-12-30T11:52:07+00:00","dateModified":"2025-12-30T11:54:10+00:00","breadcrumb":{"@id":"https:\/\/www.sengrandplace.com\/?product=mini-taille-crayons-design-simple-pour-enfants#breadcrumb"},"inLanguage":"fr-FR","potentialAction":[{"@type":"ReadAction","target":["https:\/\/www.sengrandplace.com\/?product=mini-taille-crayons-design-simple-pour-enfants"]}]},{"@type":"ImageObject","inLanguage":"fr-FR","@id":"https:\/\/www.sengrandplace.com\/?product=mini-taille-crayons-design-simple-pour-enfants#primaryimage","url":"https:\/\/www.sengrandplace.com\/wp-content\/uploads\/2025\/12\/telechargement-24.jpg","contentUrl":"https:\/\/www.sengrandplace.com\/wp-content\/uploads\/2025\/12\/telechargement-24.jpg","width":218,"height":231},{"@type":"BreadcrumbList","@id":"https:\/\/www.sengrandplace.com\/?product=mini-taille-crayons-design-simple-pour-enfants#breadcrumb","itemListElement":[{"@type":"ListItem","position":1,"name":"Home","item":"https:\/\/www.sengrandplace.com\/"},{"@type":"ListItem","position":2,"name":"Shop","item":"https:\/\/www.sengrandplace.com\/?page_id=11"},{"@type":"ListItem","position":3,"name":"Mini taille-crayons \u2013 Design simple \u2013 Pour enfants"}]},{"@type":"WebSite","@id":"https:\/\/www.sengrandplace.com\/#website","url":"https:\/\/www.sengrandplace.com\/","name":"Sen Grand Place Thi\u00e8s","description":"La place qui vous revient.","publisher":{"@id":"https:\/\/www.sengrandplace.com\/#organization"},"potentialAction":[{"@type":"SearchAction","target":{"@type":"EntryPoint","urlTemplate":"https:\/\/www.sengrandplace.com\/?s={search_term_string}"},"query-input":{"@type":"PropertyValueSpecification","valueRequired":true,"valueName":"search_term_string"}}],"inLanguage":"fr-FR"},{"@type":"Organization","@id":"https:\/\/www.sengrandplace.com\/#organization","name":"Sen Grand Place Thi\u00e8s","url":"https:\/\/www.sengrandplace.com\/","logo":{"@type":"ImageObject","inLanguage":"fr-FR","@id":"https:\/\/www.sengrandplace.com\/#\/schema\/logo\/image\/","url":"https:\/\/www.sengrandplace.com\/wp-content\/uploads\/2024\/01\/Logo_du_site-2.jpg","contentUrl":"https:\/\/www.sengrandplace.com\/wp-content\/uploads\/2024\/01\/Logo_du_site-2.jpg","width":314,"height":98,"caption":"Sen Grand Place Thi\u00e8s"},"image":{"@id":"https:\/\/www.sengrandplace.com\/#\/schema\/logo\/image\/"}}]}},"_links":{"self":[{"href":"https:\/\/www.sengrandplace.com\/index.php?rest_route=\/wp\/v2\/product\/11910","targetHints":{"allow":["GET"]}}],"collection":[{"href":"https:\/\/www.sengrandplace.com\/index.php?rest_route=\/wp\/v2\/product"}],"about":[{"href":"https:\/\/www.sengrandplace.com\/index.php?rest_route=\/wp\/v2\/types\/product"}],"replies":[{"embeddable":true,"href":"https:\/\/www.sengrandplace.com\/index.php?rest_route=%2Fwp%2Fv2%2Fcomments&post=11910"}],"version-history":[{"count":2,"href":"https:\/\/www.sengrandplace.com\/index.php?rest_route=\/wp\/v2\/product\/11910\/revisions"}],"predecessor-version":[{"id":11913,"href":"https:\/\/www.sengrandplace.com\/index.php?rest_route=\/wp\/v2\/product\/11910\/revisions\/11913"}],"wp:featuredmedia":[{"embeddable":true,"href":"https:\/\/www.sengrandplace.com\/index.php?rest_route=\/wp\/v2\/media\/11907"}],"wp:attachment":[{"href":"https:\/\/www.sengrandplace.com\/index.php?rest_route=%2Fwp%2Fv2%2Fmedia&parent=11910"}],"wp:term":[{"taxonomy":"product_brand","embeddable":true,"href":"https:\/\/www.sengrandplace.com\/index.php?rest_route=%2Fwp%2Fv2%2Fproduct_brand&post=11910"},{"taxonomy":"product_cat","embeddable":true,"href":"https:\/\/www.sengrandplace.com\/index.php?rest_route=%2Fwp%2Fv2%2Fproduct_cat&post=11910"},{"taxonomy":"product_tag","embeddable":true,"href":"https:\/\/www.sengrandplace.com\/index.php?rest_route=%2Fwp%2Fv2%2Fproduct_tag&post=11910"}],"curies":[{"name":"wp","href":"https:\/\/api.w.org\/{rel}","templated":true}]}}