{"id":11933,"date":"2026-02-06T12:37:29","date_gmt":"2026-02-06T12:37:29","guid":{"rendered":"https:\/\/www.sengrandplace.com\/?post_type=product&#038;p=11933"},"modified":"2026-02-06T12:37:30","modified_gmt":"2026-02-06T12:37:30","slug":"pilot-g-2-roller-encre-gel-retractable-07-mm-noir","status":"publish","type":"product","link":"https:\/\/www.sengrandplace.com\/?product=pilot-g-2-roller-encre-gel-retractable-07-mm-noir","title":{"rendered":"Pilot G-2 Roller Encre Gel R\u00e9tractable 0,7 mm \u2013 Noir"},"content":{"rendered":"<p data-start=\"453\" data-end=\"764\">Le <strong data-start=\"456\" data-end=\"476\">Pilot G-2 0,7 mm<\/strong> est un stylo roller \u00e0 encre gel reconnu pour sa <strong data-start=\"525\" data-end=\"563\">fluidit\u00e9 d\u2019\u00e9criture exceptionnelle<\/strong> et son <strong data-start=\"571\" data-end=\"604\">confort d\u2019utilisation optimal<\/strong>. Gr\u00e2ce \u00e0 son encre gel haute performance exclusive Pilot, il offre un trac\u00e9 net, intense et r\u00e9gulier, id\u00e9al pour les notes, le travail de bureau ou les \u00e9tudes.<\/p>\n<p data-start=\"766\" data-end=\"1033\">Son <strong data-start=\"770\" data-end=\"804\">grip en caoutchouc ergonomique<\/strong> assure une excellente prise en main et r\u00e9duit la fatigue lors des longues sessions d\u2019\u00e9criture. La <strong data-start=\"903\" data-end=\"925\">pointe r\u00e9tractable<\/strong> permet une utilisation rapide en un seul clic, sans capuchon \u00e0 perdre, pour plus de praticit\u00e9 au quotidien.<\/p>\n<p data-start=\"1035\" data-end=\"1169\">Rechargeable, ce stylo constitue une <strong data-start=\"1072\" data-end=\"1109\">solution \u00e9conomique et \u00e9cologique<\/strong>, parfaite pour un usage professionnel ou scolaire intensif.<\/p>\n<p data-start=\"1171\" data-end=\"1267\">Fiable, pr\u00e9cis et confortable, le <strong data-start=\"1205\" data-end=\"1218\">Pilot G-2<\/strong> est un indispensable de toute trousse ou bureau.<\/p>\n<hr data-start=\"1269\" data-end=\"1272\" \/>\n<h2 data-start=\"1274\" data-end=\"1308\"><strong data-start=\"1277\" data-end=\"1308\">Caract\u00e9ristiques techniques<\/strong><\/h2>\n<ul data-start=\"1309\" data-end=\"1605\">\n<li data-start=\"1309\" data-end=\"1331\">\n<p data-start=\"1311\" data-end=\"1331\"><strong data-start=\"1311\" data-end=\"1321\">Marque<\/strong> : Pilot<\/p>\n<\/li>\n<li data-start=\"1332\" data-end=\"1352\">\n<p data-start=\"1334\" data-end=\"1352\"><strong data-start=\"1334\" data-end=\"1344\">Mod\u00e8le<\/strong> : G-2<\/p>\n<\/li>\n<li data-start=\"1353\" data-end=\"1384\">\n<p data-start=\"1355\" data-end=\"1384\"><strong data-start=\"1355\" data-end=\"1363\">Type<\/strong> : Roller encre gel<\/p>\n<\/li>\n<li data-start=\"1385\" data-end=\"1415\">\n<p data-start=\"1387\" data-end=\"1415\"><strong data-start=\"1387\" data-end=\"1406\">Couleur d\u2019encre<\/strong> : Noir<\/p>\n<\/li>\n<li data-start=\"1416\" data-end=\"1449\">\n<p data-start=\"1418\" data-end=\"1449\"><strong data-start=\"1418\" data-end=\"1438\">Taille de pointe<\/strong> : 0,7 mm<\/p>\n<\/li>\n<li data-start=\"1450\" data-end=\"1488\">\n<p data-start=\"1452\" data-end=\"1488\"><strong data-start=\"1452\" data-end=\"1464\">\u00c9criture<\/strong> : Fluide et r\u00e9guli\u00e8re<\/p>\n<\/li>\n<li data-start=\"1489\" data-end=\"1539\">\n<p data-start=\"1491\" data-end=\"1539\"><strong data-start=\"1491\" data-end=\"1499\">Grip<\/strong> : Caoutchouc antid\u00e9rapant ergonomique<\/p>\n<\/li>\n<li data-start=\"1540\" data-end=\"1578\">\n<p data-start=\"1542\" data-end=\"1578\"><strong data-start=\"1542\" data-end=\"1555\">M\u00e9canisme<\/strong> : R\u00e9tractable (clic)<\/p>\n<\/li>\n<\/ul>\n","protected":false},"excerpt":{"rendered":"<p>Stylo roller \u00e0 encre gel Pilot G-2 avec pointe r\u00e9tractable 0,7 mm. \u00c9criture fluide, grip ergonomique en caoutchouc et format rechargeable pour un usage confortable et durable.<\/p>\n","protected":false},"featured_media":11934,"comment_status":"open","ping_status":"closed","template":"","meta":[],"product_brand":[],"product_cat":[27,337,20],"product_tag":[],"class_list":{"0":"post-11933","1":"product","2":"type-product","3":"status-publish","4":"has-post-thumbnail","6":"product_cat-fourniture-scolaire","7":"product_cat-fournitures-bureau","8":"product_cat-librairie-papeterie","10":"first","11":"instock","12":"shipping-taxable","13":"product-type-simple"},"yoast_head":"<!-- This site is optimized with the Yoast SEO plugin v27.6 - https:\/\/yoast.com\/product\/yoast-seo-wordpress\/ -->\n<title>Pilot G-2 Roller Encre Gel R\u00e9tractable 0,7 mm \u2013 Noir - Sen Grand Place Thi\u00e8s<\/title>\n<meta name=\"robots\" content=\"index, follow, max-snippet:-1, max-image-preview:large, max-video-preview:-1\" \/>\n<link rel=\"canonical\" href=\"https:\/\/www.sengrandplace.com\/?product=pilot-g-2-roller-encre-gel-retractable-07-mm-noir\" \/>\n<meta property=\"og:locale\" content=\"fr_FR\" \/>\n<meta property=\"og:type\" content=\"article\" \/>\n<meta property=\"og:title\" content=\"Pilot G-2 Roller Encre Gel R\u00e9tractable 0,7 mm \u2013 Noir - Sen Grand Place Thi\u00e8s\" \/>\n<meta property=\"og:description\" content=\"Stylo roller \u00e0 encre gel Pilot G-2 avec pointe r\u00e9tractable 0,7 mm. \u00c9criture fluide, grip ergonomique en caoutchouc et format rechargeable pour un usage confortable et durable.\" \/>\n<meta property=\"og:url\" content=\"https:\/\/www.sengrandplace.com\/?product=pilot-g-2-roller-encre-gel-retractable-07-mm-noir\" \/>\n<meta property=\"og:site_name\" content=\"Sen Grand Place Thi\u00e8s\" \/>\n<meta property=\"article:modified_time\" content=\"2026-02-06T12:37:30+00:00\" \/>\n<meta property=\"og:image\" content=\"https:\/\/www.sengrandplace.com\/wp-content\/uploads\/2026\/02\/P_2427101_1.webp\" \/>\n\t<meta property=\"og:image:width\" content=\"815\" \/>\n\t<meta property=\"og:image:height\" content=\"815\" \/>\n\t<meta property=\"og:image:type\" content=\"image\/webp\" \/>\n<meta name=\"twitter:card\" content=\"summary_large_image\" \/>\n<meta name=\"twitter:label1\" content=\"Dur\u00e9e de lecture estim\u00e9e\" \/>\n\t<meta name=\"twitter:data1\" content=\"1 minute\" \/>\n<script type=\"application\/ld+json\" class=\"yoast-schema-graph\">{\"@context\":\"https:\\\/\\\/schema.org\",\"@graph\":[{\"@type\":\"WebPage\",\"@id\":\"https:\\\/\\\/www.sengrandplace.com\\\/?product=pilot-g-2-roller-encre-gel-retractable-07-mm-noir\",\"url\":\"https:\\\/\\\/www.sengrandplace.com\\\/?product=pilot-g-2-roller-encre-gel-retractable-07-mm-noir\",\"name\":\"Pilot G-2 Roller Encre Gel R\u00e9tractable 0,7 mm \u2013 Noir - Sen Grand Place Thi\u00e8s\",\"isPartOf\":{\"@id\":\"https:\\\/\\\/www.sengrandplace.com\\\/#website\"},\"primaryImageOfPage\":{\"@id\":\"https:\\\/\\\/www.sengrandplace.com\\\/?product=pilot-g-2-roller-encre-gel-retractable-07-mm-noir#primaryimage\"},\"image\":{\"@id\":\"https:\\\/\\\/www.sengrandplace.com\\\/?product=pilot-g-2-roller-encre-gel-retractable-07-mm-noir#primaryimage\"},\"thumbnailUrl\":\"https:\\\/\\\/www.sengrandplace.com\\\/wp-content\\\/uploads\\\/2026\\\/02\\\/P_2427101_1.webp\",\"datePublished\":\"2026-02-06T12:37:29+00:00\",\"dateModified\":\"2026-02-06T12:37:30+00:00\",\"breadcrumb\":{\"@id\":\"https:\\\/\\\/www.sengrandplace.com\\\/?product=pilot-g-2-roller-encre-gel-retractable-07-mm-noir#breadcrumb\"},\"inLanguage\":\"fr-FR\",\"potentialAction\":[{\"@type\":\"ReadAction\",\"target\":[\"https:\\\/\\\/www.sengrandplace.com\\\/?product=pilot-g-2-roller-encre-gel-retractable-07-mm-noir\"]}]},{\"@type\":\"ImageObject\",\"inLanguage\":\"fr-FR\",\"@id\":\"https:\\\/\\\/www.sengrandplace.com\\\/?product=pilot-g-2-roller-encre-gel-retractable-07-mm-noir#primaryimage\",\"url\":\"https:\\\/\\\/www.sengrandplace.com\\\/wp-content\\\/uploads\\\/2026\\\/02\\\/P_2427101_1.webp\",\"contentUrl\":\"https:\\\/\\\/www.sengrandplace.com\\\/wp-content\\\/uploads\\\/2026\\\/02\\\/P_2427101_1.webp\",\"width\":815,\"height\":815},{\"@type\":\"BreadcrumbList\",\"@id\":\"https:\\\/\\\/www.sengrandplace.com\\\/?product=pilot-g-2-roller-encre-gel-retractable-07-mm-noir#breadcrumb\",\"itemListElement\":[{\"@type\":\"ListItem\",\"position\":1,\"name\":\"Home\",\"item\":\"https:\\\/\\\/www.sengrandplace.com\\\/\"},{\"@type\":\"ListItem\",\"position\":2,\"name\":\"Shop\",\"item\":\"https:\\\/\\\/www.sengrandplace.com\\\/?page_id=11\"},{\"@type\":\"ListItem\",\"position\":3,\"name\":\"Pilot G-2 Roller Encre Gel R\u00e9tractable 0,7 mm \u2013 Noir\"}]},{\"@type\":\"WebSite\",\"@id\":\"https:\\\/\\\/www.sengrandplace.com\\\/#website\",\"url\":\"https:\\\/\\\/www.sengrandplace.com\\\/\",\"name\":\"Sen Grand Place Thi\u00e8s\",\"description\":\"La place qui vous revient.\",\"publisher\":{\"@id\":\"https:\\\/\\\/www.sengrandplace.com\\\/#organization\"},\"potentialAction\":[{\"@type\":\"SearchAction\",\"target\":{\"@type\":\"EntryPoint\",\"urlTemplate\":\"https:\\\/\\\/www.sengrandplace.com\\\/?s={search_term_string}\"},\"query-input\":{\"@type\":\"PropertyValueSpecification\",\"valueRequired\":true,\"valueName\":\"search_term_string\"}}],\"inLanguage\":\"fr-FR\"},{\"@type\":\"Organization\",\"@id\":\"https:\\\/\\\/www.sengrandplace.com\\\/#organization\",\"name\":\"Sen Grand Place Thi\u00e8s\",\"url\":\"https:\\\/\\\/www.sengrandplace.com\\\/\",\"logo\":{\"@type\":\"ImageObject\",\"inLanguage\":\"fr-FR\",\"@id\":\"https:\\\/\\\/www.sengrandplace.com\\\/#\\\/schema\\\/logo\\\/image\\\/\",\"url\":\"https:\\\/\\\/www.sengrandplace.com\\\/wp-content\\\/uploads\\\/2024\\\/01\\\/Logo_du_site-2.jpg\",\"contentUrl\":\"https:\\\/\\\/www.sengrandplace.com\\\/wp-content\\\/uploads\\\/2024\\\/01\\\/Logo_du_site-2.jpg\",\"width\":314,\"height\":98,\"caption\":\"Sen Grand Place Thi\u00e8s\"},\"image\":{\"@id\":\"https:\\\/\\\/www.sengrandplace.com\\\/#\\\/schema\\\/logo\\\/image\\\/\"}}]}<\/script>\n<!-- \/ Yoast SEO plugin. -->","yoast_head_json":{"title":"Pilot G-2 Roller Encre Gel R\u00e9tractable 0,7 mm \u2013 Noir - Sen Grand Place Thi\u00e8s","robots":{"index":"index","follow":"follow","max-snippet":"max-snippet:-1","max-image-preview":"max-image-preview:large","max-video-preview":"max-video-preview:-1"},"canonical":"https:\/\/www.sengrandplace.com\/?product=pilot-g-2-roller-encre-gel-retractable-07-mm-noir","og_locale":"fr_FR","og_type":"article","og_title":"Pilot G-2 Roller Encre Gel R\u00e9tractable 0,7 mm \u2013 Noir - Sen Grand Place Thi\u00e8s","og_description":"Stylo roller \u00e0 encre gel Pilot G-2 avec pointe r\u00e9tractable 0,7 mm. \u00c9criture fluide, grip ergonomique en caoutchouc et format rechargeable pour un usage confortable et durable.","og_url":"https:\/\/www.sengrandplace.com\/?product=pilot-g-2-roller-encre-gel-retractable-07-mm-noir","og_site_name":"Sen Grand Place Thi\u00e8s","article_modified_time":"2026-02-06T12:37:30+00:00","og_image":[{"width":815,"height":815,"url":"https:\/\/www.sengrandplace.com\/wp-content\/uploads\/2026\/02\/P_2427101_1.webp","type":"image\/webp"}],"twitter_card":"summary_large_image","twitter_misc":{"Dur\u00e9e de lecture estim\u00e9e":"1 minute"},"schema":{"@context":"https:\/\/schema.org","@graph":[{"@type":"WebPage","@id":"https:\/\/www.sengrandplace.com\/?product=pilot-g-2-roller-encre-gel-retractable-07-mm-noir","url":"https:\/\/www.sengrandplace.com\/?product=pilot-g-2-roller-encre-gel-retractable-07-mm-noir","name":"Pilot G-2 Roller Encre Gel R\u00e9tractable 0,7 mm \u2013 Noir - Sen Grand Place Thi\u00e8s","isPartOf":{"@id":"https:\/\/www.sengrandplace.com\/#website"},"primaryImageOfPage":{"@id":"https:\/\/www.sengrandplace.com\/?product=pilot-g-2-roller-encre-gel-retractable-07-mm-noir#primaryimage"},"image":{"@id":"https:\/\/www.sengrandplace.com\/?product=pilot-g-2-roller-encre-gel-retractable-07-mm-noir#primaryimage"},"thumbnailUrl":"https:\/\/www.sengrandplace.com\/wp-content\/uploads\/2026\/02\/P_2427101_1.webp","datePublished":"2026-02-06T12:37:29+00:00","dateModified":"2026-02-06T12:37:30+00:00","breadcrumb":{"@id":"https:\/\/www.sengrandplace.com\/?product=pilot-g-2-roller-encre-gel-retractable-07-mm-noir#breadcrumb"},"inLanguage":"fr-FR","potentialAction":[{"@type":"ReadAction","target":["https:\/\/www.sengrandplace.com\/?product=pilot-g-2-roller-encre-gel-retractable-07-mm-noir"]}]},{"@type":"ImageObject","inLanguage":"fr-FR","@id":"https:\/\/www.sengrandplace.com\/?product=pilot-g-2-roller-encre-gel-retractable-07-mm-noir#primaryimage","url":"https:\/\/www.sengrandplace.com\/wp-content\/uploads\/2026\/02\/P_2427101_1.webp","contentUrl":"https:\/\/www.sengrandplace.com\/wp-content\/uploads\/2026\/02\/P_2427101_1.webp","width":815,"height":815},{"@type":"BreadcrumbList","@id":"https:\/\/www.sengrandplace.com\/?product=pilot-g-2-roller-encre-gel-retractable-07-mm-noir#breadcrumb","itemListElement":[{"@type":"ListItem","position":1,"name":"Home","item":"https:\/\/www.sengrandplace.com\/"},{"@type":"ListItem","position":2,"name":"Shop","item":"https:\/\/www.sengrandplace.com\/?page_id=11"},{"@type":"ListItem","position":3,"name":"Pilot G-2 Roller Encre Gel R\u00e9tractable 0,7 mm \u2013 Noir"}]},{"@type":"WebSite","@id":"https:\/\/www.sengrandplace.com\/#website","url":"https:\/\/www.sengrandplace.com\/","name":"Sen Grand Place Thi\u00e8s","description":"La place qui vous revient.","publisher":{"@id":"https:\/\/www.sengrandplace.com\/#organization"},"potentialAction":[{"@type":"SearchAction","target":{"@type":"EntryPoint","urlTemplate":"https:\/\/www.sengrandplace.com\/?s={search_term_string}"},"query-input":{"@type":"PropertyValueSpecification","valueRequired":true,"valueName":"search_term_string"}}],"inLanguage":"fr-FR"},{"@type":"Organization","@id":"https:\/\/www.sengrandplace.com\/#organization","name":"Sen Grand Place Thi\u00e8s","url":"https:\/\/www.sengrandplace.com\/","logo":{"@type":"ImageObject","inLanguage":"fr-FR","@id":"https:\/\/www.sengrandplace.com\/#\/schema\/logo\/image\/","url":"https:\/\/www.sengrandplace.com\/wp-content\/uploads\/2024\/01\/Logo_du_site-2.jpg","contentUrl":"https:\/\/www.sengrandplace.com\/wp-content\/uploads\/2024\/01\/Logo_du_site-2.jpg","width":314,"height":98,"caption":"Sen Grand Place Thi\u00e8s"},"image":{"@id":"https:\/\/www.sengrandplace.com\/#\/schema\/logo\/image\/"}}]}},"_links":{"self":[{"href":"https:\/\/www.sengrandplace.com\/index.php?rest_route=\/wp\/v2\/product\/11933","targetHints":{"allow":["GET"]}}],"collection":[{"href":"https:\/\/www.sengrandplace.com\/index.php?rest_route=\/wp\/v2\/product"}],"about":[{"href":"https:\/\/www.sengrandplace.com\/index.php?rest_route=\/wp\/v2\/types\/product"}],"replies":[{"embeddable":true,"href":"https:\/\/www.sengrandplace.com\/index.php?rest_route=%2Fwp%2Fv2%2Fcomments&post=11933"}],"version-history":[{"count":1,"href":"https:\/\/www.sengrandplace.com\/index.php?rest_route=\/wp\/v2\/product\/11933\/revisions"}],"predecessor-version":[{"id":11936,"href":"https:\/\/www.sengrandplace.com\/index.php?rest_route=\/wp\/v2\/product\/11933\/revisions\/11936"}],"wp:featuredmedia":[{"embeddable":true,"href":"https:\/\/www.sengrandplace.com\/index.php?rest_route=\/wp\/v2\/media\/11934"}],"wp:attachment":[{"href":"https:\/\/www.sengrandplace.com\/index.php?rest_route=%2Fwp%2Fv2%2Fmedia&parent=11933"}],"wp:term":[{"taxonomy":"product_brand","embeddable":true,"href":"https:\/\/www.sengrandplace.com\/index.php?rest_route=%2Fwp%2Fv2%2Fproduct_brand&post=11933"},{"taxonomy":"product_cat","embeddable":true,"href":"https:\/\/www.sengrandplace.com\/index.php?rest_route=%2Fwp%2Fv2%2Fproduct_cat&post=11933"},{"taxonomy":"product_tag","embeddable":true,"href":"https:\/\/www.sengrandplace.com\/index.php?rest_route=%2Fwp%2Fv2%2Fproduct_tag&post=11933"}],"curies":[{"name":"wp","href":"https:\/\/api.w.org\/{rel}","templated":true}]}}