{"id":11937,"date":"2026-02-06T13:02:16","date_gmt":"2026-02-06T13:02:16","guid":{"rendered":"https:\/\/www.sengrandplace.com\/?post_type=product&#038;p=11937"},"modified":"2026-02-06T13:02:17","modified_gmt":"2026-02-06T13:02:17","slug":"pese-personne-mecanique-camry-dt602","status":"publish","type":"product","link":"https:\/\/www.sengrandplace.com\/?product=pese-personne-mecanique-camry-dt602","title":{"rendered":"P\u00e8se-personne m\u00e9canique Camry DT602"},"content":{"rendered":"<p data-start=\"495\" data-end=\"782\">Le <strong data-start=\"498\" data-end=\"537\">p\u00e8se-personne m\u00e9canique Camry DT602<\/strong> est une balance classique, fiable et durable, con\u00e7ue pour mesurer votre poids en toute simplicit\u00e9. Son <strong data-start=\"641\" data-end=\"665\">design r\u00e9tro \u00e9l\u00e9gant<\/strong>, associ\u00e9 \u00e0 une <strong data-start=\"681\" data-end=\"715\">large plateforme antid\u00e9rapante<\/strong>, assure stabilit\u00e9, s\u00e9curit\u00e9 et confort lors de chaque utilisation.<\/p>\n<p data-start=\"784\" data-end=\"1080\">\u00c9quip\u00e9 d\u2019un <strong data-start=\"796\" data-end=\"844\">grand cadran analogique parfaitement lisible<\/strong>, il permet une lecture rapide et pr\u00e9cise du poids, sans batterie ni alimentation \u00e9lectrique. Son m\u00e9canisme m\u00e9canique robuste garantit une <strong data-start=\"983\" data-end=\"1006\">longue dur\u00e9e de vie<\/strong> et une performance constante, id\u00e9ale pour un usage quotidien \u00e0 la maison.<\/p>\n<p data-start=\"1082\" data-end=\"1324\">Fabriqu\u00e9 avec des <strong data-start=\"1100\" data-end=\"1124\">mat\u00e9riaux r\u00e9sistants<\/strong> et dot\u00e9 d\u2019un <strong data-start=\"1138\" data-end=\"1162\">cadre chrom\u00e9 \u00e9l\u00e9gant<\/strong>, ce mod\u00e8le combine esth\u00e9tique et solidit\u00e9. Il offre \u00e9galement <strong data-start=\"1225\" data-end=\"1246\">4 onglets color\u00e9s<\/strong> pour suivre facilement plusieurs mesures (famille ou utilisateurs multiples).<\/p>\n<p data-start=\"1326\" data-end=\"1488\">Simple, \u00e9cologique et \u00e9conomique, le Camry DT602 est la solution id\u00e9ale pour ceux qui recherchent une balance fiable sans fonctionnalit\u00e9s \u00e9lectroniques complexes.<\/p>\n<hr data-start=\"1490\" data-end=\"1493\" \/>\n<h2 data-start=\"1495\" data-end=\"1529\"><strong data-start=\"1498\" data-end=\"1529\">Caract\u00e9ristiques techniques<\/strong><\/h2>\n<ul data-start=\"1530\" data-end=\"1979\">\n<li data-start=\"1530\" data-end=\"1552\">\n<p data-start=\"1532\" data-end=\"1552\"><strong data-start=\"1532\" data-end=\"1542\">Marque<\/strong> : Camry<\/p>\n<\/li>\n<li data-start=\"1553\" data-end=\"1575\">\n<p data-start=\"1555\" data-end=\"1575\"><strong data-start=\"1555\" data-end=\"1565\">Mod\u00e8le<\/strong> : DT602<\/p>\n<\/li>\n<li data-start=\"1576\" data-end=\"1619\">\n<p data-start=\"1578\" data-end=\"1619\"><strong data-start=\"1578\" data-end=\"1586\">Type<\/strong> : Balance m\u00e9canique analogique<\/p>\n<\/li>\n<li data-start=\"1620\" data-end=\"1654\">\n<p data-start=\"1622\" data-end=\"1654\"><strong data-start=\"1622\" data-end=\"1643\">Capacit\u00e9 maximale<\/strong> : 136 kg<\/p>\n<\/li>\n<li data-start=\"1655\" data-end=\"1691\">\n<p data-start=\"1657\" data-end=\"1691\"><strong data-start=\"1657\" data-end=\"1681\">Division \/ Pr\u00e9cision<\/strong> : 500 g<\/p>\n<\/li>\n<li data-start=\"1692\" data-end=\"1728\">\n<p data-start=\"1694\" data-end=\"1728\"><strong data-start=\"1694\" data-end=\"1713\">Plage de mesure<\/strong> : 5 \u00e0 136 kg<\/p>\n<\/li>\n<li data-start=\"1729\" data-end=\"1757\">\n<p data-start=\"1731\" data-end=\"1757\"><strong data-start=\"1731\" data-end=\"1741\">Unit\u00e9s<\/strong> : kg \/ livres<\/p>\n<\/li>\n<li data-start=\"1758\" data-end=\"1801\">\n<p data-start=\"1760\" data-end=\"1801\"><strong data-start=\"1760\" data-end=\"1773\">Affichage<\/strong> : Cadran analogique large<\/p>\n<\/li>\n<li data-start=\"1802\" data-end=\"1858\">\n<p data-start=\"1804\" data-end=\"1858\"><strong data-start=\"1804\" data-end=\"1820\">Alimentation<\/strong> : Aucune (sans pile ni \u00e9lectricit\u00e9)<\/p>\n<\/li>\n<li data-start=\"1859\" data-end=\"1893\">\n<p data-start=\"1861\" data-end=\"1893\"><strong data-start=\"1861\" data-end=\"1875\">Plateforme<\/strong> : Antid\u00e9rapante<\/p>\n<\/li>\n<li data-start=\"1894\" data-end=\"1939\">\n<p data-start=\"1896\" data-end=\"1939\"><strong data-start=\"1896\" data-end=\"1909\">Mat\u00e9riaux<\/strong> : M\u00e9tal \/ plastique robuste<\/p>\n<\/li>\n<li data-start=\"1940\" data-end=\"1979\">\n<p data-start=\"1942\" data-end=\"1979\"><strong data-start=\"1942\" data-end=\"1956\">Dimensions<\/strong> : 43 \u00d7 28,5 \u00d7 8,3 cm<\/p>\n<\/li>\n<\/ul>\n","protected":false},"excerpt":{"rendered":"<p>Balance m\u00e9canique Camry DT602 avec cadran analogique large et lisible, capacit\u00e9 136 kg, sans piles ni \u00e9lectricit\u00e9. Robuste, fiable et id\u00e9ale pour un usage quotidien \u00e0 domicile.<\/p>\n","protected":false},"featured_media":11938,"comment_status":"open","ping_status":"closed","template":"","meta":[],"product_brand":[],"product_cat":[338],"product_tag":[],"class_list":{"0":"post-11937","1":"product","2":"type-product","3":"status-publish","4":"has-post-thumbnail","6":"product_cat-pese-personne","8":"first","9":"instock","10":"shipping-taxable","11":"product-type-simple"},"yoast_head":"<!-- This site is optimized with the Yoast SEO plugin v27.6 - https:\/\/yoast.com\/product\/yoast-seo-wordpress\/ -->\n<title>P\u00e8se-personne m\u00e9canique Camry DT602 - Sen Grand Place Thi\u00e8s<\/title>\n<meta name=\"robots\" content=\"index, follow, max-snippet:-1, max-image-preview:large, max-video-preview:-1\" \/>\n<link rel=\"canonical\" href=\"https:\/\/www.sengrandplace.com\/?product=pese-personne-mecanique-camry-dt602\" \/>\n<meta property=\"og:locale\" content=\"fr_FR\" \/>\n<meta property=\"og:type\" content=\"article\" \/>\n<meta property=\"og:title\" content=\"P\u00e8se-personne m\u00e9canique Camry DT602 - Sen Grand Place Thi\u00e8s\" \/>\n<meta property=\"og:description\" content=\"Balance m\u00e9canique Camry DT602 avec cadran analogique large et lisible, capacit\u00e9 136 kg, sans piles ni \u00e9lectricit\u00e9. Robuste, fiable et id\u00e9ale pour un usage quotidien \u00e0 domicile.\" \/>\n<meta property=\"og:url\" content=\"https:\/\/www.sengrandplace.com\/?product=pese-personne-mecanique-camry-dt602\" \/>\n<meta property=\"og:site_name\" content=\"Sen Grand Place Thi\u00e8s\" \/>\n<meta property=\"article:modified_time\" content=\"2026-02-06T13:02:17+00:00\" \/>\n<meta property=\"og:image\" content=\"https:\/\/www.sengrandplace.com\/wp-content\/uploads\/2026\/02\/DT602_CAMRY.webp\" \/>\n\t<meta property=\"og:image:width\" content=\"1000\" \/>\n\t<meta property=\"og:image:height\" content=\"1000\" \/>\n\t<meta property=\"og:image:type\" content=\"image\/webp\" \/>\n<meta name=\"twitter:card\" content=\"summary_large_image\" \/>\n<meta name=\"twitter:label1\" content=\"Dur\u00e9e de lecture estim\u00e9e\" \/>\n\t<meta name=\"twitter:data1\" content=\"2 minutes\" \/>\n<script type=\"application\/ld+json\" class=\"yoast-schema-graph\">{\"@context\":\"https:\\\/\\\/schema.org\",\"@graph\":[{\"@type\":\"WebPage\",\"@id\":\"https:\\\/\\\/www.sengrandplace.com\\\/?product=pese-personne-mecanique-camry-dt602\",\"url\":\"https:\\\/\\\/www.sengrandplace.com\\\/?product=pese-personne-mecanique-camry-dt602\",\"name\":\"P\u00e8se-personne m\u00e9canique Camry DT602 - Sen Grand Place Thi\u00e8s\",\"isPartOf\":{\"@id\":\"https:\\\/\\\/www.sengrandplace.com\\\/#website\"},\"primaryImageOfPage\":{\"@id\":\"https:\\\/\\\/www.sengrandplace.com\\\/?product=pese-personne-mecanique-camry-dt602#primaryimage\"},\"image\":{\"@id\":\"https:\\\/\\\/www.sengrandplace.com\\\/?product=pese-personne-mecanique-camry-dt602#primaryimage\"},\"thumbnailUrl\":\"https:\\\/\\\/www.sengrandplace.com\\\/wp-content\\\/uploads\\\/2026\\\/02\\\/DT602_CAMRY.webp\",\"datePublished\":\"2026-02-06T13:02:16+00:00\",\"dateModified\":\"2026-02-06T13:02:17+00:00\",\"breadcrumb\":{\"@id\":\"https:\\\/\\\/www.sengrandplace.com\\\/?product=pese-personne-mecanique-camry-dt602#breadcrumb\"},\"inLanguage\":\"fr-FR\",\"potentialAction\":[{\"@type\":\"ReadAction\",\"target\":[\"https:\\\/\\\/www.sengrandplace.com\\\/?product=pese-personne-mecanique-camry-dt602\"]}]},{\"@type\":\"ImageObject\",\"inLanguage\":\"fr-FR\",\"@id\":\"https:\\\/\\\/www.sengrandplace.com\\\/?product=pese-personne-mecanique-camry-dt602#primaryimage\",\"url\":\"https:\\\/\\\/www.sengrandplace.com\\\/wp-content\\\/uploads\\\/2026\\\/02\\\/DT602_CAMRY.webp\",\"contentUrl\":\"https:\\\/\\\/www.sengrandplace.com\\\/wp-content\\\/uploads\\\/2026\\\/02\\\/DT602_CAMRY.webp\",\"width\":1000,\"height\":1000},{\"@type\":\"BreadcrumbList\",\"@id\":\"https:\\\/\\\/www.sengrandplace.com\\\/?product=pese-personne-mecanique-camry-dt602#breadcrumb\",\"itemListElement\":[{\"@type\":\"ListItem\",\"position\":1,\"name\":\"Home\",\"item\":\"https:\\\/\\\/www.sengrandplace.com\\\/\"},{\"@type\":\"ListItem\",\"position\":2,\"name\":\"Shop\",\"item\":\"https:\\\/\\\/www.sengrandplace.com\\\/?page_id=11\"},{\"@type\":\"ListItem\",\"position\":3,\"name\":\"P\u00e8se-personne m\u00e9canique Camry DT602\"}]},{\"@type\":\"WebSite\",\"@id\":\"https:\\\/\\\/www.sengrandplace.com\\\/#website\",\"url\":\"https:\\\/\\\/www.sengrandplace.com\\\/\",\"name\":\"Sen Grand Place Thi\u00e8s\",\"description\":\"La place qui vous revient.\",\"publisher\":{\"@id\":\"https:\\\/\\\/www.sengrandplace.com\\\/#organization\"},\"potentialAction\":[{\"@type\":\"SearchAction\",\"target\":{\"@type\":\"EntryPoint\",\"urlTemplate\":\"https:\\\/\\\/www.sengrandplace.com\\\/?s={search_term_string}\"},\"query-input\":{\"@type\":\"PropertyValueSpecification\",\"valueRequired\":true,\"valueName\":\"search_term_string\"}}],\"inLanguage\":\"fr-FR\"},{\"@type\":\"Organization\",\"@id\":\"https:\\\/\\\/www.sengrandplace.com\\\/#organization\",\"name\":\"Sen Grand Place Thi\u00e8s\",\"url\":\"https:\\\/\\\/www.sengrandplace.com\\\/\",\"logo\":{\"@type\":\"ImageObject\",\"inLanguage\":\"fr-FR\",\"@id\":\"https:\\\/\\\/www.sengrandplace.com\\\/#\\\/schema\\\/logo\\\/image\\\/\",\"url\":\"https:\\\/\\\/www.sengrandplace.com\\\/wp-content\\\/uploads\\\/2024\\\/01\\\/Logo_du_site-2.jpg\",\"contentUrl\":\"https:\\\/\\\/www.sengrandplace.com\\\/wp-content\\\/uploads\\\/2024\\\/01\\\/Logo_du_site-2.jpg\",\"width\":314,\"height\":98,\"caption\":\"Sen Grand Place Thi\u00e8s\"},\"image\":{\"@id\":\"https:\\\/\\\/www.sengrandplace.com\\\/#\\\/schema\\\/logo\\\/image\\\/\"}}]}<\/script>\n<!-- \/ Yoast SEO plugin. -->","yoast_head_json":{"title":"P\u00e8se-personne m\u00e9canique Camry DT602 - Sen Grand Place Thi\u00e8s","robots":{"index":"index","follow":"follow","max-snippet":"max-snippet:-1","max-image-preview":"max-image-preview:large","max-video-preview":"max-video-preview:-1"},"canonical":"https:\/\/www.sengrandplace.com\/?product=pese-personne-mecanique-camry-dt602","og_locale":"fr_FR","og_type":"article","og_title":"P\u00e8se-personne m\u00e9canique Camry DT602 - Sen Grand Place Thi\u00e8s","og_description":"Balance m\u00e9canique Camry DT602 avec cadran analogique large et lisible, capacit\u00e9 136 kg, sans piles ni \u00e9lectricit\u00e9. Robuste, fiable et id\u00e9ale pour un usage quotidien \u00e0 domicile.","og_url":"https:\/\/www.sengrandplace.com\/?product=pese-personne-mecanique-camry-dt602","og_site_name":"Sen Grand Place Thi\u00e8s","article_modified_time":"2026-02-06T13:02:17+00:00","og_image":[{"width":1000,"height":1000,"url":"https:\/\/www.sengrandplace.com\/wp-content\/uploads\/2026\/02\/DT602_CAMRY.webp","type":"image\/webp"}],"twitter_card":"summary_large_image","twitter_misc":{"Dur\u00e9e de lecture estim\u00e9e":"2 minutes"},"schema":{"@context":"https:\/\/schema.org","@graph":[{"@type":"WebPage","@id":"https:\/\/www.sengrandplace.com\/?product=pese-personne-mecanique-camry-dt602","url":"https:\/\/www.sengrandplace.com\/?product=pese-personne-mecanique-camry-dt602","name":"P\u00e8se-personne m\u00e9canique Camry DT602 - Sen Grand Place Thi\u00e8s","isPartOf":{"@id":"https:\/\/www.sengrandplace.com\/#website"},"primaryImageOfPage":{"@id":"https:\/\/www.sengrandplace.com\/?product=pese-personne-mecanique-camry-dt602#primaryimage"},"image":{"@id":"https:\/\/www.sengrandplace.com\/?product=pese-personne-mecanique-camry-dt602#primaryimage"},"thumbnailUrl":"https:\/\/www.sengrandplace.com\/wp-content\/uploads\/2026\/02\/DT602_CAMRY.webp","datePublished":"2026-02-06T13:02:16+00:00","dateModified":"2026-02-06T13:02:17+00:00","breadcrumb":{"@id":"https:\/\/www.sengrandplace.com\/?product=pese-personne-mecanique-camry-dt602#breadcrumb"},"inLanguage":"fr-FR","potentialAction":[{"@type":"ReadAction","target":["https:\/\/www.sengrandplace.com\/?product=pese-personne-mecanique-camry-dt602"]}]},{"@type":"ImageObject","inLanguage":"fr-FR","@id":"https:\/\/www.sengrandplace.com\/?product=pese-personne-mecanique-camry-dt602#primaryimage","url":"https:\/\/www.sengrandplace.com\/wp-content\/uploads\/2026\/02\/DT602_CAMRY.webp","contentUrl":"https:\/\/www.sengrandplace.com\/wp-content\/uploads\/2026\/02\/DT602_CAMRY.webp","width":1000,"height":1000},{"@type":"BreadcrumbList","@id":"https:\/\/www.sengrandplace.com\/?product=pese-personne-mecanique-camry-dt602#breadcrumb","itemListElement":[{"@type":"ListItem","position":1,"name":"Home","item":"https:\/\/www.sengrandplace.com\/"},{"@type":"ListItem","position":2,"name":"Shop","item":"https:\/\/www.sengrandplace.com\/?page_id=11"},{"@type":"ListItem","position":3,"name":"P\u00e8se-personne m\u00e9canique Camry DT602"}]},{"@type":"WebSite","@id":"https:\/\/www.sengrandplace.com\/#website","url":"https:\/\/www.sengrandplace.com\/","name":"Sen Grand Place Thi\u00e8s","description":"La place qui vous revient.","publisher":{"@id":"https:\/\/www.sengrandplace.com\/#organization"},"potentialAction":[{"@type":"SearchAction","target":{"@type":"EntryPoint","urlTemplate":"https:\/\/www.sengrandplace.com\/?s={search_term_string}"},"query-input":{"@type":"PropertyValueSpecification","valueRequired":true,"valueName":"search_term_string"}}],"inLanguage":"fr-FR"},{"@type":"Organization","@id":"https:\/\/www.sengrandplace.com\/#organization","name":"Sen Grand Place Thi\u00e8s","url":"https:\/\/www.sengrandplace.com\/","logo":{"@type":"ImageObject","inLanguage":"fr-FR","@id":"https:\/\/www.sengrandplace.com\/#\/schema\/logo\/image\/","url":"https:\/\/www.sengrandplace.com\/wp-content\/uploads\/2024\/01\/Logo_du_site-2.jpg","contentUrl":"https:\/\/www.sengrandplace.com\/wp-content\/uploads\/2024\/01\/Logo_du_site-2.jpg","width":314,"height":98,"caption":"Sen Grand Place Thi\u00e8s"},"image":{"@id":"https:\/\/www.sengrandplace.com\/#\/schema\/logo\/image\/"}}]}},"_links":{"self":[{"href":"https:\/\/www.sengrandplace.com\/index.php?rest_route=\/wp\/v2\/product\/11937","targetHints":{"allow":["GET"]}}],"collection":[{"href":"https:\/\/www.sengrandplace.com\/index.php?rest_route=\/wp\/v2\/product"}],"about":[{"href":"https:\/\/www.sengrandplace.com\/index.php?rest_route=\/wp\/v2\/types\/product"}],"replies":[{"embeddable":true,"href":"https:\/\/www.sengrandplace.com\/index.php?rest_route=%2Fwp%2Fv2%2Fcomments&post=11937"}],"version-history":[{"count":1,"href":"https:\/\/www.sengrandplace.com\/index.php?rest_route=\/wp\/v2\/product\/11937\/revisions"}],"predecessor-version":[{"id":11939,"href":"https:\/\/www.sengrandplace.com\/index.php?rest_route=\/wp\/v2\/product\/11937\/revisions\/11939"}],"wp:featuredmedia":[{"embeddable":true,"href":"https:\/\/www.sengrandplace.com\/index.php?rest_route=\/wp\/v2\/media\/11938"}],"wp:attachment":[{"href":"https:\/\/www.sengrandplace.com\/index.php?rest_route=%2Fwp%2Fv2%2Fmedia&parent=11937"}],"wp:term":[{"taxonomy":"product_brand","embeddable":true,"href":"https:\/\/www.sengrandplace.com\/index.php?rest_route=%2Fwp%2Fv2%2Fproduct_brand&post=11937"},{"taxonomy":"product_cat","embeddable":true,"href":"https:\/\/www.sengrandplace.com\/index.php?rest_route=%2Fwp%2Fv2%2Fproduct_cat&post=11937"},{"taxonomy":"product_tag","embeddable":true,"href":"https:\/\/www.sengrandplace.com\/index.php?rest_route=%2Fwp%2Fv2%2Fproduct_tag&post=11937"}],"curies":[{"name":"wp","href":"https:\/\/api.w.org\/{rel}","templated":true}]}}