{"id":11990,"date":"2026-04-07T14:22:02","date_gmt":"2026-04-07T14:22:02","guid":{"rendered":"https:\/\/www.sengrandplace.com\/?post_type=product&#038;p=11990"},"modified":"2026-04-07T14:22:03","modified_gmt":"2026-04-07T14:22:03","slug":"kangaro-hs-10en-agrafeuse-compacte-metallique","status":"publish","type":"product","link":"https:\/\/www.sengrandplace.com\/?product=kangaro-hs-10en-agrafeuse-compacte-metallique","title":{"rendered":"Kangaro HS-10EN \u2013 Agrafeuse Compacte M\u00e9tallique"},"content":{"rendered":"<p data-start=\"434\" data-end=\"657\">La <strong data-start=\"437\" data-end=\"456\">Kangaro HS-10EN<\/strong> est une agrafeuse de bureau compacte con\u00e7ue pour offrir <strong data-start=\"513\" data-end=\"552\">efficacit\u00e9, praticit\u00e9 et durabilit\u00e9<\/strong>. Gr\u00e2ce \u00e0 sa structure robuste, elle assure un agrafage fiable et pr\u00e9cis pour vos documents au quotidien.<\/p>\n<p data-start=\"659\" data-end=\"903\">Son <strong data-start=\"663\" data-end=\"681\">format compact<\/strong> la rend facile \u00e0 manipuler et \u00e0 transporter, ce qui en fait un outil id\u00e9al aussi bien pour le bureau que pour l\u2019\u00e9cole ou la maison. Elle permet d\u2019assembler rapidement vos feuilles et de garder vos dossiers bien organis\u00e9s.<\/p>\n<p data-start=\"905\" data-end=\"1115\">Dot\u00e9e d\u2019un m\u00e9canisme simple et efficace, l\u2019agrafeuse <strong data-start=\"958\" data-end=\"969\">HS-10EN<\/strong> garantit une utilisation fluide avec un minimum d\u2019effort. Sa conception solide assure une bonne r\u00e9sistance dans le temps, m\u00eame en usage r\u00e9gulier.<\/p>\n<h3 data-section-id=\"1x0npnp\" data-start=\"1230\" data-end=\"1248\">Points forts<\/h3>\n<ul data-start=\"1249\" data-end=\"1455\">\n<li data-section-id=\"7vmx69\" data-start=\"1249\" data-end=\"1287\">Agrafeuse <strong data-start=\"1261\" data-end=\"1285\">compacte et pratique<\/strong><\/li>\n<li data-section-id=\"b54gx9\" data-start=\"1288\" data-end=\"1324\">Structure <strong data-start=\"1300\" data-end=\"1322\">robuste et durable<\/strong><\/li>\n<li data-section-id=\"pvuda7\" data-start=\"1325\" data-end=\"1361\">Utilisation <strong data-start=\"1339\" data-end=\"1359\">simple et rapide<\/strong><\/li>\n<li data-section-id=\"d2vjqm\" data-start=\"1362\" data-end=\"1405\">Id\u00e9ale pour <strong data-start=\"1376\" data-end=\"1403\">bureau, \u00e9cole et maison<\/strong><\/li>\n<li data-section-id=\"57odug\" data-start=\"1406\" data-end=\"1430\">Facile \u00e0 transporter<\/li>\n<\/ul>\n<p data-start=\"1457\" data-end=\"1535\">Un outil indispensable pour organiser efficacement vos documents au quotidien.<\/p>\n","protected":false},"excerpt":{"rendered":"<p>La <strong data-start=\"183\" data-end=\"202\">Kangaro HS-10EN<\/strong> est une agrafeuse compacte et r\u00e9sistante, id\u00e9ale pour un usage quotidien. Pratique et facile \u00e0 utiliser.<\/p>\n","protected":false},"featured_media":11994,"comment_status":"open","ping_status":"closed","template":"","meta":[],"product_brand":[],"product_cat":[27,337,20],"product_tag":[],"class_list":{"0":"post-11990","1":"product","2":"type-product","3":"status-publish","4":"has-post-thumbnail","6":"product_cat-fourniture-scolaire","7":"product_cat-fournitures-bureau","8":"product_cat-librairie-papeterie","10":"first","11":"instock","12":"shipping-taxable","13":"product-type-simple"},"yoast_head":"<!-- This site is optimized with the Yoast SEO plugin v27.3 - https:\/\/yoast.com\/product\/yoast-seo-wordpress\/ -->\n<title>Kangaro HS-10EN \u2013 Agrafeuse Compacte M\u00e9tallique - Sen Grand Place Thi\u00e8s<\/title>\n<meta name=\"robots\" content=\"index, follow, max-snippet:-1, max-image-preview:large, max-video-preview:-1\" \/>\n<link rel=\"canonical\" href=\"https:\/\/www.sengrandplace.com\/?product=kangaro-hs-10en-agrafeuse-compacte-metallique\" \/>\n<meta property=\"og:locale\" content=\"fr_FR\" \/>\n<meta property=\"og:type\" content=\"article\" \/>\n<meta property=\"og:title\" content=\"Kangaro HS-10EN \u2013 Agrafeuse Compacte M\u00e9tallique - Sen Grand Place Thi\u00e8s\" \/>\n<meta property=\"og:description\" content=\"La Kangaro HS-10EN est une agrafeuse compacte et r\u00e9sistante, id\u00e9ale pour un usage quotidien. Pratique et facile \u00e0 utiliser.\" \/>\n<meta property=\"og:url\" content=\"https:\/\/www.sengrandplace.com\/?product=kangaro-hs-10en-agrafeuse-compacte-metallique\" \/>\n<meta property=\"og:site_name\" content=\"Sen Grand Place Thi\u00e8s\" \/>\n<meta property=\"article:modified_time\" content=\"2026-04-07T14:22:03+00:00\" \/>\n<meta property=\"og:image\" content=\"https:\/\/www.sengrandplace.com\/wp-content\/uploads\/2026\/04\/71rXwdbMboL-1-1.jpg\" \/>\n\t<meta property=\"og:image:width\" content=\"2037\" \/>\n\t<meta property=\"og:image:height\" content=\"1216\" \/>\n\t<meta property=\"og:image:type\" content=\"image\/jpeg\" \/>\n<meta name=\"twitter:card\" content=\"summary_large_image\" \/>\n<meta name=\"twitter:label1\" content=\"Dur\u00e9e de lecture estim\u00e9e\" \/>\n\t<meta name=\"twitter:data1\" content=\"1 minute\" \/>\n<script type=\"application\/ld+json\" class=\"yoast-schema-graph\">{\"@context\":\"https:\\\/\\\/schema.org\",\"@graph\":[{\"@type\":\"WebPage\",\"@id\":\"https:\\\/\\\/www.sengrandplace.com\\\/?product=kangaro-hs-10en-agrafeuse-compacte-metallique\",\"url\":\"https:\\\/\\\/www.sengrandplace.com\\\/?product=kangaro-hs-10en-agrafeuse-compacte-metallique\",\"name\":\"Kangaro HS-10EN \u2013 Agrafeuse Compacte M\u00e9tallique - Sen Grand Place Thi\u00e8s\",\"isPartOf\":{\"@id\":\"https:\\\/\\\/www.sengrandplace.com\\\/#website\"},\"primaryImageOfPage\":{\"@id\":\"https:\\\/\\\/www.sengrandplace.com\\\/?product=kangaro-hs-10en-agrafeuse-compacte-metallique#primaryimage\"},\"image\":{\"@id\":\"https:\\\/\\\/www.sengrandplace.com\\\/?product=kangaro-hs-10en-agrafeuse-compacte-metallique#primaryimage\"},\"thumbnailUrl\":\"https:\\\/\\\/www.sengrandplace.com\\\/wp-content\\\/uploads\\\/2026\\\/04\\\/71rXwdbMboL-1-1.jpg\",\"datePublished\":\"2026-04-07T14:22:02+00:00\",\"dateModified\":\"2026-04-07T14:22:03+00:00\",\"breadcrumb\":{\"@id\":\"https:\\\/\\\/www.sengrandplace.com\\\/?product=kangaro-hs-10en-agrafeuse-compacte-metallique#breadcrumb\"},\"inLanguage\":\"fr-FR\",\"potentialAction\":[{\"@type\":\"ReadAction\",\"target\":[\"https:\\\/\\\/www.sengrandplace.com\\\/?product=kangaro-hs-10en-agrafeuse-compacte-metallique\"]}]},{\"@type\":\"ImageObject\",\"inLanguage\":\"fr-FR\",\"@id\":\"https:\\\/\\\/www.sengrandplace.com\\\/?product=kangaro-hs-10en-agrafeuse-compacte-metallique#primaryimage\",\"url\":\"https:\\\/\\\/www.sengrandplace.com\\\/wp-content\\\/uploads\\\/2026\\\/04\\\/71rXwdbMboL-1-1.jpg\",\"contentUrl\":\"https:\\\/\\\/www.sengrandplace.com\\\/wp-content\\\/uploads\\\/2026\\\/04\\\/71rXwdbMboL-1-1.jpg\",\"width\":2037,\"height\":1216},{\"@type\":\"BreadcrumbList\",\"@id\":\"https:\\\/\\\/www.sengrandplace.com\\\/?product=kangaro-hs-10en-agrafeuse-compacte-metallique#breadcrumb\",\"itemListElement\":[{\"@type\":\"ListItem\",\"position\":1,\"name\":\"Home\",\"item\":\"https:\\\/\\\/www.sengrandplace.com\\\/\"},{\"@type\":\"ListItem\",\"position\":2,\"name\":\"Shop\",\"item\":\"https:\\\/\\\/www.sengrandplace.com\\\/?page_id=11\"},{\"@type\":\"ListItem\",\"position\":3,\"name\":\"Kangaro HS-10EN \u2013 Agrafeuse Compacte M\u00e9tallique\"}]},{\"@type\":\"WebSite\",\"@id\":\"https:\\\/\\\/www.sengrandplace.com\\\/#website\",\"url\":\"https:\\\/\\\/www.sengrandplace.com\\\/\",\"name\":\"Sen Grand Place Thi\u00e8s\",\"description\":\"La place qui vous revient.\",\"publisher\":{\"@id\":\"https:\\\/\\\/www.sengrandplace.com\\\/#organization\"},\"potentialAction\":[{\"@type\":\"SearchAction\",\"target\":{\"@type\":\"EntryPoint\",\"urlTemplate\":\"https:\\\/\\\/www.sengrandplace.com\\\/?s={search_term_string}\"},\"query-input\":{\"@type\":\"PropertyValueSpecification\",\"valueRequired\":true,\"valueName\":\"search_term_string\"}}],\"inLanguage\":\"fr-FR\"},{\"@type\":\"Organization\",\"@id\":\"https:\\\/\\\/www.sengrandplace.com\\\/#organization\",\"name\":\"Sen Grand Place Thi\u00e8s\",\"url\":\"https:\\\/\\\/www.sengrandplace.com\\\/\",\"logo\":{\"@type\":\"ImageObject\",\"inLanguage\":\"fr-FR\",\"@id\":\"https:\\\/\\\/www.sengrandplace.com\\\/#\\\/schema\\\/logo\\\/image\\\/\",\"url\":\"https:\\\/\\\/www.sengrandplace.com\\\/wp-content\\\/uploads\\\/2024\\\/01\\\/Logo_du_site-2.jpg\",\"contentUrl\":\"https:\\\/\\\/www.sengrandplace.com\\\/wp-content\\\/uploads\\\/2024\\\/01\\\/Logo_du_site-2.jpg\",\"width\":314,\"height\":98,\"caption\":\"Sen Grand Place Thi\u00e8s\"},\"image\":{\"@id\":\"https:\\\/\\\/www.sengrandplace.com\\\/#\\\/schema\\\/logo\\\/image\\\/\"}}]}<\/script>\n<!-- \/ Yoast SEO plugin. -->","yoast_head_json":{"title":"Kangaro HS-10EN \u2013 Agrafeuse Compacte M\u00e9tallique - Sen Grand Place Thi\u00e8s","robots":{"index":"index","follow":"follow","max-snippet":"max-snippet:-1","max-image-preview":"max-image-preview:large","max-video-preview":"max-video-preview:-1"},"canonical":"https:\/\/www.sengrandplace.com\/?product=kangaro-hs-10en-agrafeuse-compacte-metallique","og_locale":"fr_FR","og_type":"article","og_title":"Kangaro HS-10EN \u2013 Agrafeuse Compacte M\u00e9tallique - Sen Grand Place Thi\u00e8s","og_description":"La Kangaro HS-10EN est une agrafeuse compacte et r\u00e9sistante, id\u00e9ale pour un usage quotidien. Pratique et facile \u00e0 utiliser.","og_url":"https:\/\/www.sengrandplace.com\/?product=kangaro-hs-10en-agrafeuse-compacte-metallique","og_site_name":"Sen Grand Place Thi\u00e8s","article_modified_time":"2026-04-07T14:22:03+00:00","og_image":[{"width":2037,"height":1216,"url":"https:\/\/www.sengrandplace.com\/wp-content\/uploads\/2026\/04\/71rXwdbMboL-1-1.jpg","type":"image\/jpeg"}],"twitter_card":"summary_large_image","twitter_misc":{"Dur\u00e9e de lecture estim\u00e9e":"1 minute"},"schema":{"@context":"https:\/\/schema.org","@graph":[{"@type":"WebPage","@id":"https:\/\/www.sengrandplace.com\/?product=kangaro-hs-10en-agrafeuse-compacte-metallique","url":"https:\/\/www.sengrandplace.com\/?product=kangaro-hs-10en-agrafeuse-compacte-metallique","name":"Kangaro HS-10EN \u2013 Agrafeuse Compacte M\u00e9tallique - Sen Grand Place Thi\u00e8s","isPartOf":{"@id":"https:\/\/www.sengrandplace.com\/#website"},"primaryImageOfPage":{"@id":"https:\/\/www.sengrandplace.com\/?product=kangaro-hs-10en-agrafeuse-compacte-metallique#primaryimage"},"image":{"@id":"https:\/\/www.sengrandplace.com\/?product=kangaro-hs-10en-agrafeuse-compacte-metallique#primaryimage"},"thumbnailUrl":"https:\/\/www.sengrandplace.com\/wp-content\/uploads\/2026\/04\/71rXwdbMboL-1-1.jpg","datePublished":"2026-04-07T14:22:02+00:00","dateModified":"2026-04-07T14:22:03+00:00","breadcrumb":{"@id":"https:\/\/www.sengrandplace.com\/?product=kangaro-hs-10en-agrafeuse-compacte-metallique#breadcrumb"},"inLanguage":"fr-FR","potentialAction":[{"@type":"ReadAction","target":["https:\/\/www.sengrandplace.com\/?product=kangaro-hs-10en-agrafeuse-compacte-metallique"]}]},{"@type":"ImageObject","inLanguage":"fr-FR","@id":"https:\/\/www.sengrandplace.com\/?product=kangaro-hs-10en-agrafeuse-compacte-metallique#primaryimage","url":"https:\/\/www.sengrandplace.com\/wp-content\/uploads\/2026\/04\/71rXwdbMboL-1-1.jpg","contentUrl":"https:\/\/www.sengrandplace.com\/wp-content\/uploads\/2026\/04\/71rXwdbMboL-1-1.jpg","width":2037,"height":1216},{"@type":"BreadcrumbList","@id":"https:\/\/www.sengrandplace.com\/?product=kangaro-hs-10en-agrafeuse-compacte-metallique#breadcrumb","itemListElement":[{"@type":"ListItem","position":1,"name":"Home","item":"https:\/\/www.sengrandplace.com\/"},{"@type":"ListItem","position":2,"name":"Shop","item":"https:\/\/www.sengrandplace.com\/?page_id=11"},{"@type":"ListItem","position":3,"name":"Kangaro HS-10EN \u2013 Agrafeuse Compacte M\u00e9tallique"}]},{"@type":"WebSite","@id":"https:\/\/www.sengrandplace.com\/#website","url":"https:\/\/www.sengrandplace.com\/","name":"Sen Grand Place Thi\u00e8s","description":"La place qui vous revient.","publisher":{"@id":"https:\/\/www.sengrandplace.com\/#organization"},"potentialAction":[{"@type":"SearchAction","target":{"@type":"EntryPoint","urlTemplate":"https:\/\/www.sengrandplace.com\/?s={search_term_string}"},"query-input":{"@type":"PropertyValueSpecification","valueRequired":true,"valueName":"search_term_string"}}],"inLanguage":"fr-FR"},{"@type":"Organization","@id":"https:\/\/www.sengrandplace.com\/#organization","name":"Sen Grand Place Thi\u00e8s","url":"https:\/\/www.sengrandplace.com\/","logo":{"@type":"ImageObject","inLanguage":"fr-FR","@id":"https:\/\/www.sengrandplace.com\/#\/schema\/logo\/image\/","url":"https:\/\/www.sengrandplace.com\/wp-content\/uploads\/2024\/01\/Logo_du_site-2.jpg","contentUrl":"https:\/\/www.sengrandplace.com\/wp-content\/uploads\/2024\/01\/Logo_du_site-2.jpg","width":314,"height":98,"caption":"Sen Grand Place Thi\u00e8s"},"image":{"@id":"https:\/\/www.sengrandplace.com\/#\/schema\/logo\/image\/"}}]}},"_links":{"self":[{"href":"https:\/\/www.sengrandplace.com\/index.php?rest_route=\/wp\/v2\/product\/11990","targetHints":{"allow":["GET"]}}],"collection":[{"href":"https:\/\/www.sengrandplace.com\/index.php?rest_route=\/wp\/v2\/product"}],"about":[{"href":"https:\/\/www.sengrandplace.com\/index.php?rest_route=\/wp\/v2\/types\/product"}],"replies":[{"embeddable":true,"href":"https:\/\/www.sengrandplace.com\/index.php?rest_route=%2Fwp%2Fv2%2Fcomments&post=11990"}],"version-history":[{"count":1,"href":"https:\/\/www.sengrandplace.com\/index.php?rest_route=\/wp\/v2\/product\/11990\/revisions"}],"predecessor-version":[{"id":11995,"href":"https:\/\/www.sengrandplace.com\/index.php?rest_route=\/wp\/v2\/product\/11990\/revisions\/11995"}],"wp:featuredmedia":[{"embeddable":true,"href":"https:\/\/www.sengrandplace.com\/index.php?rest_route=\/wp\/v2\/media\/11994"}],"wp:attachment":[{"href":"https:\/\/www.sengrandplace.com\/index.php?rest_route=%2Fwp%2Fv2%2Fmedia&parent=11990"}],"wp:term":[{"taxonomy":"product_brand","embeddable":true,"href":"https:\/\/www.sengrandplace.com\/index.php?rest_route=%2Fwp%2Fv2%2Fproduct_brand&post=11990"},{"taxonomy":"product_cat","embeddable":true,"href":"https:\/\/www.sengrandplace.com\/index.php?rest_route=%2Fwp%2Fv2%2Fproduct_cat&post=11990"},{"taxonomy":"product_tag","embeddable":true,"href":"https:\/\/www.sengrandplace.com\/index.php?rest_route=%2Fwp%2Fv2%2Fproduct_tag&post=11990"}],"curies":[{"name":"wp","href":"https:\/\/api.w.org\/{rel}","templated":true}]}}